{"id":5161,"date":"2026-01-06T08:59:29","date_gmt":"2026-01-06T08:59:29","guid":{"rendered":"https:\/\/modernteh.md\/?post_type=product&#038;p=5161"},"modified":"2026-03-11T08:00:09","modified_gmt":"2026-03-11T08:00:09","slug":"sera-pentru-gradina-12-m-3-m-2-25-m","status":"publish","type":"product","link":"https:\/\/modernteh.md\/ru\/catalog\/sera-pentru-gradina-12-m-3-m-2-25-m\/","title":{"rendered":"Sera pentru gradina 12 m-3 m-2.25 m"},"content":{"rendered":"<p>Sera pentru gradina 12 m-3 m-2.25 m<\/p>\n<div id=\"specifications\" class=\"tab-content features\">\n<div class=\"table-container\">\n<div class=\"table-row\">\n<div class=\"table-box\">\n<div class=\"table-title\">\n<div class=\"tag-h3\">Lungime: 12 m<\/div>\n<\/div>\n<\/div>\n<\/div>\n<div class=\"table-row\">\n<div class=\"table-box\">\n<div class=\"table-title\">\n<div class=\"tag-h3\">Latime: 3 m<\/div>\n<\/div>\n<\/div>\n<div class=\"table-box\">\n<div class=\"table-title\">\n<div class=\"tag-h3\">Inaltime: 2.25 m<\/div>\n<\/div>\n<\/div>\n<\/div>\n<div class=\"table-row\">\n<div class=\"table-box\">\n<div class=\"table-title\">\n<div class=\"tag-h3\">Numar intrari: 2 intrari<\/div>\n<\/div>\n<\/div>\n<div class=\"table-box\">\n<div class=\"table-title\">\n<div class=\"tag-h3\">Cadou: Set lopatele, Sistem de irigare, Foarfec\u0103, A\u021b\u0103 polisat legume<\/div>\n<\/div>\n<\/div>\n<\/div>\n<div class=\"table-row\">\n<div class=\"table-box\">\n<div class=\"table-title\">\n<div class=\"tag-h3\">Pelicula armata: 200 gr\/m2<\/div>\n<\/div>\n<\/div>\n<div class=\"table-box\">\n<div class=\"table-title\">\n<div class=\"tag-h3\">Completatie: Carcasul din metal, Pelicula armata sub forma de husa, Accesorii de instalare, Instructiuni de instalare<\/div>\n<\/div>\n<\/div>\n<\/div>\n<div class=\"table-row\">\n<div class=\"table-box\">\n<div class=\"table-title\">\n<div class=\"tag-h3\">Grosimea tava: 26 mm<\/div>\n<\/div>\n<\/div>\n<div class=\"table-box\">\n<div class=\"table-title\">\n<div class=\"tag-h3\">Grosimea teava : 0.9 mm<\/div>\n<\/div>\n<\/div>\n<\/div>\n<div class=\"table-row\">\n<div class=\"table-box\">\n<div class=\"table-title\">\n<div class=\"tag-h3\">Tip tevi: Galvanizate pe interior si exterior<\/div>\n<\/div>\n<\/div>\n<div class=\"table-box\">\n<div class=\"table-title\">\n<div class=\"tag-h3\">Ferestre de aerisire: Pe ambele parti, Plasa de aerisire<\/div>\n<\/div>\n<\/div>\n<\/div>\n<div class=\"table-row\">\n<div class=\"table-box\">\n<div class=\"table-title\">\n<div class=\"tag-h3\">Distanta intre arcuri: 1 m<\/div>\n<\/div>\n<\/div>\n<\/div>\n<\/div>\n<div class=\"product-disclaimer\"><i class=\"bi bi-info-circle\"><\/i>\u00a0Specifica\u021biile \u0219i imaginile pentru Sera pentru gradina Demetra 12 m-3 m-2.25 m sunt pentru prezentare \u0219i pot diferi de produsul real. V\u0103 recomand\u0103m s\u0103 ne telefona\u021bi pentru concretizarea specifica\u021biilor dorite \u00eenainte de finalizarea comenzii.<\/div>\n<\/div>\n<div id=\"description\" class=\"tab-content description\">\n<div class=\"tab-title\">\n<h2>\u041e\u043f\u0438\u0441\u0430\u043d\u0438\u0435<\/h2>\n<\/div>\n<div class=\"content-info description-text\">\n<p>Sera este alegerea ideal\u0103 pentru gr\u0103dinarii care doresc un spa\u021biu sigur, protejat \u0219i stabil pentru cultivarea legumelor, florilor sau r\u0103sadurilor pe tot parcursul anului. Construit\u0103 pe un cadru solid din <strong>\u021bevi metalice galvanizate<\/strong>\u00a0(galvanizare interioar\u0103 \u0219i exterioar\u0103), cu\u00a0<strong>grosimea \u021bevii de 26 mm<\/strong>\u00a0\u0219i\u00a0<strong>grosimea peretelui de 0.9 mm<\/strong>, sera ofer\u0103 rezisten\u021b\u0103 ridicat\u0103 la v\u00e2nt, umiditate \u0219i varia\u021bii de temperatur\u0103. Pelicula armat\u0103 cu densitatea de\u00a0<strong>200 g\/m\u00b2<\/strong>, realizat\u0103 sub form\u0103 de hus\u0103 durabil\u0103, protejeaz\u0103 eficient cultura \u0219i men\u021bine un microclimat optim pentru dezvoltarea plantelor.<\/p>\n<p><strong>Accesorii incluse (cadou):<\/strong><\/p>\n<p>\u2714\ufe0f Sistem de irigare<br \/>\n\u2714\ufe0f Foarfec\u0103 pentru gr\u0103din\u0103<br \/>\n\u2714\ufe0f A\u021b\u0103 polisat\u0103 pentru legume<br \/>\n\u2714\ufe0f Set pentru r\u0103s\u0103direa plantelor<br \/>\n\u2714\ufe0f Accesorii pentru instalare<br \/>\n\u2714\ufe0f Instruc\u021biuni de montaj<\/p>\n<p>Cu dimensiunile sale extinse \u00a012<strong>\u00a0m lungime, 3 m l\u0103\u021bime \u0219i 2.25 m \u00een\u0103l\u021bime<\/strong>\u00a0\u2014 sera Demetra pune la dispozi\u021bie un spa\u021biu generos pentru culturi pe r\u00e2nduri, straturi \u00een\u0103l\u021bate sau planta\u021bii intensive. Cele\u00a0<strong>2 intr\u0103ri<\/strong>\u00a0\u0219i ferestrele laterale cu\u00a0<strong>plas\u0103 de aerisire<\/strong>\u00a0faciliteaz\u0103 o ventila\u021bie optim\u0103, men\u021bin\u00e2nd nivelul potrivit de temperatur\u0103 \u0219i umiditate. Structura bine g\u00e2ndit\u0103, cu\u00a0<strong>distan\u021ba \u00eentre arcuri de 1 metru<\/strong>, \u00eempreun\u0103 cu completarea complet\u0103 pentru montaj, transform\u0103 sera \u00eentr-o solu\u021bie profesional\u0103, gata de instalat \u0219i utilizat imediat.<\/p>\n<\/div>\n<\/div>","protected":false},"excerpt":{"rendered":"<p>Sera pentru gradina 12 m-3 m-2.25 m Lungime: 12 m Latime: 3 m Inaltime: 2.25 m Numar intrari: 2 intrari<\/p>","protected":false},"featured_media":5162,"template":"","meta":[],"product_cat":[144],"product_tag":[],"class_list":{"0":"post-5161","1":"product","2":"type-product","3":"status-publish","4":"has-post-thumbnail","6":"product_cat-sere-de-tip-tunel","8":"first","9":"instock","10":"shipping-taxable","11":"purchasable","12":"product-type-simple"},"yoast_head":"<!-- This site is optimized with the Yoast SEO plugin v20.12 - https:\/\/yoast.com\/wordpress\/plugins\/seo\/ -->\n<title>Sera pentru gradina 12 m-3 m-2.25 m - Modernteh<\/title>\n<meta name=\"description\" content=\"Sera pentru gradina 12 m-3 m-2.25 m\" \/>\n<meta name=\"robots\" content=\"index, follow, max-snippet:-1, max-image-preview:large, max-video-preview:-1\" \/>\n<link rel=\"canonical\" href=\"https:\/\/modernteh.md\/ru\/catalog\/sera-pentru-gradina-12-m-3-m-2-25-m\/\" \/>\n<meta property=\"og:locale\" content=\"ru_RU\" \/>\n<meta property=\"og:type\" content=\"article\" \/>\n<meta property=\"og:title\" content=\"Sera pentru gradina 12 m-3 m-2.25 m - Modernteh\" \/>\n<meta property=\"og:description\" content=\"Sera pentru gradina 12 m-3 m-2.25 m\" \/>\n<meta property=\"og:url\" content=\"https:\/\/modernteh.md\/ru\/catalog\/sera-pentru-gradina-12-m-3-m-2-25-m\/\" \/>\n<meta property=\"og:site_name\" content=\"Modernteh\" \/>\n<meta property=\"article:publisher\" content=\"https:\/\/www.facebook.com\/profile.php?id=100082695620019\" \/>\n<meta property=\"article:modified_time\" content=\"2026-03-11T08:00:09+00:00\" \/>\n<meta property=\"og:image\" content=\"https:\/\/modernteh.md\/wp-content\/uploads\/2026\/01\/12x3x2.25.jpg\" \/>\n\t<meta property=\"og:image:width\" content=\"800\" \/>\n\t<meta property=\"og:image:height\" content=\"800\" \/>\n\t<meta property=\"og:image:type\" content=\"image\/jpeg\" \/>\n<meta name=\"twitter:card\" content=\"summary_large_image\" \/>\n<meta name=\"twitter:label1\" content=\"\u041f\u0440\u0438\u043c\u0435\u0440\u043d\u043e\u0435 \u0432\u0440\u0435\u043c\u044f \u0434\u043b\u044f \u0447\u0442\u0435\u043d\u0438\u044f\" \/>\n\t<meta name=\"twitter:data1\" content=\"2 \u043c\u0438\u043d\u0443\u0442\u044b\" \/>\n<script type=\"application\/ld+json\" class=\"yoast-schema-graph\">{\"@context\":\"https:\/\/schema.org\",\"@graph\":[{\"@type\":\"WebPage\",\"@id\":\"https:\/\/modernteh.md\/catalog\/sera-pentru-gradina-12-m-3-m-2-25-m\/\",\"url\":\"https:\/\/modernteh.md\/catalog\/sera-pentru-gradina-12-m-3-m-2-25-m\/\",\"name\":\"Sera pentru gradina 12 m-3 m-2.25 m - Modernteh\",\"isPartOf\":{\"@id\":\"https:\/\/modernteh.md\/#website\"},\"datePublished\":\"2026-01-06T08:59:29+00:00\",\"dateModified\":\"2026-03-11T08:00:09+00:00\",\"description\":\"Sera pentru gradina 12 m-3 m-2.25 m\",\"breadcrumb\":{\"@id\":\"https:\/\/modernteh.md\/catalog\/sera-pentru-gradina-12-m-3-m-2-25-m\/#breadcrumb\"},\"inLanguage\":\"ru-RU\",\"potentialAction\":[{\"@type\":\"ReadAction\",\"target\":[\"https:\/\/modernteh.md\/catalog\/sera-pentru-gradina-12-m-3-m-2-25-m\/\"]}]},{\"@type\":\"BreadcrumbList\",\"@id\":\"https:\/\/modernteh.md\/catalog\/sera-pentru-gradina-12-m-3-m-2-25-m\/#breadcrumb\",\"itemListElement\":[{\"@type\":\"ListItem\",\"position\":1,\"name\":\"Prima pagin\u0103\",\"item\":\"https:\/\/modernteh.md\/\"},{\"@type\":\"ListItem\",\"position\":2,\"name\":\"Catalog\",\"item\":\"https:\/\/modernteh.md\/catalog\/\"},{\"@type\":\"ListItem\",\"position\":3,\"name\":\"Sera pentru gradina 12 m-3 m-2.25 m\"}]},{\"@type\":\"WebSite\",\"@id\":\"https:\/\/modernteh.md\/#website\",\"url\":\"https:\/\/modernteh.md\/\",\"name\":\"Modernteh\",\"description\":\"Modernteh\",\"publisher\":{\"@id\":\"https:\/\/modernteh.md\/#organization\"},\"potentialAction\":[{\"@type\":\"SearchAction\",\"target\":{\"@type\":\"EntryPoint\",\"urlTemplate\":\"https:\/\/modernteh.md\/?s={search_term_string}\"},\"query-input\":\"required name=search_term_string\"}],\"inLanguage\":\"ru-RU\"},{\"@type\":\"Organization\",\"@id\":\"https:\/\/modernteh.md\/#organization\",\"name\":\"Modernteh\",\"url\":\"https:\/\/modernteh.md\/\",\"logo\":{\"@type\":\"ImageObject\",\"inLanguage\":\"ru-RU\",\"@id\":\"https:\/\/modernteh.md\/#\/schema\/logo\/image\/\",\"url\":\"https:\/\/modernteh.md\/wp-content\/uploads\/2022\/06\/Logo_site-2.png\",\"contentUrl\":\"https:\/\/modernteh.md\/wp-content\/uploads\/2022\/06\/Logo_site-2.png\",\"width\":500,\"height\":487,\"caption\":\"Modernteh\"},\"image\":{\"@id\":\"https:\/\/modernteh.md\/#\/schema\/logo\/image\/\"},\"sameAs\":[\"https:\/\/www.facebook.com\/profile.php?id=100082695620019\"]}]}<\/script>\n<!-- \/ Yoast SEO plugin. -->","yoast_head_json":{"title":"Sera pentru gradina 12 m-3 m-2.25 m - Modernteh","description":"Sera pentru gradina 12 m-3 m-2.25 m","robots":{"index":"index","follow":"follow","max-snippet":"max-snippet:-1","max-image-preview":"max-image-preview:large","max-video-preview":"max-video-preview:-1"},"canonical":"https:\/\/modernteh.md\/ru\/catalog\/sera-pentru-gradina-12-m-3-m-2-25-m\/","og_locale":"ru_RU","og_type":"article","og_title":"Sera pentru gradina 12 m-3 m-2.25 m - Modernteh","og_description":"Sera pentru gradina 12 m-3 m-2.25 m","og_url":"https:\/\/modernteh.md\/ru\/catalog\/sera-pentru-gradina-12-m-3-m-2-25-m\/","og_site_name":"Modernteh","article_publisher":"https:\/\/www.facebook.com\/profile.php?id=100082695620019","article_modified_time":"2026-03-11T08:00:09+00:00","og_image":[{"width":800,"height":800,"url":"https:\/\/modernteh.md\/wp-content\/uploads\/2026\/01\/12x3x2.25.jpg","type":"image\/jpeg"}],"twitter_card":"summary_large_image","twitter_misc":{"\u041f\u0440\u0438\u043c\u0435\u0440\u043d\u043e\u0435 \u0432\u0440\u0435\u043c\u044f \u0434\u043b\u044f \u0447\u0442\u0435\u043d\u0438\u044f":"2 \u043c\u0438\u043d\u0443\u0442\u044b"},"schema":{"@context":"https:\/\/schema.org","@graph":[{"@type":"WebPage","@id":"https:\/\/modernteh.md\/catalog\/sera-pentru-gradina-12-m-3-m-2-25-m\/","url":"https:\/\/modernteh.md\/catalog\/sera-pentru-gradina-12-m-3-m-2-25-m\/","name":"Sera pentru gradina 12 m-3 m-2.25 m - Modernteh","isPartOf":{"@id":"https:\/\/modernteh.md\/#website"},"datePublished":"2026-01-06T08:59:29+00:00","dateModified":"2026-03-11T08:00:09+00:00","description":"Sera pentru gradina 12 m-3 m-2.25 m","breadcrumb":{"@id":"https:\/\/modernteh.md\/catalog\/sera-pentru-gradina-12-m-3-m-2-25-m\/#breadcrumb"},"inLanguage":"ru-RU","potentialAction":[{"@type":"ReadAction","target":["https:\/\/modernteh.md\/catalog\/sera-pentru-gradina-12-m-3-m-2-25-m\/"]}]},{"@type":"BreadcrumbList","@id":"https:\/\/modernteh.md\/catalog\/sera-pentru-gradina-12-m-3-m-2-25-m\/#breadcrumb","itemListElement":[{"@type":"ListItem","position":1,"name":"Prima pagin\u0103","item":"https:\/\/modernteh.md\/"},{"@type":"ListItem","position":2,"name":"Catalog","item":"https:\/\/modernteh.md\/catalog\/"},{"@type":"ListItem","position":3,"name":"Sera pentru gradina 12 m-3 m-2.25 m"}]},{"@type":"WebSite","@id":"https:\/\/modernteh.md\/#website","url":"https:\/\/modernteh.md\/","name":"Modernteh","description":"Modernteh","publisher":{"@id":"https:\/\/modernteh.md\/#organization"},"potentialAction":[{"@type":"SearchAction","target":{"@type":"EntryPoint","urlTemplate":"https:\/\/modernteh.md\/?s={search_term_string}"},"query-input":"required name=search_term_string"}],"inLanguage":"ru-RU"},{"@type":"Organization","@id":"https:\/\/modernteh.md\/#organization","name":"Modernteh","url":"https:\/\/modernteh.md\/","logo":{"@type":"ImageObject","inLanguage":"ru-RU","@id":"https:\/\/modernteh.md\/#\/schema\/logo\/image\/","url":"https:\/\/modernteh.md\/wp-content\/uploads\/2022\/06\/Logo_site-2.png","contentUrl":"https:\/\/modernteh.md\/wp-content\/uploads\/2022\/06\/Logo_site-2.png","width":500,"height":487,"caption":"Modernteh"},"image":{"@id":"https:\/\/modernteh.md\/#\/schema\/logo\/image\/"},"sameAs":["https:\/\/www.facebook.com\/profile.php?id=100082695620019"]}]}},"_links":{"self":[{"href":"https:\/\/modernteh.md\/ru\/wp-json\/wp\/v2\/product\/5161","targetHints":{"allow":["GET"]}}],"collection":[{"href":"https:\/\/modernteh.md\/ru\/wp-json\/wp\/v2\/product"}],"about":[{"href":"https:\/\/modernteh.md\/ru\/wp-json\/wp\/v2\/types\/product"}],"wp:featuredmedia":[{"embeddable":true,"href":"https:\/\/modernteh.md\/ru\/wp-json\/wp\/v2\/media\/5162"}],"wp:attachment":[{"href":"https:\/\/modernteh.md\/ru\/wp-json\/wp\/v2\/media?parent=5161"}],"wp:term":[{"taxonomy":"product_cat","embeddable":true,"href":"https:\/\/modernteh.md\/ru\/wp-json\/wp\/v2\/product_cat?post=5161"},{"taxonomy":"product_tag","embeddable":true,"href":"https:\/\/modernteh.md\/ru\/wp-json\/wp\/v2\/product_tag?post=5161"}],"curies":[{"name":"wp","href":"https:\/\/api.w.org\/{rel}","templated":true}]}}