{"id":5165,"date":"2026-01-08T10:03:18","date_gmt":"2026-01-08T10:03:18","guid":{"rendered":"https:\/\/modernteh.md\/?post_type=product&#038;p=5165"},"modified":"2026-01-08T10:03:19","modified_gmt":"2026-01-08T10:03:19","slug":"incubator-de-oua-eco-profi-c-140","status":"publish","type":"product","link":"https:\/\/modernteh.md\/ru\/catalog\/incubator-de-oua-eco-profi-c-140\/","title":{"rendered":"Incubator de oua ECO PROFI C-140"},"content":{"rendered":"<div class=\"w-full\">\n<div class=\"w-full mx-auto\" data-v-2b5c147f=\"\">\n<div class=\"rounded-lg mt-3 overflow-hidden\" data-v-2b5c147f=\"\">\n<h1 class=\"text-green xl:text-[32px] text-[23px] font-semibold leading-[120%]\">Incubator de oua ECO PROFI C-140<\/h1>\n<table class=\"min-w-full\" data-v-2b5c147f=\"\">\n<tbody data-v-2b5c147f=\"\">\n<tr class=\"bg-gray\" data-v-2b5c147f=\"\">\n<td class=\"px-[15px] py-3 text-left text-black md:text-[16px] text-[11px] font-semibold leading-[120%] w-1\/2\" data-v-2b5c147f=\"\">Tip incubator<\/td>\n<td class=\"px-[15px] py-3 text-left text-graySilver md:text-[16px] text-[11px] font-semibold leading-[120%] w-1\/2\" data-v-2b5c147f=\"\">De uz casnic<\/td>\n<\/tr>\n<tr class=\"bg-gray\/40\" data-v-2b5c147f=\"\">\n<td class=\"px-[15px] py-3 text-left text-black md:text-[16px] text-[11px] font-semibold leading-[120%] w-1\/2\" data-v-2b5c147f=\"\">Material<\/td>\n<td class=\"px-[15px] py-3 text-left text-graySilver md:text-[16px] text-[11px] font-semibold leading-[120%] w-1\/2\" data-v-2b5c147f=\"\">Plastic ABS durabil<\/td>\n<\/tr>\n<tr class=\"bg-gray\" data-v-2b5c147f=\"\">\n<td class=\"px-[15px] py-3 text-left text-black md:text-[16px] text-[11px] font-semibold leading-[120%] w-1\/2\" data-v-2b5c147f=\"\">Surse de alimentare<\/td>\n<td class=\"px-[15px] py-3 text-left text-graySilver md:text-[16px] text-[11px] font-semibold leading-[120%] w-1\/2\" data-v-2b5c147f=\"\">220V \/ 12V (dotat cu cleme 12V)<\/td>\n<\/tr>\n<tr class=\"bg-gray\/40\" data-v-2b5c147f=\"\">\n<td class=\"px-[15px] py-3 text-left text-black md:text-[16px] text-[11px] font-semibold leading-[120%] w-1\/2\" data-v-2b5c147f=\"\">Capacitate ou\u0103<\/td>\n<td class=\"px-[15px] py-3 text-left text-graySilver md:text-[16px] text-[11px] font-semibold leading-[120%] w-1\/2\" data-v-2b5c147f=\"\">140 de gaina, 108-140 de rata, 72 de gasca, 162-264 de prepelita<\/td>\n<\/tr>\n<tr class=\"bg-gray\" data-v-2b5c147f=\"\">\n<td class=\"px-[15px] py-3 text-left text-black md:text-[16px] text-[11px] font-semibold leading-[120%] w-1\/2\" data-v-2b5c147f=\"\">Rotire ou\u0103<\/td>\n<td class=\"px-[15px] py-3 text-left text-graySilver md:text-[16px] text-[11px] font-semibold leading-[120%] w-1\/2\" data-v-2b5c147f=\"\">Rotire automat\u0103 360\u00b0<\/td>\n<\/tr>\n<tr class=\"bg-gray\/40\" data-v-2b5c147f=\"\">\n<td class=\"px-[15px] py-3 text-left text-black md:text-[16px] text-[11px] font-semibold leading-[120%] w-1\/2\" data-v-2b5c147f=\"\">Moduri de incubare<\/td>\n<td class=\"px-[15px] py-3 text-left text-graySilver md:text-[16px] text-[11px] font-semibold leading-[120%] w-1\/2\" data-v-2b5c147f=\"\">4 (Posibilitate de a creea un program personalizat)<\/td>\n<\/tr>\n<tr class=\"bg-gray\" data-v-2b5c147f=\"\">\n<td class=\"px-[15px] py-3 text-left text-black md:text-[16px] text-[11px] font-semibold leading-[120%] w-1\/2\" data-v-2b5c147f=\"\">Role rotative<\/td>\n<td class=\"px-[15px] py-3 text-left text-graySilver md:text-[16px] text-[11px] font-semibold leading-[120%] w-1\/2\" data-v-2b5c147f=\"\">19 buc.<\/td>\n<\/tr>\n<tr class=\"bg-gray\/40\" data-v-2b5c147f=\"\">\n<td class=\"px-[15px] py-3 text-left text-black md:text-[16px] text-[11px] font-semibold leading-[120%] w-1\/2\" data-v-2b5c147f=\"\">\u00cenc\u0103lzire<\/td>\n<td class=\"px-[15px] py-3 text-left text-graySilver md:text-[16px] text-[11px] font-semibold leading-[120%] w-1\/2\" data-v-2b5c147f=\"\">Fir de \u00eenc\u0103lzire<\/td>\n<\/tr>\n<tr class=\"bg-gray\" data-v-2b5c147f=\"\">\n<td class=\"px-[15px] py-3 text-left text-black md:text-[16px] text-[11px] font-semibold leading-[120%] w-1\/2\" data-v-2b5c147f=\"\">Ventilatoare<\/td>\n<td class=\"px-[15px] py-3 text-left text-graySilver md:text-[16px] text-[11px] font-semibold leading-[120%] w-1\/2\" data-v-2b5c147f=\"\">2 buc.<\/td>\n<\/tr>\n<\/tbody>\n<\/table>\n<\/div>\n<\/div>\n<\/div>\n<div class=\"w-full\">\n<div class=\"w-full mx-auto\" data-v-2b5c147f=\"\">\n<h2 class=\"flex items-center justify-between text-black w-full pb-1.5 text-[16px] font-semibold leading-[120%] text-left transition duration-300 ease-in-out\" data-v-2b5c147f=\"\">Caracteristici Secundare<\/h2>\n<div class=\"rounded-lg mt-3 overflow-hidden\" data-v-2b5c147f=\"\">\n<table class=\"min-w-full\" data-v-2b5c147f=\"\">\n<tbody data-v-2b5c147f=\"\">\n<tr class=\"bg-gray\" data-v-2b5c147f=\"\">\n<td class=\"px-[15px] py-3 text-left text-black md:text-[16px] text-[11px] font-semibold leading-[120%] w-1\/2\" data-v-2b5c147f=\"\">Afi\u0219aj timp de rotire a ou\u0103lor<\/td>\n<td class=\"px-[15px] py-3 text-left text-graySilver md:text-[16px] text-[11px] font-semibold leading-[120%] w-1\/2\" data-v-2b5c147f=\"\">Da<\/td>\n<\/tr>\n<tr class=\"bg-gray\/40\" data-v-2b5c147f=\"\">\n<td class=\"px-[15px] py-3 text-left text-black md:text-[16px] text-[11px] font-semibold leading-[120%] w-1\/2\" data-v-2b5c147f=\"\">Afi\u0219aj pentru temperatur\u0103<\/td>\n<td class=\"px-[15px] py-3 text-left text-graySilver md:text-[16px] text-[11px] font-semibold leading-[120%] w-1\/2\" data-v-2b5c147f=\"\">Da<\/td>\n<\/tr>\n<tr class=\"bg-gray\" data-v-2b5c147f=\"\">\n<td class=\"px-[15px] py-3 text-left text-black md:text-[16px] text-[11px] font-semibold leading-[120%] w-1\/2\" data-v-2b5c147f=\"\">Afi\u0219aj pentru contorul de zile<\/td>\n<td class=\"px-[15px] py-3 text-left text-graySilver md:text-[16px] text-[11px] font-semibold leading-[120%] w-1\/2\" data-v-2b5c147f=\"\">Da<\/td>\n<\/tr>\n<tr class=\"bg-gray\/40\" data-v-2b5c147f=\"\">\n<td class=\"px-[15px] py-3 text-left text-black md:text-[16px] text-[11px] font-semibold leading-[120%] w-1\/2\" data-v-2b5c147f=\"\">Afi\u0219aj pentru umiditate<\/td>\n<td class=\"px-[15px] py-3 text-left text-graySilver md:text-[16px] text-[11px] font-semibold leading-[120%] w-1\/2\" data-v-2b5c147f=\"\">Da<\/td>\n<\/tr>\n<tr class=\"bg-gray\" data-v-2b5c147f=\"\">\n<td class=\"px-[15px] py-3 text-left text-black md:text-[16px] text-[11px] font-semibold leading-[120%] w-1\/2\" data-v-2b5c147f=\"\">Orificii de ventila\u021bie<\/td>\n<td class=\"px-[15px] py-3 text-left text-graySilver md:text-[16px] text-[11px] font-semibold leading-[120%] w-1\/2\" data-v-2b5c147f=\"\">Da (2 buc.)<\/td>\n<\/tr>\n<tr class=\"bg-gray\/40\" data-v-2b5c147f=\"\">\n<td class=\"px-[15px] py-3 text-left text-black md:text-[16px] text-[11px] font-semibold leading-[120%] w-1\/2\" data-v-2b5c147f=\"\">Ovoscop<\/td>\n<td class=\"px-[15px] py-3 text-left text-graySilver md:text-[16px] text-[11px] font-semibold leading-[120%] w-1\/2\" data-v-2b5c147f=\"\">Da (integrat)<\/td>\n<\/tr>\n<tr class=\"bg-gray\" data-v-2b5c147f=\"\">\n<td class=\"px-[15px] py-3 text-left text-black md:text-[16px] text-[11px] font-semibold leading-[120%] w-1\/2\" data-v-2b5c147f=\"\">\u0421\u0438\u043b\u0430<\/td>\n<td class=\"px-[15px] py-3 text-left text-graySilver md:text-[16px] text-[11px] font-semibold leading-[120%] w-1\/2\" data-v-2b5c147f=\"\">80 W<\/td>\n<\/tr>\n<\/tbody>\n<\/table>\n<p>Func\u021bii Principale<\/p>\n<ul>\n<li>&#8211; Monitorizare \u0219i control u\u0219or al umidit\u0103\u021bii<br \/>\nUmiditatea este simplu de ajustat datorit\u0103 sistemului extern de umplere cu ap\u0103, care minimizeaz\u0103 fluctua\u021biile. Incubatorul include un afi\u0219aj digital pentru nivelul de umiditate, oferindu-v\u0103 control deplin \u00een orice moment.<\/li>\n<li>&#8211; Observarea dezvolt\u0103rii ou\u0103lor cu ovoscop integrat<br \/>\nOvoscopul integrat v\u0103 permite s\u0103 monitoriza\u021bi dezvoltarea ou\u0103lor f\u0103r\u0103 efort, asigur\u00e2nd c\u0103 toate etapele de incubare se desf\u0103\u0219oar\u0103 corespunz\u0103tor.<\/li>\n<li>&#8211; Versatilitate pentru diferite tipuri de ou\u0103<br \/>\nECO PROFI C-140 este compatibil cu mai multe tipuri de ou\u0103, inclusiv de g\u0103in\u0103, ra\u021b\u0103, g\u00e2sc\u0103 \u0219i prepeli\u021b\u0103, f\u0103c\u00e2ndu-l potrivit pentru diverse nevoi de cre\u0219tere a p\u0103s\u0103rilor.<\/li>\n<li>&#8211; Construc\u021bie durabil\u0103 \u0219i design practic<br \/>\nFabricat din materiale de \u00eenalt\u0103 calitate, cu o carcas\u0103 din ABS rezistent\u0103, acest incubator este proiectat pentru o durat\u0103 lung\u0103 de utilizare.<\/li>\n<li>&#8211; Moduri de incubare programate<br \/>\nDispune de 4 moduri automate predefinite \u0219i op\u021biunea de a crea un program personalizat, adaptat nevoilor dumneavoastr\u0103.<\/li>\n<\/ul>\n<\/div>\n<\/div>\n<\/div>","protected":false},"excerpt":{"rendered":"<p>Incubator de oua ECO PROFI C-140 Tip incubator De uz casnic Material Plastic ABS durabil Surse de alimentare 220V \/<\/p>","protected":false},"featured_media":5166,"template":"","meta":[],"product_cat":[137],"product_tag":[],"class_list":{"0":"post-5165","1":"product","2":"type-product","3":"status-publish","4":"has-post-thumbnail","6":"product_cat-incubatoare-automate","8":"first","9":"instock","10":"shipping-taxable","11":"purchasable","12":"product-type-simple"},"yoast_head":"<!-- This site is optimized with the Yoast SEO plugin v20.12 - https:\/\/yoast.com\/wordpress\/plugins\/seo\/ -->\n<title>Incubator de oua ECO PROFI C-140 - Modernteh<\/title>\n<meta name=\"description\" content=\"Incubator de oua ECO PROFI C-140\" \/>\n<meta name=\"robots\" content=\"index, follow, max-snippet:-1, max-image-preview:large, max-video-preview:-1\" \/>\n<link rel=\"canonical\" href=\"https:\/\/modernteh.md\/ru\/catalog\/incubator-de-oua-eco-profi-c-140\/\" \/>\n<meta property=\"og:locale\" content=\"ru_RU\" \/>\n<meta property=\"og:type\" content=\"article\" \/>\n<meta property=\"og:title\" content=\"Incubator de oua ECO PROFI C-140 - Modernteh\" \/>\n<meta property=\"og:description\" content=\"Incubator de oua ECO PROFI C-140\" \/>\n<meta property=\"og:url\" content=\"https:\/\/modernteh.md\/ru\/catalog\/incubator-de-oua-eco-profi-c-140\/\" \/>\n<meta property=\"og:site_name\" content=\"Modernteh\" \/>\n<meta property=\"article:publisher\" content=\"https:\/\/www.facebook.com\/profile.php?id=100082695620019\" \/>\n<meta property=\"article:modified_time\" content=\"2026-01-08T10:03:19+00:00\" \/>\n<meta property=\"og:image\" content=\"https:\/\/modernteh.md\/wp-content\/uploads\/2026\/01\/incubator-de-oua-eco-profi-c-140-des-champs_1-68d3976109df5.webp\" \/>\n\t<meta property=\"og:image:width\" content=\"1500\" \/>\n\t<meta property=\"og:image:height\" content=\"1500\" \/>\n\t<meta property=\"og:image:type\" content=\"image\/webp\" \/>\n<meta name=\"twitter:card\" content=\"summary_large_image\" \/>\n<meta name=\"twitter:label1\" content=\"\u041f\u0440\u0438\u043c\u0435\u0440\u043d\u043e\u0435 \u0432\u0440\u0435\u043c\u044f \u0434\u043b\u044f \u0447\u0442\u0435\u043d\u0438\u044f\" \/>\n\t<meta name=\"twitter:data1\" content=\"2 \u043c\u0438\u043d\u0443\u0442\u044b\" \/>\n<script type=\"application\/ld+json\" class=\"yoast-schema-graph\">{\"@context\":\"https:\/\/schema.org\",\"@graph\":[{\"@type\":\"WebPage\",\"@id\":\"https:\/\/modernteh.md\/catalog\/incubator-de-oua-eco-profi-c-140\/\",\"url\":\"https:\/\/modernteh.md\/catalog\/incubator-de-oua-eco-profi-c-140\/\",\"name\":\"Incubator de oua ECO PROFI C-140 - Modernteh\",\"isPartOf\":{\"@id\":\"https:\/\/modernteh.md\/#website\"},\"datePublished\":\"2026-01-08T10:03:18+00:00\",\"dateModified\":\"2026-01-08T10:03:19+00:00\",\"description\":\"Incubator de oua ECO PROFI C-140\",\"breadcrumb\":{\"@id\":\"https:\/\/modernteh.md\/catalog\/incubator-de-oua-eco-profi-c-140\/#breadcrumb\"},\"inLanguage\":\"ru-RU\",\"potentialAction\":[{\"@type\":\"ReadAction\",\"target\":[\"https:\/\/modernteh.md\/catalog\/incubator-de-oua-eco-profi-c-140\/\"]}]},{\"@type\":\"BreadcrumbList\",\"@id\":\"https:\/\/modernteh.md\/catalog\/incubator-de-oua-eco-profi-c-140\/#breadcrumb\",\"itemListElement\":[{\"@type\":\"ListItem\",\"position\":1,\"name\":\"Prima pagin\u0103\",\"item\":\"https:\/\/modernteh.md\/\"},{\"@type\":\"ListItem\",\"position\":2,\"name\":\"Catalog\",\"item\":\"https:\/\/modernteh.md\/catalog\/\"},{\"@type\":\"ListItem\",\"position\":3,\"name\":\"Incubator de oua ECO PROFI C-140\"}]},{\"@type\":\"WebSite\",\"@id\":\"https:\/\/modernteh.md\/#website\",\"url\":\"https:\/\/modernteh.md\/\",\"name\":\"Modernteh\",\"description\":\"Modernteh\",\"publisher\":{\"@id\":\"https:\/\/modernteh.md\/#organization\"},\"potentialAction\":[{\"@type\":\"SearchAction\",\"target\":{\"@type\":\"EntryPoint\",\"urlTemplate\":\"https:\/\/modernteh.md\/?s={search_term_string}\"},\"query-input\":\"required name=search_term_string\"}],\"inLanguage\":\"ru-RU\"},{\"@type\":\"Organization\",\"@id\":\"https:\/\/modernteh.md\/#organization\",\"name\":\"Modernteh\",\"url\":\"https:\/\/modernteh.md\/\",\"logo\":{\"@type\":\"ImageObject\",\"inLanguage\":\"ru-RU\",\"@id\":\"https:\/\/modernteh.md\/#\/schema\/logo\/image\/\",\"url\":\"https:\/\/modernteh.md\/wp-content\/uploads\/2022\/06\/Logo_site-2.png\",\"contentUrl\":\"https:\/\/modernteh.md\/wp-content\/uploads\/2022\/06\/Logo_site-2.png\",\"width\":500,\"height\":487,\"caption\":\"Modernteh\"},\"image\":{\"@id\":\"https:\/\/modernteh.md\/#\/schema\/logo\/image\/\"},\"sameAs\":[\"https:\/\/www.facebook.com\/profile.php?id=100082695620019\"]}]}<\/script>\n<!-- \/ Yoast SEO plugin. -->","yoast_head_json":{"title":"Incubator de oua ECO PROFI C-140 - Modernteh","description":"Incubator de oua ECO PROFI C-140","robots":{"index":"index","follow":"follow","max-snippet":"max-snippet:-1","max-image-preview":"max-image-preview:large","max-video-preview":"max-video-preview:-1"},"canonical":"https:\/\/modernteh.md\/ru\/catalog\/incubator-de-oua-eco-profi-c-140\/","og_locale":"ru_RU","og_type":"article","og_title":"Incubator de oua ECO PROFI C-140 - Modernteh","og_description":"Incubator de oua ECO PROFI C-140","og_url":"https:\/\/modernteh.md\/ru\/catalog\/incubator-de-oua-eco-profi-c-140\/","og_site_name":"Modernteh","article_publisher":"https:\/\/www.facebook.com\/profile.php?id=100082695620019","article_modified_time":"2026-01-08T10:03:19+00:00","og_image":[{"width":1500,"height":1500,"url":"https:\/\/modernteh.md\/wp-content\/uploads\/2026\/01\/incubator-de-oua-eco-profi-c-140-des-champs_1-68d3976109df5.webp","type":"image\/webp"}],"twitter_card":"summary_large_image","twitter_misc":{"\u041f\u0440\u0438\u043c\u0435\u0440\u043d\u043e\u0435 \u0432\u0440\u0435\u043c\u044f \u0434\u043b\u044f \u0447\u0442\u0435\u043d\u0438\u044f":"2 \u043c\u0438\u043d\u0443\u0442\u044b"},"schema":{"@context":"https:\/\/schema.org","@graph":[{"@type":"WebPage","@id":"https:\/\/modernteh.md\/catalog\/incubator-de-oua-eco-profi-c-140\/","url":"https:\/\/modernteh.md\/catalog\/incubator-de-oua-eco-profi-c-140\/","name":"Incubator de oua ECO PROFI C-140 - Modernteh","isPartOf":{"@id":"https:\/\/modernteh.md\/#website"},"datePublished":"2026-01-08T10:03:18+00:00","dateModified":"2026-01-08T10:03:19+00:00","description":"Incubator de oua ECO PROFI C-140","breadcrumb":{"@id":"https:\/\/modernteh.md\/catalog\/incubator-de-oua-eco-profi-c-140\/#breadcrumb"},"inLanguage":"ru-RU","potentialAction":[{"@type":"ReadAction","target":["https:\/\/modernteh.md\/catalog\/incubator-de-oua-eco-profi-c-140\/"]}]},{"@type":"BreadcrumbList","@id":"https:\/\/modernteh.md\/catalog\/incubator-de-oua-eco-profi-c-140\/#breadcrumb","itemListElement":[{"@type":"ListItem","position":1,"name":"Prima pagin\u0103","item":"https:\/\/modernteh.md\/"},{"@type":"ListItem","position":2,"name":"Catalog","item":"https:\/\/modernteh.md\/catalog\/"},{"@type":"ListItem","position":3,"name":"Incubator de oua ECO PROFI C-140"}]},{"@type":"WebSite","@id":"https:\/\/modernteh.md\/#website","url":"https:\/\/modernteh.md\/","name":"Modernteh","description":"Modernteh","publisher":{"@id":"https:\/\/modernteh.md\/#organization"},"potentialAction":[{"@type":"SearchAction","target":{"@type":"EntryPoint","urlTemplate":"https:\/\/modernteh.md\/?s={search_term_string}"},"query-input":"required name=search_term_string"}],"inLanguage":"ru-RU"},{"@type":"Organization","@id":"https:\/\/modernteh.md\/#organization","name":"Modernteh","url":"https:\/\/modernteh.md\/","logo":{"@type":"ImageObject","inLanguage":"ru-RU","@id":"https:\/\/modernteh.md\/#\/schema\/logo\/image\/","url":"https:\/\/modernteh.md\/wp-content\/uploads\/2022\/06\/Logo_site-2.png","contentUrl":"https:\/\/modernteh.md\/wp-content\/uploads\/2022\/06\/Logo_site-2.png","width":500,"height":487,"caption":"Modernteh"},"image":{"@id":"https:\/\/modernteh.md\/#\/schema\/logo\/image\/"},"sameAs":["https:\/\/www.facebook.com\/profile.php?id=100082695620019"]}]}},"_links":{"self":[{"href":"https:\/\/modernteh.md\/ru\/wp-json\/wp\/v2\/product\/5165","targetHints":{"allow":["GET"]}}],"collection":[{"href":"https:\/\/modernteh.md\/ru\/wp-json\/wp\/v2\/product"}],"about":[{"href":"https:\/\/modernteh.md\/ru\/wp-json\/wp\/v2\/types\/product"}],"wp:featuredmedia":[{"embeddable":true,"href":"https:\/\/modernteh.md\/ru\/wp-json\/wp\/v2\/media\/5166"}],"wp:attachment":[{"href":"https:\/\/modernteh.md\/ru\/wp-json\/wp\/v2\/media?parent=5165"}],"wp:term":[{"taxonomy":"product_cat","embeddable":true,"href":"https:\/\/modernteh.md\/ru\/wp-json\/wp\/v2\/product_cat?post=5165"},{"taxonomy":"product_tag","embeddable":true,"href":"https:\/\/modernteh.md\/ru\/wp-json\/wp\/v2\/product_tag?post=5165"}],"curies":[{"name":"wp","href":"https:\/\/api.w.org\/{rel}","templated":true}]}}