{"id":5170,"date":"2026-01-10T07:27:30","date_gmt":"2026-01-10T07:27:30","guid":{"rendered":"https:\/\/modernteh.md\/?post_type=product&#038;p=5170"},"modified":"2026-01-10T07:27:31","modified_gmt":"2026-01-10T07:27:31","slug":"placa-de-incalzire-pentru-pui-n3040-30cm40cm","status":"publish","type":"product","link":"https:\/\/modernteh.md\/ru\/catalog\/placa-de-incalzire-pentru-pui-n3040-30cm40cm\/","title":{"rendered":"Plac\u0103 de \u00eenc\u0103lzire pentru pui N3040 (30cm*40cm)"},"content":{"rendered":"<p>Plac\u0103 de \u00eenc\u0103lzire pentru pui N3040 (30cm*40cm)<\/p>\n<div class=\"w-full\">\n<div class=\"w-full mx-auto\" data-v-2b5c147f=\"\">\n<div class=\"rounded-lg mt-3 overflow-hidden\" data-v-2b5c147f=\"\">\n<table class=\"min-w-full\" data-v-2b5c147f=\"\">\n<tbody data-v-2b5c147f=\"\">\n<tr class=\"bg-gray\" data-v-2b5c147f=\"\">\n<td class=\"px-[15px] py-3 text-left text-black md:text-[16px] text-[11px] font-semibold leading-[120%] w-1\/2\" data-v-2b5c147f=\"\">\u0420\u0430\u0437\u043c\u0435\u0440<\/td>\n<td class=\"px-[15px] py-3 text-left text-graySilver md:text-[16px] text-[11px] font-semibold leading-[120%] w-1\/2\" data-v-2b5c147f=\"\">30 x 40 cm<\/td>\n<\/tr>\n<tr class=\"bg-gray\/40\" data-v-2b5c147f=\"\">\n<td class=\"px-[15px] py-3 text-left text-black md:text-[16px] text-[11px] font-semibold leading-[120%] w-1\/2\" data-v-2b5c147f=\"\">\u0421\u0438\u043b\u0430<\/td>\n<td class=\"px-[15px] py-3 text-left text-graySilver md:text-[16px] text-[11px] font-semibold leading-[120%] w-1\/2\" data-v-2b5c147f=\"\">30 W<\/td>\n<\/tr>\n<tr class=\"bg-gray\" data-v-2b5c147f=\"\">\n<td class=\"px-[15px] py-3 text-left text-black md:text-[16px] text-[11px] font-semibold leading-[120%] w-1\/2\" data-v-2b5c147f=\"\">Re\u021bea<\/td>\n<td class=\"px-[15px] py-3 text-left text-graySilver md:text-[16px] text-[11px] font-semibold leading-[120%] w-1\/2\" data-v-2b5c147f=\"\">220 V<\/td>\n<\/tr>\n<\/tbody>\n<\/table>\n<\/div>\n<\/div>\n<\/div>\n<div class=\"w-full\">\n<div class=\"w-full mx-auto\" data-v-2b5c147f=\"\">\n<div class=\"rounded-lg mt-3 overflow-hidden\" data-v-2b5c147f=\"\">\n<table class=\"min-w-full\" data-v-2b5c147f=\"\">\n<tbody data-v-2b5c147f=\"\">\n<tr class=\"bg-gray\" data-v-2b5c147f=\"\">\n<td class=\"px-[15px] py-3 text-left text-black md:text-[16px] text-[11px] font-semibold leading-[120%] w-1\/2\" data-v-2b5c147f=\"\">\u00cen\u0103l\u021bime minim\u0103<\/td>\n<td class=\"px-[15px] py-3 text-left text-graySilver md:text-[16px] text-[11px] font-semibold leading-[120%] w-1\/2\" data-v-2b5c147f=\"\">5 cm<\/td>\n<\/tr>\n<tr class=\"bg-gray\/40\" data-v-2b5c147f=\"\">\n<td class=\"px-[15px] py-3 text-left text-black md:text-[16px] text-[11px] font-semibold leading-[120%] w-1\/2\" data-v-2b5c147f=\"\">\u00cen\u0103l\u021bime maxim\u0103<\/td>\n<td class=\"px-[15px] py-3 text-left text-graySilver md:text-[16px] text-[11px] font-semibold leading-[120%] w-1\/2\" data-v-2b5c147f=\"\">40 cm<\/td>\n<\/tr>\n<tr class=\"bg-gray\" data-v-2b5c147f=\"\">\n<td class=\"px-[15px] py-3 text-left text-black md:text-[16px] text-[11px] font-semibold leading-[120%] w-1\/2\" data-v-2b5c147f=\"\">\u0412\u0435\u0441 \u2013 45 \u043a\u0433<\/td>\n<td class=\"px-[15px] py-3 text-left text-graySilver md:text-[16px] text-[11px] font-semibold leading-[120%] w-1\/2\" data-v-2b5c147f=\"\">1.85 kg<\/td>\n<\/tr>\n<\/tbody>\n<\/table>\n<p>Panoul de \u00eenc\u0103lzire pentru pui\u0219ori N3040 este solu\u021bia ideal\u0103 pentru a asigura o cre\u0219tere s\u0103n\u0103toas\u0103 \u0219i confortabil\u0103 a pui\u0219orilor dumneavoastr\u0103. Acest panou este o alternativ\u0103 sigur\u0103 \u0219i eficient\u0103 la l\u0103mpile de \u00eenc\u0103lzire, cu un risc redus de incendiu. Imit\u00e2nd modul \u00een care o clo\u0219c\u0103 \u021bine puii la cald, panoul ofer\u0103 o c\u0103ldur\u0103 bl\u00e2nd\u0103 \u0219i uniform\u0103.<\/p>\n<p>Designul s\u0103u compact \u0219i materialele durabile asigur\u0103 o utilizare \u00eendelungat\u0103, iar reglajul u\u0219or al \u00een\u0103l\u021bimii \u00eel face potrivit pentru toate speciile de p\u0103s\u0103ri. Cu un consum redus de energie \u0219i op\u021biunea unui regulator de temperatur\u0103, acest panou este alegerea perfect\u0103 pentru orice fermier sau pasionat de cre\u0219terea p\u0103s\u0103rilor.<\/p>\n<p>Func\u021bii Principale:<br \/>\n&#8211;\u00a0<strong>Reglaj u\u0219or al \u00een\u0103l\u021bimii<\/strong><\/p>\n<p>Ideal pentru to\u021bi pui\u0219orii, adapt\u00e2ndu-se pe m\u0103sur\u0103 ce cresc.<br \/>\n<strong>&#8211; Material durabil.<\/strong>Suprafa\u021ba de \u00eenc\u0103lzire este fabricat\u0103 din plastic rezistent.<\/p>\n<ul>\n<li><strong>&#8211; Izola\u021bie excelent\u0103<\/strong><\/li>\n<li>Realizat din material PU de calitate superioar\u0103.<\/li>\n<li><strong>&#8211; Consum redus de energie<\/strong><\/li>\n<li>Consum\u0103 mai pu\u021bin dec\u00e2t becurile cu infraro\u0219u.<\/li>\n<\/ul>\n<\/div>\n<\/div>\n<\/div>","protected":false},"excerpt":{"rendered":"<p>Plac\u0103 de \u00eenc\u0103lzire pentru pui N3040 (30cm*40cm) Dimensiuni 30 x 40 cm Putere 30 W Re\u021bea 220 V \u00cen\u0103l\u021bime minim\u0103<\/p>","protected":false},"featured_media":5171,"template":"","meta":[],"product_cat":[137],"product_tag":[],"class_list":{"0":"post-5170","1":"product","2":"type-product","3":"status-publish","4":"has-post-thumbnail","6":"product_cat-incubatoare-automate","8":"first","9":"instock","10":"shipping-taxable","11":"purchasable","12":"product-type-simple"},"yoast_head":"<!-- This site is optimized with the Yoast SEO plugin v20.12 - https:\/\/yoast.com\/wordpress\/plugins\/seo\/ -->\n<title>Plac\u0103 de \u00eenc\u0103lzire pentru pui N3040 (30cm*40cm) - Modernteh<\/title>\n<meta name=\"description\" content=\"Plac\u0103 de \u00eenc\u0103lzire pentru pui N3040 (30cm*40cm)\" \/>\n<meta name=\"robots\" content=\"index, follow, max-snippet:-1, max-image-preview:large, max-video-preview:-1\" \/>\n<link rel=\"canonical\" href=\"https:\/\/modernteh.md\/ru\/catalog\/placa-de-incalzire-pentru-pui-n3040-30cm40cm\/\" \/>\n<meta property=\"og:locale\" content=\"ru_RU\" \/>\n<meta property=\"og:type\" content=\"article\" \/>\n<meta property=\"og:title\" content=\"Plac\u0103 de \u00eenc\u0103lzire pentru pui N3040 (30cm*40cm) - Modernteh\" \/>\n<meta property=\"og:description\" content=\"Plac\u0103 de \u00eenc\u0103lzire pentru pui N3040 (30cm*40cm)\" \/>\n<meta property=\"og:url\" content=\"https:\/\/modernteh.md\/ru\/catalog\/placa-de-incalzire-pentru-pui-n3040-30cm40cm\/\" \/>\n<meta property=\"og:site_name\" content=\"Modernteh\" \/>\n<meta property=\"article:publisher\" content=\"https:\/\/www.facebook.com\/profile.php?id=100082695620019\" \/>\n<meta property=\"article:modified_time\" content=\"2026-01-10T07:27:31+00:00\" \/>\n<meta property=\"og:image\" content=\"https:\/\/modernteh.md\/wp-content\/uploads\/2026\/01\/panou-de-incalzire-puisori-n3040-sec-2-675c323ce175e.webp\" \/>\n\t<meta property=\"og:image:width\" content=\"1500\" \/>\n\t<meta property=\"og:image:height\" content=\"1500\" \/>\n\t<meta property=\"og:image:type\" content=\"image\/webp\" \/>\n<meta name=\"twitter:card\" content=\"summary_large_image\" \/>\n<meta name=\"twitter:label1\" content=\"\u041f\u0440\u0438\u043c\u0435\u0440\u043d\u043e\u0435 \u0432\u0440\u0435\u043c\u044f \u0434\u043b\u044f \u0447\u0442\u0435\u043d\u0438\u044f\" \/>\n\t<meta name=\"twitter:data1\" content=\"1 \u043c\u0438\u043d\u0443\u0442\u0430\" \/>\n<script type=\"application\/ld+json\" class=\"yoast-schema-graph\">{\"@context\":\"https:\/\/schema.org\",\"@graph\":[{\"@type\":\"WebPage\",\"@id\":\"https:\/\/modernteh.md\/catalog\/placa-de-incalzire-pentru-pui-n3040-30cm40cm\/\",\"url\":\"https:\/\/modernteh.md\/catalog\/placa-de-incalzire-pentru-pui-n3040-30cm40cm\/\",\"name\":\"Plac\u0103 de \u00eenc\u0103lzire pentru pui N3040 (30cm*40cm) - Modernteh\",\"isPartOf\":{\"@id\":\"https:\/\/modernteh.md\/#website\"},\"datePublished\":\"2026-01-10T07:27:30+00:00\",\"dateModified\":\"2026-01-10T07:27:31+00:00\",\"description\":\"Plac\u0103 de \u00eenc\u0103lzire pentru pui N3040 (30cm*40cm)\",\"breadcrumb\":{\"@id\":\"https:\/\/modernteh.md\/catalog\/placa-de-incalzire-pentru-pui-n3040-30cm40cm\/#breadcrumb\"},\"inLanguage\":\"ru-RU\",\"potentialAction\":[{\"@type\":\"ReadAction\",\"target\":[\"https:\/\/modernteh.md\/catalog\/placa-de-incalzire-pentru-pui-n3040-30cm40cm\/\"]}]},{\"@type\":\"BreadcrumbList\",\"@id\":\"https:\/\/modernteh.md\/catalog\/placa-de-incalzire-pentru-pui-n3040-30cm40cm\/#breadcrumb\",\"itemListElement\":[{\"@type\":\"ListItem\",\"position\":1,\"name\":\"Prima pagin\u0103\",\"item\":\"https:\/\/modernteh.md\/\"},{\"@type\":\"ListItem\",\"position\":2,\"name\":\"Catalog\",\"item\":\"https:\/\/modernteh.md\/catalog\/\"},{\"@type\":\"ListItem\",\"position\":3,\"name\":\"Plac\u0103 de \u00eenc\u0103lzire pentru pui N3040 (30cm*40cm)\"}]},{\"@type\":\"WebSite\",\"@id\":\"https:\/\/modernteh.md\/#website\",\"url\":\"https:\/\/modernteh.md\/\",\"name\":\"Modernteh\",\"description\":\"Modernteh\",\"publisher\":{\"@id\":\"https:\/\/modernteh.md\/#organization\"},\"potentialAction\":[{\"@type\":\"SearchAction\",\"target\":{\"@type\":\"EntryPoint\",\"urlTemplate\":\"https:\/\/modernteh.md\/?s={search_term_string}\"},\"query-input\":\"required name=search_term_string\"}],\"inLanguage\":\"ru-RU\"},{\"@type\":\"Organization\",\"@id\":\"https:\/\/modernteh.md\/#organization\",\"name\":\"Modernteh\",\"url\":\"https:\/\/modernteh.md\/\",\"logo\":{\"@type\":\"ImageObject\",\"inLanguage\":\"ru-RU\",\"@id\":\"https:\/\/modernteh.md\/#\/schema\/logo\/image\/\",\"url\":\"https:\/\/modernteh.md\/wp-content\/uploads\/2022\/06\/Logo_site-2.png\",\"contentUrl\":\"https:\/\/modernteh.md\/wp-content\/uploads\/2022\/06\/Logo_site-2.png\",\"width\":500,\"height\":487,\"caption\":\"Modernteh\"},\"image\":{\"@id\":\"https:\/\/modernteh.md\/#\/schema\/logo\/image\/\"},\"sameAs\":[\"https:\/\/www.facebook.com\/profile.php?id=100082695620019\"]}]}<\/script>\n<!-- \/ Yoast SEO plugin. -->","yoast_head_json":{"title":"Plac\u0103 de \u00eenc\u0103lzire pentru pui N3040 (30cm*40cm) - Modernteh","description":"Plac\u0103 de \u00eenc\u0103lzire pentru pui N3040 (30cm*40cm)","robots":{"index":"index","follow":"follow","max-snippet":"max-snippet:-1","max-image-preview":"max-image-preview:large","max-video-preview":"max-video-preview:-1"},"canonical":"https:\/\/modernteh.md\/ru\/catalog\/placa-de-incalzire-pentru-pui-n3040-30cm40cm\/","og_locale":"ru_RU","og_type":"article","og_title":"Plac\u0103 de \u00eenc\u0103lzire pentru pui N3040 (30cm*40cm) - Modernteh","og_description":"Plac\u0103 de \u00eenc\u0103lzire pentru pui N3040 (30cm*40cm)","og_url":"https:\/\/modernteh.md\/ru\/catalog\/placa-de-incalzire-pentru-pui-n3040-30cm40cm\/","og_site_name":"Modernteh","article_publisher":"https:\/\/www.facebook.com\/profile.php?id=100082695620019","article_modified_time":"2026-01-10T07:27:31+00:00","og_image":[{"width":1500,"height":1500,"url":"https:\/\/modernteh.md\/wp-content\/uploads\/2026\/01\/panou-de-incalzire-puisori-n3040-sec-2-675c323ce175e.webp","type":"image\/webp"}],"twitter_card":"summary_large_image","twitter_misc":{"\u041f\u0440\u0438\u043c\u0435\u0440\u043d\u043e\u0435 \u0432\u0440\u0435\u043c\u044f \u0434\u043b\u044f \u0447\u0442\u0435\u043d\u0438\u044f":"1 \u043c\u0438\u043d\u0443\u0442\u0430"},"schema":{"@context":"https:\/\/schema.org","@graph":[{"@type":"WebPage","@id":"https:\/\/modernteh.md\/catalog\/placa-de-incalzire-pentru-pui-n3040-30cm40cm\/","url":"https:\/\/modernteh.md\/catalog\/placa-de-incalzire-pentru-pui-n3040-30cm40cm\/","name":"Plac\u0103 de \u00eenc\u0103lzire pentru pui N3040 (30cm*40cm) - Modernteh","isPartOf":{"@id":"https:\/\/modernteh.md\/#website"},"datePublished":"2026-01-10T07:27:30+00:00","dateModified":"2026-01-10T07:27:31+00:00","description":"Plac\u0103 de \u00eenc\u0103lzire pentru pui N3040 (30cm*40cm)","breadcrumb":{"@id":"https:\/\/modernteh.md\/catalog\/placa-de-incalzire-pentru-pui-n3040-30cm40cm\/#breadcrumb"},"inLanguage":"ru-RU","potentialAction":[{"@type":"ReadAction","target":["https:\/\/modernteh.md\/catalog\/placa-de-incalzire-pentru-pui-n3040-30cm40cm\/"]}]},{"@type":"BreadcrumbList","@id":"https:\/\/modernteh.md\/catalog\/placa-de-incalzire-pentru-pui-n3040-30cm40cm\/#breadcrumb","itemListElement":[{"@type":"ListItem","position":1,"name":"Prima pagin\u0103","item":"https:\/\/modernteh.md\/"},{"@type":"ListItem","position":2,"name":"Catalog","item":"https:\/\/modernteh.md\/catalog\/"},{"@type":"ListItem","position":3,"name":"Plac\u0103 de \u00eenc\u0103lzire pentru pui N3040 (30cm*40cm)"}]},{"@type":"WebSite","@id":"https:\/\/modernteh.md\/#website","url":"https:\/\/modernteh.md\/","name":"Modernteh","description":"Modernteh","publisher":{"@id":"https:\/\/modernteh.md\/#organization"},"potentialAction":[{"@type":"SearchAction","target":{"@type":"EntryPoint","urlTemplate":"https:\/\/modernteh.md\/?s={search_term_string}"},"query-input":"required name=search_term_string"}],"inLanguage":"ru-RU"},{"@type":"Organization","@id":"https:\/\/modernteh.md\/#organization","name":"Modernteh","url":"https:\/\/modernteh.md\/","logo":{"@type":"ImageObject","inLanguage":"ru-RU","@id":"https:\/\/modernteh.md\/#\/schema\/logo\/image\/","url":"https:\/\/modernteh.md\/wp-content\/uploads\/2022\/06\/Logo_site-2.png","contentUrl":"https:\/\/modernteh.md\/wp-content\/uploads\/2022\/06\/Logo_site-2.png","width":500,"height":487,"caption":"Modernteh"},"image":{"@id":"https:\/\/modernteh.md\/#\/schema\/logo\/image\/"},"sameAs":["https:\/\/www.facebook.com\/profile.php?id=100082695620019"]}]}},"_links":{"self":[{"href":"https:\/\/modernteh.md\/ru\/wp-json\/wp\/v2\/product\/5170","targetHints":{"allow":["GET"]}}],"collection":[{"href":"https:\/\/modernteh.md\/ru\/wp-json\/wp\/v2\/product"}],"about":[{"href":"https:\/\/modernteh.md\/ru\/wp-json\/wp\/v2\/types\/product"}],"wp:featuredmedia":[{"embeddable":true,"href":"https:\/\/modernteh.md\/ru\/wp-json\/wp\/v2\/media\/5171"}],"wp:attachment":[{"href":"https:\/\/modernteh.md\/ru\/wp-json\/wp\/v2\/media?parent=5170"}],"wp:term":[{"taxonomy":"product_cat","embeddable":true,"href":"https:\/\/modernteh.md\/ru\/wp-json\/wp\/v2\/product_cat?post=5170"},{"taxonomy":"product_tag","embeddable":true,"href":"https:\/\/modernteh.md\/ru\/wp-json\/wp\/v2\/product_tag?post=5170"}],"curies":[{"name":"wp","href":"https:\/\/api.w.org\/{rel}","templated":true}]}}