{"id":5187,"date":"2026-01-15T14:47:17","date_gmt":"2026-01-15T14:47:17","guid":{"rendered":"https:\/\/modernteh.md\/?post_type=product&#038;p=5187"},"modified":"2026-01-15T14:47:18","modified_gmt":"2026-01-15T14:47:18","slug":"lapte-praf-miei-si-iezi-sac-25-kg-vivalac-35","status":"publish","type":"product","link":"https:\/\/modernteh.md\/ru\/catalog\/lapte-praf-miei-si-iezi-sac-25-kg-vivalac-35\/","title":{"rendered":"Lapte praf miei si iezi sac 25 kg vivalac 35"},"content":{"rendered":"<p>Lapte praf miei si iezi sac 25 kg vivalac 35<\/p>\n<p>Lapte praf pentru miei si iezi sac 25kg Vivalac 35AC, cu nutrienti esentiali, atent echilibrati, pentru a sprijini dezvoltarea mieilor si a iezilor.<\/p>\n<p>Inlocuitor de lapte pentru miei si iezi cu nivel ridicat de proteina din lapte, cu nivel de grasimi ce garanteaza un start sigur, o crestere rapida, si o buna calitate a carnii.<\/p>\n<p><strong>Compozitite<\/strong>: lapte praf degresat, pudra de zer, grasime vegetala( palmier, rapita, cocos), gluten de grau, zer delactozat, amidon de grau, lactoza, maltodextrina, sulfat de magnesium, hidroxid de magnesium, carbonat de calciu.<\/p>\n<p><strong>Constituenti analitici<\/strong>:<\/p>\n<ul>\n<li>Umiditate 5%<\/li>\n<li>Proteina bruta 24%<\/li>\n<li>Grasimi brute 24.5%<\/li>\n<li>Fibra 0.1%<\/li>\n<li>Cenusa 7%<\/li>\n<li>Ca 0.8%<\/li>\n<li>Na 0.5%<\/li>\n<li>Ph 0.7%<\/li>\n<\/ul>\n<p><strong>Mod de preparare:<\/strong><\/p>\n<p>Pres\u0103ra\u021bi cantitatea adecvat\u0103 de pulbere \u00eentr-o g\u0103leat\u0103 cu\u00a0ap\u0103 cald\u0103 (50 \u00b0 C) \u0219i aduce\u021bi la volumul final dup\u0103\u00a0amestecare, adaugati apa la 38 \u00b0 C &#8211; 40 \u00b0 C.<\/p>\n<p>Preparati\u00a0\u00eentotdeauna un \u00eenlocuitor de lapte in cantitatea necesara\u00a0pentru hr\u0103nirea imediat\u0103.<br \/>\nNu utiliza\u021bi un b\u0103\u021b sau un instrument similar pentru a\u00a0amesteca \u00eenlocuitorul de lapte &#8211; este necesar\u0103 o anumit\u0103\u00a0omogenitate, care poate fi realizat\u0103 cel mai bine cu un tel\u00a0de s\u00e2rm\u0103.<br \/>\nDac\u0103 utiliza\u021bi o ma\u0219in\u0103 de amestecat, nu o utiliza\u021bi pentru o\u00a0perioad\u0103 lung\u0103 de timp.\u00a0Seta\u021bi termostatul la 40 \u00b0 C<\/p>\n<p><strong>Recomandari:<\/strong><\/p>\n<p>1. Nu face\u021bi preparatul direct \u00een g\u0103leat\u0103 cu tetin\u0103. Este de\u00a0preferat s\u0103 face\u021bi preparatul deoparte \u0219i apoi s\u0103-l\u00a0introduce\u021bi \u00een g\u0103leat\u0103.<br \/>\n1. Apa pe care o folosi\u021bi pentru preparat trebuie s\u0103 fie\u00a0potabil\u0103.<br \/>\n2. Igiena este important\u0103 &#8211; cur\u0103\u021ba\u021bi toate ustensilele dup\u0103\u00a0fiecare hr\u0103nire.<br \/>\n3. Pentru a men\u021bine pulberea de lapte praf proasp\u0103t\u0103,\u00a0asigurati-va ca sacul este bine \u00eenchis \u0219i p\u0103stra\u021bi-l \u00eentr-un loc\u00a0uscat \u0219i r\u0103coros.<br \/>\n4. Programul de timp de hr\u0103nire a \u00eenlocuitorului de lapte\u00a0trebuie s\u0103 fie fixat la intervale regulate.<\/p>\n<p><strong>Vitamine:<\/strong><\/p>\n<ul>\n<li>E672 A 25 000 UI<br \/>\nE671 D3 2 000 UI<br \/>\n3a700 E 50 UI<br \/>\nC 75 UI<br \/>\nK3 4 mg<br \/>\nB1 16 mg<\/li>\n<\/ul>\n<p><strong>Oligo elemente\u00a0<\/strong>:<\/p>\n<ul>\n<li>\nE1 Fe (sulphate ferrous monohydrate) 35 mg<br \/>\nE4 Cu (cooper sulphate pentahydrate) 3 mg<br \/>\nE6 Zn (zinc sulphate monohydrate) 65 mg<br \/>\nE5 Mn (manganese sulphate monohydrate) 55 mg<br \/>\nE2 I (calcium iodate anhydrous) 0.4 mg<br \/>\nE8 Se (sodium selenite)<\/li>\n<\/ul>","protected":false},"excerpt":{"rendered":"<p>Lapte praf miei si iezi sac 25 kg vivalac 35 Lapte praf pentru miei si iezi sac 25kg Vivalac 35AC,<\/p>","protected":false},"featured_media":5188,"template":"","meta":[],"product_cat":[183],"product_tag":[],"class_list":{"0":"post-5187","1":"product","2":"type-product","3":"status-publish","4":"has-post-thumbnail","6":"product_cat-produse-veterinare","8":"first","9":"instock","10":"shipping-taxable","11":"purchasable","12":"product-type-simple"},"yoast_head":"<!-- This site is optimized with the Yoast SEO plugin v20.12 - https:\/\/yoast.com\/wordpress\/plugins\/seo\/ -->\n<title>Lapte praf miei si iezi sac 25 kg vivalac 35 - Modernteh<\/title>\n<meta name=\"description\" content=\"Lapte praf miei si iezi sac 25 kg vivalac 35\" \/>\n<meta name=\"robots\" content=\"index, follow, max-snippet:-1, max-image-preview:large, max-video-preview:-1\" \/>\n<link rel=\"canonical\" href=\"https:\/\/modernteh.md\/ru\/catalog\/lapte-praf-miei-si-iezi-sac-25-kg-vivalac-35\/\" \/>\n<meta property=\"og:locale\" content=\"ru_RU\" \/>\n<meta property=\"og:type\" content=\"article\" \/>\n<meta property=\"og:title\" content=\"Lapte praf miei si iezi sac 25 kg vivalac 35 - Modernteh\" \/>\n<meta property=\"og:description\" content=\"Lapte praf miei si iezi sac 25 kg vivalac 35\" \/>\n<meta property=\"og:url\" content=\"https:\/\/modernteh.md\/ru\/catalog\/lapte-praf-miei-si-iezi-sac-25-kg-vivalac-35\/\" \/>\n<meta property=\"og:site_name\" content=\"Modernteh\" \/>\n<meta property=\"article:publisher\" content=\"https:\/\/www.facebook.com\/profile.php?id=100082695620019\" \/>\n<meta property=\"article:modified_time\" content=\"2026-01-15T14:47:18+00:00\" \/>\n<meta property=\"og:image\" content=\"https:\/\/modernteh.md\/wp-content\/uploads\/2026\/01\/sac-vivalac.png\" \/>\n\t<meta property=\"og:image:width\" content=\"700\" \/>\n\t<meta property=\"og:image:height\" content=\"700\" \/>\n\t<meta property=\"og:image:type\" content=\"image\/png\" \/>\n<meta name=\"twitter:card\" content=\"summary_large_image\" \/>\n<meta name=\"twitter:label1\" content=\"\u041f\u0440\u0438\u043c\u0435\u0440\u043d\u043e\u0435 \u0432\u0440\u0435\u043c\u044f \u0434\u043b\u044f \u0447\u0442\u0435\u043d\u0438\u044f\" \/>\n\t<meta name=\"twitter:data1\" content=\"2 \u043c\u0438\u043d\u0443\u0442\u044b\" \/>\n<script type=\"application\/ld+json\" class=\"yoast-schema-graph\">{\"@context\":\"https:\/\/schema.org\",\"@graph\":[{\"@type\":\"WebPage\",\"@id\":\"https:\/\/modernteh.md\/catalog\/lapte-praf-miei-si-iezi-sac-25-kg-vivalac-35\/\",\"url\":\"https:\/\/modernteh.md\/catalog\/lapte-praf-miei-si-iezi-sac-25-kg-vivalac-35\/\",\"name\":\"Lapte praf miei si iezi sac 25 kg vivalac 35 - Modernteh\",\"isPartOf\":{\"@id\":\"https:\/\/modernteh.md\/#website\"},\"datePublished\":\"2026-01-15T14:47:17+00:00\",\"dateModified\":\"2026-01-15T14:47:18+00:00\",\"description\":\"Lapte praf miei si iezi sac 25 kg vivalac 35\",\"breadcrumb\":{\"@id\":\"https:\/\/modernteh.md\/catalog\/lapte-praf-miei-si-iezi-sac-25-kg-vivalac-35\/#breadcrumb\"},\"inLanguage\":\"ru-RU\",\"potentialAction\":[{\"@type\":\"ReadAction\",\"target\":[\"https:\/\/modernteh.md\/catalog\/lapte-praf-miei-si-iezi-sac-25-kg-vivalac-35\/\"]}]},{\"@type\":\"BreadcrumbList\",\"@id\":\"https:\/\/modernteh.md\/catalog\/lapte-praf-miei-si-iezi-sac-25-kg-vivalac-35\/#breadcrumb\",\"itemListElement\":[{\"@type\":\"ListItem\",\"position\":1,\"name\":\"Prima pagin\u0103\",\"item\":\"https:\/\/modernteh.md\/\"},{\"@type\":\"ListItem\",\"position\":2,\"name\":\"Catalog\",\"item\":\"https:\/\/modernteh.md\/catalog\/\"},{\"@type\":\"ListItem\",\"position\":3,\"name\":\"Lapte praf miei si iezi sac 25 kg vivalac 35\"}]},{\"@type\":\"WebSite\",\"@id\":\"https:\/\/modernteh.md\/#website\",\"url\":\"https:\/\/modernteh.md\/\",\"name\":\"Modernteh\",\"description\":\"Modernteh\",\"publisher\":{\"@id\":\"https:\/\/modernteh.md\/#organization\"},\"potentialAction\":[{\"@type\":\"SearchAction\",\"target\":{\"@type\":\"EntryPoint\",\"urlTemplate\":\"https:\/\/modernteh.md\/?s={search_term_string}\"},\"query-input\":\"required name=search_term_string\"}],\"inLanguage\":\"ru-RU\"},{\"@type\":\"Organization\",\"@id\":\"https:\/\/modernteh.md\/#organization\",\"name\":\"Modernteh\",\"url\":\"https:\/\/modernteh.md\/\",\"logo\":{\"@type\":\"ImageObject\",\"inLanguage\":\"ru-RU\",\"@id\":\"https:\/\/modernteh.md\/#\/schema\/logo\/image\/\",\"url\":\"https:\/\/modernteh.md\/wp-content\/uploads\/2022\/06\/Logo_site-2.png\",\"contentUrl\":\"https:\/\/modernteh.md\/wp-content\/uploads\/2022\/06\/Logo_site-2.png\",\"width\":500,\"height\":487,\"caption\":\"Modernteh\"},\"image\":{\"@id\":\"https:\/\/modernteh.md\/#\/schema\/logo\/image\/\"},\"sameAs\":[\"https:\/\/www.facebook.com\/profile.php?id=100082695620019\"]}]}<\/script>\n<!-- \/ Yoast SEO plugin. -->","yoast_head_json":{"title":"Lapte praf miei si iezi sac 25 kg vivalac 35 - Modernteh","description":"Lapte praf miei si iezi sac 25 kg vivalac 35","robots":{"index":"index","follow":"follow","max-snippet":"max-snippet:-1","max-image-preview":"max-image-preview:large","max-video-preview":"max-video-preview:-1"},"canonical":"https:\/\/modernteh.md\/ru\/catalog\/lapte-praf-miei-si-iezi-sac-25-kg-vivalac-35\/","og_locale":"ru_RU","og_type":"article","og_title":"Lapte praf miei si iezi sac 25 kg vivalac 35 - Modernteh","og_description":"Lapte praf miei si iezi sac 25 kg vivalac 35","og_url":"https:\/\/modernteh.md\/ru\/catalog\/lapte-praf-miei-si-iezi-sac-25-kg-vivalac-35\/","og_site_name":"Modernteh","article_publisher":"https:\/\/www.facebook.com\/profile.php?id=100082695620019","article_modified_time":"2026-01-15T14:47:18+00:00","og_image":[{"width":700,"height":700,"url":"https:\/\/modernteh.md\/wp-content\/uploads\/2026\/01\/sac-vivalac.png","type":"image\/png"}],"twitter_card":"summary_large_image","twitter_misc":{"\u041f\u0440\u0438\u043c\u0435\u0440\u043d\u043e\u0435 \u0432\u0440\u0435\u043c\u044f \u0434\u043b\u044f \u0447\u0442\u0435\u043d\u0438\u044f":"2 \u043c\u0438\u043d\u0443\u0442\u044b"},"schema":{"@context":"https:\/\/schema.org","@graph":[{"@type":"WebPage","@id":"https:\/\/modernteh.md\/catalog\/lapte-praf-miei-si-iezi-sac-25-kg-vivalac-35\/","url":"https:\/\/modernteh.md\/catalog\/lapte-praf-miei-si-iezi-sac-25-kg-vivalac-35\/","name":"Lapte praf miei si iezi sac 25 kg vivalac 35 - Modernteh","isPartOf":{"@id":"https:\/\/modernteh.md\/#website"},"datePublished":"2026-01-15T14:47:17+00:00","dateModified":"2026-01-15T14:47:18+00:00","description":"Lapte praf miei si iezi sac 25 kg vivalac 35","breadcrumb":{"@id":"https:\/\/modernteh.md\/catalog\/lapte-praf-miei-si-iezi-sac-25-kg-vivalac-35\/#breadcrumb"},"inLanguage":"ru-RU","potentialAction":[{"@type":"ReadAction","target":["https:\/\/modernteh.md\/catalog\/lapte-praf-miei-si-iezi-sac-25-kg-vivalac-35\/"]}]},{"@type":"BreadcrumbList","@id":"https:\/\/modernteh.md\/catalog\/lapte-praf-miei-si-iezi-sac-25-kg-vivalac-35\/#breadcrumb","itemListElement":[{"@type":"ListItem","position":1,"name":"Prima pagin\u0103","item":"https:\/\/modernteh.md\/"},{"@type":"ListItem","position":2,"name":"Catalog","item":"https:\/\/modernteh.md\/catalog\/"},{"@type":"ListItem","position":3,"name":"Lapte praf miei si iezi sac 25 kg vivalac 35"}]},{"@type":"WebSite","@id":"https:\/\/modernteh.md\/#website","url":"https:\/\/modernteh.md\/","name":"Modernteh","description":"Modernteh","publisher":{"@id":"https:\/\/modernteh.md\/#organization"},"potentialAction":[{"@type":"SearchAction","target":{"@type":"EntryPoint","urlTemplate":"https:\/\/modernteh.md\/?s={search_term_string}"},"query-input":"required name=search_term_string"}],"inLanguage":"ru-RU"},{"@type":"Organization","@id":"https:\/\/modernteh.md\/#organization","name":"Modernteh","url":"https:\/\/modernteh.md\/","logo":{"@type":"ImageObject","inLanguage":"ru-RU","@id":"https:\/\/modernteh.md\/#\/schema\/logo\/image\/","url":"https:\/\/modernteh.md\/wp-content\/uploads\/2022\/06\/Logo_site-2.png","contentUrl":"https:\/\/modernteh.md\/wp-content\/uploads\/2022\/06\/Logo_site-2.png","width":500,"height":487,"caption":"Modernteh"},"image":{"@id":"https:\/\/modernteh.md\/#\/schema\/logo\/image\/"},"sameAs":["https:\/\/www.facebook.com\/profile.php?id=100082695620019"]}]}},"_links":{"self":[{"href":"https:\/\/modernteh.md\/ru\/wp-json\/wp\/v2\/product\/5187","targetHints":{"allow":["GET"]}}],"collection":[{"href":"https:\/\/modernteh.md\/ru\/wp-json\/wp\/v2\/product"}],"about":[{"href":"https:\/\/modernteh.md\/ru\/wp-json\/wp\/v2\/types\/product"}],"wp:featuredmedia":[{"embeddable":true,"href":"https:\/\/modernteh.md\/ru\/wp-json\/wp\/v2\/media\/5188"}],"wp:attachment":[{"href":"https:\/\/modernteh.md\/ru\/wp-json\/wp\/v2\/media?parent=5187"}],"wp:term":[{"taxonomy":"product_cat","embeddable":true,"href":"https:\/\/modernteh.md\/ru\/wp-json\/wp\/v2\/product_cat?post=5187"},{"taxonomy":"product_tag","embeddable":true,"href":"https:\/\/modernteh.md\/ru\/wp-json\/wp\/v2\/product_tag?post=5187"}],"curies":[{"name":"wp","href":"https:\/\/api.w.org\/{rel}","templated":true}]}}