{"id":5189,"date":"2026-01-15T14:54:10","date_gmt":"2026-01-15T14:54:10","guid":{"rendered":"https:\/\/modernteh.md\/?post_type=product&#038;p=5189"},"modified":"2026-01-15T14:54:10","modified_gmt":"2026-01-15T14:54:10","slug":"lapte-praf-vitei-sac-25-kg-lactolac-50","status":"publish","type":"product","link":"https:\/\/modernteh.md\/ru\/catalog\/lapte-praf-vitei-sac-25-kg-lactolac-50\/","title":{"rendered":"Lapte praf vitei sac 25 kg lactolac 50"},"content":{"rendered":"<p>Lapte praf vitei sac 25 kg lactolac 50<\/p>\n<p>Lapte praf ce reprezinta un inlocuitor ideal de lapte pentru vitei.<\/p>\n<p>Acest lapte praf contine un procent important de produse lactate. Optimizeaza cresterea viteilor datorita nivelului de proteine si grasimi care corespunde nevoilor acestora.<\/p>\n<p>Lactolac 1 contine lapte praf degresat care le confera apetenta ridicata. Este o formula echilibrata, element cheie pentru finalizarea cu succes a fazei alaptarii, esentiala pentru viitorul<\/p>\n<p>vitelor si taurilor.<\/p>\n<p>Acest lapte praf promoveaza initierea ruminatiei viteilor.<\/p>\n<p>Avantaje: proteine din lapte extrem de digerabile; aport de energie pentru o crestere rapida;asigura o crestere optima si o nutritie completa; optimizeaza dezvoltarea junincilor si a taurasilor; aport de probiotice care actioneaza ca o bariera a florei intestinale.<\/p>\n<p><strong>Compozitie:<\/strong><\/p>\n<p>Pudra de zer- ulei vegetal( palmier, rapita, cocos), lapte praf degresat, gluten de grau, lactoza, maltodextrina, amidon de grau, fosfat de calciu, sulfat de magneziu, hidroxid de magneziu, carbonat de calciu.<\/p>\n<p><strong>Constituenti analitici<\/strong>:<\/p>\n<ul>\n<li>Umiditate 5%<\/li>\n<li>Proteina bruta 22%<\/li>\n<li>Grasime bruta 18%<\/li>\n<li>Fibra bruta 0.1%<\/li>\n<li>Cenusa bruta 8%<\/li>\n<li>Calciu 0.8%<\/li>\n<li>Sodiu 0.5%<\/li>\n<li>Fosfor 0.7%<\/li>\n<\/ul>\n<p><strong>Oligo elemente:<\/strong><\/p>\n<ul>\n<li>E1 Fe (sulphate ferrous monohydrate) 25 mg<br \/>\nE1 Fe (ferrous fumarate) 15 mg<br \/>\nE4 Cu (cooper sulphate pentahydrate) 12 mg<br \/>\nE6 Zn (zinc sulphate monohydrate) 70 mg<br \/>\nE5 Mg (manganese sulphate monohydrate) 65 mg<br \/>\nE2 I (calcium iodate anhydrous) 0.3 mg<br \/>\nE8 Se (sodium selenite) 0.2 mg<\/li>\n<\/ul>\n<p><strong>Preparare:<\/strong><\/p>\n<p>Se amestec\u0103 LACTOLAC 1 cu jum\u0103tate din volumul de ap\u0103 cald\u0103 la 50 \u00b0 C \u0219i se completeaz\u0103 cu ap\u0103 cald\u0103, se hranesc viteii la 38 \u00b0 C &#8211; 40 \u00b0 C.<br \/>\nFolosi\u021bi un instrument pentru omogenizarea complet\u0103 \u0219i ob\u021binerea unei solubilit\u0103\u021bi perfecte.<br \/>\nDac\u0103 utiliza\u021bi un mixer, nu utiliza\u021bi pentru o perioad\u0103 lung\u0103 de timp.<br \/>\nRegla\u021bi termostatul la 40 \u00b0 C<\/p>\n<p><strong>Sfaturi practice:<\/strong><\/p>\n<ol>\n<li>nu faceti preparatul direct in galeata, ideal este sa il preparati intr-un vas aparte si apoi sa il turnati in galeata de hranire vitei<\/li>\n<li>apa folosita sa fie potabila<\/li>\n<li>igiena este importanta, curatati toate ustensilele dupa fiecare hranire<\/li>\n<li>pentru a pastra laptele praf proaspat, inchideti bine sacul si depozitati-l intr-un loc uscat si racoros<\/li>\n<li>programul de administrare a laptelui praf trebuie sa fie urmat cu strictete si sa fie la intervale regulate<\/li>\n<\/ol>\n<p>Se prepara si se administreaza mai usor prin intermediul unui aparat de lapte Milk Shuttle, pe care noi ti-l punem la dispozitie.<\/p>\n<p><strong>Plan de furajare<\/strong>:<\/p>\n<p><img loading=\"lazy\" decoding=\"async\" src=\"https:\/\/www.superfarmland.com\/media\/wysiwyg\/plan-alaptare-vitei.png\" alt=\"\" width=\"694\" height=\"761\" \/><\/p>","protected":false},"excerpt":{"rendered":"<p>Lapte praf vitei sac 25 kg lactolac 50 Lapte praf ce reprezinta un inlocuitor ideal de lapte pentru vitei. Acest<\/p>","protected":false},"featured_media":5190,"template":"","meta":[],"product_cat":[183],"product_tag":[],"class_list":{"0":"post-5189","1":"product","2":"type-product","3":"status-publish","4":"has-post-thumbnail","6":"product_cat-produse-veterinare","8":"first","9":"instock","10":"shipping-taxable","11":"purchasable","12":"product-type-simple"},"yoast_head":"<!-- This site is optimized with the Yoast SEO plugin v20.12 - https:\/\/yoast.com\/wordpress\/plugins\/seo\/ -->\n<title>Lapte praf vitei sac 25 kg lactolac 50 - Modernteh<\/title>\n<meta name=\"description\" content=\"Lapte praf vitei sac 25 kg lactolac 50\" \/>\n<meta name=\"robots\" content=\"index, follow, max-snippet:-1, max-image-preview:large, max-video-preview:-1\" \/>\n<link rel=\"canonical\" href=\"https:\/\/modernteh.md\/ru\/catalog\/lapte-praf-vitei-sac-25-kg-lactolac-50\/\" \/>\n<meta property=\"og:locale\" content=\"ru_RU\" \/>\n<meta property=\"og:type\" content=\"article\" \/>\n<meta property=\"og:title\" content=\"Lapte praf vitei sac 25 kg lactolac 50 - Modernteh\" \/>\n<meta property=\"og:description\" content=\"Lapte praf vitei sac 25 kg lactolac 50\" \/>\n<meta property=\"og:url\" content=\"https:\/\/modernteh.md\/ru\/catalog\/lapte-praf-vitei-sac-25-kg-lactolac-50\/\" \/>\n<meta property=\"og:site_name\" content=\"Modernteh\" \/>\n<meta property=\"article:publisher\" content=\"https:\/\/www.facebook.com\/profile.php?id=100082695620019\" \/>\n<meta property=\"og:image\" content=\"https:\/\/modernteh.md\/wp-content\/uploads\/2026\/01\/lapte-praf-vitei-25-kg.jpg\" \/>\n\t<meta property=\"og:image:width\" content=\"700\" \/>\n\t<meta property=\"og:image:height\" content=\"700\" \/>\n\t<meta property=\"og:image:type\" content=\"image\/jpeg\" \/>\n<meta name=\"twitter:card\" content=\"summary_large_image\" \/>\n<meta name=\"twitter:label1\" content=\"\u041f\u0440\u0438\u043c\u0435\u0440\u043d\u043e\u0435 \u0432\u0440\u0435\u043c\u044f \u0434\u043b\u044f \u0447\u0442\u0435\u043d\u0438\u044f\" \/>\n\t<meta name=\"twitter:data1\" content=\"3 \u043c\u0438\u043d\u0443\u0442\u044b\" \/>\n<script type=\"application\/ld+json\" class=\"yoast-schema-graph\">{\"@context\":\"https:\/\/schema.org\",\"@graph\":[{\"@type\":\"WebPage\",\"@id\":\"https:\/\/modernteh.md\/catalog\/lapte-praf-vitei-sac-25-kg-lactolac-50\/\",\"url\":\"https:\/\/modernteh.md\/catalog\/lapte-praf-vitei-sac-25-kg-lactolac-50\/\",\"name\":\"Lapte praf vitei sac 25 kg lactolac 50 - Modernteh\",\"isPartOf\":{\"@id\":\"https:\/\/modernteh.md\/#website\"},\"datePublished\":\"2026-01-15T14:54:10+00:00\",\"dateModified\":\"2026-01-15T14:54:10+00:00\",\"description\":\"Lapte praf vitei sac 25 kg lactolac 50\",\"breadcrumb\":{\"@id\":\"https:\/\/modernteh.md\/catalog\/lapte-praf-vitei-sac-25-kg-lactolac-50\/#breadcrumb\"},\"inLanguage\":\"ru-RU\",\"potentialAction\":[{\"@type\":\"ReadAction\",\"target\":[\"https:\/\/modernteh.md\/catalog\/lapte-praf-vitei-sac-25-kg-lactolac-50\/\"]}]},{\"@type\":\"BreadcrumbList\",\"@id\":\"https:\/\/modernteh.md\/catalog\/lapte-praf-vitei-sac-25-kg-lactolac-50\/#breadcrumb\",\"itemListElement\":[{\"@type\":\"ListItem\",\"position\":1,\"name\":\"Prima pagin\u0103\",\"item\":\"https:\/\/modernteh.md\/\"},{\"@type\":\"ListItem\",\"position\":2,\"name\":\"Catalog\",\"item\":\"https:\/\/modernteh.md\/catalog\/\"},{\"@type\":\"ListItem\",\"position\":3,\"name\":\"Lapte praf vitei sac 25 kg lactolac 50\"}]},{\"@type\":\"WebSite\",\"@id\":\"https:\/\/modernteh.md\/#website\",\"url\":\"https:\/\/modernteh.md\/\",\"name\":\"Modernteh\",\"description\":\"Modernteh\",\"publisher\":{\"@id\":\"https:\/\/modernteh.md\/#organization\"},\"potentialAction\":[{\"@type\":\"SearchAction\",\"target\":{\"@type\":\"EntryPoint\",\"urlTemplate\":\"https:\/\/modernteh.md\/?s={search_term_string}\"},\"query-input\":\"required name=search_term_string\"}],\"inLanguage\":\"ru-RU\"},{\"@type\":\"Organization\",\"@id\":\"https:\/\/modernteh.md\/#organization\",\"name\":\"Modernteh\",\"url\":\"https:\/\/modernteh.md\/\",\"logo\":{\"@type\":\"ImageObject\",\"inLanguage\":\"ru-RU\",\"@id\":\"https:\/\/modernteh.md\/#\/schema\/logo\/image\/\",\"url\":\"https:\/\/modernteh.md\/wp-content\/uploads\/2022\/06\/Logo_site-2.png\",\"contentUrl\":\"https:\/\/modernteh.md\/wp-content\/uploads\/2022\/06\/Logo_site-2.png\",\"width\":500,\"height\":487,\"caption\":\"Modernteh\"},\"image\":{\"@id\":\"https:\/\/modernteh.md\/#\/schema\/logo\/image\/\"},\"sameAs\":[\"https:\/\/www.facebook.com\/profile.php?id=100082695620019\"]}]}<\/script>\n<!-- \/ Yoast SEO plugin. -->","yoast_head_json":{"title":"Lapte praf vitei sac 25 kg lactolac 50 - Modernteh","description":"Lapte praf vitei sac 25 kg lactolac 50","robots":{"index":"index","follow":"follow","max-snippet":"max-snippet:-1","max-image-preview":"max-image-preview:large","max-video-preview":"max-video-preview:-1"},"canonical":"https:\/\/modernteh.md\/ru\/catalog\/lapte-praf-vitei-sac-25-kg-lactolac-50\/","og_locale":"ru_RU","og_type":"article","og_title":"Lapte praf vitei sac 25 kg lactolac 50 - Modernteh","og_description":"Lapte praf vitei sac 25 kg lactolac 50","og_url":"https:\/\/modernteh.md\/ru\/catalog\/lapte-praf-vitei-sac-25-kg-lactolac-50\/","og_site_name":"Modernteh","article_publisher":"https:\/\/www.facebook.com\/profile.php?id=100082695620019","og_image":[{"width":700,"height":700,"url":"https:\/\/modernteh.md\/wp-content\/uploads\/2026\/01\/lapte-praf-vitei-25-kg.jpg","type":"image\/jpeg"}],"twitter_card":"summary_large_image","twitter_misc":{"\u041f\u0440\u0438\u043c\u0435\u0440\u043d\u043e\u0435 \u0432\u0440\u0435\u043c\u044f \u0434\u043b\u044f \u0447\u0442\u0435\u043d\u0438\u044f":"3 \u043c\u0438\u043d\u0443\u0442\u044b"},"schema":{"@context":"https:\/\/schema.org","@graph":[{"@type":"WebPage","@id":"https:\/\/modernteh.md\/catalog\/lapte-praf-vitei-sac-25-kg-lactolac-50\/","url":"https:\/\/modernteh.md\/catalog\/lapte-praf-vitei-sac-25-kg-lactolac-50\/","name":"Lapte praf vitei sac 25 kg lactolac 50 - Modernteh","isPartOf":{"@id":"https:\/\/modernteh.md\/#website"},"datePublished":"2026-01-15T14:54:10+00:00","dateModified":"2026-01-15T14:54:10+00:00","description":"Lapte praf vitei sac 25 kg lactolac 50","breadcrumb":{"@id":"https:\/\/modernteh.md\/catalog\/lapte-praf-vitei-sac-25-kg-lactolac-50\/#breadcrumb"},"inLanguage":"ru-RU","potentialAction":[{"@type":"ReadAction","target":["https:\/\/modernteh.md\/catalog\/lapte-praf-vitei-sac-25-kg-lactolac-50\/"]}]},{"@type":"BreadcrumbList","@id":"https:\/\/modernteh.md\/catalog\/lapte-praf-vitei-sac-25-kg-lactolac-50\/#breadcrumb","itemListElement":[{"@type":"ListItem","position":1,"name":"Prima pagin\u0103","item":"https:\/\/modernteh.md\/"},{"@type":"ListItem","position":2,"name":"Catalog","item":"https:\/\/modernteh.md\/catalog\/"},{"@type":"ListItem","position":3,"name":"Lapte praf vitei sac 25 kg lactolac 50"}]},{"@type":"WebSite","@id":"https:\/\/modernteh.md\/#website","url":"https:\/\/modernteh.md\/","name":"Modernteh","description":"Modernteh","publisher":{"@id":"https:\/\/modernteh.md\/#organization"},"potentialAction":[{"@type":"SearchAction","target":{"@type":"EntryPoint","urlTemplate":"https:\/\/modernteh.md\/?s={search_term_string}"},"query-input":"required name=search_term_string"}],"inLanguage":"ru-RU"},{"@type":"Organization","@id":"https:\/\/modernteh.md\/#organization","name":"Modernteh","url":"https:\/\/modernteh.md\/","logo":{"@type":"ImageObject","inLanguage":"ru-RU","@id":"https:\/\/modernteh.md\/#\/schema\/logo\/image\/","url":"https:\/\/modernteh.md\/wp-content\/uploads\/2022\/06\/Logo_site-2.png","contentUrl":"https:\/\/modernteh.md\/wp-content\/uploads\/2022\/06\/Logo_site-2.png","width":500,"height":487,"caption":"Modernteh"},"image":{"@id":"https:\/\/modernteh.md\/#\/schema\/logo\/image\/"},"sameAs":["https:\/\/www.facebook.com\/profile.php?id=100082695620019"]}]}},"_links":{"self":[{"href":"https:\/\/modernteh.md\/ru\/wp-json\/wp\/v2\/product\/5189","targetHints":{"allow":["GET"]}}],"collection":[{"href":"https:\/\/modernteh.md\/ru\/wp-json\/wp\/v2\/product"}],"about":[{"href":"https:\/\/modernteh.md\/ru\/wp-json\/wp\/v2\/types\/product"}],"wp:featuredmedia":[{"embeddable":true,"href":"https:\/\/modernteh.md\/ru\/wp-json\/wp\/v2\/media\/5190"}],"wp:attachment":[{"href":"https:\/\/modernteh.md\/ru\/wp-json\/wp\/v2\/media?parent=5189"}],"wp:term":[{"taxonomy":"product_cat","embeddable":true,"href":"https:\/\/modernteh.md\/ru\/wp-json\/wp\/v2\/product_cat?post=5189"},{"taxonomy":"product_tag","embeddable":true,"href":"https:\/\/modernteh.md\/ru\/wp-json\/wp\/v2\/product_tag?post=5189"}],"curies":[{"name":"wp","href":"https:\/\/api.w.org\/{rel}","templated":true}]}}