{"id":5203,"date":"2026-01-28T06:46:44","date_gmt":"2026-01-28T06:46:44","guid":{"rendered":"https:\/\/modernteh.md\/?post_type=product&#038;p=5203"},"modified":"2026-01-28T06:46:44","modified_gmt":"2026-01-28T06:46:44","slug":"drujba-technoworker-db5802-pro","status":"publish","type":"product","link":"https:\/\/modernteh.md\/ru\/catalog\/drujba-technoworker-db5802-pro\/","title":{"rendered":"Drujba Technoworker DB5802 PRO"},"content":{"rendered":"<p>Drujba Technoworker DB5802 PRO<\/p>\n<ul class=\"product__features-list\">\n<li class=\"product__caracteristics-item\">\n<div class=\"product__caracteristics-item-cont\">\n<p class=\"product__caracteristics-subtitle\">Tip motor -2 timpi<\/p>\n<\/div>\n<\/li>\n<li class=\"product__caracteristics-item\">\n<div class=\"product__caracteristics-item-cont\">\n<p class=\"product__caracteristics-subtitle\">Putere motor (CP)- 4.1<\/p>\n<\/div>\n<\/li>\n<li class=\"product__caracteristics-item\">\n<div class=\"product__caracteristics-item-cont\">\n<p class=\"product__caracteristics-subtitle\">Putere motor (W)-3000<\/p>\n<\/div>\n<\/li>\n<li class=\"product__caracteristics-item\">\n<div class=\"product__caracteristics-item-cont\">\n<p class=\"product__caracteristics-subtitle\">Racirea motorului-Cu aer<\/p>\n<\/div>\n<\/li>\n<li class=\"product__caracteristics-item\">\n<div class=\"product__caracteristics-item-cont\">\n<p class=\"product__caracteristics-subtitle\">Volumul motorului (cm\u00b3)-58<\/p>\n<\/div>\n<\/li>\n<li class=\"product__caracteristics-item\">\n<div class=\"product__caracteristics-item-cont\">\n<p class=\"product__caracteristics-subtitle\">Tip pornire-La sfoara<\/p>\n<\/div>\n<\/li>\n<li class=\"product__caracteristics-item\">\n<div class=\"product__caracteristics-item-cont\">\n<p class=\"product__caracteristics-subtitle\">Nivel zgomot (dB)-114<\/p>\n<\/div>\n<\/li>\n<li class=\"product__caracteristics-item\">\n<div class=\"product__caracteristics-item-cont\">\n<p class=\"product__caracteristics-subtitle\">Capacitate rezervor ulei (ml)-250<\/p>\n<\/div>\n<\/li>\n<li class=\"product__caracteristics-item\">\n<div class=\"product__caracteristics-item-cont\">\n<p class=\"product__caracteristics-subtitle\">Capacitate rezervor de combustibil (ml)-550<\/p>\n<\/div>\n<\/li>\n<li class=\"product__caracteristics-item\">\n<div class=\"product__caracteristics-item-cont\">\n<p class=\"product__caracteristics-subtitle\">Combustibil-25 ml ulei\/ litru de benzin\u0103<\/p>\n<\/div>\n<\/li>\n<li class=\"product__caracteristics-item\">\n<div class=\"product__caracteristics-item-cont\">\n<p class=\"product__caracteristics-subtitle\">Pas lan\u021b \/ Num\u0103r din\u021bi-0.325 \/ 72<\/p>\n<\/div>\n<\/li>\n<li class=\"product__caracteristics-item\">\n<div class=\"product__caracteristics-item-cont\">\n<p class=\"product__caracteristics-subtitle\">Lungimea lamei (cm)-45<\/p>\n<p>Drujba Technoworker\u00ae DB5802 PRO este un instrument puternic \u0219i de \u00eencredere, creat pentru a \u00eendeplini diverse sarcini \u00een p\u0103dure, construc\u021bii, gr\u0103din\u0103 \u0219i gospod\u0103rie. Motorul \u00een doi timpi de 58 cm\u00b3 asigur\u0103 o putere de 3 kW (4,1 CP), permi\u021b\u00e2nd t\u0103ierea cu u\u0219urin\u021b\u0103 a p\u00e2n\u0103 la 3,8 metri cubi de lemn pe or\u0103. Carburatorul WALBRO, fabricat \u00een Japonia, garanteaz\u0103 o func\u021bionare stabil\u0103, iar amestecul de combustibil 1:25 prelunge\u0219te durata de via\u021b\u0103 a motorului.<\/p>\n<p>Sistemul Easy Start faciliteaz\u0103 pornirea, iar evacuarea tripl\u0103 reduce zgomotul \u0219i emisiile. Drujba este echipat\u0103 cu dou\u0103 bare de 45 cm \u0219i dou\u0103 lan\u021buri cu 72 de din\u021bi, care au un sistem anti-vibra\u021bii pentru confort \u00een utilizare. Cilindrul s\u0103u cromat \u0219i pinionul de ac\u021bionare a lan\u021bului deta\u0219abil asigur\u0103 o durat\u0103 lung\u0103 de via\u021b\u0103 a instrumentului.<\/p>\n<p>Cu o greutate de 6 kg, aceast\u0103 drujb\u0103 este u\u0219or de manevrat \u0219i confortabil\u0103 de utilizat. Tehnologia de lubrifiere a lan\u021bului prelunge\u0219te durata de via\u021b\u0103 a acestuia, iar designul ergonomic face utilizarea mai facil\u0103. Drujba este livrat\u0103 cu un set de scule pentru asamblare \u0219i un bidon special pentru amestecul de combustibil. Technoworker\u00ae DB5802 PRO este alegerea ideal\u0103 at\u00e2t pentru profesioni\u0219ti, c\u00e2t \u0219i pentru amatori, care apreciaz\u0103 calitatea \u0219i fiabilitatea.<\/p>\n<\/div>\n<\/li>\n<\/ul>","protected":false},"excerpt":{"rendered":"<p>Drujba Technoworker DB5802 PRO Tip motor -2 timpi Putere motor (CP)- 4.1 Putere motor (W)-3000 Racirea motorului-Cu aer Volumul motorului<\/p>","protected":false},"featured_media":5204,"template":"","meta":[],"product_cat":[146],"product_tag":[],"class_list":{"0":"post-5203","1":"product","2":"type-product","3":"status-publish","4":"has-post-thumbnail","6":"product_cat-motoferastraie","8":"first","9":"instock","10":"shipping-taxable","11":"purchasable","12":"product-type-simple"},"yoast_head":"<!-- This site is optimized with the Yoast SEO plugin v20.12 - https:\/\/yoast.com\/wordpress\/plugins\/seo\/ -->\n<title>Drujba Technoworker DB5802 PRO - Modernteh<\/title>\n<meta name=\"description\" content=\"Drujba Technoworker DB5802 PRO\" \/>\n<meta name=\"robots\" content=\"index, follow, max-snippet:-1, max-image-preview:large, max-video-preview:-1\" \/>\n<link rel=\"canonical\" href=\"https:\/\/modernteh.md\/ru\/catalog\/drujba-technoworker-db5802-pro\/\" \/>\n<meta property=\"og:locale\" content=\"ru_RU\" \/>\n<meta property=\"og:type\" content=\"article\" \/>\n<meta property=\"og:title\" content=\"Drujba Technoworker DB5802 PRO - Modernteh\" \/>\n<meta property=\"og:description\" content=\"Drujba Technoworker DB5802 PRO\" \/>\n<meta property=\"og:url\" content=\"https:\/\/modernteh.md\/ru\/catalog\/drujba-technoworker-db5802-pro\/\" \/>\n<meta property=\"og:site_name\" content=\"Modernteh\" \/>\n<meta property=\"article:publisher\" content=\"https:\/\/www.facebook.com\/profile.php?id=100082695620019\" \/>\n<meta property=\"og:image\" content=\"https:\/\/modernteh.md\/wp-content\/uploads\/2026\/01\/e04eeb561900fa811aa82ca3bf79c580.webp\" \/>\n\t<meta property=\"og:image:width\" content=\"1500\" \/>\n\t<meta property=\"og:image:height\" content=\"1500\" \/>\n\t<meta property=\"og:image:type\" content=\"image\/webp\" \/>\n<meta name=\"twitter:card\" content=\"summary_large_image\" \/>\n<meta name=\"twitter:label1\" content=\"\u041f\u0440\u0438\u043c\u0435\u0440\u043d\u043e\u0435 \u0432\u0440\u0435\u043c\u044f \u0434\u043b\u044f \u0447\u0442\u0435\u043d\u0438\u044f\" \/>\n\t<meta name=\"twitter:data1\" content=\"2 \u043c\u0438\u043d\u0443\u0442\u044b\" \/>\n<script type=\"application\/ld+json\" class=\"yoast-schema-graph\">{\"@context\":\"https:\/\/schema.org\",\"@graph\":[{\"@type\":\"WebPage\",\"@id\":\"https:\/\/modernteh.md\/catalog\/drujba-technoworker-db5802-pro\/\",\"url\":\"https:\/\/modernteh.md\/catalog\/drujba-technoworker-db5802-pro\/\",\"name\":\"Drujba Technoworker DB5802 PRO - Modernteh\",\"isPartOf\":{\"@id\":\"https:\/\/modernteh.md\/#website\"},\"datePublished\":\"2026-01-28T06:46:44+00:00\",\"dateModified\":\"2026-01-28T06:46:44+00:00\",\"description\":\"Drujba Technoworker DB5802 PRO\",\"breadcrumb\":{\"@id\":\"https:\/\/modernteh.md\/catalog\/drujba-technoworker-db5802-pro\/#breadcrumb\"},\"inLanguage\":\"ru-RU\",\"potentialAction\":[{\"@type\":\"ReadAction\",\"target\":[\"https:\/\/modernteh.md\/catalog\/drujba-technoworker-db5802-pro\/\"]}]},{\"@type\":\"BreadcrumbList\",\"@id\":\"https:\/\/modernteh.md\/catalog\/drujba-technoworker-db5802-pro\/#breadcrumb\",\"itemListElement\":[{\"@type\":\"ListItem\",\"position\":1,\"name\":\"Prima pagin\u0103\",\"item\":\"https:\/\/modernteh.md\/\"},{\"@type\":\"ListItem\",\"position\":2,\"name\":\"Catalog\",\"item\":\"https:\/\/modernteh.md\/catalog\/\"},{\"@type\":\"ListItem\",\"position\":3,\"name\":\"Drujba Technoworker DB5802 PRO\"}]},{\"@type\":\"WebSite\",\"@id\":\"https:\/\/modernteh.md\/#website\",\"url\":\"https:\/\/modernteh.md\/\",\"name\":\"Modernteh\",\"description\":\"Modernteh\",\"publisher\":{\"@id\":\"https:\/\/modernteh.md\/#organization\"},\"potentialAction\":[{\"@type\":\"SearchAction\",\"target\":{\"@type\":\"EntryPoint\",\"urlTemplate\":\"https:\/\/modernteh.md\/?s={search_term_string}\"},\"query-input\":\"required name=search_term_string\"}],\"inLanguage\":\"ru-RU\"},{\"@type\":\"Organization\",\"@id\":\"https:\/\/modernteh.md\/#organization\",\"name\":\"Modernteh\",\"url\":\"https:\/\/modernteh.md\/\",\"logo\":{\"@type\":\"ImageObject\",\"inLanguage\":\"ru-RU\",\"@id\":\"https:\/\/modernteh.md\/#\/schema\/logo\/image\/\",\"url\":\"https:\/\/modernteh.md\/wp-content\/uploads\/2022\/06\/Logo_site-2.png\",\"contentUrl\":\"https:\/\/modernteh.md\/wp-content\/uploads\/2022\/06\/Logo_site-2.png\",\"width\":500,\"height\":487,\"caption\":\"Modernteh\"},\"image\":{\"@id\":\"https:\/\/modernteh.md\/#\/schema\/logo\/image\/\"},\"sameAs\":[\"https:\/\/www.facebook.com\/profile.php?id=100082695620019\"]}]}<\/script>\n<!-- \/ Yoast SEO plugin. -->","yoast_head_json":{"title":"Drujba Technoworker DB5802 PRO - Modernteh","description":"Drujba Technoworker DB5802 PRO","robots":{"index":"index","follow":"follow","max-snippet":"max-snippet:-1","max-image-preview":"max-image-preview:large","max-video-preview":"max-video-preview:-1"},"canonical":"https:\/\/modernteh.md\/ru\/catalog\/drujba-technoworker-db5802-pro\/","og_locale":"ru_RU","og_type":"article","og_title":"Drujba Technoworker DB5802 PRO - Modernteh","og_description":"Drujba Technoworker DB5802 PRO","og_url":"https:\/\/modernteh.md\/ru\/catalog\/drujba-technoworker-db5802-pro\/","og_site_name":"Modernteh","article_publisher":"https:\/\/www.facebook.com\/profile.php?id=100082695620019","og_image":[{"width":1500,"height":1500,"url":"https:\/\/modernteh.md\/wp-content\/uploads\/2026\/01\/e04eeb561900fa811aa82ca3bf79c580.webp","type":"image\/webp"}],"twitter_card":"summary_large_image","twitter_misc":{"\u041f\u0440\u0438\u043c\u0435\u0440\u043d\u043e\u0435 \u0432\u0440\u0435\u043c\u044f \u0434\u043b\u044f \u0447\u0442\u0435\u043d\u0438\u044f":"2 \u043c\u0438\u043d\u0443\u0442\u044b"},"schema":{"@context":"https:\/\/schema.org","@graph":[{"@type":"WebPage","@id":"https:\/\/modernteh.md\/catalog\/drujba-technoworker-db5802-pro\/","url":"https:\/\/modernteh.md\/catalog\/drujba-technoworker-db5802-pro\/","name":"Drujba Technoworker DB5802 PRO - Modernteh","isPartOf":{"@id":"https:\/\/modernteh.md\/#website"},"datePublished":"2026-01-28T06:46:44+00:00","dateModified":"2026-01-28T06:46:44+00:00","description":"Drujba Technoworker DB5802 PRO","breadcrumb":{"@id":"https:\/\/modernteh.md\/catalog\/drujba-technoworker-db5802-pro\/#breadcrumb"},"inLanguage":"ru-RU","potentialAction":[{"@type":"ReadAction","target":["https:\/\/modernteh.md\/catalog\/drujba-technoworker-db5802-pro\/"]}]},{"@type":"BreadcrumbList","@id":"https:\/\/modernteh.md\/catalog\/drujba-technoworker-db5802-pro\/#breadcrumb","itemListElement":[{"@type":"ListItem","position":1,"name":"Prima pagin\u0103","item":"https:\/\/modernteh.md\/"},{"@type":"ListItem","position":2,"name":"Catalog","item":"https:\/\/modernteh.md\/catalog\/"},{"@type":"ListItem","position":3,"name":"Drujba Technoworker DB5802 PRO"}]},{"@type":"WebSite","@id":"https:\/\/modernteh.md\/#website","url":"https:\/\/modernteh.md\/","name":"Modernteh","description":"Modernteh","publisher":{"@id":"https:\/\/modernteh.md\/#organization"},"potentialAction":[{"@type":"SearchAction","target":{"@type":"EntryPoint","urlTemplate":"https:\/\/modernteh.md\/?s={search_term_string}"},"query-input":"required name=search_term_string"}],"inLanguage":"ru-RU"},{"@type":"Organization","@id":"https:\/\/modernteh.md\/#organization","name":"Modernteh","url":"https:\/\/modernteh.md\/","logo":{"@type":"ImageObject","inLanguage":"ru-RU","@id":"https:\/\/modernteh.md\/#\/schema\/logo\/image\/","url":"https:\/\/modernteh.md\/wp-content\/uploads\/2022\/06\/Logo_site-2.png","contentUrl":"https:\/\/modernteh.md\/wp-content\/uploads\/2022\/06\/Logo_site-2.png","width":500,"height":487,"caption":"Modernteh"},"image":{"@id":"https:\/\/modernteh.md\/#\/schema\/logo\/image\/"},"sameAs":["https:\/\/www.facebook.com\/profile.php?id=100082695620019"]}]}},"_links":{"self":[{"href":"https:\/\/modernteh.md\/ru\/wp-json\/wp\/v2\/product\/5203","targetHints":{"allow":["GET"]}}],"collection":[{"href":"https:\/\/modernteh.md\/ru\/wp-json\/wp\/v2\/product"}],"about":[{"href":"https:\/\/modernteh.md\/ru\/wp-json\/wp\/v2\/types\/product"}],"wp:featuredmedia":[{"embeddable":true,"href":"https:\/\/modernteh.md\/ru\/wp-json\/wp\/v2\/media\/5204"}],"wp:attachment":[{"href":"https:\/\/modernteh.md\/ru\/wp-json\/wp\/v2\/media?parent=5203"}],"wp:term":[{"taxonomy":"product_cat","embeddable":true,"href":"https:\/\/modernteh.md\/ru\/wp-json\/wp\/v2\/product_cat?post=5203"},{"taxonomy":"product_tag","embeddable":true,"href":"https:\/\/modernteh.md\/ru\/wp-json\/wp\/v2\/product_tag?post=5203"}],"curies":[{"name":"wp","href":"https:\/\/api.w.org\/{rel}","templated":true}]}}