{"id":5213,"date":"2026-02-05T09:39:46","date_gmt":"2026-02-05T09:39:46","guid":{"rendered":"https:\/\/modernteh.md\/?post_type=product&#038;p=5213"},"modified":"2026-02-05T09:39:47","modified_gmt":"2026-02-05T09:39:47","slug":"prelata-sera-polietilena-10x4x2-5-m-140-g-m%c2%b2-uv4","status":"publish","type":"product","link":"https:\/\/modernteh.md\/ru\/catalog\/prelata-sera-polietilena-10x4x2-5-m-140-g-m%c2%b2-uv4\/","title":{"rendered":"Prelata sera polietilena 10x4x2.5 m 140 g\/m\u00b2 UV4"},"content":{"rendered":"<p>Prelata sera polietilena 10x4x2.5 m 140 g\/m\u00b2 UV4<\/p>\n<p>Prelata din polietilen\u0103 pentru ser\u0103, cu dimensiuni de 10x4x2.5 m, este o solu\u021bie practic\u0103 \u0219i eficient\u0103 pentru protejarea culturilor dvs. Construit\u0103 din material durabil, cu o grosime de 140 g\/m\u00b2, prelata ofer\u0103 protec\u021bie excelent\u0103 \u00eempotriva condi\u021biilor meteorologice nefavorabile, precum ploaie, v\u00e2nt \u0219i grindin\u0103. Datorit\u0103 rezisten\u021bei UV4, aceasta protejeaz\u0103 plantele de razele solare d\u0103un\u0103toare, asigur\u00e2nd un mediu stabil pentru cre\u0219terea lor. Dimensiunile generoase fac ca aceast\u0103 prelat\u0103 s\u0103 fie ideal\u0103 pentru culturi de mari dimensiuni, oferind spa\u021biu suficient pentru o varietate de plante. Construc\u021bia solid\u0103 asigur\u0103 o durat\u0103 de via\u021b\u0103 \u00eendelungat\u0103, fiind potrivit\u0103 at\u00e2t pentru gr\u0103dinarii profesioni\u0219ti, c\u00e2t \u0219i pentru amatori. Prelata este o acoperire de \u00eencredere, ce contribuie la s\u0103n\u0103tatea \u0219i dezvoltarea optim\u0103 a plantelor.<\/p>","protected":false},"excerpt":{"rendered":"<p>Prelata sera polietilena 10x4x2.5 m 140 g\/m\u00b2 UV4 Prelata din polietilen\u0103 pentru ser\u0103, cu dimensiuni de 10x4x2.5 m, este o<\/p>","protected":false},"featured_media":5214,"template":"","meta":[],"product_cat":[144],"product_tag":[],"class_list":{"0":"post-5213","1":"product","2":"type-product","3":"status-publish","4":"has-post-thumbnail","6":"product_cat-sere-de-tip-tunel","8":"first","9":"instock","10":"shipping-taxable","11":"purchasable","12":"product-type-simple"},"yoast_head":"<!-- This site is optimized with the Yoast SEO plugin v20.12 - https:\/\/yoast.com\/wordpress\/plugins\/seo\/ -->\n<title>Prelata sera polietilena 10x4x2.5 m 140 g\/m\u00b2 UV4 - Modernteh<\/title>\n<meta name=\"description\" content=\"Prelata sera polietilena 10x4x2.5 m 140 g\/m\u00b2 UV4\" \/>\n<meta name=\"robots\" content=\"index, follow, max-snippet:-1, max-image-preview:large, max-video-preview:-1\" \/>\n<link rel=\"canonical\" href=\"https:\/\/modernteh.md\/ru\/catalog\/prelata-sera-polietilena-10x4x2-5-m-140-g-m\u00b2-uv4\/\" \/>\n<meta property=\"og:locale\" content=\"ru_RU\" \/>\n<meta property=\"og:type\" content=\"article\" \/>\n<meta property=\"og:title\" content=\"Prelata sera polietilena 10x4x2.5 m 140 g\/m\u00b2 UV4 - Modernteh\" \/>\n<meta property=\"og:description\" content=\"Prelata sera polietilena 10x4x2.5 m 140 g\/m\u00b2 UV4\" \/>\n<meta property=\"og:url\" content=\"https:\/\/modernteh.md\/ru\/catalog\/prelata-sera-polietilena-10x4x2-5-m-140-g-m\u00b2-uv4\/\" \/>\n<meta property=\"og:site_name\" content=\"Modernteh\" \/>\n<meta property=\"article:publisher\" content=\"https:\/\/www.facebook.com\/profile.php?id=100082695620019\" \/>\n<meta property=\"article:modified_time\" content=\"2026-02-05T09:39:47+00:00\" \/>\n<meta property=\"og:image\" content=\"https:\/\/modernteh.md\/wp-content\/uploads\/2026\/02\/d019cf2ecec3f3cd236d2291f7b5ccb3.webp\" \/>\n\t<meta property=\"og:image:width\" content=\"2000\" \/>\n\t<meta property=\"og:image:height\" content=\"2000\" \/>\n\t<meta property=\"og:image:type\" content=\"image\/webp\" \/>\n<meta name=\"twitter:card\" content=\"summary_large_image\" \/>\n<meta name=\"twitter:label1\" content=\"\u041f\u0440\u0438\u043c\u0435\u0440\u043d\u043e\u0435 \u0432\u0440\u0435\u043c\u044f \u0434\u043b\u044f \u0447\u0442\u0435\u043d\u0438\u044f\" \/>\n\t<meta name=\"twitter:data1\" content=\"1 \u043c\u0438\u043d\u0443\u0442\u0430\" \/>\n<script type=\"application\/ld+json\" class=\"yoast-schema-graph\">{\"@context\":\"https:\/\/schema.org\",\"@graph\":[{\"@type\":\"WebPage\",\"@id\":\"https:\/\/modernteh.md\/catalog\/prelata-sera-polietilena-10x4x2-5-m-140-g-m%c2%b2-uv4\/\",\"url\":\"https:\/\/modernteh.md\/catalog\/prelata-sera-polietilena-10x4x2-5-m-140-g-m%c2%b2-uv4\/\",\"name\":\"Prelata sera polietilena 10x4x2.5 m 140 g\/m\u00b2 UV4 - Modernteh\",\"isPartOf\":{\"@id\":\"https:\/\/modernteh.md\/#website\"},\"datePublished\":\"2026-02-05T09:39:46+00:00\",\"dateModified\":\"2026-02-05T09:39:47+00:00\",\"description\":\"Prelata sera polietilena 10x4x2.5 m 140 g\/m\u00b2 UV4\",\"breadcrumb\":{\"@id\":\"https:\/\/modernteh.md\/catalog\/prelata-sera-polietilena-10x4x2-5-m-140-g-m%c2%b2-uv4\/#breadcrumb\"},\"inLanguage\":\"ru-RU\",\"potentialAction\":[{\"@type\":\"ReadAction\",\"target\":[\"https:\/\/modernteh.md\/catalog\/prelata-sera-polietilena-10x4x2-5-m-140-g-m%c2%b2-uv4\/\"]}]},{\"@type\":\"BreadcrumbList\",\"@id\":\"https:\/\/modernteh.md\/catalog\/prelata-sera-polietilena-10x4x2-5-m-140-g-m%c2%b2-uv4\/#breadcrumb\",\"itemListElement\":[{\"@type\":\"ListItem\",\"position\":1,\"name\":\"Prima pagin\u0103\",\"item\":\"https:\/\/modernteh.md\/\"},{\"@type\":\"ListItem\",\"position\":2,\"name\":\"Catalog\",\"item\":\"https:\/\/modernteh.md\/catalog\/\"},{\"@type\":\"ListItem\",\"position\":3,\"name\":\"Prelata sera polietilena 10x4x2.5 m 140 g\/m\u00b2 UV4\"}]},{\"@type\":\"WebSite\",\"@id\":\"https:\/\/modernteh.md\/#website\",\"url\":\"https:\/\/modernteh.md\/\",\"name\":\"Modernteh\",\"description\":\"Modernteh\",\"publisher\":{\"@id\":\"https:\/\/modernteh.md\/#organization\"},\"potentialAction\":[{\"@type\":\"SearchAction\",\"target\":{\"@type\":\"EntryPoint\",\"urlTemplate\":\"https:\/\/modernteh.md\/?s={search_term_string}\"},\"query-input\":\"required name=search_term_string\"}],\"inLanguage\":\"ru-RU\"},{\"@type\":\"Organization\",\"@id\":\"https:\/\/modernteh.md\/#organization\",\"name\":\"Modernteh\",\"url\":\"https:\/\/modernteh.md\/\",\"logo\":{\"@type\":\"ImageObject\",\"inLanguage\":\"ru-RU\",\"@id\":\"https:\/\/modernteh.md\/#\/schema\/logo\/image\/\",\"url\":\"https:\/\/modernteh.md\/wp-content\/uploads\/2022\/06\/Logo_site-2.png\",\"contentUrl\":\"https:\/\/modernteh.md\/wp-content\/uploads\/2022\/06\/Logo_site-2.png\",\"width\":500,\"height\":487,\"caption\":\"Modernteh\"},\"image\":{\"@id\":\"https:\/\/modernteh.md\/#\/schema\/logo\/image\/\"},\"sameAs\":[\"https:\/\/www.facebook.com\/profile.php?id=100082695620019\"]}]}<\/script>\n<!-- \/ Yoast SEO plugin. -->","yoast_head_json":{"title":"Prelata sera polietilena 10x4x2.5 m 140 g\/m\u00b2 UV4 - Modernteh","description":"Prelata sera polietilena 10x4x2.5 m 140 g\/m\u00b2 UV4","robots":{"index":"index","follow":"follow","max-snippet":"max-snippet:-1","max-image-preview":"max-image-preview:large","max-video-preview":"max-video-preview:-1"},"canonical":"https:\/\/modernteh.md\/ru\/catalog\/prelata-sera-polietilena-10x4x2-5-m-140-g-m\u00b2-uv4\/","og_locale":"ru_RU","og_type":"article","og_title":"Prelata sera polietilena 10x4x2.5 m 140 g\/m\u00b2 UV4 - Modernteh","og_description":"Prelata sera polietilena 10x4x2.5 m 140 g\/m\u00b2 UV4","og_url":"https:\/\/modernteh.md\/ru\/catalog\/prelata-sera-polietilena-10x4x2-5-m-140-g-m\u00b2-uv4\/","og_site_name":"Modernteh","article_publisher":"https:\/\/www.facebook.com\/profile.php?id=100082695620019","article_modified_time":"2026-02-05T09:39:47+00:00","og_image":[{"width":2000,"height":2000,"url":"https:\/\/modernteh.md\/wp-content\/uploads\/2026\/02\/d019cf2ecec3f3cd236d2291f7b5ccb3.webp","type":"image\/webp"}],"twitter_card":"summary_large_image","twitter_misc":{"\u041f\u0440\u0438\u043c\u0435\u0440\u043d\u043e\u0435 \u0432\u0440\u0435\u043c\u044f \u0434\u043b\u044f \u0447\u0442\u0435\u043d\u0438\u044f":"1 \u043c\u0438\u043d\u0443\u0442\u0430"},"schema":{"@context":"https:\/\/schema.org","@graph":[{"@type":"WebPage","@id":"https:\/\/modernteh.md\/catalog\/prelata-sera-polietilena-10x4x2-5-m-140-g-m%c2%b2-uv4\/","url":"https:\/\/modernteh.md\/catalog\/prelata-sera-polietilena-10x4x2-5-m-140-g-m%c2%b2-uv4\/","name":"Prelata sera polietilena 10x4x2.5 m 140 g\/m\u00b2 UV4 - Modernteh","isPartOf":{"@id":"https:\/\/modernteh.md\/#website"},"datePublished":"2026-02-05T09:39:46+00:00","dateModified":"2026-02-05T09:39:47+00:00","description":"Prelata sera polietilena 10x4x2.5 m 140 g\/m\u00b2 UV4","breadcrumb":{"@id":"https:\/\/modernteh.md\/catalog\/prelata-sera-polietilena-10x4x2-5-m-140-g-m%c2%b2-uv4\/#breadcrumb"},"inLanguage":"ru-RU","potentialAction":[{"@type":"ReadAction","target":["https:\/\/modernteh.md\/catalog\/prelata-sera-polietilena-10x4x2-5-m-140-g-m%c2%b2-uv4\/"]}]},{"@type":"BreadcrumbList","@id":"https:\/\/modernteh.md\/catalog\/prelata-sera-polietilena-10x4x2-5-m-140-g-m%c2%b2-uv4\/#breadcrumb","itemListElement":[{"@type":"ListItem","position":1,"name":"Prima pagin\u0103","item":"https:\/\/modernteh.md\/"},{"@type":"ListItem","position":2,"name":"Catalog","item":"https:\/\/modernteh.md\/catalog\/"},{"@type":"ListItem","position":3,"name":"Prelata sera polietilena 10x4x2.5 m 140 g\/m\u00b2 UV4"}]},{"@type":"WebSite","@id":"https:\/\/modernteh.md\/#website","url":"https:\/\/modernteh.md\/","name":"Modernteh","description":"Modernteh","publisher":{"@id":"https:\/\/modernteh.md\/#organization"},"potentialAction":[{"@type":"SearchAction","target":{"@type":"EntryPoint","urlTemplate":"https:\/\/modernteh.md\/?s={search_term_string}"},"query-input":"required name=search_term_string"}],"inLanguage":"ru-RU"},{"@type":"Organization","@id":"https:\/\/modernteh.md\/#organization","name":"Modernteh","url":"https:\/\/modernteh.md\/","logo":{"@type":"ImageObject","inLanguage":"ru-RU","@id":"https:\/\/modernteh.md\/#\/schema\/logo\/image\/","url":"https:\/\/modernteh.md\/wp-content\/uploads\/2022\/06\/Logo_site-2.png","contentUrl":"https:\/\/modernteh.md\/wp-content\/uploads\/2022\/06\/Logo_site-2.png","width":500,"height":487,"caption":"Modernteh"},"image":{"@id":"https:\/\/modernteh.md\/#\/schema\/logo\/image\/"},"sameAs":["https:\/\/www.facebook.com\/profile.php?id=100082695620019"]}]}},"_links":{"self":[{"href":"https:\/\/modernteh.md\/ru\/wp-json\/wp\/v2\/product\/5213","targetHints":{"allow":["GET"]}}],"collection":[{"href":"https:\/\/modernteh.md\/ru\/wp-json\/wp\/v2\/product"}],"about":[{"href":"https:\/\/modernteh.md\/ru\/wp-json\/wp\/v2\/types\/product"}],"wp:featuredmedia":[{"embeddable":true,"href":"https:\/\/modernteh.md\/ru\/wp-json\/wp\/v2\/media\/5214"}],"wp:attachment":[{"href":"https:\/\/modernteh.md\/ru\/wp-json\/wp\/v2\/media?parent=5213"}],"wp:term":[{"taxonomy":"product_cat","embeddable":true,"href":"https:\/\/modernteh.md\/ru\/wp-json\/wp\/v2\/product_cat?post=5213"},{"taxonomy":"product_tag","embeddable":true,"href":"https:\/\/modernteh.md\/ru\/wp-json\/wp\/v2\/product_tag?post=5213"}],"curies":[{"name":"wp","href":"https:\/\/api.w.org\/{rel}","templated":true}]}}