{"id":5226,"date":"2026-02-11T07:31:29","date_gmt":"2026-02-11T07:31:29","guid":{"rendered":"https:\/\/modernteh.md\/?post_type=product&#038;p=5226"},"modified":"2026-02-11T07:31:30","modified_gmt":"2026-02-11T07:31:30","slug":"tocator-de-crengi-benzina-technoworker-tc-7-b","status":"publish","type":"product","link":"https:\/\/modernteh.md\/ru\/catalog\/tocator-de-crengi-benzina-technoworker-tc-7-b\/","title":{"rendered":"Tocator de crengi benzina TechnoWorker TC 7 B"},"content":{"rendered":"<h1 class=\"description__title\">Tocator de crengi benzina TechnoWorker TC 7 B<\/h1>\n<div id=\"features\" class=\"product-information_more\">\n<div class=\"product-information__tabs\">\n<div class=\"product-information-left\">\n<div class=\"product-information__feature\">\n<div class=\"product__caracteristics\">\n<ul class=\"product__features-list\">\n<li class=\"product__caracteristics-item\">\n<div class=\"product__caracteristics-item-cont\">\n<p class=\"product__caracteristics-subtitle\">Turatie motor (rpm) 2400<\/p>\n<\/div>\n<\/li>\n<li class=\"product__caracteristics-item\">\n<div class=\"product__caracteristics-item-cont\">\n<p class=\"product__caracteristics-subtitle\">Tip pornire La sfoara<\/p>\n<\/div>\n<\/li>\n<li class=\"product__caracteristics-item\">\n<div class=\"product__caracteristics-item-cont\">\n<p class=\"product__caracteristics-subtitle\">Tip motor 4 timpi<\/p>\n<\/div>\n<\/li>\n<li class=\"product__caracteristics-item\">\n<div class=\"product__caracteristics-item-cont\">\n<p class=\"product__caracteristics-subtitle\">Tip carburant Benzina fara plumb<\/p>\n<\/div>\n<\/li>\n<li class=\"product__caracteristics-item\">\n<div class=\"product__caracteristics-item-cont\">\n<p class=\"product__caracteristics-subtitle\">Sistem de racire Racire fortata cu aer<\/p>\n<\/div>\n<\/li>\n<li class=\"product__caracteristics-item\">\n<div class=\"product__caracteristics-item-cont\">\n<p class=\"product__caracteristics-subtitle\">Putere motor (CP) 7<\/p>\n<\/div>\n<\/li>\n<li class=\"product__caracteristics-item\">\n<div class=\"product__caracteristics-item-cont\">\n<p class=\"product__caracteristics-subtitle\">Greutate neta (kg) 115<\/p>\n<\/div>\n<\/li>\n<li class=\"product__caracteristics-item\">\n<div class=\"product__caracteristics-item-cont\">\n<p class=\"product__caracteristics-subtitle\">Dimensiuni (mm) 1720x550x1050<\/p>\n<\/div>\n<\/li>\n<li class=\"product__caracteristics-item\">\n<div class=\"product__caracteristics-item-cont\">\n<p class=\"product__caracteristics-subtitle\">Numarul de cu\u021bite 2<\/p>\n<\/div>\n<\/li>\n<li class=\"product__caracteristics-item\">\n<div class=\"product__caracteristics-item-cont\">\n<p class=\"product__caracteristics-subtitle\">Diametru lemn (mm) 100<\/p>\n<\/div>\n<\/li>\n<li class=\"product__caracteristics-item\">\n<div class=\"product__caracteristics-item-cont\">\n<p class=\"product__caracteristics-subtitle\">Lungimea buc\u0103\u021bilor de crengi tocate (mm) 5-50<\/p>\n<\/div>\n<\/li>\n<\/ul>\n<\/div>\n<\/div>\n<div class=\"product-information-important\">\n<div class=\"product-information-important-text\">Dimensiunile \u0219i specifica\u021biile pot varia de cele reale. V\u0103 recomand\u0103m s\u0103 verifica\u021bi detaliile exacte \u00eenainte de achizi\u021bionare.<\/div>\n<\/div>\n<\/div>\n<\/div>\n<\/div>\n<div id=\"information\" class=\"product-information-details\">\n<div class=\"product-information-text\">\n<div class=\"product-description\">\n<div class=\"product-description__info\">\n<div class=\"product-description-text\">\n<p>Tocatorul de crengi TechnoWorker\u00a0TC 7 B este un echipament robust \u0219i eficient, conceput pentru m\u0103run\u021birea crengilor, tufi\u0219urilor, vi\u021bei de vie \u0219i altor de\u0219euri lemnoase \u00een a\u0219chii de dimensiuni variabile \u00eentre 5 \u0219i 80 mm. Cu un diametru maxim de t\u0103iere de 100 mm pentru lemnul moale \u0219i 80 mm pentru lemnul tare, acest toc\u0103tor este ideal pentru diverse lucr\u0103ri \u00een gr\u0103din\u0103 sau pe terenuri forestiere. Echipat cu un motor pe benzin\u0103 LONCIN de 7 CP cu 4 timpi, respect\u00e2nd standardele EURO 5, ofer\u0103 o performan\u021b\u0103 optim\u0103 \u0219i eficien\u021b\u0103 \u00een utilizare. Toc\u0103torul are o capacitate maxim\u0103 de procesare de 2 m\u00b3 pe or\u0103, iar num\u0103rul de cu\u021bite de lucru este de 2 buc\u0103\u021bi, cu o tura\u021bie maxim\u0103 de 2400 rpm. Lamele reversibile, cu o lungime de 150 mm, asigur\u0103 o t\u0103iere precis\u0103 \u0219i durabil\u0103, iar \u0219tu\u021bul de desc\u0103rcare reglabil permite direc\u021bionarea a\u0219chiilor finite dup\u0103 preferin\u021be. Transmisia este asigurat\u0103 de dou\u0103 curele de \u00eenalt\u0103 calitate, iar pentru confortul utilizatorului, toc\u0103torul este echipat cu ro\u021bi de dimensiuni 4.1 \/ 3.5-4, facilit\u00e2nd astfel deplasarea pe teren. Ambreiajul centrifugal avansat contribuie la siguran\u021ba \u0219i eficien\u021ba oper\u0103rii, f\u0103c\u00e2nd din TechnoWorker\u00a0TC 7 B un partener de \u00eencredere pentru orice sarcin\u0103 de m\u0103run\u021bire a crengilor \u0219i a de\u0219eurilor lemnoase. Dimensiunile echipamentului sunt 1720 mm lungime, 550 mm l\u0103\u021bime \u0219i 1050 mm \u00een\u0103l\u021bime, av\u00e2nd o greutate total\u0103 de 115 kg.<\/p>\n<p>Max. diametrul lemnului moale: 100 mm<\/p>\n<p>Max. diametrul lemnului tare: 80 mm<\/p>\n<\/div>\n<\/div>\n<\/div>\n<\/div>\n<\/div>","protected":false},"excerpt":{"rendered":"<p>Tocator de crengi benzina TechnoWorker TC 7 B Turatie motor (rpm) 2400 Tip pornire La sfoara Tip motor 4 timpi<\/p>","protected":false},"featured_media":5227,"template":"","meta":[],"product_cat":[135],"product_tag":[],"class_list":{"0":"post-5226","1":"product","2":"type-product","3":"status-publish","4":"has-post-thumbnail","6":"product_cat-tocatoare-de-crengi","8":"first","9":"instock","10":"shipping-taxable","11":"purchasable","12":"product-type-simple"},"yoast_head":"<!-- This site is optimized with the Yoast SEO plugin v20.12 - https:\/\/yoast.com\/wordpress\/plugins\/seo\/ -->\n<title>Tocator de crengi benzina TechnoWorker TC 7 B - Modernteh<\/title>\n<meta name=\"description\" content=\"Tocator de crengi benzina TechnoWorker TC 7 B\" \/>\n<meta name=\"robots\" content=\"index, follow, max-snippet:-1, max-image-preview:large, max-video-preview:-1\" \/>\n<link rel=\"canonical\" href=\"https:\/\/modernteh.md\/ru\/catalog\/tocator-de-crengi-benzina-technoworker-tc-7-b\/\" \/>\n<meta property=\"og:locale\" content=\"ru_RU\" \/>\n<meta property=\"og:type\" content=\"article\" \/>\n<meta property=\"og:title\" content=\"Tocator de crengi benzina TechnoWorker TC 7 B - Modernteh\" \/>\n<meta property=\"og:description\" content=\"Tocator de crengi benzina TechnoWorker TC 7 B\" \/>\n<meta property=\"og:url\" content=\"https:\/\/modernteh.md\/ru\/catalog\/tocator-de-crengi-benzina-technoworker-tc-7-b\/\" \/>\n<meta property=\"og:site_name\" content=\"Modernteh\" \/>\n<meta property=\"article:publisher\" content=\"https:\/\/www.facebook.com\/profile.php?id=100082695620019\" \/>\n<meta property=\"article:modified_time\" content=\"2026-02-11T07:31:30+00:00\" \/>\n<meta property=\"og:image\" content=\"https:\/\/modernteh.md\/wp-content\/uploads\/2026\/02\/a0bf19a337a7e3cd84769d530db91225.webp\" \/>\n\t<meta property=\"og:image:width\" content=\"1200\" \/>\n\t<meta property=\"og:image:height\" content=\"1200\" \/>\n\t<meta property=\"og:image:type\" content=\"image\/webp\" \/>\n<meta name=\"twitter:card\" content=\"summary_large_image\" \/>\n<meta name=\"twitter:label1\" content=\"\u041f\u0440\u0438\u043c\u0435\u0440\u043d\u043e\u0435 \u0432\u0440\u0435\u043c\u044f \u0434\u043b\u044f \u0447\u0442\u0435\u043d\u0438\u044f\" \/>\n\t<meta name=\"twitter:data1\" content=\"2 \u043c\u0438\u043d\u0443\u0442\u044b\" \/>\n<script type=\"application\/ld+json\" class=\"yoast-schema-graph\">{\"@context\":\"https:\/\/schema.org\",\"@graph\":[{\"@type\":\"WebPage\",\"@id\":\"https:\/\/modernteh.md\/catalog\/tocator-de-crengi-benzina-technoworker-tc-7-b\/\",\"url\":\"https:\/\/modernteh.md\/catalog\/tocator-de-crengi-benzina-technoworker-tc-7-b\/\",\"name\":\"Tocator de crengi benzina TechnoWorker TC 7 B - Modernteh\",\"isPartOf\":{\"@id\":\"https:\/\/modernteh.md\/#website\"},\"datePublished\":\"2026-02-11T07:31:29+00:00\",\"dateModified\":\"2026-02-11T07:31:30+00:00\",\"description\":\"Tocator de crengi benzina TechnoWorker TC 7 B\",\"breadcrumb\":{\"@id\":\"https:\/\/modernteh.md\/catalog\/tocator-de-crengi-benzina-technoworker-tc-7-b\/#breadcrumb\"},\"inLanguage\":\"ru-RU\",\"potentialAction\":[{\"@type\":\"ReadAction\",\"target\":[\"https:\/\/modernteh.md\/catalog\/tocator-de-crengi-benzina-technoworker-tc-7-b\/\"]}]},{\"@type\":\"BreadcrumbList\",\"@id\":\"https:\/\/modernteh.md\/catalog\/tocator-de-crengi-benzina-technoworker-tc-7-b\/#breadcrumb\",\"itemListElement\":[{\"@type\":\"ListItem\",\"position\":1,\"name\":\"Prima pagin\u0103\",\"item\":\"https:\/\/modernteh.md\/\"},{\"@type\":\"ListItem\",\"position\":2,\"name\":\"Catalog\",\"item\":\"https:\/\/modernteh.md\/catalog\/\"},{\"@type\":\"ListItem\",\"position\":3,\"name\":\"Tocator de crengi benzina TechnoWorker TC 7 B\"}]},{\"@type\":\"WebSite\",\"@id\":\"https:\/\/modernteh.md\/#website\",\"url\":\"https:\/\/modernteh.md\/\",\"name\":\"Modernteh\",\"description\":\"Modernteh\",\"publisher\":{\"@id\":\"https:\/\/modernteh.md\/#organization\"},\"potentialAction\":[{\"@type\":\"SearchAction\",\"target\":{\"@type\":\"EntryPoint\",\"urlTemplate\":\"https:\/\/modernteh.md\/?s={search_term_string}\"},\"query-input\":\"required name=search_term_string\"}],\"inLanguage\":\"ru-RU\"},{\"@type\":\"Organization\",\"@id\":\"https:\/\/modernteh.md\/#organization\",\"name\":\"Modernteh\",\"url\":\"https:\/\/modernteh.md\/\",\"logo\":{\"@type\":\"ImageObject\",\"inLanguage\":\"ru-RU\",\"@id\":\"https:\/\/modernteh.md\/#\/schema\/logo\/image\/\",\"url\":\"https:\/\/modernteh.md\/wp-content\/uploads\/2022\/06\/Logo_site-2.png\",\"contentUrl\":\"https:\/\/modernteh.md\/wp-content\/uploads\/2022\/06\/Logo_site-2.png\",\"width\":500,\"height\":487,\"caption\":\"Modernteh\"},\"image\":{\"@id\":\"https:\/\/modernteh.md\/#\/schema\/logo\/image\/\"},\"sameAs\":[\"https:\/\/www.facebook.com\/profile.php?id=100082695620019\"]}]}<\/script>\n<!-- \/ Yoast SEO plugin. -->","yoast_head_json":{"title":"Tocator de crengi benzina TechnoWorker TC 7 B - Modernteh","description":"Tocator de crengi benzina TechnoWorker TC 7 B","robots":{"index":"index","follow":"follow","max-snippet":"max-snippet:-1","max-image-preview":"max-image-preview:large","max-video-preview":"max-video-preview:-1"},"canonical":"https:\/\/modernteh.md\/ru\/catalog\/tocator-de-crengi-benzina-technoworker-tc-7-b\/","og_locale":"ru_RU","og_type":"article","og_title":"Tocator de crengi benzina TechnoWorker TC 7 B - Modernteh","og_description":"Tocator de crengi benzina TechnoWorker TC 7 B","og_url":"https:\/\/modernteh.md\/ru\/catalog\/tocator-de-crengi-benzina-technoworker-tc-7-b\/","og_site_name":"Modernteh","article_publisher":"https:\/\/www.facebook.com\/profile.php?id=100082695620019","article_modified_time":"2026-02-11T07:31:30+00:00","og_image":[{"width":1200,"height":1200,"url":"https:\/\/modernteh.md\/wp-content\/uploads\/2026\/02\/a0bf19a337a7e3cd84769d530db91225.webp","type":"image\/webp"}],"twitter_card":"summary_large_image","twitter_misc":{"\u041f\u0440\u0438\u043c\u0435\u0440\u043d\u043e\u0435 \u0432\u0440\u0435\u043c\u044f \u0434\u043b\u044f \u0447\u0442\u0435\u043d\u0438\u044f":"2 \u043c\u0438\u043d\u0443\u0442\u044b"},"schema":{"@context":"https:\/\/schema.org","@graph":[{"@type":"WebPage","@id":"https:\/\/modernteh.md\/catalog\/tocator-de-crengi-benzina-technoworker-tc-7-b\/","url":"https:\/\/modernteh.md\/catalog\/tocator-de-crengi-benzina-technoworker-tc-7-b\/","name":"Tocator de crengi benzina TechnoWorker TC 7 B - Modernteh","isPartOf":{"@id":"https:\/\/modernteh.md\/#website"},"datePublished":"2026-02-11T07:31:29+00:00","dateModified":"2026-02-11T07:31:30+00:00","description":"Tocator de crengi benzina TechnoWorker TC 7 B","breadcrumb":{"@id":"https:\/\/modernteh.md\/catalog\/tocator-de-crengi-benzina-technoworker-tc-7-b\/#breadcrumb"},"inLanguage":"ru-RU","potentialAction":[{"@type":"ReadAction","target":["https:\/\/modernteh.md\/catalog\/tocator-de-crengi-benzina-technoworker-tc-7-b\/"]}]},{"@type":"BreadcrumbList","@id":"https:\/\/modernteh.md\/catalog\/tocator-de-crengi-benzina-technoworker-tc-7-b\/#breadcrumb","itemListElement":[{"@type":"ListItem","position":1,"name":"Prima pagin\u0103","item":"https:\/\/modernteh.md\/"},{"@type":"ListItem","position":2,"name":"Catalog","item":"https:\/\/modernteh.md\/catalog\/"},{"@type":"ListItem","position":3,"name":"Tocator de crengi benzina TechnoWorker TC 7 B"}]},{"@type":"WebSite","@id":"https:\/\/modernteh.md\/#website","url":"https:\/\/modernteh.md\/","name":"Modernteh","description":"Modernteh","publisher":{"@id":"https:\/\/modernteh.md\/#organization"},"potentialAction":[{"@type":"SearchAction","target":{"@type":"EntryPoint","urlTemplate":"https:\/\/modernteh.md\/?s={search_term_string}"},"query-input":"required name=search_term_string"}],"inLanguage":"ru-RU"},{"@type":"Organization","@id":"https:\/\/modernteh.md\/#organization","name":"Modernteh","url":"https:\/\/modernteh.md\/","logo":{"@type":"ImageObject","inLanguage":"ru-RU","@id":"https:\/\/modernteh.md\/#\/schema\/logo\/image\/","url":"https:\/\/modernteh.md\/wp-content\/uploads\/2022\/06\/Logo_site-2.png","contentUrl":"https:\/\/modernteh.md\/wp-content\/uploads\/2022\/06\/Logo_site-2.png","width":500,"height":487,"caption":"Modernteh"},"image":{"@id":"https:\/\/modernteh.md\/#\/schema\/logo\/image\/"},"sameAs":["https:\/\/www.facebook.com\/profile.php?id=100082695620019"]}]}},"_links":{"self":[{"href":"https:\/\/modernteh.md\/ru\/wp-json\/wp\/v2\/product\/5226","targetHints":{"allow":["GET"]}}],"collection":[{"href":"https:\/\/modernteh.md\/ru\/wp-json\/wp\/v2\/product"}],"about":[{"href":"https:\/\/modernteh.md\/ru\/wp-json\/wp\/v2\/types\/product"}],"wp:featuredmedia":[{"embeddable":true,"href":"https:\/\/modernteh.md\/ru\/wp-json\/wp\/v2\/media\/5227"}],"wp:attachment":[{"href":"https:\/\/modernteh.md\/ru\/wp-json\/wp\/v2\/media?parent=5226"}],"wp:term":[{"taxonomy":"product_cat","embeddable":true,"href":"https:\/\/modernteh.md\/ru\/wp-json\/wp\/v2\/product_cat?post=5226"},{"taxonomy":"product_tag","embeddable":true,"href":"https:\/\/modernteh.md\/ru\/wp-json\/wp\/v2\/product_tag?post=5226"}],"curies":[{"name":"wp","href":"https:\/\/api.w.org\/{rel}","templated":true}]}}