{"id":5231,"date":"2026-02-11T07:38:12","date_gmt":"2026-02-11T07:38:12","guid":{"rendered":"https:\/\/modernteh.md\/?post_type=product&#038;p=5231"},"modified":"2026-02-11T07:38:13","modified_gmt":"2026-02-11T07:38:13","slug":"tocator-de-crengi-benzina-technoworker-tc-15-b","status":"publish","type":"product","link":"https:\/\/modernteh.md\/ru\/catalog\/tocator-de-crengi-benzina-technoworker-tc-15-b\/","title":{"rendered":"Tocator de crengi benzina TechnoWorker TC 15 B"},"content":{"rendered":"<h1 class=\"description__title\">Tocator de crengi benzina TechnoWorker TC 15 B<\/h1>\n<ul class=\"product__features-list\">\n<li class=\"product__caracteristics-item\">\n<div class=\"product__caracteristics-item-cont\">\n<p class=\"product__caracteristics-subtitle\">Turatie motor (rpm) 3600<\/p>\n<\/div>\n<\/li>\n<li class=\"product__caracteristics-item\">\n<div class=\"product__caracteristics-item-cont\">\n<p class=\"product__caracteristics-subtitle\">Tip pornire La sfoara<\/p>\n<\/div>\n<\/li>\n<li class=\"product__caracteristics-item\">\n<div class=\"product__caracteristics-item-cont\">\n<p class=\"product__caracteristics-subtitle\">Tip motor 4 timpi<\/p>\n<\/div>\n<\/li>\n<li class=\"product__caracteristics-item\">\n<div class=\"product__caracteristics-item-cont\">\n<p class=\"product__caracteristics-subtitle\">Tip carburant Benzina fara plumb<\/p>\n<\/div>\n<\/li>\n<li class=\"product__caracteristics-item\">\n<div class=\"product__caracteristics-item-cont\">\n<p class=\"product__caracteristics-subtitle\">Sistem de racire Racire fortata cu aer<\/p>\n<\/div>\n<\/li>\n<li class=\"product__caracteristics-item\">\n<div class=\"product__caracteristics-item-cont\">\n<p class=\"product__caracteristics-subtitle\">Putere motor (CP) 15<\/p>\n<\/div>\n<\/li>\n<li class=\"product__caracteristics-item\">\n<div class=\"product__caracteristics-item-cont\">\n<p class=\"product__caracteristics-subtitle\">Dimensiuni (mm) 1850x800x1460<\/p>\n<\/div>\n<\/li>\n<li class=\"product__caracteristics-item\">\n<div class=\"product__caracteristics-item-cont\">\n<p class=\"product__caracteristics-subtitle\">Numarul de cu\u021bite 2 x cu\u021bite reversibile, 1 cu\u021bit fix<\/p>\n<\/div>\n<\/li>\n<li class=\"product__caracteristics-item\">\n<div class=\"product__caracteristics-item-cont\">\n<p class=\"product__caracteristics-subtitle\">Diametru lemn (mm) 120<\/p>\n<\/div>\n<\/li>\n<li class=\"product__caracteristics-item\">\n<div class=\"product__caracteristics-item-cont\">\n<p class=\"product__caracteristics-subtitle\">Capacitate rezervor (L) 6.5<\/p>\n<\/div>\n<\/li>\n<li class=\"product__caracteristics-item\">\n<div class=\"product__caracteristics-item-cont\">\n<p class=\"product__caracteristics-subtitle\">Capacitate cilindrica (cm\u00b3) 420<\/p>\n<p>Tocator de crengi pe benzin\u0103 TechnoWorker TC 15 B este un echipament robust \u0219i eficient, ideal pentru utilizare \u00een c\u00e2mp deschis, f\u0103r\u0103 a necesita conectare la electricitate. Echipat cu un motor puternic \u0219i durabil BRIGGS &amp; STRATTON, acest toc\u0103tor asigur\u0103 performan\u021be excelente \u0219i o durabilitate crescut\u0103. Motorul este dotat cu ambreiaj \u0219i este pornit cu ajutorul unei chei, simplific\u00e2nd utilizarea.<\/p>\n<p>Tocatorul dispune de cu\u021bite reversibile, care pot fi schimbate pe partea opus\u0103 dup\u0103 un anumit timp de utilizare, extinz\u00e2nd astfel durata de via\u021b\u0103 a echipamentului. Canalul de evacuare este reglabil, permi\u021b\u00e2nd schimbarea u\u0219oar\u0103 a direc\u021biei de evacuare a materialului tocat, ceea ce adaug\u0103 confort \u00een timpul lucrului.<\/p>\n<p>Pentru siguran\u021b\u0103 suplimentar\u0103, toc\u0103torul este echipat cu o bar\u0103 de protec\u021bie \u00een caz de urgen\u021b\u0103. Materialele utilizate \u00een fabricarea toc\u0103torului sunt de \u00eenalt\u0103 calitate, iar cu\u021bitele sunt tratate termic pentru o rezisten\u021b\u0103 mai mare.<\/p>\n<p>Specifica\u021biile tehnice includ: puterea motorului de 15 CP, capacitatea cilindric\u0103 de 420 cm\u00b3, diametrul maxim de tocare de 12 cm, viteza de rota\u021bie de 3600 rpm \u0219i combustibilul &#8211; benzin\u0103. De asemenea, este dotat cu senzor de ulei pentru siguran\u021b\u0103 suplimentar\u0103. Dimensiunile ro\u021bilor sunt de 4.8-8 inch, iar viteza maxim\u0103 a discului de t\u0103iere este de 2000 rpm. Dimensiunile echipamentului sunt 1850x800x1460 mm, iar nivelul de zgomot atinge 114 dB (A).<\/p>\n<\/div>\n<\/li>\n<\/ul>","protected":false},"excerpt":{"rendered":"<p>Tocator de crengi benzina TechnoWorker TC 15 B Turatie motor (rpm) 3600 Tip pornire La sfoara Tip motor 4 timpi<\/p>","protected":false},"featured_media":5232,"template":"","meta":[],"product_cat":[135],"product_tag":[],"class_list":{"0":"post-5231","1":"product","2":"type-product","3":"status-publish","4":"has-post-thumbnail","6":"product_cat-tocatoare-de-crengi","8":"first","9":"instock","10":"shipping-taxable","11":"purchasable","12":"product-type-simple"},"yoast_head":"<!-- This site is optimized with the Yoast SEO plugin v20.12 - https:\/\/yoast.com\/wordpress\/plugins\/seo\/ -->\n<title>Tocator de crengi benzina TechnoWorker TC 15 B - Modernteh<\/title>\n<meta name=\"description\" content=\"Tocator de crengi benzina TechnoWorker TC 15 B\" \/>\n<meta name=\"robots\" content=\"index, follow, max-snippet:-1, max-image-preview:large, max-video-preview:-1\" \/>\n<link rel=\"canonical\" href=\"https:\/\/modernteh.md\/ru\/catalog\/tocator-de-crengi-benzina-technoworker-tc-15-b\/\" \/>\n<meta property=\"og:locale\" content=\"ru_RU\" \/>\n<meta property=\"og:type\" content=\"article\" \/>\n<meta property=\"og:title\" content=\"Tocator de crengi benzina TechnoWorker TC 15 B - Modernteh\" \/>\n<meta property=\"og:description\" content=\"Tocator de crengi benzina TechnoWorker TC 15 B\" \/>\n<meta property=\"og:url\" content=\"https:\/\/modernteh.md\/ru\/catalog\/tocator-de-crengi-benzina-technoworker-tc-15-b\/\" \/>\n<meta property=\"og:site_name\" content=\"Modernteh\" \/>\n<meta property=\"article:publisher\" content=\"https:\/\/www.facebook.com\/profile.php?id=100082695620019\" \/>\n<meta property=\"article:modified_time\" content=\"2026-02-11T07:38:13+00:00\" \/>\n<meta property=\"og:image\" content=\"https:\/\/modernteh.md\/wp-content\/uploads\/2026\/02\/ce19e100126a7a423ec497a18116402e.webp\" \/>\n\t<meta property=\"og:image:width\" content=\"1200\" \/>\n\t<meta property=\"og:image:height\" content=\"1200\" \/>\n\t<meta property=\"og:image:type\" content=\"image\/webp\" \/>\n<meta name=\"twitter:card\" content=\"summary_large_image\" \/>\n<meta name=\"twitter:label1\" content=\"\u041f\u0440\u0438\u043c\u0435\u0440\u043d\u043e\u0435 \u0432\u0440\u0435\u043c\u044f \u0434\u043b\u044f \u0447\u0442\u0435\u043d\u0438\u044f\" \/>\n\t<meta name=\"twitter:data1\" content=\"2 \u043c\u0438\u043d\u0443\u0442\u044b\" \/>\n<script type=\"application\/ld+json\" class=\"yoast-schema-graph\">{\"@context\":\"https:\/\/schema.org\",\"@graph\":[{\"@type\":\"WebPage\",\"@id\":\"https:\/\/modernteh.md\/catalog\/tocator-de-crengi-benzina-technoworker-tc-15-b\/\",\"url\":\"https:\/\/modernteh.md\/catalog\/tocator-de-crengi-benzina-technoworker-tc-15-b\/\",\"name\":\"Tocator de crengi benzina TechnoWorker TC 15 B - Modernteh\",\"isPartOf\":{\"@id\":\"https:\/\/modernteh.md\/#website\"},\"datePublished\":\"2026-02-11T07:38:12+00:00\",\"dateModified\":\"2026-02-11T07:38:13+00:00\",\"description\":\"Tocator de crengi benzina TechnoWorker TC 15 B\",\"breadcrumb\":{\"@id\":\"https:\/\/modernteh.md\/catalog\/tocator-de-crengi-benzina-technoworker-tc-15-b\/#breadcrumb\"},\"inLanguage\":\"ru-RU\",\"potentialAction\":[{\"@type\":\"ReadAction\",\"target\":[\"https:\/\/modernteh.md\/catalog\/tocator-de-crengi-benzina-technoworker-tc-15-b\/\"]}]},{\"@type\":\"BreadcrumbList\",\"@id\":\"https:\/\/modernteh.md\/catalog\/tocator-de-crengi-benzina-technoworker-tc-15-b\/#breadcrumb\",\"itemListElement\":[{\"@type\":\"ListItem\",\"position\":1,\"name\":\"Prima pagin\u0103\",\"item\":\"https:\/\/modernteh.md\/\"},{\"@type\":\"ListItem\",\"position\":2,\"name\":\"Catalog\",\"item\":\"https:\/\/modernteh.md\/catalog\/\"},{\"@type\":\"ListItem\",\"position\":3,\"name\":\"Tocator de crengi benzina TechnoWorker TC 15 B\"}]},{\"@type\":\"WebSite\",\"@id\":\"https:\/\/modernteh.md\/#website\",\"url\":\"https:\/\/modernteh.md\/\",\"name\":\"Modernteh\",\"description\":\"Modernteh\",\"publisher\":{\"@id\":\"https:\/\/modernteh.md\/#organization\"},\"potentialAction\":[{\"@type\":\"SearchAction\",\"target\":{\"@type\":\"EntryPoint\",\"urlTemplate\":\"https:\/\/modernteh.md\/?s={search_term_string}\"},\"query-input\":\"required name=search_term_string\"}],\"inLanguage\":\"ru-RU\"},{\"@type\":\"Organization\",\"@id\":\"https:\/\/modernteh.md\/#organization\",\"name\":\"Modernteh\",\"url\":\"https:\/\/modernteh.md\/\",\"logo\":{\"@type\":\"ImageObject\",\"inLanguage\":\"ru-RU\",\"@id\":\"https:\/\/modernteh.md\/#\/schema\/logo\/image\/\",\"url\":\"https:\/\/modernteh.md\/wp-content\/uploads\/2022\/06\/Logo_site-2.png\",\"contentUrl\":\"https:\/\/modernteh.md\/wp-content\/uploads\/2022\/06\/Logo_site-2.png\",\"width\":500,\"height\":487,\"caption\":\"Modernteh\"},\"image\":{\"@id\":\"https:\/\/modernteh.md\/#\/schema\/logo\/image\/\"},\"sameAs\":[\"https:\/\/www.facebook.com\/profile.php?id=100082695620019\"]}]}<\/script>\n<!-- \/ Yoast SEO plugin. -->","yoast_head_json":{"title":"Tocator de crengi benzina TechnoWorker TC 15 B - Modernteh","description":"Tocator de crengi benzina TechnoWorker TC 15 B","robots":{"index":"index","follow":"follow","max-snippet":"max-snippet:-1","max-image-preview":"max-image-preview:large","max-video-preview":"max-video-preview:-1"},"canonical":"https:\/\/modernteh.md\/ru\/catalog\/tocator-de-crengi-benzina-technoworker-tc-15-b\/","og_locale":"ru_RU","og_type":"article","og_title":"Tocator de crengi benzina TechnoWorker TC 15 B - Modernteh","og_description":"Tocator de crengi benzina TechnoWorker TC 15 B","og_url":"https:\/\/modernteh.md\/ru\/catalog\/tocator-de-crengi-benzina-technoworker-tc-15-b\/","og_site_name":"Modernteh","article_publisher":"https:\/\/www.facebook.com\/profile.php?id=100082695620019","article_modified_time":"2026-02-11T07:38:13+00:00","og_image":[{"width":1200,"height":1200,"url":"https:\/\/modernteh.md\/wp-content\/uploads\/2026\/02\/ce19e100126a7a423ec497a18116402e.webp","type":"image\/webp"}],"twitter_card":"summary_large_image","twitter_misc":{"\u041f\u0440\u0438\u043c\u0435\u0440\u043d\u043e\u0435 \u0432\u0440\u0435\u043c\u044f \u0434\u043b\u044f \u0447\u0442\u0435\u043d\u0438\u044f":"2 \u043c\u0438\u043d\u0443\u0442\u044b"},"schema":{"@context":"https:\/\/schema.org","@graph":[{"@type":"WebPage","@id":"https:\/\/modernteh.md\/catalog\/tocator-de-crengi-benzina-technoworker-tc-15-b\/","url":"https:\/\/modernteh.md\/catalog\/tocator-de-crengi-benzina-technoworker-tc-15-b\/","name":"Tocator de crengi benzina TechnoWorker TC 15 B - Modernteh","isPartOf":{"@id":"https:\/\/modernteh.md\/#website"},"datePublished":"2026-02-11T07:38:12+00:00","dateModified":"2026-02-11T07:38:13+00:00","description":"Tocator de crengi benzina TechnoWorker TC 15 B","breadcrumb":{"@id":"https:\/\/modernteh.md\/catalog\/tocator-de-crengi-benzina-technoworker-tc-15-b\/#breadcrumb"},"inLanguage":"ru-RU","potentialAction":[{"@type":"ReadAction","target":["https:\/\/modernteh.md\/catalog\/tocator-de-crengi-benzina-technoworker-tc-15-b\/"]}]},{"@type":"BreadcrumbList","@id":"https:\/\/modernteh.md\/catalog\/tocator-de-crengi-benzina-technoworker-tc-15-b\/#breadcrumb","itemListElement":[{"@type":"ListItem","position":1,"name":"Prima pagin\u0103","item":"https:\/\/modernteh.md\/"},{"@type":"ListItem","position":2,"name":"Catalog","item":"https:\/\/modernteh.md\/catalog\/"},{"@type":"ListItem","position":3,"name":"Tocator de crengi benzina TechnoWorker TC 15 B"}]},{"@type":"WebSite","@id":"https:\/\/modernteh.md\/#website","url":"https:\/\/modernteh.md\/","name":"Modernteh","description":"Modernteh","publisher":{"@id":"https:\/\/modernteh.md\/#organization"},"potentialAction":[{"@type":"SearchAction","target":{"@type":"EntryPoint","urlTemplate":"https:\/\/modernteh.md\/?s={search_term_string}"},"query-input":"required name=search_term_string"}],"inLanguage":"ru-RU"},{"@type":"Organization","@id":"https:\/\/modernteh.md\/#organization","name":"Modernteh","url":"https:\/\/modernteh.md\/","logo":{"@type":"ImageObject","inLanguage":"ru-RU","@id":"https:\/\/modernteh.md\/#\/schema\/logo\/image\/","url":"https:\/\/modernteh.md\/wp-content\/uploads\/2022\/06\/Logo_site-2.png","contentUrl":"https:\/\/modernteh.md\/wp-content\/uploads\/2022\/06\/Logo_site-2.png","width":500,"height":487,"caption":"Modernteh"},"image":{"@id":"https:\/\/modernteh.md\/#\/schema\/logo\/image\/"},"sameAs":["https:\/\/www.facebook.com\/profile.php?id=100082695620019"]}]}},"_links":{"self":[{"href":"https:\/\/modernteh.md\/ru\/wp-json\/wp\/v2\/product\/5231","targetHints":{"allow":["GET"]}}],"collection":[{"href":"https:\/\/modernteh.md\/ru\/wp-json\/wp\/v2\/product"}],"about":[{"href":"https:\/\/modernteh.md\/ru\/wp-json\/wp\/v2\/types\/product"}],"wp:featuredmedia":[{"embeddable":true,"href":"https:\/\/modernteh.md\/ru\/wp-json\/wp\/v2\/media\/5232"}],"wp:attachment":[{"href":"https:\/\/modernteh.md\/ru\/wp-json\/wp\/v2\/media?parent=5231"}],"wp:term":[{"taxonomy":"product_cat","embeddable":true,"href":"https:\/\/modernteh.md\/ru\/wp-json\/wp\/v2\/product_cat?post=5231"},{"taxonomy":"product_tag","embeddable":true,"href":"https:\/\/modernteh.md\/ru\/wp-json\/wp\/v2\/product_tag?post=5231"}],"curies":[{"name":"wp","href":"https:\/\/api.w.org\/{rel}","templated":true}]}}