{"id":5237,"date":"2026-02-18T11:54:51","date_gmt":"2026-02-18T11:54:51","guid":{"rendered":"https:\/\/modernteh.md\/?post_type=product&#038;p=5237"},"modified":"2026-02-18T12:01:23","modified_gmt":"2026-02-18T12:01:23","slug":"pompa-submersibila-norwik-3sdm2-11","status":"publish","type":"product","link":"https:\/\/modernteh.md\/ru\/catalog\/pompa-submersibila-norwik-3sdm2-11\/","title":{"rendered":"Pomp\u0103 submersibil\u0103 Norwik 3SDM2\/11"},"content":{"rendered":"<h1 class=\"product_title entry-title wd-entities-title\">Pomp\u0103 submersibil\u0103 Norwik 3SDM2\/11<\/h1>\n<ul>\n<li data-start=\"498\" data-end=\"544\"><strong data-start=\"498\" data-end=\"522\">Tensiune alimentare:<\/strong>\u00a0220\u2013240V \/ 380\u2013415V<\/li>\n<li data-start=\"547\" data-end=\"569\"><strong data-start=\"547\" data-end=\"561\">Frecven\u021b\u0103:<\/strong>\u00a050 Hz<\/li>\n<li data-start=\"572\" data-end=\"609\"><strong data-start=\"572\" data-end=\"589\">Putere motor:<\/strong>\u00a00.25 kW \/ 0.33 HP<\/li>\n<li data-start=\"612\" data-end=\"650\"><strong data-start=\"612\" data-end=\"628\">Debit maxim:<\/strong>\u00a02.7 m\u00b3\/h (45 l\/min)<\/li>\n<li data-start=\"653\" data-end=\"712\"><strong data-start=\"653\" data-end=\"674\">\u00cen\u0103l\u021bime pompare:<\/strong>\u00a047 m (max.) \u2013 20 m (la debit maxim)<\/li>\n<li data-start=\"715\" data-end=\"748\"><strong data-start=\"715\" data-end=\"736\">Tura\u021bie nominal\u0103:<\/strong>\u00a0~2850 rpm<\/li>\n<li data-start=\"751\" data-end=\"806\"><strong data-start=\"751\" data-end=\"765\">Aplica\u021bii:<\/strong>\u00a0f\u00e2nt\u00e2ni, gospod\u0103rii, gr\u0103dini, iriga\u021bii<\/li>\n<li data-start=\"751\" data-end=\"806\">\n<h2 data-start=\"305\" data-end=\"386\"><strong data-start=\"309\" data-end=\"386\">Pomp\u0103 submersibil\u0103 Norwik 3SDM2\/11 \u2013 0.25 kW, 0.33 HP, 220\u2013240V \/ 380\u2013415V, 50Hz<\/strong><\/h2>\n<h3 data-start=\"388\" data-end=\"410\"><strong data-start=\"393\" data-end=\"410\">Ce reprezint\u0103 p<\/strong><strong data-start=\"309\" data-end=\"386\">omp\u0103 submersibil\u0103 Norwik 3SDM2\/11<\/strong><\/h3>\n<p data-start=\"411\" data-end=\"771\">Pomp\u0103 submersibil\u0103 Norwik\u00a0<strong data-start=\"430\" data-end=\"442\">3SDM2\/11<\/strong>\u00a0este destinat\u0103 extragerii apei curate din f\u00e2nt\u00e2ni \u0219i pu\u021buri ad\u00e2nci, fiind ideal\u0103 pentru alimentarea gospod\u0103riilor, gr\u0103dinilor \u0219i sistemelor de iriga\u021bii. Compact\u0103, eficient\u0103 \u0219i fiabil\u0103, asigur\u0103 un debit de p\u00e2n\u0103 la\u00a0<strong data-start=\"656\" data-end=\"668\">2.7 m\u00b3\/h<\/strong>\u00a0\u0219i o \u00een\u0103l\u021bime maxim\u0103 de pompare de\u00a0<strong data-start=\"704\" data-end=\"716\">47 metri<\/strong>, oferind presiune constant\u0103 pentru utilizarea zilnic\u0103.<\/p>\n<h3 data-start=\"773\" data-end=\"798\"><strong data-start=\"778\" data-end=\"798\">Cum func\u021bioneaz\u0103<\/strong><\/h3>\n<p data-start=\"799\" data-end=\"1146\">Pompa se instaleaz\u0103 vertical, complet scufundat\u0103 \u00een ap\u0103. Motorul electric antreneaz\u0103 rotorul, care aspir\u0103 \u0219i \u00eempinge apa la suprafa\u021b\u0103 prin coloana de refulare. Datorit\u0103 designului hidraulic optimizat, pompa ofer\u0103 un flux stabil, chiar \u0219i la ad\u00e2ncimi mari, men\u021bin\u00e2nd o presiune constant\u0103 pentru alimentarea locuin\u021belor sau a sistemelor de iriga\u021bie.<\/p>\n<h3 data-start=\"1148\" data-end=\"1182\"><strong data-start=\"1156\" data-end=\"1182\">Caracteristici tehnice<\/strong><\/h3>\n<ul>\n<li data-start=\"377\" data-end=\"657\">\n<p data-start=\"379\" data-end=\"657\"><strong data-start=\"379\" data-end=\"403\">Tensiune alimentare:<\/strong>\u00a0220\u2013240V \/ 380\u2013415V \u2013 pompa este compatibil\u0103 at\u00e2t cu re\u021bele monofazice, c\u00e2t \u0219i trifazice, oferind flexibilitate \u00een utilizare. Aceast\u0103 versatilitate permite montajul \u00een gospod\u0103rii, sisteme de iriga\u021bie sau aplica\u021bii agricole, f\u0103r\u0103 adapt\u0103ri suplimentare.<\/p>\n<\/li>\n<li data-start=\"658\" data-end=\"806\">\n<p data-start=\"660\" data-end=\"806\"><strong data-start=\"660\" data-end=\"674\">Frecven\u021b\u0103:<\/strong>\u00a050Hz \u2013 compatibil\u0103 cu standardul re\u021belelor electrice europene, men\u021bin\u00e2nd tura\u021bia constant\u0103 a motorului \u0219i un flux uniform de ap\u0103.<\/p>\n<\/li>\n<li data-start=\"807\" data-end=\"1023\">\n<p data-start=\"809\" data-end=\"1023\"><strong data-start=\"809\" data-end=\"826\">Putere motor:<\/strong>\u00a00.25 kW \/ 0.33 HP \u2013 motor de \u00eenalt\u0103 eficien\u021b\u0103, economic, ideal pentru utilizare continu\u0103. Ofer\u0103 suficient\u0103 putere pentru a ridica apa de la ad\u00e2ncimi considerabile, cu un consum minim de energie.<\/p>\n<\/li>\n<li data-start=\"1024\" data-end=\"1259\">\n<p data-start=\"1026\" data-end=\"1259\"><strong data-start=\"1026\" data-end=\"1042\">Debit maxim:<\/strong>\u00a02.7 m\u00b3\/h (45 l\/min) \u2013 debit potrivit pentru alimentarea locuin\u021belor, udarea gr\u0103dinilor \u0219i sisteme de iriga\u021bii de dimensiuni mici sau medii. Asigur\u0103 un flux constant de ap\u0103 chiar \u0219i \u00een perioade de utilizare intens\u0103.<\/p>\n<\/li>\n<li data-start=\"1480\" data-end=\"1624\">\n<p data-start=\"1482\" data-end=\"1624\"><strong data-start=\"1482\" data-end=\"1503\">Tura\u021bie nominal\u0103:<\/strong>\u00a0~2850 rpm \u2013 tura\u021bie optim\u0103 pentru ob\u021binerea performan\u021bei maxime \u0219i a unei func\u021bion\u0103ri silen\u021bioase, cu vibra\u021bii reduse.<\/p>\n<\/li>\n<li data-start=\"1625\" data-end=\"1860\">\n<p data-start=\"1627\" data-end=\"1860\"><strong data-start=\"1627\" data-end=\"1641\">Aplica\u021bii:<\/strong>\u00a0ideal\u0103 pentru alimentarea cu ap\u0103 \u00een gospod\u0103rii, gr\u0103dini, sisteme de iriga\u021bie sau ferme mici. Poate fi utilizat\u0103 at\u00e2t pentru alimentarea locuin\u021belor, c\u00e2t \u0219i pentru sisteme automate de udare sau transfer de ap\u0103 curat\u0103.<\/p>\n<\/li>\n<\/ul>\n<\/li>\n<\/ul>","protected":false},"excerpt":{"rendered":"<p>Pomp\u0103 submersibil\u0103 Norwik 3SDM2\/11 Tensiune alimentare:\u00a0220\u2013240V \/ 380\u2013415V Frecven\u021b\u0103:\u00a050 Hz Putere motor:\u00a00.25 kW \/ 0.33 HP Debit maxim:\u00a02.7 m\u00b3\/h (45<\/p>","protected":false},"featured_media":5238,"template":"","meta":[],"product_cat":[117],"product_tag":[],"class_list":{"0":"post-5237","1":"product","2":"type-product","3":"status-publish","4":"has-post-thumbnail","6":"product_cat-pompe-submersibile","8":"first","9":"instock","10":"shipping-taxable","11":"purchasable","12":"product-type-simple"},"yoast_head":"<!-- This site is optimized with the Yoast SEO plugin v20.12 - https:\/\/yoast.com\/wordpress\/plugins\/seo\/ -->\n<title>Pomp\u0103 submersibil\u0103 Norwik 3SDM2\/11 - Modernteh<\/title>\n<meta name=\"description\" content=\"Pomp\u0103 submersibil\u0103 Norwik 3SDM2\/11\" \/>\n<meta name=\"robots\" content=\"index, follow, max-snippet:-1, max-image-preview:large, max-video-preview:-1\" \/>\n<link rel=\"canonical\" href=\"https:\/\/modernteh.md\/ru\/catalog\/pompa-submersibila-norwik-3sdm2-11\/\" \/>\n<meta property=\"og:locale\" content=\"ru_RU\" \/>\n<meta property=\"og:type\" content=\"article\" \/>\n<meta property=\"og:title\" content=\"Pomp\u0103 submersibil\u0103 Norwik 3SDM2\/11 - Modernteh\" \/>\n<meta property=\"og:description\" content=\"Pomp\u0103 submersibil\u0103 Norwik 3SDM2\/11\" \/>\n<meta property=\"og:url\" content=\"https:\/\/modernteh.md\/ru\/catalog\/pompa-submersibila-norwik-3sdm2-11\/\" \/>\n<meta property=\"og:site_name\" content=\"Modernteh\" \/>\n<meta property=\"article:publisher\" content=\"https:\/\/www.facebook.com\/profile.php?id=100082695620019\" \/>\n<meta property=\"article:modified_time\" content=\"2026-02-18T12:01:23+00:00\" \/>\n<meta property=\"og:image\" content=\"https:\/\/modernteh.md\/wp-content\/uploads\/2026\/02\/3S-2.webp\" \/>\n\t<meta property=\"og:image:width\" content=\"1080\" \/>\n\t<meta property=\"og:image:height\" content=\"1242\" \/>\n\t<meta property=\"og:image:type\" content=\"image\/webp\" \/>\n<meta name=\"twitter:card\" content=\"summary_large_image\" \/>\n<meta name=\"twitter:label1\" content=\"\u041f\u0440\u0438\u043c\u0435\u0440\u043d\u043e\u0435 \u0432\u0440\u0435\u043c\u044f \u0434\u043b\u044f \u0447\u0442\u0435\u043d\u0438\u044f\" \/>\n\t<meta name=\"twitter:data1\" content=\"2 \u043c\u0438\u043d\u0443\u0442\u044b\" \/>\n<script type=\"application\/ld+json\" class=\"yoast-schema-graph\">{\"@context\":\"https:\/\/schema.org\",\"@graph\":[{\"@type\":\"WebPage\",\"@id\":\"https:\/\/modernteh.md\/catalog\/pompa-submersibila-norwik-3sdm2-11\/\",\"url\":\"https:\/\/modernteh.md\/catalog\/pompa-submersibila-norwik-3sdm2-11\/\",\"name\":\"Pomp\u0103 submersibil\u0103 Norwik 3SDM2\/11 - Modernteh\",\"isPartOf\":{\"@id\":\"https:\/\/modernteh.md\/#website\"},\"datePublished\":\"2026-02-18T11:54:51+00:00\",\"dateModified\":\"2026-02-18T12:01:23+00:00\",\"description\":\"Pomp\u0103 submersibil\u0103 Norwik 3SDM2\/11\",\"breadcrumb\":{\"@id\":\"https:\/\/modernteh.md\/catalog\/pompa-submersibila-norwik-3sdm2-11\/#breadcrumb\"},\"inLanguage\":\"ru-RU\",\"potentialAction\":[{\"@type\":\"ReadAction\",\"target\":[\"https:\/\/modernteh.md\/catalog\/pompa-submersibila-norwik-3sdm2-11\/\"]}]},{\"@type\":\"BreadcrumbList\",\"@id\":\"https:\/\/modernteh.md\/catalog\/pompa-submersibila-norwik-3sdm2-11\/#breadcrumb\",\"itemListElement\":[{\"@type\":\"ListItem\",\"position\":1,\"name\":\"Prima pagin\u0103\",\"item\":\"https:\/\/modernteh.md\/\"},{\"@type\":\"ListItem\",\"position\":2,\"name\":\"Catalog\",\"item\":\"https:\/\/modernteh.md\/catalog\/\"},{\"@type\":\"ListItem\",\"position\":3,\"name\":\"Pomp\u0103 submersibil\u0103 Norwik 3SDM2\/11\"}]},{\"@type\":\"WebSite\",\"@id\":\"https:\/\/modernteh.md\/#website\",\"url\":\"https:\/\/modernteh.md\/\",\"name\":\"Modernteh\",\"description\":\"Modernteh\",\"publisher\":{\"@id\":\"https:\/\/modernteh.md\/#organization\"},\"potentialAction\":[{\"@type\":\"SearchAction\",\"target\":{\"@type\":\"EntryPoint\",\"urlTemplate\":\"https:\/\/modernteh.md\/?s={search_term_string}\"},\"query-input\":\"required name=search_term_string\"}],\"inLanguage\":\"ru-RU\"},{\"@type\":\"Organization\",\"@id\":\"https:\/\/modernteh.md\/#organization\",\"name\":\"Modernteh\",\"url\":\"https:\/\/modernteh.md\/\",\"logo\":{\"@type\":\"ImageObject\",\"inLanguage\":\"ru-RU\",\"@id\":\"https:\/\/modernteh.md\/#\/schema\/logo\/image\/\",\"url\":\"https:\/\/modernteh.md\/wp-content\/uploads\/2022\/06\/Logo_site-2.png\",\"contentUrl\":\"https:\/\/modernteh.md\/wp-content\/uploads\/2022\/06\/Logo_site-2.png\",\"width\":500,\"height\":487,\"caption\":\"Modernteh\"},\"image\":{\"@id\":\"https:\/\/modernteh.md\/#\/schema\/logo\/image\/\"},\"sameAs\":[\"https:\/\/www.facebook.com\/profile.php?id=100082695620019\"]}]}<\/script>\n<!-- \/ Yoast SEO plugin. -->","yoast_head_json":{"title":"Pomp\u0103 submersibil\u0103 Norwik 3SDM2\/11 - Modernteh","description":"Pomp\u0103 submersibil\u0103 Norwik 3SDM2\/11","robots":{"index":"index","follow":"follow","max-snippet":"max-snippet:-1","max-image-preview":"max-image-preview:large","max-video-preview":"max-video-preview:-1"},"canonical":"https:\/\/modernteh.md\/ru\/catalog\/pompa-submersibila-norwik-3sdm2-11\/","og_locale":"ru_RU","og_type":"article","og_title":"Pomp\u0103 submersibil\u0103 Norwik 3SDM2\/11 - Modernteh","og_description":"Pomp\u0103 submersibil\u0103 Norwik 3SDM2\/11","og_url":"https:\/\/modernteh.md\/ru\/catalog\/pompa-submersibila-norwik-3sdm2-11\/","og_site_name":"Modernteh","article_publisher":"https:\/\/www.facebook.com\/profile.php?id=100082695620019","article_modified_time":"2026-02-18T12:01:23+00:00","og_image":[{"width":1080,"height":1242,"url":"https:\/\/modernteh.md\/wp-content\/uploads\/2026\/02\/3S-2.webp","type":"image\/webp"}],"twitter_card":"summary_large_image","twitter_misc":{"\u041f\u0440\u0438\u043c\u0435\u0440\u043d\u043e\u0435 \u0432\u0440\u0435\u043c\u044f \u0434\u043b\u044f \u0447\u0442\u0435\u043d\u0438\u044f":"2 \u043c\u0438\u043d\u0443\u0442\u044b"},"schema":{"@context":"https:\/\/schema.org","@graph":[{"@type":"WebPage","@id":"https:\/\/modernteh.md\/catalog\/pompa-submersibila-norwik-3sdm2-11\/","url":"https:\/\/modernteh.md\/catalog\/pompa-submersibila-norwik-3sdm2-11\/","name":"Pomp\u0103 submersibil\u0103 Norwik 3SDM2\/11 - Modernteh","isPartOf":{"@id":"https:\/\/modernteh.md\/#website"},"datePublished":"2026-02-18T11:54:51+00:00","dateModified":"2026-02-18T12:01:23+00:00","description":"Pomp\u0103 submersibil\u0103 Norwik 3SDM2\/11","breadcrumb":{"@id":"https:\/\/modernteh.md\/catalog\/pompa-submersibila-norwik-3sdm2-11\/#breadcrumb"},"inLanguage":"ru-RU","potentialAction":[{"@type":"ReadAction","target":["https:\/\/modernteh.md\/catalog\/pompa-submersibila-norwik-3sdm2-11\/"]}]},{"@type":"BreadcrumbList","@id":"https:\/\/modernteh.md\/catalog\/pompa-submersibila-norwik-3sdm2-11\/#breadcrumb","itemListElement":[{"@type":"ListItem","position":1,"name":"Prima pagin\u0103","item":"https:\/\/modernteh.md\/"},{"@type":"ListItem","position":2,"name":"Catalog","item":"https:\/\/modernteh.md\/catalog\/"},{"@type":"ListItem","position":3,"name":"Pomp\u0103 submersibil\u0103 Norwik 3SDM2\/11"}]},{"@type":"WebSite","@id":"https:\/\/modernteh.md\/#website","url":"https:\/\/modernteh.md\/","name":"Modernteh","description":"Modernteh","publisher":{"@id":"https:\/\/modernteh.md\/#organization"},"potentialAction":[{"@type":"SearchAction","target":{"@type":"EntryPoint","urlTemplate":"https:\/\/modernteh.md\/?s={search_term_string}"},"query-input":"required name=search_term_string"}],"inLanguage":"ru-RU"},{"@type":"Organization","@id":"https:\/\/modernteh.md\/#organization","name":"Modernteh","url":"https:\/\/modernteh.md\/","logo":{"@type":"ImageObject","inLanguage":"ru-RU","@id":"https:\/\/modernteh.md\/#\/schema\/logo\/image\/","url":"https:\/\/modernteh.md\/wp-content\/uploads\/2022\/06\/Logo_site-2.png","contentUrl":"https:\/\/modernteh.md\/wp-content\/uploads\/2022\/06\/Logo_site-2.png","width":500,"height":487,"caption":"Modernteh"},"image":{"@id":"https:\/\/modernteh.md\/#\/schema\/logo\/image\/"},"sameAs":["https:\/\/www.facebook.com\/profile.php?id=100082695620019"]}]}},"_links":{"self":[{"href":"https:\/\/modernteh.md\/ru\/wp-json\/wp\/v2\/product\/5237","targetHints":{"allow":["GET"]}}],"collection":[{"href":"https:\/\/modernteh.md\/ru\/wp-json\/wp\/v2\/product"}],"about":[{"href":"https:\/\/modernteh.md\/ru\/wp-json\/wp\/v2\/types\/product"}],"wp:featuredmedia":[{"embeddable":true,"href":"https:\/\/modernteh.md\/ru\/wp-json\/wp\/v2\/media\/5238"}],"wp:attachment":[{"href":"https:\/\/modernteh.md\/ru\/wp-json\/wp\/v2\/media?parent=5237"}],"wp:term":[{"taxonomy":"product_cat","embeddable":true,"href":"https:\/\/modernteh.md\/ru\/wp-json\/wp\/v2\/product_cat?post=5237"},{"taxonomy":"product_tag","embeddable":true,"href":"https:\/\/modernteh.md\/ru\/wp-json\/wp\/v2\/product_tag?post=5237"}],"curies":[{"name":"wp","href":"https:\/\/api.w.org\/{rel}","templated":true}]}}