{"id":5239,"date":"2026-02-18T12:00:42","date_gmt":"2026-02-18T12:00:42","guid":{"rendered":"https:\/\/modernteh.md\/?post_type=product&#038;p=5239"},"modified":"2026-02-18T12:00:42","modified_gmt":"2026-02-18T12:00:42","slug":"pompa-submersibila-norwik-3sdm2-21","status":"publish","type":"product","link":"https:\/\/modernteh.md\/ru\/catalog\/pompa-submersibila-norwik-3sdm2-21\/","title":{"rendered":"Pomp\u0103 submersibil\u0103 Norwik 3SDM2\/21"},"content":{"rendered":"<h1 class=\"product_title entry-title wd-entities-title\">Pomp\u0103 submersibil\u0103 Norwik 3SDM2\/21<\/h1>\n<ul>\n<li data-start=\"493\" data-end=\"539\"><strong data-start=\"493\" data-end=\"517\">Tensiune alimentare:<\/strong>\u00a0220\u2013240V \/ 380\u2013415V<\/li>\n<li data-start=\"542\" data-end=\"564\"><strong data-start=\"542\" data-end=\"556\">Frecven\u021b\u0103:<\/strong>\u00a050 Hz<\/li>\n<li data-start=\"567\" data-end=\"604\"><strong data-start=\"567\" data-end=\"584\">Putere motor:<\/strong>\u00a00.55 kW \/ 0.75 HP<\/li>\n<li data-start=\"607\" data-end=\"645\"><strong data-start=\"607\" data-end=\"623\">Debit maxim:<\/strong>\u00a02.7 m\u00b3\/h (45 l\/min)<\/li>\n<li data-start=\"648\" data-end=\"710\"><strong data-start=\"648\" data-end=\"672\">\u00cen\u0103l\u021bime de pompare:<\/strong>\u00a089 m (max.) \u2013 38 m (la debit maxim)<\/li>\n<li data-start=\"713\" data-end=\"746\"><strong data-start=\"713\" data-end=\"734\">Tura\u021bie nominal\u0103:<\/strong>\u00a0~2850 rpm<\/li>\n<li data-start=\"749\" data-end=\"812\"><strong data-start=\"749\" data-end=\"763\">Aplica\u021bii:<\/strong>\u00a0pu\u021buri ad\u00e2nci, gospod\u0103rii, gr\u0103dini \u0219i iriga\u021bii<\/li>\n<li data-start=\"749\" data-end=\"812\">\n<ul>\n<li data-start=\"338\" data-end=\"627\">\n<p data-start=\"340\" data-end=\"627\"><strong data-start=\"340\" data-end=\"364\">Tensiune alimentare:<\/strong>\u00a0220\u2013240V \/ 380\u2013415V \u2013 pompa este compatibil\u0103 at\u00e2t cu re\u021bele monofazice, c\u00e2t \u0219i trifazice, oferind flexibilitate la instalare. Aceast\u0103 adaptabilitate o face ideal\u0103 pentru aplica\u021bii casnice, agricole sau de iriga\u021bie, f\u0103r\u0103 necesitatea de echipamente suplimentare.<\/p>\n<\/li>\n<li data-start=\"628\" data-end=\"774\">\n<p data-start=\"630\" data-end=\"774\"><strong data-start=\"630\" data-end=\"644\">Frecven\u021b\u0103:<\/strong>\u00a050Hz \u2013 conform standardului european, asigur\u0103 o func\u021bionare stabil\u0103 \u0219i eficient\u0103 a motorului, cu performan\u021b\u0103 constant\u0103 \u00een timp.<\/p>\n<\/li>\n<li data-start=\"775\" data-end=\"1009\">\n<p data-start=\"777\" data-end=\"1009\"><strong data-start=\"777\" data-end=\"794\">Putere motor:<\/strong>\u00a00.55 kW \/ 0.75 HP \u2013 motor economic \u0219i fiabil, proiectat pentru a ridica apa de la ad\u00e2ncimi mari f\u0103r\u0103 a compromite eficien\u021ba energetic\u0103. Este potrivit pentru utilizare zilnic\u0103 \u00een gospod\u0103rii \u0219i sisteme de iriga\u021bii.<\/p>\n<\/li>\n<li data-start=\"1010\" data-end=\"1191\">\n<p data-start=\"1012\" data-end=\"1191\"><strong data-start=\"1012\" data-end=\"1028\">Debit maxim:<\/strong>\u00a02.7 m\u00b3\/h (45 l\/min) \u2013 ofer\u0103 un flux de ap\u0103 suficient pentru alimentarea locuin\u021belor, udarea gr\u0103dinilor \u0219i utilizarea \u00een instala\u021bii agricole de dimensiuni medii.<\/p>\n<\/li>\n<li data-start=\"1399\" data-end=\"1529\">\n<p data-start=\"1401\" data-end=\"1529\"><strong data-start=\"1401\" data-end=\"1422\">Tura\u021bie nominal\u0103:<\/strong>\u00a0~2850 rpm \u2013 tura\u021bie optim\u0103 pentru un echilibru \u00eentre performan\u021b\u0103, consum redus \u0219i durabilitate mecanic\u0103.<\/p>\n<\/li>\n<li data-start=\"1530\" data-end=\"1791\">\n<p data-start=\"1532\" data-end=\"1791\"><strong data-start=\"1532\" data-end=\"1548\">Recomandare:<\/strong>\u00a0ideal\u0103 pentru pu\u021buri ad\u00e2nci, f\u00e2nt\u00e2ni, gospod\u0103rii, gr\u0103dini \u0219i sisteme de iriga\u021bie. Pompa se remarc\u0103 prin fiabilitate, silen\u021biozitate \u0219i o durat\u0103 de via\u021b\u0103 extins\u0103, fiind alegerea perfect\u0103 pentru utilizatorii care caut\u0103 eficien\u021b\u0103 \u0219i siguran\u021b\u0103.<\/p>\n<h2 data-start=\"284\" data-end=\"365\"><strong data-start=\"288\" data-end=\"365\">Pomp\u0103 submersibil\u0103 Norwik 3SDM2\/21 \u2013 0.55 kW, 0.75 HP, 220\u2013240V \/ 380\u2013415V, 50Hz<\/strong><\/h2>\n<h3 data-start=\"367\" data-end=\"389\"><strong data-start=\"372\" data-end=\"389\">Ce reprezint\u0103 p<\/strong><strong data-start=\"288\" data-end=\"365\">omp\u0103 submersibil\u0103 Norwik 3SDM2\/21<\/strong><\/h3>\n<p data-start=\"390\" data-end=\"752\">Pomp\u0103 submersibil\u0103 Norwik\u00a0<strong data-start=\"409\" data-end=\"421\">3SDM2\/21<\/strong>\u00a0este proiectat\u0103 pentru extragerea apei curate din f\u00e2nt\u00e2ni \u0219i pu\u021buri ad\u00e2nci. Ofer\u0103 presiune ridicat\u0103 \u0219i un debit constant. Cu o putere de\u00a0<strong data-start=\"561\" data-end=\"572\">0.75 CP<\/strong>, acest model este ideal pentru alimentarea locuin\u021belor, gr\u0103dinilor \u0219i sistemelor de iriga\u021bie care necesit\u0103 ridicarea apei de la ad\u00e2ncimi mari, cu eficien\u021b\u0103 \u0219i stabilitate \u00een timp.<\/p>\n<h3 data-start=\"754\" data-end=\"779\"><strong data-start=\"759\" data-end=\"779\">Cum func\u021bioneaz\u0103<\/strong><\/h3>\n<p data-start=\"780\" data-end=\"1127\">Pompa se instaleaz\u0103 vertical, complet scufundat\u0103 \u00een ap\u0103. Motorul electric ac\u021bioneaz\u0103 rotorul de mare vitez\u0103, care creeaz\u0103 presiunea necesar\u0103 pentru transportul apei c\u0103tre suprafa\u021b\u0103. Datorit\u0103 designului hidraulic modern, func\u021bioneaz\u0103 lin \u0219i eficient \u00eentre\u00a0<strong data-start=\"1035\" data-end=\"1053\">38 \u0219i 89 metri<\/strong>, men\u021bin\u00e2nd un flux constant de ap\u0103 indiferent de condi\u021biile de utilizare.<\/p>\n<\/li>\n<\/ul>\n<\/li>\n<\/ul>","protected":false},"excerpt":{"rendered":"<p>Pomp\u0103 submersibil\u0103 Norwik 3SDM2\/21 Tensiune alimentare:\u00a0220\u2013240V \/ 380\u2013415V Frecven\u021b\u0103:\u00a050 Hz Putere motor:\u00a00.55 kW \/ 0.75 HP Debit maxim:\u00a02.7 m\u00b3\/h (45<\/p>","protected":false},"featured_media":5238,"template":"","meta":[],"product_cat":[117],"product_tag":[],"class_list":{"0":"post-5239","1":"product","2":"type-product","3":"status-publish","4":"has-post-thumbnail","6":"product_cat-pompe-submersibile","8":"first","9":"instock","10":"shipping-taxable","11":"purchasable","12":"product-type-simple"},"yoast_head":"<!-- This site is optimized with the Yoast SEO plugin v20.12 - https:\/\/yoast.com\/wordpress\/plugins\/seo\/ -->\n<title>Pomp\u0103 submersibil\u0103 Norwik 3SDM2\/21 - Modernteh<\/title>\n<meta name=\"description\" content=\"Pomp\u0103 submersibil\u0103 Norwik 3SDM2\/21\" \/>\n<meta name=\"robots\" content=\"index, follow, max-snippet:-1, max-image-preview:large, max-video-preview:-1\" \/>\n<link rel=\"canonical\" href=\"https:\/\/modernteh.md\/ru\/catalog\/pompa-submersibila-norwik-3sdm2-21\/\" \/>\n<meta property=\"og:locale\" content=\"ru_RU\" \/>\n<meta property=\"og:type\" content=\"article\" \/>\n<meta property=\"og:title\" content=\"Pomp\u0103 submersibil\u0103 Norwik 3SDM2\/21 - Modernteh\" \/>\n<meta property=\"og:description\" content=\"Pomp\u0103 submersibil\u0103 Norwik 3SDM2\/21\" \/>\n<meta property=\"og:url\" content=\"https:\/\/modernteh.md\/ru\/catalog\/pompa-submersibila-norwik-3sdm2-21\/\" \/>\n<meta property=\"og:site_name\" content=\"Modernteh\" \/>\n<meta property=\"article:publisher\" content=\"https:\/\/www.facebook.com\/profile.php?id=100082695620019\" \/>\n<meta property=\"og:image\" content=\"https:\/\/modernteh.md\/wp-content\/uploads\/2026\/02\/3S-2.webp\" \/>\n\t<meta property=\"og:image:width\" content=\"1080\" \/>\n\t<meta property=\"og:image:height\" content=\"1242\" \/>\n\t<meta property=\"og:image:type\" content=\"image\/webp\" \/>\n<meta name=\"twitter:card\" content=\"summary_large_image\" \/>\n<meta name=\"twitter:label1\" content=\"\u041f\u0440\u0438\u043c\u0435\u0440\u043d\u043e\u0435 \u0432\u0440\u0435\u043c\u044f \u0434\u043b\u044f \u0447\u0442\u0435\u043d\u0438\u044f\" \/>\n\t<meta name=\"twitter:data1\" content=\"2 \u043c\u0438\u043d\u0443\u0442\u044b\" \/>\n<script type=\"application\/ld+json\" class=\"yoast-schema-graph\">{\"@context\":\"https:\/\/schema.org\",\"@graph\":[{\"@type\":\"WebPage\",\"@id\":\"https:\/\/modernteh.md\/catalog\/pompa-submersibila-norwik-3sdm2-21\/\",\"url\":\"https:\/\/modernteh.md\/catalog\/pompa-submersibila-norwik-3sdm2-21\/\",\"name\":\"Pomp\u0103 submersibil\u0103 Norwik 3SDM2\/21 - Modernteh\",\"isPartOf\":{\"@id\":\"https:\/\/modernteh.md\/#website\"},\"datePublished\":\"2026-02-18T12:00:42+00:00\",\"dateModified\":\"2026-02-18T12:00:42+00:00\",\"description\":\"Pomp\u0103 submersibil\u0103 Norwik 3SDM2\/21\",\"breadcrumb\":{\"@id\":\"https:\/\/modernteh.md\/catalog\/pompa-submersibila-norwik-3sdm2-21\/#breadcrumb\"},\"inLanguage\":\"ru-RU\",\"potentialAction\":[{\"@type\":\"ReadAction\",\"target\":[\"https:\/\/modernteh.md\/catalog\/pompa-submersibila-norwik-3sdm2-21\/\"]}]},{\"@type\":\"BreadcrumbList\",\"@id\":\"https:\/\/modernteh.md\/catalog\/pompa-submersibila-norwik-3sdm2-21\/#breadcrumb\",\"itemListElement\":[{\"@type\":\"ListItem\",\"position\":1,\"name\":\"Prima pagin\u0103\",\"item\":\"https:\/\/modernteh.md\/\"},{\"@type\":\"ListItem\",\"position\":2,\"name\":\"Catalog\",\"item\":\"https:\/\/modernteh.md\/catalog\/\"},{\"@type\":\"ListItem\",\"position\":3,\"name\":\"Pomp\u0103 submersibil\u0103 Norwik 3SDM2\/21\"}]},{\"@type\":\"WebSite\",\"@id\":\"https:\/\/modernteh.md\/#website\",\"url\":\"https:\/\/modernteh.md\/\",\"name\":\"Modernteh\",\"description\":\"Modernteh\",\"publisher\":{\"@id\":\"https:\/\/modernteh.md\/#organization\"},\"potentialAction\":[{\"@type\":\"SearchAction\",\"target\":{\"@type\":\"EntryPoint\",\"urlTemplate\":\"https:\/\/modernteh.md\/?s={search_term_string}\"},\"query-input\":\"required name=search_term_string\"}],\"inLanguage\":\"ru-RU\"},{\"@type\":\"Organization\",\"@id\":\"https:\/\/modernteh.md\/#organization\",\"name\":\"Modernteh\",\"url\":\"https:\/\/modernteh.md\/\",\"logo\":{\"@type\":\"ImageObject\",\"inLanguage\":\"ru-RU\",\"@id\":\"https:\/\/modernteh.md\/#\/schema\/logo\/image\/\",\"url\":\"https:\/\/modernteh.md\/wp-content\/uploads\/2022\/06\/Logo_site-2.png\",\"contentUrl\":\"https:\/\/modernteh.md\/wp-content\/uploads\/2022\/06\/Logo_site-2.png\",\"width\":500,\"height\":487,\"caption\":\"Modernteh\"},\"image\":{\"@id\":\"https:\/\/modernteh.md\/#\/schema\/logo\/image\/\"},\"sameAs\":[\"https:\/\/www.facebook.com\/profile.php?id=100082695620019\"]}]}<\/script>\n<!-- \/ Yoast SEO plugin. -->","yoast_head_json":{"title":"Pomp\u0103 submersibil\u0103 Norwik 3SDM2\/21 - Modernteh","description":"Pomp\u0103 submersibil\u0103 Norwik 3SDM2\/21","robots":{"index":"index","follow":"follow","max-snippet":"max-snippet:-1","max-image-preview":"max-image-preview:large","max-video-preview":"max-video-preview:-1"},"canonical":"https:\/\/modernteh.md\/ru\/catalog\/pompa-submersibila-norwik-3sdm2-21\/","og_locale":"ru_RU","og_type":"article","og_title":"Pomp\u0103 submersibil\u0103 Norwik 3SDM2\/21 - Modernteh","og_description":"Pomp\u0103 submersibil\u0103 Norwik 3SDM2\/21","og_url":"https:\/\/modernteh.md\/ru\/catalog\/pompa-submersibila-norwik-3sdm2-21\/","og_site_name":"Modernteh","article_publisher":"https:\/\/www.facebook.com\/profile.php?id=100082695620019","og_image":[{"width":1080,"height":1242,"url":"https:\/\/modernteh.md\/wp-content\/uploads\/2026\/02\/3S-2.webp","type":"image\/webp"}],"twitter_card":"summary_large_image","twitter_misc":{"\u041f\u0440\u0438\u043c\u0435\u0440\u043d\u043e\u0435 \u0432\u0440\u0435\u043c\u044f \u0434\u043b\u044f \u0447\u0442\u0435\u043d\u0438\u044f":"2 \u043c\u0438\u043d\u0443\u0442\u044b"},"schema":{"@context":"https:\/\/schema.org","@graph":[{"@type":"WebPage","@id":"https:\/\/modernteh.md\/catalog\/pompa-submersibila-norwik-3sdm2-21\/","url":"https:\/\/modernteh.md\/catalog\/pompa-submersibila-norwik-3sdm2-21\/","name":"Pomp\u0103 submersibil\u0103 Norwik 3SDM2\/21 - Modernteh","isPartOf":{"@id":"https:\/\/modernteh.md\/#website"},"datePublished":"2026-02-18T12:00:42+00:00","dateModified":"2026-02-18T12:00:42+00:00","description":"Pomp\u0103 submersibil\u0103 Norwik 3SDM2\/21","breadcrumb":{"@id":"https:\/\/modernteh.md\/catalog\/pompa-submersibila-norwik-3sdm2-21\/#breadcrumb"},"inLanguage":"ru-RU","potentialAction":[{"@type":"ReadAction","target":["https:\/\/modernteh.md\/catalog\/pompa-submersibila-norwik-3sdm2-21\/"]}]},{"@type":"BreadcrumbList","@id":"https:\/\/modernteh.md\/catalog\/pompa-submersibila-norwik-3sdm2-21\/#breadcrumb","itemListElement":[{"@type":"ListItem","position":1,"name":"Prima pagin\u0103","item":"https:\/\/modernteh.md\/"},{"@type":"ListItem","position":2,"name":"Catalog","item":"https:\/\/modernteh.md\/catalog\/"},{"@type":"ListItem","position":3,"name":"Pomp\u0103 submersibil\u0103 Norwik 3SDM2\/21"}]},{"@type":"WebSite","@id":"https:\/\/modernteh.md\/#website","url":"https:\/\/modernteh.md\/","name":"Modernteh","description":"Modernteh","publisher":{"@id":"https:\/\/modernteh.md\/#organization"},"potentialAction":[{"@type":"SearchAction","target":{"@type":"EntryPoint","urlTemplate":"https:\/\/modernteh.md\/?s={search_term_string}"},"query-input":"required name=search_term_string"}],"inLanguage":"ru-RU"},{"@type":"Organization","@id":"https:\/\/modernteh.md\/#organization","name":"Modernteh","url":"https:\/\/modernteh.md\/","logo":{"@type":"ImageObject","inLanguage":"ru-RU","@id":"https:\/\/modernteh.md\/#\/schema\/logo\/image\/","url":"https:\/\/modernteh.md\/wp-content\/uploads\/2022\/06\/Logo_site-2.png","contentUrl":"https:\/\/modernteh.md\/wp-content\/uploads\/2022\/06\/Logo_site-2.png","width":500,"height":487,"caption":"Modernteh"},"image":{"@id":"https:\/\/modernteh.md\/#\/schema\/logo\/image\/"},"sameAs":["https:\/\/www.facebook.com\/profile.php?id=100082695620019"]}]}},"_links":{"self":[{"href":"https:\/\/modernteh.md\/ru\/wp-json\/wp\/v2\/product\/5239","targetHints":{"allow":["GET"]}}],"collection":[{"href":"https:\/\/modernteh.md\/ru\/wp-json\/wp\/v2\/product"}],"about":[{"href":"https:\/\/modernteh.md\/ru\/wp-json\/wp\/v2\/types\/product"}],"wp:featuredmedia":[{"embeddable":true,"href":"https:\/\/modernteh.md\/ru\/wp-json\/wp\/v2\/media\/5238"}],"wp:attachment":[{"href":"https:\/\/modernteh.md\/ru\/wp-json\/wp\/v2\/media?parent=5239"}],"wp:term":[{"taxonomy":"product_cat","embeddable":true,"href":"https:\/\/modernteh.md\/ru\/wp-json\/wp\/v2\/product_cat?post=5239"},{"taxonomy":"product_tag","embeddable":true,"href":"https:\/\/modernteh.md\/ru\/wp-json\/wp\/v2\/product_tag?post=5239"}],"curies":[{"name":"wp","href":"https:\/\/api.w.org\/{rel}","templated":true}]}}