{"id":5254,"date":"2026-03-04T12:18:47","date_gmt":"2026-03-04T12:18:47","guid":{"rendered":"https:\/\/modernteh.md\/?post_type=product&#038;p=5254"},"modified":"2026-03-04T12:18:48","modified_gmt":"2026-03-04T12:18:48","slug":"cotet-pasari-cc-342-3x4x2m","status":"publish","type":"product","link":"https:\/\/modernteh.md\/ru\/catalog\/cotet-pasari-cc-342-3x4x2m\/","title":{"rendered":"Cote\u021b p\u0103s\u0103ri CC-342 (3x4x2m)"},"content":{"rendered":"<p>Cote\u021b p\u0103s\u0103ri CC-342 (3x4x2m)<\/p>\n<p>Cote\u021bul pentru g\u0103ini tip \u201ewalk-in\u201d ofer\u0103 o protec\u021bie excelent\u0103 pentru g\u0103ini \u0219i alte p\u0103s\u0103ri de curte. Este construit din \u021bevi galvanizate de \u00eenalt\u0103 calitate, rezistente la rugin\u0103. Este livrat \u00eempreun\u0103 cu o acoperire impermeabil\u0103, rezistent\u0103 la razele UV, \u0219i cu plas\u0103 galvanizat\u0103.<\/p>\n<p>Construc\u021bia rezistent\u0103 la rugin\u0103 permite utilizarea \u00eendelungat\u0103 \u00een aer liber. Datorit\u0103 acoperi\u0219ului impermeabil \u0219i rezistent la UV, p\u0103s\u0103rile sunt protejate de razele solare puternice \u0219i de ploaie. Montarea este u\u0219oar\u0103, la fel \u0219i mutarea cote\u021bului \u00eentr-o alt\u0103 loca\u021bie.<\/p>\n<div class=\"w-full\">\n<div class=\"w-full mx-auto\" data-v-2b5c147f=\"\">\n<div class=\"rounded-lg mt-3 overflow-hidden\" data-v-2b5c147f=\"\">\n<table class=\"min-w-full\" data-v-2b5c147f=\"\">\n<tbody data-v-2b5c147f=\"\">\n<tr class=\"bg-gray\" data-v-2b5c147f=\"\">\n<td class=\"px-[15px] py-3 text-left text-black md:text-[16px] text-[11px] font-semibold leading-[120%] w-1\/2\" data-v-2b5c147f=\"\">\u0420\u0430\u0437\u043c\u0435\u0440<\/td>\n<td class=\"px-[15px] py-3 text-left text-graySilver md:text-[16px] text-[11px] font-semibold leading-[120%] w-1\/2\" data-v-2b5c147f=\"\">3 x 4 x 2 (m)<\/td>\n<\/tr>\n<tr class=\"bg-gray\/40\" data-v-2b5c147f=\"\">\n<td class=\"px-[15px] py-3 text-left text-black md:text-[16px] text-[11px] font-semibold leading-[120%] w-1\/2\" data-v-2b5c147f=\"\">Dimensiunea u\u0219ii<\/td>\n<td class=\"px-[15px] py-3 text-left text-graySilver md:text-[16px] text-[11px] font-semibold leading-[120%] w-1\/2\" data-v-2b5c147f=\"\">59 x 53 cm<\/td>\n<\/tr>\n<\/tbody>\n<\/table>\n<\/div>\n<\/div>\n<\/div>\n<div class=\"w-full\">\n<div class=\"w-full mx-auto\" data-v-2b5c147f=\"\">\n<h2 class=\"flex items-center justify-between text-black w-full pb-1.5 text-[16px] font-semibold leading-[120%] text-left transition duration-300 ease-in-out\" data-v-2b5c147f=\"\">Caracteristici Secundare<\/h2>\n<div class=\"rounded-lg mt-3 overflow-hidden\" data-v-2b5c147f=\"\">\n<table class=\"min-w-full\" data-v-2b5c147f=\"\">\n<tbody data-v-2b5c147f=\"\">\n<tr class=\"bg-gray\" data-v-2b5c147f=\"\">\n<td class=\"px-[15px] py-3 text-left text-black md:text-[16px] text-[11px] font-semibold leading-[120%] w-1\/2\" data-v-2b5c147f=\"\">Distan\u021ba ochiurilor plasei<\/td>\n<td class=\"px-[15px] py-3 text-left text-graySilver md:text-[16px] text-[11px] font-semibold leading-[120%] w-1\/2\" data-v-2b5c147f=\"\">44 x 27 mm<\/td>\n<\/tr>\n<tr class=\"bg-gray\/40\" data-v-2b5c147f=\"\">\n<td class=\"px-[15px] py-3 text-left text-black md:text-[16px] text-[11px] font-semibold leading-[120%] w-1\/2\" data-v-2b5c147f=\"\">Grosimea s\u00e2rmei<\/td>\n<td class=\"px-[15px] py-3 text-left text-graySilver md:text-[16px] text-[11px] font-semibold leading-[120%] w-1\/2\" data-v-2b5c147f=\"\">1 mm<\/td>\n<\/tr>\n<\/tbody>\n<\/table>\n<\/div>\n<\/div>\n<\/div>","protected":false},"excerpt":{"rendered":"<p>Cote\u021b p\u0103s\u0103ri CC-342 (3x4x2m) Cote\u021bul pentru g\u0103ini tip \u201ewalk-in\u201d ofer\u0103 o protec\u021bie excelent\u0103 pentru g\u0103ini \u0219i alte p\u0103s\u0103ri de curte.<\/p>","protected":false},"featured_media":5255,"template":"","meta":[],"product_cat":[181],"product_tag":[],"class_list":{"0":"post-5254","1":"product","2":"type-product","3":"status-publish","4":"has-post-thumbnail","6":"product_cat-utilaje-si-accesorii-ferma","8":"first","9":"instock","10":"shipping-taxable","11":"purchasable","12":"product-type-simple"},"yoast_head":"<!-- This site is optimized with the Yoast SEO plugin v20.12 - https:\/\/yoast.com\/wordpress\/plugins\/seo\/ -->\n<title>Cote\u021b p\u0103s\u0103ri CC-342 (3x4x2m) - Modernteh<\/title>\n<meta name=\"description\" content=\"Cote\u021b p\u0103s\u0103ri CC-342 (3x4x2m)\" \/>\n<meta name=\"robots\" content=\"index, follow, max-snippet:-1, max-image-preview:large, max-video-preview:-1\" \/>\n<link rel=\"canonical\" href=\"https:\/\/modernteh.md\/ru\/catalog\/cotet-pasari-cc-342-3x4x2m\/\" \/>\n<meta property=\"og:locale\" content=\"ru_RU\" \/>\n<meta property=\"og:type\" content=\"article\" \/>\n<meta property=\"og:title\" content=\"Cote\u021b p\u0103s\u0103ri CC-342 (3x4x2m) - Modernteh\" \/>\n<meta property=\"og:description\" content=\"Cote\u021b p\u0103s\u0103ri CC-342 (3x4x2m)\" \/>\n<meta property=\"og:url\" content=\"https:\/\/modernteh.md\/ru\/catalog\/cotet-pasari-cc-342-3x4x2m\/\" \/>\n<meta property=\"og:site_name\" content=\"Modernteh\" \/>\n<meta property=\"article:publisher\" content=\"https:\/\/www.facebook.com\/profile.php?id=100082695620019\" \/>\n<meta property=\"article:modified_time\" content=\"2026-03-04T12:18:48+00:00\" \/>\n<meta property=\"og:image\" content=\"https:\/\/modernteh.md\/wp-content\/uploads\/2026\/03\/chicken-coop-cc-des-champs-342-1-68fb68d0ac39e.webp\" \/>\n\t<meta property=\"og:image:width\" content=\"1500\" \/>\n\t<meta property=\"og:image:height\" content=\"1500\" \/>\n\t<meta property=\"og:image:type\" content=\"image\/webp\" \/>\n<meta name=\"twitter:card\" content=\"summary_large_image\" \/>\n<meta name=\"twitter:label1\" content=\"\u041f\u0440\u0438\u043c\u0435\u0440\u043d\u043e\u0435 \u0432\u0440\u0435\u043c\u044f \u0434\u043b\u044f \u0447\u0442\u0435\u043d\u0438\u044f\" \/>\n\t<meta name=\"twitter:data1\" content=\"1 \u043c\u0438\u043d\u0443\u0442\u0430\" \/>\n<script type=\"application\/ld+json\" class=\"yoast-schema-graph\">{\"@context\":\"https:\/\/schema.org\",\"@graph\":[{\"@type\":\"WebPage\",\"@id\":\"https:\/\/modernteh.md\/catalog\/cotet-pasari-cc-342-3x4x2m\/\",\"url\":\"https:\/\/modernteh.md\/catalog\/cotet-pasari-cc-342-3x4x2m\/\",\"name\":\"Cote\u021b p\u0103s\u0103ri CC-342 (3x4x2m) - Modernteh\",\"isPartOf\":{\"@id\":\"https:\/\/modernteh.md\/#website\"},\"datePublished\":\"2026-03-04T12:18:47+00:00\",\"dateModified\":\"2026-03-04T12:18:48+00:00\",\"description\":\"Cote\u021b p\u0103s\u0103ri CC-342 (3x4x2m)\",\"breadcrumb\":{\"@id\":\"https:\/\/modernteh.md\/catalog\/cotet-pasari-cc-342-3x4x2m\/#breadcrumb\"},\"inLanguage\":\"ru-RU\",\"potentialAction\":[{\"@type\":\"ReadAction\",\"target\":[\"https:\/\/modernteh.md\/catalog\/cotet-pasari-cc-342-3x4x2m\/\"]}]},{\"@type\":\"BreadcrumbList\",\"@id\":\"https:\/\/modernteh.md\/catalog\/cotet-pasari-cc-342-3x4x2m\/#breadcrumb\",\"itemListElement\":[{\"@type\":\"ListItem\",\"position\":1,\"name\":\"Prima pagin\u0103\",\"item\":\"https:\/\/modernteh.md\/\"},{\"@type\":\"ListItem\",\"position\":2,\"name\":\"Catalog\",\"item\":\"https:\/\/modernteh.md\/catalog\/\"},{\"@type\":\"ListItem\",\"position\":3,\"name\":\"Cote\u021b p\u0103s\u0103ri CC-342 (3x4x2m)\"}]},{\"@type\":\"WebSite\",\"@id\":\"https:\/\/modernteh.md\/#website\",\"url\":\"https:\/\/modernteh.md\/\",\"name\":\"Modernteh\",\"description\":\"Modernteh\",\"publisher\":{\"@id\":\"https:\/\/modernteh.md\/#organization\"},\"potentialAction\":[{\"@type\":\"SearchAction\",\"target\":{\"@type\":\"EntryPoint\",\"urlTemplate\":\"https:\/\/modernteh.md\/?s={search_term_string}\"},\"query-input\":\"required name=search_term_string\"}],\"inLanguage\":\"ru-RU\"},{\"@type\":\"Organization\",\"@id\":\"https:\/\/modernteh.md\/#organization\",\"name\":\"Modernteh\",\"url\":\"https:\/\/modernteh.md\/\",\"logo\":{\"@type\":\"ImageObject\",\"inLanguage\":\"ru-RU\",\"@id\":\"https:\/\/modernteh.md\/#\/schema\/logo\/image\/\",\"url\":\"https:\/\/modernteh.md\/wp-content\/uploads\/2022\/06\/Logo_site-2.png\",\"contentUrl\":\"https:\/\/modernteh.md\/wp-content\/uploads\/2022\/06\/Logo_site-2.png\",\"width\":500,\"height\":487,\"caption\":\"Modernteh\"},\"image\":{\"@id\":\"https:\/\/modernteh.md\/#\/schema\/logo\/image\/\"},\"sameAs\":[\"https:\/\/www.facebook.com\/profile.php?id=100082695620019\"]}]}<\/script>\n<!-- \/ Yoast SEO plugin. -->","yoast_head_json":{"title":"Cote\u021b p\u0103s\u0103ri CC-342 (3x4x2m) - Modernteh","description":"Cote\u021b p\u0103s\u0103ri CC-342 (3x4x2m)","robots":{"index":"index","follow":"follow","max-snippet":"max-snippet:-1","max-image-preview":"max-image-preview:large","max-video-preview":"max-video-preview:-1"},"canonical":"https:\/\/modernteh.md\/ru\/catalog\/cotet-pasari-cc-342-3x4x2m\/","og_locale":"ru_RU","og_type":"article","og_title":"Cote\u021b p\u0103s\u0103ri CC-342 (3x4x2m) - Modernteh","og_description":"Cote\u021b p\u0103s\u0103ri CC-342 (3x4x2m)","og_url":"https:\/\/modernteh.md\/ru\/catalog\/cotet-pasari-cc-342-3x4x2m\/","og_site_name":"Modernteh","article_publisher":"https:\/\/www.facebook.com\/profile.php?id=100082695620019","article_modified_time":"2026-03-04T12:18:48+00:00","og_image":[{"width":1500,"height":1500,"url":"https:\/\/modernteh.md\/wp-content\/uploads\/2026\/03\/chicken-coop-cc-des-champs-342-1-68fb68d0ac39e.webp","type":"image\/webp"}],"twitter_card":"summary_large_image","twitter_misc":{"\u041f\u0440\u0438\u043c\u0435\u0440\u043d\u043e\u0435 \u0432\u0440\u0435\u043c\u044f \u0434\u043b\u044f \u0447\u0442\u0435\u043d\u0438\u044f":"1 \u043c\u0438\u043d\u0443\u0442\u0430"},"schema":{"@context":"https:\/\/schema.org","@graph":[{"@type":"WebPage","@id":"https:\/\/modernteh.md\/catalog\/cotet-pasari-cc-342-3x4x2m\/","url":"https:\/\/modernteh.md\/catalog\/cotet-pasari-cc-342-3x4x2m\/","name":"Cote\u021b p\u0103s\u0103ri CC-342 (3x4x2m) - Modernteh","isPartOf":{"@id":"https:\/\/modernteh.md\/#website"},"datePublished":"2026-03-04T12:18:47+00:00","dateModified":"2026-03-04T12:18:48+00:00","description":"Cote\u021b p\u0103s\u0103ri CC-342 (3x4x2m)","breadcrumb":{"@id":"https:\/\/modernteh.md\/catalog\/cotet-pasari-cc-342-3x4x2m\/#breadcrumb"},"inLanguage":"ru-RU","potentialAction":[{"@type":"ReadAction","target":["https:\/\/modernteh.md\/catalog\/cotet-pasari-cc-342-3x4x2m\/"]}]},{"@type":"BreadcrumbList","@id":"https:\/\/modernteh.md\/catalog\/cotet-pasari-cc-342-3x4x2m\/#breadcrumb","itemListElement":[{"@type":"ListItem","position":1,"name":"Prima pagin\u0103","item":"https:\/\/modernteh.md\/"},{"@type":"ListItem","position":2,"name":"Catalog","item":"https:\/\/modernteh.md\/catalog\/"},{"@type":"ListItem","position":3,"name":"Cote\u021b p\u0103s\u0103ri CC-342 (3x4x2m)"}]},{"@type":"WebSite","@id":"https:\/\/modernteh.md\/#website","url":"https:\/\/modernteh.md\/","name":"Modernteh","description":"Modernteh","publisher":{"@id":"https:\/\/modernteh.md\/#organization"},"potentialAction":[{"@type":"SearchAction","target":{"@type":"EntryPoint","urlTemplate":"https:\/\/modernteh.md\/?s={search_term_string}"},"query-input":"required name=search_term_string"}],"inLanguage":"ru-RU"},{"@type":"Organization","@id":"https:\/\/modernteh.md\/#organization","name":"Modernteh","url":"https:\/\/modernteh.md\/","logo":{"@type":"ImageObject","inLanguage":"ru-RU","@id":"https:\/\/modernteh.md\/#\/schema\/logo\/image\/","url":"https:\/\/modernteh.md\/wp-content\/uploads\/2022\/06\/Logo_site-2.png","contentUrl":"https:\/\/modernteh.md\/wp-content\/uploads\/2022\/06\/Logo_site-2.png","width":500,"height":487,"caption":"Modernteh"},"image":{"@id":"https:\/\/modernteh.md\/#\/schema\/logo\/image\/"},"sameAs":["https:\/\/www.facebook.com\/profile.php?id=100082695620019"]}]}},"_links":{"self":[{"href":"https:\/\/modernteh.md\/ru\/wp-json\/wp\/v2\/product\/5254","targetHints":{"allow":["GET"]}}],"collection":[{"href":"https:\/\/modernteh.md\/ru\/wp-json\/wp\/v2\/product"}],"about":[{"href":"https:\/\/modernteh.md\/ru\/wp-json\/wp\/v2\/types\/product"}],"wp:featuredmedia":[{"embeddable":true,"href":"https:\/\/modernteh.md\/ru\/wp-json\/wp\/v2\/media\/5255"}],"wp:attachment":[{"href":"https:\/\/modernteh.md\/ru\/wp-json\/wp\/v2\/media?parent=5254"}],"wp:term":[{"taxonomy":"product_cat","embeddable":true,"href":"https:\/\/modernteh.md\/ru\/wp-json\/wp\/v2\/product_cat?post=5254"},{"taxonomy":"product_tag","embeddable":true,"href":"https:\/\/modernteh.md\/ru\/wp-json\/wp\/v2\/product_tag?post=5254"}],"curies":[{"name":"wp","href":"https:\/\/api.w.org\/{rel}","templated":true}]}}