{"id":5258,"date":"2026-03-04T12:36:25","date_gmt":"2026-03-04T12:36:25","guid":{"rendered":"https:\/\/modernteh.md\/?post_type=product&#038;p=5258"},"modified":"2026-03-04T12:36:26","modified_gmt":"2026-03-04T12:36:26","slug":"despicator-de-lemne-kinetik-technoworker-ls-10t40","status":"publish","type":"product","link":"https:\/\/modernteh.md\/ru\/catalog\/despicator-de-lemne-kinetik-technoworker-ls-10t40\/","title":{"rendered":"Despicator de lemne kinetik TECHNOWORKER LS 10T40"},"content":{"rendered":"<h1 class=\"description__title\">Despicator de lemne kinetik TECHNOWORKER LS 10T40<\/h1>\n<div class=\"product_stock\">\n<ul class=\"product__features-list\">\n<li class=\"product__caracteristics-item\">\n<div class=\"product__caracteristics-item-cont\">\n<p class=\"product__caracteristics-subtitle\">Putere motor (W) 2200<\/p>\n<\/div>\n<\/li>\n<li class=\"product__caracteristics-item\">\n<div class=\"product__caracteristics-item-cont\">\n<p class=\"product__caracteristics-subtitle\">Tensiune (V) 230<\/p>\n<\/div>\n<\/li>\n<li class=\"product__caracteristics-item\">\n<div class=\"product__caracteristics-item-cont\">\n<p class=\"product__caracteristics-subtitle\">Frecventa (Hz) 50<\/p>\n<\/div>\n<\/li>\n<li class=\"product__caracteristics-item\">\n<div class=\"product__caracteristics-item-cont\">\n<p class=\"product__caracteristics-subtitle\">For\u021ba de t\u0103iere (t) 10<\/p>\n<\/div>\n<\/li>\n<li class=\"product__caracteristics-item\">\n<div class=\"product__caracteristics-item-cont\">\n<p class=\"product__caracteristics-subtitle\">Lungime maxima de despicare (mm) 400<\/p>\n<\/div>\n<\/li>\n<li class=\"product__caracteristics-item\">\n<div class=\"product__caracteristics-item-cont\">\n<p class=\"product__caracteristics-subtitle\">Greutate (kg) 73<\/p>\n<p><strong>Despicatorul de lemne kinetic TECHNOWORKER LS 10T40\u00a0<\/strong>este alegerea ideal\u0103 pentru cei care doresc putere, vitez\u0103 \u0219i eficien\u021b\u0103 maxim\u0103 \u00een preg\u0103tirea lemnelor pentru foc. Proiectat pentru performan\u021b\u0103 superioar\u0103,\u00a0<strong>acest despicator de lemne kinetic ofer\u0103 o rezisten\u021b\u0103 de 10 tone<\/strong>, asigur\u00e2nd<strong>\u00a0despicarea rapid\u0103 \u0219i f\u0103r\u0103 efort chiar \u0219i a bu\u0219tenilor duri.<\/strong>\u00a0Cu o\u00a0<strong>capacitate maxim\u0103 de despicare de 40 cm<\/strong>, echipamentul face fa\u021b\u0103 cu u\u0219urin\u021b\u0103 lemnelor de dimensiuni mari, fiind potrivit at\u00e2t pentru uz casnic intensiv, c\u00e2t \u0219i pentru gospod\u0103rii exigente.<\/p>\n<p>Echipat cu un<strong>\u00a0motor inteligent de curent continuu f\u0103r\u0103 perii<\/strong>,<strong>\u00a0cu frecven\u021b\u0103 variabil\u0103<\/strong>, modelul LS 10T40 garanteaz\u0103 fiabilitate ridicat\u0103, consum optim de energie \u0219i durat\u0103 de via\u021b\u0103 extins\u0103. Puterea impresionant\u0103 de<strong>\u00a02200 W,<\/strong>\u00a0alimentat\u0103 la<strong>\u00a0230 V \/ 50 Hz,<\/strong>\u00a0ofer\u0103 performan\u021b\u0103 constant\u0103 \u0219i pornire rapid\u0103. Unul dintre cele mai mari avantaje ale acestui model este<strong>\u00a0timpul de ciclu extrem de rapid, de doar 2 secunde<\/strong>, ceea ce \u00eenseamn\u0103 productivitate crescut\u0103 \u0219i economie semnificativ\u0103 de timp.<\/p>\n<p>Robust, eficient \u0219i modern,<strong>\u00a0TECHNOWORKER LS 10T40<\/strong>\u00a0transform\u0103 despicarea lemnelor \u00eentr-o activitate simpl\u0103, rapid\u0103 \u0219i sigur\u0103, fiind solu\u021bia perfect\u0103 pentru cei care caut\u0103 un\u00a0<strong>despicator de lemne puternic, rapid \u0219i fiabil.<\/strong><\/p>\n<\/div>\n<\/li>\n<\/ul>\n<\/div>","protected":false},"excerpt":{"rendered":"<p>Despicator de lemne kinetik TECHNOWORKER LS 10T40 Putere motor (W) 2200 Tensiune (V) 230 Frecventa (Hz) 50 For\u021ba de t\u0103iere<\/p>","protected":false},"featured_media":5259,"template":"","meta":[],"product_cat":[147],"product_tag":[],"class_list":{"0":"post-5258","1":"product","2":"type-product","3":"status-publish","4":"has-post-thumbnail","6":"product_cat-despicatoare-lemne","8":"first","9":"instock","10":"shipping-taxable","11":"purchasable","12":"product-type-simple"},"yoast_head":"<!-- This site is optimized with the Yoast SEO plugin v20.12 - https:\/\/yoast.com\/wordpress\/plugins\/seo\/ -->\n<title>Despicator de lemne kinetik TECHNOWORKER LS 10T40 - Modernteh<\/title>\n<meta name=\"description\" content=\"Despicator de lemne kinetik TECHNOWORKER LS 10T40\" \/>\n<meta name=\"robots\" content=\"index, follow, max-snippet:-1, max-image-preview:large, max-video-preview:-1\" \/>\n<link rel=\"canonical\" href=\"https:\/\/modernteh.md\/ru\/catalog\/despicator-de-lemne-kinetik-technoworker-ls-10t40\/\" \/>\n<meta property=\"og:locale\" content=\"ru_RU\" \/>\n<meta property=\"og:type\" content=\"article\" \/>\n<meta property=\"og:title\" content=\"Despicator de lemne kinetik TECHNOWORKER LS 10T40 - Modernteh\" \/>\n<meta property=\"og:description\" content=\"Despicator de lemne kinetik TECHNOWORKER LS 10T40\" \/>\n<meta property=\"og:url\" content=\"https:\/\/modernteh.md\/ru\/catalog\/despicator-de-lemne-kinetik-technoworker-ls-10t40\/\" \/>\n<meta property=\"og:site_name\" content=\"Modernteh\" \/>\n<meta property=\"article:publisher\" content=\"https:\/\/www.facebook.com\/profile.php?id=100082695620019\" \/>\n<meta property=\"article:modified_time\" content=\"2026-03-04T12:36:26+00:00\" \/>\n<meta property=\"og:image\" content=\"https:\/\/modernteh.md\/wp-content\/uploads\/2026\/03\/20cc48b2a7316cce6e6d9a8273fddd52.webp\" \/>\n\t<meta property=\"og:image:width\" content=\"1024\" \/>\n\t<meta property=\"og:image:height\" content=\"922\" \/>\n\t<meta property=\"og:image:type\" content=\"image\/webp\" \/>\n<meta name=\"twitter:card\" content=\"summary_large_image\" \/>\n<meta name=\"twitter:label1\" content=\"\u041f\u0440\u0438\u043c\u0435\u0440\u043d\u043e\u0435 \u0432\u0440\u0435\u043c\u044f \u0434\u043b\u044f \u0447\u0442\u0435\u043d\u0438\u044f\" \/>\n\t<meta name=\"twitter:data1\" content=\"2 \u043c\u0438\u043d\u0443\u0442\u044b\" \/>\n<script type=\"application\/ld+json\" class=\"yoast-schema-graph\">{\"@context\":\"https:\/\/schema.org\",\"@graph\":[{\"@type\":\"WebPage\",\"@id\":\"https:\/\/modernteh.md\/catalog\/despicator-de-lemne-kinetik-technoworker-ls-10t40\/\",\"url\":\"https:\/\/modernteh.md\/catalog\/despicator-de-lemne-kinetik-technoworker-ls-10t40\/\",\"name\":\"Despicator de lemne kinetik TECHNOWORKER LS 10T40 - Modernteh\",\"isPartOf\":{\"@id\":\"https:\/\/modernteh.md\/#website\"},\"datePublished\":\"2026-03-04T12:36:25+00:00\",\"dateModified\":\"2026-03-04T12:36:26+00:00\",\"description\":\"Despicator de lemne kinetik TECHNOWORKER LS 10T40\",\"breadcrumb\":{\"@id\":\"https:\/\/modernteh.md\/catalog\/despicator-de-lemne-kinetik-technoworker-ls-10t40\/#breadcrumb\"},\"inLanguage\":\"ru-RU\",\"potentialAction\":[{\"@type\":\"ReadAction\",\"target\":[\"https:\/\/modernteh.md\/catalog\/despicator-de-lemne-kinetik-technoworker-ls-10t40\/\"]}]},{\"@type\":\"BreadcrumbList\",\"@id\":\"https:\/\/modernteh.md\/catalog\/despicator-de-lemne-kinetik-technoworker-ls-10t40\/#breadcrumb\",\"itemListElement\":[{\"@type\":\"ListItem\",\"position\":1,\"name\":\"Prima pagin\u0103\",\"item\":\"https:\/\/modernteh.md\/\"},{\"@type\":\"ListItem\",\"position\":2,\"name\":\"Catalog\",\"item\":\"https:\/\/modernteh.md\/catalog\/\"},{\"@type\":\"ListItem\",\"position\":3,\"name\":\"Despicator de lemne kinetik TECHNOWORKER LS 10T40\"}]},{\"@type\":\"WebSite\",\"@id\":\"https:\/\/modernteh.md\/#website\",\"url\":\"https:\/\/modernteh.md\/\",\"name\":\"Modernteh\",\"description\":\"Modernteh\",\"publisher\":{\"@id\":\"https:\/\/modernteh.md\/#organization\"},\"potentialAction\":[{\"@type\":\"SearchAction\",\"target\":{\"@type\":\"EntryPoint\",\"urlTemplate\":\"https:\/\/modernteh.md\/?s={search_term_string}\"},\"query-input\":\"required name=search_term_string\"}],\"inLanguage\":\"ru-RU\"},{\"@type\":\"Organization\",\"@id\":\"https:\/\/modernteh.md\/#organization\",\"name\":\"Modernteh\",\"url\":\"https:\/\/modernteh.md\/\",\"logo\":{\"@type\":\"ImageObject\",\"inLanguage\":\"ru-RU\",\"@id\":\"https:\/\/modernteh.md\/#\/schema\/logo\/image\/\",\"url\":\"https:\/\/modernteh.md\/wp-content\/uploads\/2022\/06\/Logo_site-2.png\",\"contentUrl\":\"https:\/\/modernteh.md\/wp-content\/uploads\/2022\/06\/Logo_site-2.png\",\"width\":500,\"height\":487,\"caption\":\"Modernteh\"},\"image\":{\"@id\":\"https:\/\/modernteh.md\/#\/schema\/logo\/image\/\"},\"sameAs\":[\"https:\/\/www.facebook.com\/profile.php?id=100082695620019\"]}]}<\/script>\n<!-- \/ Yoast SEO plugin. -->","yoast_head_json":{"title":"Despicator de lemne kinetik TECHNOWORKER LS 10T40 - Modernteh","description":"Despicator de lemne kinetik TECHNOWORKER LS 10T40","robots":{"index":"index","follow":"follow","max-snippet":"max-snippet:-1","max-image-preview":"max-image-preview:large","max-video-preview":"max-video-preview:-1"},"canonical":"https:\/\/modernteh.md\/ru\/catalog\/despicator-de-lemne-kinetik-technoworker-ls-10t40\/","og_locale":"ru_RU","og_type":"article","og_title":"Despicator de lemne kinetik TECHNOWORKER LS 10T40 - Modernteh","og_description":"Despicator de lemne kinetik TECHNOWORKER LS 10T40","og_url":"https:\/\/modernteh.md\/ru\/catalog\/despicator-de-lemne-kinetik-technoworker-ls-10t40\/","og_site_name":"Modernteh","article_publisher":"https:\/\/www.facebook.com\/profile.php?id=100082695620019","article_modified_time":"2026-03-04T12:36:26+00:00","og_image":[{"width":1024,"height":922,"url":"https:\/\/modernteh.md\/wp-content\/uploads\/2026\/03\/20cc48b2a7316cce6e6d9a8273fddd52.webp","type":"image\/webp"}],"twitter_card":"summary_large_image","twitter_misc":{"\u041f\u0440\u0438\u043c\u0435\u0440\u043d\u043e\u0435 \u0432\u0440\u0435\u043c\u044f \u0434\u043b\u044f \u0447\u0442\u0435\u043d\u0438\u044f":"2 \u043c\u0438\u043d\u0443\u0442\u044b"},"schema":{"@context":"https:\/\/schema.org","@graph":[{"@type":"WebPage","@id":"https:\/\/modernteh.md\/catalog\/despicator-de-lemne-kinetik-technoworker-ls-10t40\/","url":"https:\/\/modernteh.md\/catalog\/despicator-de-lemne-kinetik-technoworker-ls-10t40\/","name":"Despicator de lemne kinetik TECHNOWORKER LS 10T40 - Modernteh","isPartOf":{"@id":"https:\/\/modernteh.md\/#website"},"datePublished":"2026-03-04T12:36:25+00:00","dateModified":"2026-03-04T12:36:26+00:00","description":"Despicator de lemne kinetik TECHNOWORKER LS 10T40","breadcrumb":{"@id":"https:\/\/modernteh.md\/catalog\/despicator-de-lemne-kinetik-technoworker-ls-10t40\/#breadcrumb"},"inLanguage":"ru-RU","potentialAction":[{"@type":"ReadAction","target":["https:\/\/modernteh.md\/catalog\/despicator-de-lemne-kinetik-technoworker-ls-10t40\/"]}]},{"@type":"BreadcrumbList","@id":"https:\/\/modernteh.md\/catalog\/despicator-de-lemne-kinetik-technoworker-ls-10t40\/#breadcrumb","itemListElement":[{"@type":"ListItem","position":1,"name":"Prima pagin\u0103","item":"https:\/\/modernteh.md\/"},{"@type":"ListItem","position":2,"name":"Catalog","item":"https:\/\/modernteh.md\/catalog\/"},{"@type":"ListItem","position":3,"name":"Despicator de lemne kinetik TECHNOWORKER LS 10T40"}]},{"@type":"WebSite","@id":"https:\/\/modernteh.md\/#website","url":"https:\/\/modernteh.md\/","name":"Modernteh","description":"Modernteh","publisher":{"@id":"https:\/\/modernteh.md\/#organization"},"potentialAction":[{"@type":"SearchAction","target":{"@type":"EntryPoint","urlTemplate":"https:\/\/modernteh.md\/?s={search_term_string}"},"query-input":"required name=search_term_string"}],"inLanguage":"ru-RU"},{"@type":"Organization","@id":"https:\/\/modernteh.md\/#organization","name":"Modernteh","url":"https:\/\/modernteh.md\/","logo":{"@type":"ImageObject","inLanguage":"ru-RU","@id":"https:\/\/modernteh.md\/#\/schema\/logo\/image\/","url":"https:\/\/modernteh.md\/wp-content\/uploads\/2022\/06\/Logo_site-2.png","contentUrl":"https:\/\/modernteh.md\/wp-content\/uploads\/2022\/06\/Logo_site-2.png","width":500,"height":487,"caption":"Modernteh"},"image":{"@id":"https:\/\/modernteh.md\/#\/schema\/logo\/image\/"},"sameAs":["https:\/\/www.facebook.com\/profile.php?id=100082695620019"]}]}},"_links":{"self":[{"href":"https:\/\/modernteh.md\/ru\/wp-json\/wp\/v2\/product\/5258","targetHints":{"allow":["GET"]}}],"collection":[{"href":"https:\/\/modernteh.md\/ru\/wp-json\/wp\/v2\/product"}],"about":[{"href":"https:\/\/modernteh.md\/ru\/wp-json\/wp\/v2\/types\/product"}],"wp:featuredmedia":[{"embeddable":true,"href":"https:\/\/modernteh.md\/ru\/wp-json\/wp\/v2\/media\/5259"}],"wp:attachment":[{"href":"https:\/\/modernteh.md\/ru\/wp-json\/wp\/v2\/media?parent=5258"}],"wp:term":[{"taxonomy":"product_cat","embeddable":true,"href":"https:\/\/modernteh.md\/ru\/wp-json\/wp\/v2\/product_cat?post=5258"},{"taxonomy":"product_tag","embeddable":true,"href":"https:\/\/modernteh.md\/ru\/wp-json\/wp\/v2\/product_tag?post=5258"}],"curies":[{"name":"wp","href":"https:\/\/api.w.org\/{rel}","templated":true}]}}