{"id":5269,"date":"2026-03-05T08:42:18","date_gmt":"2026-03-05T08:42:18","guid":{"rendered":"https:\/\/modernteh.md\/?post_type=product&#038;p=5269"},"modified":"2026-03-05T08:42:18","modified_gmt":"2026-03-05T08:42:18","slug":"motocultor-technoworker-hb-700-n-freza-vor57410","status":"publish","type":"product","link":"https:\/\/modernteh.md\/ru\/catalog\/motocultor-technoworker-hb-700-n-freza-vor57410\/","title":{"rendered":"Motocultor TechnoWorker HB 700 N + freza (VOR57410)"},"content":{"rendered":"<h1 class=\"description__title\">Motocultor TechnoWorker HB 700 N + freza (VOR57410)<\/h1>\n<ul class=\"product__features-list\">\n<li class=\"product__caracteristics-item\">\n<div class=\"product__caracteristics-item-cont\">\n<p class=\"product__caracteristics-subtitle\">Tip motor-4-timpi<\/p>\n<\/div>\n<\/li>\n<li class=\"product__caracteristics-item\">\n<div class=\"product__caracteristics-item-cont\">\n<p class=\"product__caracteristics-subtitle\">Tip transmisie-Curea + reductor<\/p>\n<\/div>\n<\/li>\n<li class=\"product__caracteristics-item\">\n<div class=\"product__caracteristics-item-cont\">\n<p class=\"product__caracteristics-subtitle\">Puterea motorului (c.p.)-7<\/p>\n<\/div>\n<\/li>\n<li class=\"product__caracteristics-item\">\n<div class=\"product__caracteristics-item-cont\">\n<p class=\"product__caracteristics-subtitle\">Capacitatea cilindrica (cm\u00b3)-212<\/p>\n<\/div>\n<\/li>\n<li class=\"product__caracteristics-item\">\n<div class=\"product__caracteristics-item-cont\">\n<p class=\"product__caracteristics-subtitle\">Num\u0103rul de viteze-2 \u00eenainte,1 \u00eenapoi<\/p>\n<\/div>\n<\/li>\n<li class=\"product__caracteristics-item\">\n<div class=\"product__caracteristics-item-cont\">\n<p class=\"product__caracteristics-subtitle\">Capacitatea rezervorului de combustibil (L)-2.5<\/p>\n<\/div>\n<\/li>\n<li class=\"product__caracteristics-item\">\n<div class=\"product__caracteristics-item-cont\">\n<p class=\"product__caracteristics-subtitle\">Freza in set-Da<\/p>\n<\/div>\n<\/li>\n<li class=\"product__caracteristics-item\">\n<div class=\"product__caracteristics-item-cont\">\n<p class=\"product__caracteristics-subtitle\">L\u0103\u021bime de prelucrare (mm)-850<\/p>\n<\/div>\n<\/li>\n<li class=\"product__caracteristics-item\">\n<div class=\"product__caracteristics-item-cont\">\n<p class=\"product__caracteristics-subtitle\">Ad\u00e2ncime de prelucrare (mm)-175-350<\/p>\n<\/div>\n<\/li>\n<li class=\"product__caracteristics-item\">\n<div class=\"product__caracteristics-item-cont\">\n<p class=\"product__caracteristics-subtitle\">Plug simplu \u00een set-Nu<\/p>\n<\/div>\n<\/li>\n<li class=\"product__caracteristics-item\">\n<div class=\"product__caracteristics-item-cont\">\n<p class=\"product__caracteristics-subtitle\">Plug reglabil \u00een set-Nu<\/p>\n<\/div>\n<\/li>\n<li class=\"product__caracteristics-item\">\n<div class=\"product__caracteristics-item-cont\">\n<p class=\"product__caracteristics-subtitle\">Combustibil-Benzina 95<\/p>\n<\/div>\n<\/li>\n<li class=\"product__caracteristics-item\">\n<div class=\"product__caracteristics-item-cont\">\n<p class=\"product__caracteristics-subtitle\">Greutate (kg)-83<\/p>\n<p>Motocultor TechnoWorker HB 700 N + freza este o alegere excelent\u0103 pentru cei care doresc un echipament versatil \u0219i eficient pentru lucr\u0103rile de gr\u0103din\u0103rit \u0219i prelucrarea solului. Cu un motor puternic \u0219i caracteristici deosebite, acest motocultor este ideal pentru ferme mici \u0219i gr\u0103dini. U\u0219or de utilizat, compact \u0219i eficient, TechnoWorker HB 700 N ofer\u0103 performan\u021be excelente la un consum redus de combustibil.<\/p>\n<p>&nbsp;<\/p>\n<p><strong>Caracteristici \u0219i dot\u0103ri:<\/strong><\/p>\n<p>&nbsp;<\/p>\n<p>Motor 4 timpi, cu o putere de 7 CP \u0219i o capacitate cilindric\u0103 de 212 cm\u00b3, oferind puterea necesar\u0103 pentru a face fa\u021b\u0103 diferitelor lucr\u0103ri de prelucrare a solului.<br \/>\nTransmisie prin curea + reductor, care asigur\u0103 o operare lin\u0103 \u0219i eficient\u0103, \u00eembun\u0103t\u0103\u021bind performan\u021bele \u0219i durabilitatea.<br \/>\n2 viteze \u00eenainte \u0219i 1 vitez\u0103 \u00eenapoi, ce permit o manevrabilitate excelent\u0103 pe terenuri diverse.<br \/>\nCapacitatea rezervorului de combustibil de 2,5 L, care asigur\u0103 o autonomie suficient\u0103 pentru lucr\u0103ri de durat\u0103.<br \/>\nFreza \u00een set, cu l\u0103\u021bime de prelucrare de 850 mm, perfect\u0103 pentru lucrul pe terenuri de dimensiuni medii sau mari.<br \/>\nAd\u00e2ncimea de prelucrare ajustabil\u0103 (175-350 mm), permi\u021b\u00e2nd ajustarea \u00een func\u021bie de necesit\u0103\u021bile terenului \u0219i tipul de lucrare.<br \/>\nCombustibil: Benzin\u0103 95, pentru o utilizare simpl\u0103 \u0219i accesibil\u0103.<br \/>\nGreutate: 83 kg, care ofer\u0103 o stabilitate bun\u0103 \u00een timpul lucrului, dar r\u0103m\u00e2ne totu\u0219i u\u0219or de manevrat.<\/p>\n<\/div>\n<\/li>\n<\/ul>","protected":false},"excerpt":{"rendered":"<p>Motocultor TechnoWorker HB 700 N + freza (VOR57410) Tip motor-4-timpi Tip transmisie-Curea + reductor Puterea motorului (c.p.)-7 Capacitatea cilindrica (cm\u00b3)-212<\/p>","protected":false},"featured_media":5270,"template":"","meta":[],"product_cat":[142],"product_tag":[],"class_list":{"0":"post-5269","1":"product","2":"type-product","3":"status-publish","4":"has-post-thumbnail","6":"product_cat-motocultoare","8":"first","9":"instock","10":"shipping-taxable","11":"purchasable","12":"product-type-simple"},"yoast_head":"<!-- This site is optimized with the Yoast SEO plugin v20.12 - https:\/\/yoast.com\/wordpress\/plugins\/seo\/ -->\n<title>Motocultor TechnoWorker HB 700 N + freza (VOR57410) - Modernteh<\/title>\n<meta name=\"description\" content=\"Motocultor TechnoWorker HB 700 N + freza (VOR57410)\" \/>\n<meta name=\"robots\" content=\"index, follow, max-snippet:-1, max-image-preview:large, max-video-preview:-1\" \/>\n<link rel=\"canonical\" href=\"https:\/\/modernteh.md\/ru\/catalog\/motocultor-technoworker-hb-700-n-freza-vor57410\/\" \/>\n<meta property=\"og:locale\" content=\"ru_RU\" \/>\n<meta property=\"og:type\" content=\"article\" \/>\n<meta property=\"og:title\" content=\"Motocultor TechnoWorker HB 700 N + freza (VOR57410) - Modernteh\" \/>\n<meta property=\"og:description\" content=\"Motocultor TechnoWorker HB 700 N + freza (VOR57410)\" \/>\n<meta property=\"og:url\" content=\"https:\/\/modernteh.md\/ru\/catalog\/motocultor-technoworker-hb-700-n-freza-vor57410\/\" \/>\n<meta property=\"og:site_name\" content=\"Modernteh\" \/>\n<meta property=\"article:publisher\" content=\"https:\/\/www.facebook.com\/profile.php?id=100082695620019\" \/>\n<meta property=\"og:image\" content=\"https:\/\/modernteh.md\/wp-content\/uploads\/2026\/03\/VO038039-_1.webp\" \/>\n\t<meta property=\"og:image:width\" content=\"1000\" \/>\n\t<meta property=\"og:image:height\" content=\"667\" \/>\n\t<meta property=\"og:image:type\" content=\"image\/webp\" \/>\n<meta name=\"twitter:card\" content=\"summary_large_image\" \/>\n<meta name=\"twitter:label1\" content=\"\u041f\u0440\u0438\u043c\u0435\u0440\u043d\u043e\u0435 \u0432\u0440\u0435\u043c\u044f \u0434\u043b\u044f \u0447\u0442\u0435\u043d\u0438\u044f\" \/>\n\t<meta name=\"twitter:data1\" content=\"2 \u043c\u0438\u043d\u0443\u0442\u044b\" \/>\n<script type=\"application\/ld+json\" class=\"yoast-schema-graph\">{\"@context\":\"https:\/\/schema.org\",\"@graph\":[{\"@type\":\"WebPage\",\"@id\":\"https:\/\/modernteh.md\/catalog\/motocultor-technoworker-hb-700-n-freza-vor57410\/\",\"url\":\"https:\/\/modernteh.md\/catalog\/motocultor-technoworker-hb-700-n-freza-vor57410\/\",\"name\":\"Motocultor TechnoWorker HB 700 N + freza (VOR57410) - Modernteh\",\"isPartOf\":{\"@id\":\"https:\/\/modernteh.md\/#website\"},\"datePublished\":\"2026-03-05T08:42:18+00:00\",\"dateModified\":\"2026-03-05T08:42:18+00:00\",\"description\":\"Motocultor TechnoWorker HB 700 N + freza (VOR57410)\",\"breadcrumb\":{\"@id\":\"https:\/\/modernteh.md\/catalog\/motocultor-technoworker-hb-700-n-freza-vor57410\/#breadcrumb\"},\"inLanguage\":\"ru-RU\",\"potentialAction\":[{\"@type\":\"ReadAction\",\"target\":[\"https:\/\/modernteh.md\/catalog\/motocultor-technoworker-hb-700-n-freza-vor57410\/\"]}]},{\"@type\":\"BreadcrumbList\",\"@id\":\"https:\/\/modernteh.md\/catalog\/motocultor-technoworker-hb-700-n-freza-vor57410\/#breadcrumb\",\"itemListElement\":[{\"@type\":\"ListItem\",\"position\":1,\"name\":\"Prima pagin\u0103\",\"item\":\"https:\/\/modernteh.md\/\"},{\"@type\":\"ListItem\",\"position\":2,\"name\":\"Catalog\",\"item\":\"https:\/\/modernteh.md\/catalog\/\"},{\"@type\":\"ListItem\",\"position\":3,\"name\":\"Motocultor TechnoWorker HB 700 N + freza (VOR57410)\"}]},{\"@type\":\"WebSite\",\"@id\":\"https:\/\/modernteh.md\/#website\",\"url\":\"https:\/\/modernteh.md\/\",\"name\":\"Modernteh\",\"description\":\"Modernteh\",\"publisher\":{\"@id\":\"https:\/\/modernteh.md\/#organization\"},\"potentialAction\":[{\"@type\":\"SearchAction\",\"target\":{\"@type\":\"EntryPoint\",\"urlTemplate\":\"https:\/\/modernteh.md\/?s={search_term_string}\"},\"query-input\":\"required name=search_term_string\"}],\"inLanguage\":\"ru-RU\"},{\"@type\":\"Organization\",\"@id\":\"https:\/\/modernteh.md\/#organization\",\"name\":\"Modernteh\",\"url\":\"https:\/\/modernteh.md\/\",\"logo\":{\"@type\":\"ImageObject\",\"inLanguage\":\"ru-RU\",\"@id\":\"https:\/\/modernteh.md\/#\/schema\/logo\/image\/\",\"url\":\"https:\/\/modernteh.md\/wp-content\/uploads\/2022\/06\/Logo_site-2.png\",\"contentUrl\":\"https:\/\/modernteh.md\/wp-content\/uploads\/2022\/06\/Logo_site-2.png\",\"width\":500,\"height\":487,\"caption\":\"Modernteh\"},\"image\":{\"@id\":\"https:\/\/modernteh.md\/#\/schema\/logo\/image\/\"},\"sameAs\":[\"https:\/\/www.facebook.com\/profile.php?id=100082695620019\"]}]}<\/script>\n<!-- \/ Yoast SEO plugin. -->","yoast_head_json":{"title":"Motocultor TechnoWorker HB 700 N + freza (VOR57410) - Modernteh","description":"Motocultor TechnoWorker HB 700 N + freza (VOR57410)","robots":{"index":"index","follow":"follow","max-snippet":"max-snippet:-1","max-image-preview":"max-image-preview:large","max-video-preview":"max-video-preview:-1"},"canonical":"https:\/\/modernteh.md\/ru\/catalog\/motocultor-technoworker-hb-700-n-freza-vor57410\/","og_locale":"ru_RU","og_type":"article","og_title":"Motocultor TechnoWorker HB 700 N + freza (VOR57410) - Modernteh","og_description":"Motocultor TechnoWorker HB 700 N + freza (VOR57410)","og_url":"https:\/\/modernteh.md\/ru\/catalog\/motocultor-technoworker-hb-700-n-freza-vor57410\/","og_site_name":"Modernteh","article_publisher":"https:\/\/www.facebook.com\/profile.php?id=100082695620019","og_image":[{"width":1000,"height":667,"url":"https:\/\/modernteh.md\/wp-content\/uploads\/2026\/03\/VO038039-_1.webp","type":"image\/webp"}],"twitter_card":"summary_large_image","twitter_misc":{"\u041f\u0440\u0438\u043c\u0435\u0440\u043d\u043e\u0435 \u0432\u0440\u0435\u043c\u044f \u0434\u043b\u044f \u0447\u0442\u0435\u043d\u0438\u044f":"2 \u043c\u0438\u043d\u0443\u0442\u044b"},"schema":{"@context":"https:\/\/schema.org","@graph":[{"@type":"WebPage","@id":"https:\/\/modernteh.md\/catalog\/motocultor-technoworker-hb-700-n-freza-vor57410\/","url":"https:\/\/modernteh.md\/catalog\/motocultor-technoworker-hb-700-n-freza-vor57410\/","name":"Motocultor TechnoWorker HB 700 N + freza (VOR57410) - Modernteh","isPartOf":{"@id":"https:\/\/modernteh.md\/#website"},"datePublished":"2026-03-05T08:42:18+00:00","dateModified":"2026-03-05T08:42:18+00:00","description":"Motocultor TechnoWorker HB 700 N + freza (VOR57410)","breadcrumb":{"@id":"https:\/\/modernteh.md\/catalog\/motocultor-technoworker-hb-700-n-freza-vor57410\/#breadcrumb"},"inLanguage":"ru-RU","potentialAction":[{"@type":"ReadAction","target":["https:\/\/modernteh.md\/catalog\/motocultor-technoworker-hb-700-n-freza-vor57410\/"]}]},{"@type":"BreadcrumbList","@id":"https:\/\/modernteh.md\/catalog\/motocultor-technoworker-hb-700-n-freza-vor57410\/#breadcrumb","itemListElement":[{"@type":"ListItem","position":1,"name":"Prima pagin\u0103","item":"https:\/\/modernteh.md\/"},{"@type":"ListItem","position":2,"name":"Catalog","item":"https:\/\/modernteh.md\/catalog\/"},{"@type":"ListItem","position":3,"name":"Motocultor TechnoWorker HB 700 N + freza (VOR57410)"}]},{"@type":"WebSite","@id":"https:\/\/modernteh.md\/#website","url":"https:\/\/modernteh.md\/","name":"Modernteh","description":"Modernteh","publisher":{"@id":"https:\/\/modernteh.md\/#organization"},"potentialAction":[{"@type":"SearchAction","target":{"@type":"EntryPoint","urlTemplate":"https:\/\/modernteh.md\/?s={search_term_string}"},"query-input":"required name=search_term_string"}],"inLanguage":"ru-RU"},{"@type":"Organization","@id":"https:\/\/modernteh.md\/#organization","name":"Modernteh","url":"https:\/\/modernteh.md\/","logo":{"@type":"ImageObject","inLanguage":"ru-RU","@id":"https:\/\/modernteh.md\/#\/schema\/logo\/image\/","url":"https:\/\/modernteh.md\/wp-content\/uploads\/2022\/06\/Logo_site-2.png","contentUrl":"https:\/\/modernteh.md\/wp-content\/uploads\/2022\/06\/Logo_site-2.png","width":500,"height":487,"caption":"Modernteh"},"image":{"@id":"https:\/\/modernteh.md\/#\/schema\/logo\/image\/"},"sameAs":["https:\/\/www.facebook.com\/profile.php?id=100082695620019"]}]}},"_links":{"self":[{"href":"https:\/\/modernteh.md\/ru\/wp-json\/wp\/v2\/product\/5269","targetHints":{"allow":["GET"]}}],"collection":[{"href":"https:\/\/modernteh.md\/ru\/wp-json\/wp\/v2\/product"}],"about":[{"href":"https:\/\/modernteh.md\/ru\/wp-json\/wp\/v2\/types\/product"}],"wp:featuredmedia":[{"embeddable":true,"href":"https:\/\/modernteh.md\/ru\/wp-json\/wp\/v2\/media\/5270"}],"wp:attachment":[{"href":"https:\/\/modernteh.md\/ru\/wp-json\/wp\/v2\/media?parent=5269"}],"wp:term":[{"taxonomy":"product_cat","embeddable":true,"href":"https:\/\/modernteh.md\/ru\/wp-json\/wp\/v2\/product_cat?post=5269"},{"taxonomy":"product_tag","embeddable":true,"href":"https:\/\/modernteh.md\/ru\/wp-json\/wp\/v2\/product_tag?post=5269"}],"curies":[{"name":"wp","href":"https:\/\/api.w.org\/{rel}","templated":true}]}}