{"id":5273,"date":"2026-03-05T08:48:21","date_gmt":"2026-03-05T08:48:21","guid":{"rendered":"https:\/\/modernteh.md\/?post_type=product&#038;p=5273"},"modified":"2026-03-05T08:48:22","modified_gmt":"2026-03-05T08:48:22","slug":"motocultor-technoworker-hb-700-rs-pro-freza","status":"publish","type":"product","link":"https:\/\/modernteh.md\/ru\/catalog\/motocultor-technoworker-hb-700-rs-pro-freza\/","title":{"rendered":"Motocultor TechnoWorker HB 700 RS &#8211; PRO + freza"},"content":{"rendered":"<h1 class=\"description__title\">Motocultor TechnoWorker HB 700 RS &#8211; PRO + freza<\/h1>\n<ul class=\"product__features-list\">\n<li class=\"product__caracteristics-item\">\n<div class=\"product__caracteristics-item-cont\">\n<p class=\"product__caracteristics-subtitle\">Tip motor-4-timpi<\/p>\n<\/div>\n<\/li>\n<li class=\"product__caracteristics-item\">\n<div class=\"product__caracteristics-item-cont\">\n<p class=\"product__caracteristics-subtitle\">Tip transmisie-Prin reductor<\/p>\n<\/div>\n<\/li>\n<li class=\"product__caracteristics-item\">\n<div class=\"product__caracteristics-item-cont\">\n<p class=\"product__caracteristics-subtitle\">Puterea motorului (c.p.)-7<\/p>\n<\/div>\n<\/li>\n<li class=\"product__caracteristics-item\">\n<div class=\"product__caracteristics-item-cont\">\n<p class=\"product__caracteristics-subtitle\">Capacitatea cilindrica (cm\u00b3)-212<\/p>\n<\/div>\n<\/li>\n<li class=\"product__caracteristics-item\">\n<div class=\"product__caracteristics-item-cont\">\n<p class=\"product__caracteristics-subtitle\">Num\u0103rul de viteze-3 \u00eenainte,1 \u00eenapoi<\/p>\n<\/div>\n<\/li>\n<li class=\"product__caracteristics-item\">\n<div class=\"product__caracteristics-item-cont\">\n<p class=\"product__caracteristics-subtitle\">Suprafa\u021b\u0103 medie lucrat\u0103 (mp\/h)-1000<\/p>\n<\/div>\n<\/li>\n<li class=\"product__caracteristics-item\">\n<div class=\"product__caracteristics-item-cont\">\n<p class=\"product__caracteristics-subtitle\">Pornire-Manual\u0103<\/p>\n<\/div>\n<\/li>\n<li class=\"product__caracteristics-item\">\n<div class=\"product__caracteristics-item-cont\">\n<p class=\"product__caracteristics-subtitle\">Capacitatea rezervorului de combustibil (L)-2.5<\/p>\n<\/div>\n<\/li>\n<li class=\"product__caracteristics-item\">\n<div class=\"product__caracteristics-item-cont\">\n<p class=\"product__caracteristics-subtitle\">Freza in set-Da<\/p>\n<\/div>\n<\/li>\n<li class=\"product__caracteristics-item\">\n<div class=\"product__caracteristics-item-cont\">\n<p class=\"product__caracteristics-subtitle\">L\u0103\u021bime de prelucrare (mm)-1000<\/p>\n<\/div>\n<\/li>\n<li class=\"product__caracteristics-item\">\n<div class=\"product__caracteristics-item-cont\">\n<p class=\"product__caracteristics-subtitle\">Plug simplu \u00een set-Nu<\/p>\n<\/div>\n<\/li>\n<li class=\"product__caracteristics-item\">\n<div class=\"product__caracteristics-item-cont\">\n<p class=\"product__caracteristics-subtitle\">Plug reglabil \u00een set-Nu<\/p>\n<\/div>\n<\/li>\n<li class=\"product__caracteristics-item\">\n<div class=\"product__caracteristics-item-cont\">\n<p class=\"product__caracteristics-subtitle\">Combustibil-Benzin<\/p>\n<\/div>\n<\/li>\n<li class=\"product__caracteristics-item\">\n<div class=\"product__caracteristics-item-cont\">\n<p class=\"product__caracteristics-subtitle\">Greutate (kg)-88<\/p>\n<p>Motocultor HB 700 RS &#8211; PRO TechnoWorker este un echipament puternic \u0219i fiabil, creat pentru utilizare profesional\u0103 \u00een agricultur\u0103. Echipat cu un motor Rato Euro 5 \u00een 4 timpi, cu o putere de 7 CP \u0219i o capacitate cilindric\u0103 de 212 cm\u00b3, acest motocultor asigur\u0103 o performan\u021b\u0103 excelent\u0103 la un consum redus de combustibil, de doar 0,3-0,5 litri pe or\u0103. Datorit\u0103 sistemului antivibra\u021bie \u0219i senzorului de ulei, lucrul cu acest echipament devine confortabil \u0219i sigur. L\u0103\u021bimea de lucru a solului este reglabil\u0103 \u00een intervalul 60-100 cm, permi\u021b\u00e2nd adaptarea motocultorului la diferite sarcini. Motocultorul este echipat cu o frez\u0103 cu 32 de lame, \u00eemp\u0103r\u021bit\u0103 \u00een 8 sec\u021biuni, asigur\u00e2nd o prelucrare de calitate a solului. Reductorul din font\u0103 garanteaz\u0103 durabilitatea \u0219i fiabilitatea echipamentului, iar ro\u021bile mari de 4&#215;10 inci faciliteaz\u0103 deplasarea comod\u0103 pe teren. Viteza de rota\u021bie a frezei este de 360 rota\u021bii pe minut, asigur\u00e2nd o productivitate ridicat\u0103 de p\u00e2n\u0103 la 1000 m\u00b2 pe or\u0103. Echipamentul func\u021bioneaz\u0103 pe benzin\u0103 \u0219i are un rezervor de combustibil de 2,5 litri, oferind un timp de lucru \u00eendelungat f\u0103r\u0103 necesitatea realiment\u0103rii. Pachetul de livrare include freze reglabil\u0103, roat\u0103 frontal\u0103 pentru transport \u0219i dispozitiv de cuplare pentru accesorii suplimentare. Cu o greutate de 88 kg, motocultorul se remarc\u0103 prin stabilitate \u0219i manevrabilitate ridicat\u0103, ceea ce \u00eel face ideal pentru prelucrarea profesional\u0103 a solului.<\/p>\n<\/div>\n<\/li>\n<\/ul>","protected":false},"excerpt":{"rendered":"<p>Motocultor TechnoWorker HB 700 RS &#8211; PRO + freza Tip motor-4-timpi Tip transmisie-Prin reductor Puterea motorului (c.p.)-7 Capacitatea cilindrica (cm\u00b3)-212<\/p>","protected":false},"featured_media":5274,"template":"","meta":[],"product_cat":[142],"product_tag":[],"class_list":{"0":"post-5273","1":"product","2":"type-product","3":"status-publish","4":"has-post-thumbnail","6":"product_cat-motocultoare","8":"first","9":"instock","10":"shipping-taxable","11":"purchasable","12":"product-type-simple"},"yoast_head":"<!-- This site is optimized with the Yoast SEO plugin v20.12 - https:\/\/yoast.com\/wordpress\/plugins\/seo\/ -->\n<title>Motocultor TechnoWorker HB 700 RS - PRO + freza - Modernteh<\/title>\n<meta name=\"description\" content=\"Motocultor TechnoWorker HB 700 RS - PRO + freza\" \/>\n<meta name=\"robots\" content=\"index, follow, max-snippet:-1, max-image-preview:large, max-video-preview:-1\" \/>\n<link rel=\"canonical\" href=\"https:\/\/modernteh.md\/ru\/catalog\/motocultor-technoworker-hb-700-rs-pro-freza\/\" \/>\n<meta property=\"og:locale\" content=\"ru_RU\" \/>\n<meta property=\"og:type\" content=\"article\" \/>\n<meta property=\"og:title\" content=\"Motocultor TechnoWorker HB 700 RS - PRO + freza - Modernteh\" \/>\n<meta property=\"og:description\" content=\"Motocultor TechnoWorker HB 700 RS - PRO + freza\" \/>\n<meta property=\"og:url\" content=\"https:\/\/modernteh.md\/ru\/catalog\/motocultor-technoworker-hb-700-rs-pro-freza\/\" \/>\n<meta property=\"og:site_name\" content=\"Modernteh\" \/>\n<meta property=\"article:publisher\" content=\"https:\/\/www.facebook.com\/profile.php?id=100082695620019\" \/>\n<meta property=\"article:modified_time\" content=\"2026-03-05T08:48:22+00:00\" \/>\n<meta property=\"og:image\" content=\"https:\/\/modernteh.md\/wp-content\/uploads\/2026\/03\/a8995e6a31bb29f7f2688c57bc81dd8f.webp\" \/>\n\t<meta property=\"og:image:width\" content=\"1312\" \/>\n\t<meta property=\"og:image:height\" content=\"1600\" \/>\n\t<meta property=\"og:image:type\" content=\"image\/webp\" \/>\n<meta name=\"twitter:card\" content=\"summary_large_image\" \/>\n<meta name=\"twitter:label1\" content=\"\u041f\u0440\u0438\u043c\u0435\u0440\u043d\u043e\u0435 \u0432\u0440\u0435\u043c\u044f \u0434\u043b\u044f \u0447\u0442\u0435\u043d\u0438\u044f\" \/>\n\t<meta name=\"twitter:data1\" content=\"2 \u043c\u0438\u043d\u0443\u0442\u044b\" \/>\n<script type=\"application\/ld+json\" class=\"yoast-schema-graph\">{\"@context\":\"https:\/\/schema.org\",\"@graph\":[{\"@type\":\"WebPage\",\"@id\":\"https:\/\/modernteh.md\/catalog\/motocultor-technoworker-hb-700-rs-pro-freza\/\",\"url\":\"https:\/\/modernteh.md\/catalog\/motocultor-technoworker-hb-700-rs-pro-freza\/\",\"name\":\"Motocultor TechnoWorker HB 700 RS - PRO + freza - Modernteh\",\"isPartOf\":{\"@id\":\"https:\/\/modernteh.md\/#website\"},\"datePublished\":\"2026-03-05T08:48:21+00:00\",\"dateModified\":\"2026-03-05T08:48:22+00:00\",\"description\":\"Motocultor TechnoWorker HB 700 RS - PRO + freza\",\"breadcrumb\":{\"@id\":\"https:\/\/modernteh.md\/catalog\/motocultor-technoworker-hb-700-rs-pro-freza\/#breadcrumb\"},\"inLanguage\":\"ru-RU\",\"potentialAction\":[{\"@type\":\"ReadAction\",\"target\":[\"https:\/\/modernteh.md\/catalog\/motocultor-technoworker-hb-700-rs-pro-freza\/\"]}]},{\"@type\":\"BreadcrumbList\",\"@id\":\"https:\/\/modernteh.md\/catalog\/motocultor-technoworker-hb-700-rs-pro-freza\/#breadcrumb\",\"itemListElement\":[{\"@type\":\"ListItem\",\"position\":1,\"name\":\"Prima pagin\u0103\",\"item\":\"https:\/\/modernteh.md\/\"},{\"@type\":\"ListItem\",\"position\":2,\"name\":\"Catalog\",\"item\":\"https:\/\/modernteh.md\/catalog\/\"},{\"@type\":\"ListItem\",\"position\":3,\"name\":\"Motocultor TechnoWorker HB 700 RS &#8211; PRO + freza\"}]},{\"@type\":\"WebSite\",\"@id\":\"https:\/\/modernteh.md\/#website\",\"url\":\"https:\/\/modernteh.md\/\",\"name\":\"Modernteh\",\"description\":\"Modernteh\",\"publisher\":{\"@id\":\"https:\/\/modernteh.md\/#organization\"},\"potentialAction\":[{\"@type\":\"SearchAction\",\"target\":{\"@type\":\"EntryPoint\",\"urlTemplate\":\"https:\/\/modernteh.md\/?s={search_term_string}\"},\"query-input\":\"required name=search_term_string\"}],\"inLanguage\":\"ru-RU\"},{\"@type\":\"Organization\",\"@id\":\"https:\/\/modernteh.md\/#organization\",\"name\":\"Modernteh\",\"url\":\"https:\/\/modernteh.md\/\",\"logo\":{\"@type\":\"ImageObject\",\"inLanguage\":\"ru-RU\",\"@id\":\"https:\/\/modernteh.md\/#\/schema\/logo\/image\/\",\"url\":\"https:\/\/modernteh.md\/wp-content\/uploads\/2022\/06\/Logo_site-2.png\",\"contentUrl\":\"https:\/\/modernteh.md\/wp-content\/uploads\/2022\/06\/Logo_site-2.png\",\"width\":500,\"height\":487,\"caption\":\"Modernteh\"},\"image\":{\"@id\":\"https:\/\/modernteh.md\/#\/schema\/logo\/image\/\"},\"sameAs\":[\"https:\/\/www.facebook.com\/profile.php?id=100082695620019\"]}]}<\/script>\n<!-- \/ Yoast SEO plugin. -->","yoast_head_json":{"title":"Motocultor TechnoWorker HB 700 RS - PRO + freza - Modernteh","description":"Motocultor TechnoWorker HB 700 RS - PRO + freza","robots":{"index":"index","follow":"follow","max-snippet":"max-snippet:-1","max-image-preview":"max-image-preview:large","max-video-preview":"max-video-preview:-1"},"canonical":"https:\/\/modernteh.md\/ru\/catalog\/motocultor-technoworker-hb-700-rs-pro-freza\/","og_locale":"ru_RU","og_type":"article","og_title":"Motocultor TechnoWorker HB 700 RS - PRO + freza - Modernteh","og_description":"Motocultor TechnoWorker HB 700 RS - PRO + freza","og_url":"https:\/\/modernteh.md\/ru\/catalog\/motocultor-technoworker-hb-700-rs-pro-freza\/","og_site_name":"Modernteh","article_publisher":"https:\/\/www.facebook.com\/profile.php?id=100082695620019","article_modified_time":"2026-03-05T08:48:22+00:00","og_image":[{"width":1312,"height":1600,"url":"https:\/\/modernteh.md\/wp-content\/uploads\/2026\/03\/a8995e6a31bb29f7f2688c57bc81dd8f.webp","type":"image\/webp"}],"twitter_card":"summary_large_image","twitter_misc":{"\u041f\u0440\u0438\u043c\u0435\u0440\u043d\u043e\u0435 \u0432\u0440\u0435\u043c\u044f \u0434\u043b\u044f \u0447\u0442\u0435\u043d\u0438\u044f":"2 \u043c\u0438\u043d\u0443\u0442\u044b"},"schema":{"@context":"https:\/\/schema.org","@graph":[{"@type":"WebPage","@id":"https:\/\/modernteh.md\/catalog\/motocultor-technoworker-hb-700-rs-pro-freza\/","url":"https:\/\/modernteh.md\/catalog\/motocultor-technoworker-hb-700-rs-pro-freza\/","name":"Motocultor TechnoWorker HB 700 RS - PRO + freza - Modernteh","isPartOf":{"@id":"https:\/\/modernteh.md\/#website"},"datePublished":"2026-03-05T08:48:21+00:00","dateModified":"2026-03-05T08:48:22+00:00","description":"Motocultor TechnoWorker HB 700 RS - PRO + freza","breadcrumb":{"@id":"https:\/\/modernteh.md\/catalog\/motocultor-technoworker-hb-700-rs-pro-freza\/#breadcrumb"},"inLanguage":"ru-RU","potentialAction":[{"@type":"ReadAction","target":["https:\/\/modernteh.md\/catalog\/motocultor-technoworker-hb-700-rs-pro-freza\/"]}]},{"@type":"BreadcrumbList","@id":"https:\/\/modernteh.md\/catalog\/motocultor-technoworker-hb-700-rs-pro-freza\/#breadcrumb","itemListElement":[{"@type":"ListItem","position":1,"name":"Prima pagin\u0103","item":"https:\/\/modernteh.md\/"},{"@type":"ListItem","position":2,"name":"Catalog","item":"https:\/\/modernteh.md\/catalog\/"},{"@type":"ListItem","position":3,"name":"Motocultor TechnoWorker HB 700 RS &#8211; PRO + freza"}]},{"@type":"WebSite","@id":"https:\/\/modernteh.md\/#website","url":"https:\/\/modernteh.md\/","name":"Modernteh","description":"Modernteh","publisher":{"@id":"https:\/\/modernteh.md\/#organization"},"potentialAction":[{"@type":"SearchAction","target":{"@type":"EntryPoint","urlTemplate":"https:\/\/modernteh.md\/?s={search_term_string}"},"query-input":"required name=search_term_string"}],"inLanguage":"ru-RU"},{"@type":"Organization","@id":"https:\/\/modernteh.md\/#organization","name":"Modernteh","url":"https:\/\/modernteh.md\/","logo":{"@type":"ImageObject","inLanguage":"ru-RU","@id":"https:\/\/modernteh.md\/#\/schema\/logo\/image\/","url":"https:\/\/modernteh.md\/wp-content\/uploads\/2022\/06\/Logo_site-2.png","contentUrl":"https:\/\/modernteh.md\/wp-content\/uploads\/2022\/06\/Logo_site-2.png","width":500,"height":487,"caption":"Modernteh"},"image":{"@id":"https:\/\/modernteh.md\/#\/schema\/logo\/image\/"},"sameAs":["https:\/\/www.facebook.com\/profile.php?id=100082695620019"]}]}},"_links":{"self":[{"href":"https:\/\/modernteh.md\/ru\/wp-json\/wp\/v2\/product\/5273","targetHints":{"allow":["GET"]}}],"collection":[{"href":"https:\/\/modernteh.md\/ru\/wp-json\/wp\/v2\/product"}],"about":[{"href":"https:\/\/modernteh.md\/ru\/wp-json\/wp\/v2\/types\/product"}],"wp:featuredmedia":[{"embeddable":true,"href":"https:\/\/modernteh.md\/ru\/wp-json\/wp\/v2\/media\/5274"}],"wp:attachment":[{"href":"https:\/\/modernteh.md\/ru\/wp-json\/wp\/v2\/media?parent=5273"}],"wp:term":[{"taxonomy":"product_cat","embeddable":true,"href":"https:\/\/modernteh.md\/ru\/wp-json\/wp\/v2\/product_cat?post=5273"},{"taxonomy":"product_tag","embeddable":true,"href":"https:\/\/modernteh.md\/ru\/wp-json\/wp\/v2\/product_tag?post=5273"}],"curies":[{"name":"wp","href":"https:\/\/api.w.org\/{rel}","templated":true}]}}