{"id":5289,"date":"2026-03-12T12:41:02","date_gmt":"2026-03-12T12:41:02","guid":{"rendered":"https:\/\/modernteh.md\/?post_type=product&#038;p=5289"},"modified":"2026-03-12T16:08:23","modified_gmt":"2026-03-12T16:08:23","slug":"motocicleta-kayo-t4-road-250cc","status":"publish","type":"product","link":"https:\/\/modernteh.md\/ru\/catalog\/motocicleta-kayo-t4-road-250cc\/","title":{"rendered":"Motocicleta Kayo T4 Road 250cc"},"content":{"rendered":"<p>Motocicleta Kayo T4 Road 250cc<\/p>\n<p>Modelul \u00abKAYO T4 \u00bb este conceput pentru curse lungi pe trasee off-road \u0219i forestiere. Un rezervor de gaz m\u0103rit de p\u00e2n\u0103 la 10 litri, un motor economic r\u0103cit cu aer \u0219i o zon\u0103 pentru bagaje \u2013 fac posibil\u0103 deplasarea pe distan\u021be mari, departe de beneficiile civiliza\u021biei.<\/p>\n<pre id=\"tw-target-text\" class=\"tw-data-text tw-text-large tw-ta\" dir=\"ltr\" tabindex=\"-1\" role=\"text\" data-placeholder=\"Traducere\" data-ved=\"2ahUKEwjH_PzYr5qTAxXgxwIHHd2tCeYQ3ewLegQIBBAX\" aria-label=\"Text tradus: Greutate proprie redus\u0103 \u2013 107 kg \u0218asiu duplex robust din o\u021bel Motor fiabil (bazat pe motorul Honda CRF 230) Transmisie manual\u0103 cu cinci trepte Suspensie cu curs\u0103 lung\u0103 \u0219i amortizoare hidraulice \u201eFast Ace\u201d Gard\u0103 la sol mare (335 mm)\"><span class=\"Y2IQFc\" lang=\"ro\">Greutate proprie redus\u0103 \u2013 107 kg\r\n\u0218asiu duplex robust din o\u021bel\r\nMotor fiabil (bazat pe motorul Honda CRF 230)\r\nTransmisie manual\u0103 cu cinci trepte\r\nSuspensie cu curs\u0103 lung\u0103 \u0219i amortizoare hidraulice \u201eFast Ace\u201d\r\nGard\u0103 la sol mare (335 mm)<\/span><\/pre>","protected":false},"excerpt":{"rendered":"<p>Motocicleta Kayo T4 Road 250cc Modelul \u00abKAYO T4 \u00bb este conceput pentru curse lungi pe trasee off-road \u0219i forestiere. Un<\/p>","protected":false},"featured_media":5290,"template":"","meta":[],"product_cat":[204],"product_tag":[],"class_list":{"0":"post-5289","1":"product","2":"type-product","3":"status-publish","4":"has-post-thumbnail","6":"product_cat-motociclete-si-triciclete","8":"first","9":"instock","10":"shipping-taxable","11":"purchasable","12":"product-type-simple"},"yoast_head":"<!-- This site is optimized with the Yoast SEO plugin v20.12 - https:\/\/yoast.com\/wordpress\/plugins\/seo\/ -->\n<title>Motocicleta Kayo T4 Road 250cc - Modernteh<\/title>\n<meta name=\"description\" content=\"Motocicleta Kayo T4 Road 250cc\" \/>\n<meta name=\"robots\" content=\"index, follow, max-snippet:-1, max-image-preview:large, max-video-preview:-1\" \/>\n<link rel=\"canonical\" href=\"https:\/\/modernteh.md\/ru\/catalog\/motocicleta-kayo-t4-road-250cc\/\" \/>\n<meta property=\"og:locale\" content=\"ru_RU\" \/>\n<meta property=\"og:type\" content=\"article\" \/>\n<meta property=\"og:title\" content=\"Motocicleta Kayo T4 Road 250cc - Modernteh\" \/>\n<meta property=\"og:description\" content=\"Motocicleta Kayo T4 Road 250cc\" \/>\n<meta property=\"og:url\" content=\"https:\/\/modernteh.md\/ru\/catalog\/motocicleta-kayo-t4-road-250cc\/\" \/>\n<meta property=\"og:site_name\" content=\"Modernteh\" \/>\n<meta property=\"article:publisher\" content=\"https:\/\/www.facebook.com\/profile.php?id=100082695620019\" \/>\n<meta property=\"article:modified_time\" content=\"2026-03-12T16:08:23+00:00\" \/>\n<meta property=\"og:image\" content=\"https:\/\/modernteh.md\/wp-content\/uploads\/2026\/03\/Kayo-T4.jpg\" \/>\n\t<meta property=\"og:image:width\" content=\"1200\" \/>\n\t<meta property=\"og:image:height\" content=\"1200\" \/>\n\t<meta property=\"og:image:type\" content=\"image\/jpeg\" \/>\n<meta name=\"twitter:card\" content=\"summary_large_image\" \/>\n<meta name=\"twitter:label1\" content=\"\u041f\u0440\u0438\u043c\u0435\u0440\u043d\u043e\u0435 \u0432\u0440\u0435\u043c\u044f \u0434\u043b\u044f \u0447\u0442\u0435\u043d\u0438\u044f\" \/>\n\t<meta name=\"twitter:data1\" content=\"1 \u043c\u0438\u043d\u0443\u0442\u0430\" \/>\n<script type=\"application\/ld+json\" class=\"yoast-schema-graph\">{\"@context\":\"https:\/\/schema.org\",\"@graph\":[{\"@type\":\"WebPage\",\"@id\":\"https:\/\/modernteh.md\/catalog\/motocicleta-kayo-t4-road-250cc\/\",\"url\":\"https:\/\/modernteh.md\/catalog\/motocicleta-kayo-t4-road-250cc\/\",\"name\":\"Motocicleta Kayo T4 Road 250cc - Modernteh\",\"isPartOf\":{\"@id\":\"https:\/\/modernteh.md\/#website\"},\"datePublished\":\"2026-03-12T12:41:02+00:00\",\"dateModified\":\"2026-03-12T16:08:23+00:00\",\"description\":\"Motocicleta Kayo T4 Road 250cc\",\"breadcrumb\":{\"@id\":\"https:\/\/modernteh.md\/catalog\/motocicleta-kayo-t4-road-250cc\/#breadcrumb\"},\"inLanguage\":\"ru-RU\",\"potentialAction\":[{\"@type\":\"ReadAction\",\"target\":[\"https:\/\/modernteh.md\/catalog\/motocicleta-kayo-t4-road-250cc\/\"]}]},{\"@type\":\"BreadcrumbList\",\"@id\":\"https:\/\/modernteh.md\/catalog\/motocicleta-kayo-t4-road-250cc\/#breadcrumb\",\"itemListElement\":[{\"@type\":\"ListItem\",\"position\":1,\"name\":\"Prima pagin\u0103\",\"item\":\"https:\/\/modernteh.md\/\"},{\"@type\":\"ListItem\",\"position\":2,\"name\":\"Catalog\",\"item\":\"https:\/\/modernteh.md\/catalog\/\"},{\"@type\":\"ListItem\",\"position\":3,\"name\":\"Motocicleta Kayo T4 Road 250cc\"}]},{\"@type\":\"WebSite\",\"@id\":\"https:\/\/modernteh.md\/#website\",\"url\":\"https:\/\/modernteh.md\/\",\"name\":\"Modernteh\",\"description\":\"Modernteh\",\"publisher\":{\"@id\":\"https:\/\/modernteh.md\/#organization\"},\"potentialAction\":[{\"@type\":\"SearchAction\",\"target\":{\"@type\":\"EntryPoint\",\"urlTemplate\":\"https:\/\/modernteh.md\/?s={search_term_string}\"},\"query-input\":\"required name=search_term_string\"}],\"inLanguage\":\"ru-RU\"},{\"@type\":\"Organization\",\"@id\":\"https:\/\/modernteh.md\/#organization\",\"name\":\"Modernteh\",\"url\":\"https:\/\/modernteh.md\/\",\"logo\":{\"@type\":\"ImageObject\",\"inLanguage\":\"ru-RU\",\"@id\":\"https:\/\/modernteh.md\/#\/schema\/logo\/image\/\",\"url\":\"https:\/\/modernteh.md\/wp-content\/uploads\/2022\/06\/Logo_site-2.png\",\"contentUrl\":\"https:\/\/modernteh.md\/wp-content\/uploads\/2022\/06\/Logo_site-2.png\",\"width\":500,\"height\":487,\"caption\":\"Modernteh\"},\"image\":{\"@id\":\"https:\/\/modernteh.md\/#\/schema\/logo\/image\/\"},\"sameAs\":[\"https:\/\/www.facebook.com\/profile.php?id=100082695620019\"]}]}<\/script>\n<!-- \/ Yoast SEO plugin. -->","yoast_head_json":{"title":"Motocicleta Kayo T4 Road 250cc - Modernteh","description":"Motocicleta Kayo T4 Road 250cc","robots":{"index":"index","follow":"follow","max-snippet":"max-snippet:-1","max-image-preview":"max-image-preview:large","max-video-preview":"max-video-preview:-1"},"canonical":"https:\/\/modernteh.md\/ru\/catalog\/motocicleta-kayo-t4-road-250cc\/","og_locale":"ru_RU","og_type":"article","og_title":"Motocicleta Kayo T4 Road 250cc - Modernteh","og_description":"Motocicleta Kayo T4 Road 250cc","og_url":"https:\/\/modernteh.md\/ru\/catalog\/motocicleta-kayo-t4-road-250cc\/","og_site_name":"Modernteh","article_publisher":"https:\/\/www.facebook.com\/profile.php?id=100082695620019","article_modified_time":"2026-03-12T16:08:23+00:00","og_image":[{"width":1200,"height":1200,"url":"https:\/\/modernteh.md\/wp-content\/uploads\/2026\/03\/Kayo-T4.jpg","type":"image\/jpeg"}],"twitter_card":"summary_large_image","twitter_misc":{"\u041f\u0440\u0438\u043c\u0435\u0440\u043d\u043e\u0435 \u0432\u0440\u0435\u043c\u044f \u0434\u043b\u044f \u0447\u0442\u0435\u043d\u0438\u044f":"1 \u043c\u0438\u043d\u0443\u0442\u0430"},"schema":{"@context":"https:\/\/schema.org","@graph":[{"@type":"WebPage","@id":"https:\/\/modernteh.md\/catalog\/motocicleta-kayo-t4-road-250cc\/","url":"https:\/\/modernteh.md\/catalog\/motocicleta-kayo-t4-road-250cc\/","name":"Motocicleta Kayo T4 Road 250cc - Modernteh","isPartOf":{"@id":"https:\/\/modernteh.md\/#website"},"datePublished":"2026-03-12T12:41:02+00:00","dateModified":"2026-03-12T16:08:23+00:00","description":"Motocicleta Kayo T4 Road 250cc","breadcrumb":{"@id":"https:\/\/modernteh.md\/catalog\/motocicleta-kayo-t4-road-250cc\/#breadcrumb"},"inLanguage":"ru-RU","potentialAction":[{"@type":"ReadAction","target":["https:\/\/modernteh.md\/catalog\/motocicleta-kayo-t4-road-250cc\/"]}]},{"@type":"BreadcrumbList","@id":"https:\/\/modernteh.md\/catalog\/motocicleta-kayo-t4-road-250cc\/#breadcrumb","itemListElement":[{"@type":"ListItem","position":1,"name":"Prima pagin\u0103","item":"https:\/\/modernteh.md\/"},{"@type":"ListItem","position":2,"name":"Catalog","item":"https:\/\/modernteh.md\/catalog\/"},{"@type":"ListItem","position":3,"name":"Motocicleta Kayo T4 Road 250cc"}]},{"@type":"WebSite","@id":"https:\/\/modernteh.md\/#website","url":"https:\/\/modernteh.md\/","name":"Modernteh","description":"Modernteh","publisher":{"@id":"https:\/\/modernteh.md\/#organization"},"potentialAction":[{"@type":"SearchAction","target":{"@type":"EntryPoint","urlTemplate":"https:\/\/modernteh.md\/?s={search_term_string}"},"query-input":"required name=search_term_string"}],"inLanguage":"ru-RU"},{"@type":"Organization","@id":"https:\/\/modernteh.md\/#organization","name":"Modernteh","url":"https:\/\/modernteh.md\/","logo":{"@type":"ImageObject","inLanguage":"ru-RU","@id":"https:\/\/modernteh.md\/#\/schema\/logo\/image\/","url":"https:\/\/modernteh.md\/wp-content\/uploads\/2022\/06\/Logo_site-2.png","contentUrl":"https:\/\/modernteh.md\/wp-content\/uploads\/2022\/06\/Logo_site-2.png","width":500,"height":487,"caption":"Modernteh"},"image":{"@id":"https:\/\/modernteh.md\/#\/schema\/logo\/image\/"},"sameAs":["https:\/\/www.facebook.com\/profile.php?id=100082695620019"]}]}},"_links":{"self":[{"href":"https:\/\/modernteh.md\/ru\/wp-json\/wp\/v2\/product\/5289","targetHints":{"allow":["GET"]}}],"collection":[{"href":"https:\/\/modernteh.md\/ru\/wp-json\/wp\/v2\/product"}],"about":[{"href":"https:\/\/modernteh.md\/ru\/wp-json\/wp\/v2\/types\/product"}],"wp:featuredmedia":[{"embeddable":true,"href":"https:\/\/modernteh.md\/ru\/wp-json\/wp\/v2\/media\/5290"}],"wp:attachment":[{"href":"https:\/\/modernteh.md\/ru\/wp-json\/wp\/v2\/media?parent=5289"}],"wp:term":[{"taxonomy":"product_cat","embeddable":true,"href":"https:\/\/modernteh.md\/ru\/wp-json\/wp\/v2\/product_cat?post=5289"},{"taxonomy":"product_tag","embeddable":true,"href":"https:\/\/modernteh.md\/ru\/wp-json\/wp\/v2\/product_tag?post=5289"}],"curies":[{"name":"wp","href":"https:\/\/api.w.org\/{rel}","templated":true}]}}