{"id":5293,"date":"2026-03-19T09:32:58","date_gmt":"2026-03-19T09:32:58","guid":{"rendered":"https:\/\/modernteh.md\/?post_type=product&#038;p=5293"},"modified":"2026-03-19T10:29:27","modified_gmt":"2026-03-19T10:29:27","slug":"tricicleta-electrica-tronix-1500w-tre-08","status":"publish","type":"product","link":"https:\/\/modernteh.md\/ru\/catalog\/tricicleta-electrica-tronix-1500w-tre-08\/","title":{"rendered":"Tricicleta electrica Tronix 1500W TRE-08"},"content":{"rendered":"<pre class=\"tw-data-text tw-text-large tw-ta\" dir=\"ltr\" tabindex=\"-1\" role=\"text\" data-placeholder=\"Traducere\" data-ved=\"2ahUKEwij_ovZ0auTAxVwhv0HHd6AEIIQ3ewLegQIBBAW\" aria-label=\"Text tradus: Motor 1500W 4 TRE - 08 Controler 15T Fr\u00e2n\u0103 cu disc fa\u021b\u0103 \u0219i fr\u00e2n\u0103 cu tambur spate Anvelop\u0103 cu vacuum 300-10 Afi\u0219aj digital Baterie cu plumb 72V20Ah Design logo ad\u0103ugat Furc\u0103 fa\u021b\u0103 cu band\u0103 reflectorizant\u0103 Stop de direc\u021bie fa\u021b\u0103 \u0219i spate \u0219i lamp\u0103 de fr\u00e2n\u0103 spate, oglind\u0103 retrovizoare, cheie cu telecomand\u0103, claxon Dimensiuni pachet: 195*81*70 Culoare: cadru negru + culoare ro\u0219ie 13, cadru portocaliu cu culoare gri 1\"><span class=\"Y2IQFc\" lang=\"ro\">Tricicleta electrica Tronix 1500W TRE-08\r\nMotor 1500W 4 TRE - 08\r\nControler 15T\r\nFr\u00e2n\u0103 cu disc fa\u021b\u0103 \u0219i fr\u00e2n\u0103 cu tambur spate\r\nAnvelop\u0103 cu vacuum 300-10\r\nAfi\u0219aj digital\r\nBaterie cu plumb 72V-20Ah\r\nDesign logo ad\u0103ugat\r\nFurc\u0103 fa\u021b\u0103 cu band\u0103 reflectorizant\u0103\r\nStop de direc\u021bie fa\u021b\u0103 \u0219i spate \u0219i lamp\u0103 de fr\u00e2n\u0103 spate, oglind\u0103 retrovizoare, cheie cu telecomand\u0103,\r\nclaxon\r\nCuloare: cadru portocaliu cu culoare gri 1\r\n<\/span><span class=\"attr-name\">Autonomia de parcurs -<\/span><span class=\"attr-text\">35-45 km<\/span><\/pre>\n<div class=\"short-attribute\"><span class=\"attr-name\">Dimensiune &#8211;<\/span><span class=\"attr-text\">2100*85*1750 cm<\/span><\/div>\n<div class=\"short-attribute\"><span class=\"attr-name\">Num\u0103r de baterii &#8211;<\/span><span class=\"attr-text\">6 &#8211; 72 V 20 Ah<\/span><\/div>\n<div class=\"short-attribute\"><span class=\"attr-name\">Sarcina maxim\u0103 &#8211;<\/span><span class=\"attr-text\">p\u00e2n\u0103 la 300 kg<\/span><\/div>\n<pre id=\"tw-target-text\" class=\"tw-data-text tw-text-large tw-ta\" dir=\"ltr\" tabindex=\"-1\" role=\"text\" data-placeholder=\"Traducere\" data-ved=\"2ahUKEwij_ovZ0auTAxVwhv0HHd6AEIIQ3ewLegQIBBAW\" aria-label=\"Text tradus: Motor 1500W 4 TRE - 08 Controler 15T Fr\u00e2n\u0103 cu disc fa\u021b\u0103 \u0219i fr\u00e2n\u0103 cu tambur spate Anvelop\u0103 cu vacuum 300-10 Afi\u0219aj digital Baterie cu plumb 72V20Ah Design logo ad\u0103ugat Furc\u0103 fa\u021b\u0103 cu band\u0103 reflectorizant\u0103 Stop de direc\u021bie fa\u021b\u0103 \u0219i spate \u0219i lamp\u0103 de fr\u00e2n\u0103 spate, oglind\u0103 retrovizoare, cheie cu telecomand\u0103, claxon Dimensiuni pachet: 195*81*70 Culoare: cadru negru + culoare ro\u0219ie 13, cadru portocaliu cu culoare gri 1\"><span class=\"Y2IQFc\" lang=\"ro\">\u00a0<\/span><\/pre>","protected":false},"excerpt":{"rendered":"<p>Tricicleta electrica Tronix 1500W TRE-08 Motor 1500W 4 TRE &#8211; 08 Controler 15T Fr\u00e2n\u0103 cu disc fa\u021b\u0103 \u0219i fr\u00e2n\u0103 cu<\/p>","protected":false},"featured_media":5294,"template":"","meta":[],"product_cat":[204],"product_tag":[],"class_list":{"0":"post-5293","1":"product","2":"type-product","3":"status-publish","4":"has-post-thumbnail","6":"product_cat-motociclete-si-triciclete","8":"first","9":"instock","10":"shipping-taxable","11":"purchasable","12":"product-type-simple"},"yoast_head":"<!-- This site is optimized with the Yoast SEO plugin v20.12 - https:\/\/yoast.com\/wordpress\/plugins\/seo\/ -->\n<title>Tricicleta electrica Tronix 1500W TRE-08 - Modernteh<\/title>\n<meta name=\"description\" content=\"Tricicleta electrica Tronix 1500W TRE-08\" \/>\n<meta name=\"robots\" content=\"index, follow, max-snippet:-1, max-image-preview:large, max-video-preview:-1\" \/>\n<link rel=\"canonical\" href=\"https:\/\/modernteh.md\/ru\/catalog\/tricicleta-electrica-tronix-1500w-tre-08\/\" \/>\n<meta property=\"og:locale\" content=\"ru_RU\" \/>\n<meta property=\"og:type\" content=\"article\" \/>\n<meta property=\"og:title\" content=\"Tricicleta electrica Tronix 1500W TRE-08 - Modernteh\" \/>\n<meta property=\"og:description\" content=\"Tricicleta electrica Tronix 1500W TRE-08\" \/>\n<meta property=\"og:url\" content=\"https:\/\/modernteh.md\/ru\/catalog\/tricicleta-electrica-tronix-1500w-tre-08\/\" \/>\n<meta property=\"og:site_name\" content=\"Modernteh\" \/>\n<meta property=\"article:publisher\" content=\"https:\/\/www.facebook.com\/profile.php?id=100082695620019\" \/>\n<meta property=\"article:modified_time\" content=\"2026-03-19T10:29:27+00:00\" \/>\n<meta property=\"og:image\" content=\"https:\/\/modernteh.md\/wp-content\/uploads\/2026\/03\/68bfd0418eb6b9.38262149_lqmiefpkjhgon.jpeg\" \/>\n\t<meta property=\"og:image:width\" content=\"800\" \/>\n\t<meta property=\"og:image:height\" content=\"600\" \/>\n\t<meta property=\"og:image:type\" content=\"image\/jpeg\" \/>\n<meta name=\"twitter:card\" content=\"summary_large_image\" \/>\n<meta name=\"twitter:label1\" content=\"\u041f\u0440\u0438\u043c\u0435\u0440\u043d\u043e\u0435 \u0432\u0440\u0435\u043c\u044f \u0434\u043b\u044f \u0447\u0442\u0435\u043d\u0438\u044f\" \/>\n\t<meta name=\"twitter:data1\" content=\"1 \u043c\u0438\u043d\u0443\u0442\u0430\" \/>\n<script type=\"application\/ld+json\" class=\"yoast-schema-graph\">{\"@context\":\"https:\/\/schema.org\",\"@graph\":[{\"@type\":\"WebPage\",\"@id\":\"https:\/\/modernteh.md\/catalog\/tricicleta-electrica-tronix-1500w-tre-08\/\",\"url\":\"https:\/\/modernteh.md\/catalog\/tricicleta-electrica-tronix-1500w-tre-08\/\",\"name\":\"Tricicleta electrica Tronix 1500W TRE-08 - Modernteh\",\"isPartOf\":{\"@id\":\"https:\/\/modernteh.md\/#website\"},\"datePublished\":\"2026-03-19T09:32:58+00:00\",\"dateModified\":\"2026-03-19T10:29:27+00:00\",\"description\":\"Tricicleta electrica Tronix 1500W TRE-08\",\"breadcrumb\":{\"@id\":\"https:\/\/modernteh.md\/catalog\/tricicleta-electrica-tronix-1500w-tre-08\/#breadcrumb\"},\"inLanguage\":\"ru-RU\",\"potentialAction\":[{\"@type\":\"ReadAction\",\"target\":[\"https:\/\/modernteh.md\/catalog\/tricicleta-electrica-tronix-1500w-tre-08\/\"]}]},{\"@type\":\"BreadcrumbList\",\"@id\":\"https:\/\/modernteh.md\/catalog\/tricicleta-electrica-tronix-1500w-tre-08\/#breadcrumb\",\"itemListElement\":[{\"@type\":\"ListItem\",\"position\":1,\"name\":\"Prima pagin\u0103\",\"item\":\"https:\/\/modernteh.md\/\"},{\"@type\":\"ListItem\",\"position\":2,\"name\":\"Catalog\",\"item\":\"https:\/\/modernteh.md\/catalog\/\"},{\"@type\":\"ListItem\",\"position\":3,\"name\":\"Tricicleta electrica Tronix 1500W TRE-08\"}]},{\"@type\":\"WebSite\",\"@id\":\"https:\/\/modernteh.md\/#website\",\"url\":\"https:\/\/modernteh.md\/\",\"name\":\"Modernteh\",\"description\":\"Modernteh\",\"publisher\":{\"@id\":\"https:\/\/modernteh.md\/#organization\"},\"potentialAction\":[{\"@type\":\"SearchAction\",\"target\":{\"@type\":\"EntryPoint\",\"urlTemplate\":\"https:\/\/modernteh.md\/?s={search_term_string}\"},\"query-input\":\"required name=search_term_string\"}],\"inLanguage\":\"ru-RU\"},{\"@type\":\"Organization\",\"@id\":\"https:\/\/modernteh.md\/#organization\",\"name\":\"Modernteh\",\"url\":\"https:\/\/modernteh.md\/\",\"logo\":{\"@type\":\"ImageObject\",\"inLanguage\":\"ru-RU\",\"@id\":\"https:\/\/modernteh.md\/#\/schema\/logo\/image\/\",\"url\":\"https:\/\/modernteh.md\/wp-content\/uploads\/2022\/06\/Logo_site-2.png\",\"contentUrl\":\"https:\/\/modernteh.md\/wp-content\/uploads\/2022\/06\/Logo_site-2.png\",\"width\":500,\"height\":487,\"caption\":\"Modernteh\"},\"image\":{\"@id\":\"https:\/\/modernteh.md\/#\/schema\/logo\/image\/\"},\"sameAs\":[\"https:\/\/www.facebook.com\/profile.php?id=100082695620019\"]}]}<\/script>\n<!-- \/ Yoast SEO plugin. -->","yoast_head_json":{"title":"Tricicleta electrica Tronix 1500W TRE-08 - Modernteh","description":"Tricicleta electrica Tronix 1500W TRE-08","robots":{"index":"index","follow":"follow","max-snippet":"max-snippet:-1","max-image-preview":"max-image-preview:large","max-video-preview":"max-video-preview:-1"},"canonical":"https:\/\/modernteh.md\/ru\/catalog\/tricicleta-electrica-tronix-1500w-tre-08\/","og_locale":"ru_RU","og_type":"article","og_title":"Tricicleta electrica Tronix 1500W TRE-08 - Modernteh","og_description":"Tricicleta electrica Tronix 1500W TRE-08","og_url":"https:\/\/modernteh.md\/ru\/catalog\/tricicleta-electrica-tronix-1500w-tre-08\/","og_site_name":"Modernteh","article_publisher":"https:\/\/www.facebook.com\/profile.php?id=100082695620019","article_modified_time":"2026-03-19T10:29:27+00:00","og_image":[{"width":800,"height":600,"url":"https:\/\/modernteh.md\/wp-content\/uploads\/2026\/03\/68bfd0418eb6b9.38262149_lqmiefpkjhgon.jpeg","type":"image\/jpeg"}],"twitter_card":"summary_large_image","twitter_misc":{"\u041f\u0440\u0438\u043c\u0435\u0440\u043d\u043e\u0435 \u0432\u0440\u0435\u043c\u044f \u0434\u043b\u044f \u0447\u0442\u0435\u043d\u0438\u044f":"1 \u043c\u0438\u043d\u0443\u0442\u0430"},"schema":{"@context":"https:\/\/schema.org","@graph":[{"@type":"WebPage","@id":"https:\/\/modernteh.md\/catalog\/tricicleta-electrica-tronix-1500w-tre-08\/","url":"https:\/\/modernteh.md\/catalog\/tricicleta-electrica-tronix-1500w-tre-08\/","name":"Tricicleta electrica Tronix 1500W TRE-08 - Modernteh","isPartOf":{"@id":"https:\/\/modernteh.md\/#website"},"datePublished":"2026-03-19T09:32:58+00:00","dateModified":"2026-03-19T10:29:27+00:00","description":"Tricicleta electrica Tronix 1500W TRE-08","breadcrumb":{"@id":"https:\/\/modernteh.md\/catalog\/tricicleta-electrica-tronix-1500w-tre-08\/#breadcrumb"},"inLanguage":"ru-RU","potentialAction":[{"@type":"ReadAction","target":["https:\/\/modernteh.md\/catalog\/tricicleta-electrica-tronix-1500w-tre-08\/"]}]},{"@type":"BreadcrumbList","@id":"https:\/\/modernteh.md\/catalog\/tricicleta-electrica-tronix-1500w-tre-08\/#breadcrumb","itemListElement":[{"@type":"ListItem","position":1,"name":"Prima pagin\u0103","item":"https:\/\/modernteh.md\/"},{"@type":"ListItem","position":2,"name":"Catalog","item":"https:\/\/modernteh.md\/catalog\/"},{"@type":"ListItem","position":3,"name":"Tricicleta electrica Tronix 1500W TRE-08"}]},{"@type":"WebSite","@id":"https:\/\/modernteh.md\/#website","url":"https:\/\/modernteh.md\/","name":"Modernteh","description":"Modernteh","publisher":{"@id":"https:\/\/modernteh.md\/#organization"},"potentialAction":[{"@type":"SearchAction","target":{"@type":"EntryPoint","urlTemplate":"https:\/\/modernteh.md\/?s={search_term_string}"},"query-input":"required name=search_term_string"}],"inLanguage":"ru-RU"},{"@type":"Organization","@id":"https:\/\/modernteh.md\/#organization","name":"Modernteh","url":"https:\/\/modernteh.md\/","logo":{"@type":"ImageObject","inLanguage":"ru-RU","@id":"https:\/\/modernteh.md\/#\/schema\/logo\/image\/","url":"https:\/\/modernteh.md\/wp-content\/uploads\/2022\/06\/Logo_site-2.png","contentUrl":"https:\/\/modernteh.md\/wp-content\/uploads\/2022\/06\/Logo_site-2.png","width":500,"height":487,"caption":"Modernteh"},"image":{"@id":"https:\/\/modernteh.md\/#\/schema\/logo\/image\/"},"sameAs":["https:\/\/www.facebook.com\/profile.php?id=100082695620019"]}]}},"_links":{"self":[{"href":"https:\/\/modernteh.md\/ru\/wp-json\/wp\/v2\/product\/5293","targetHints":{"allow":["GET"]}}],"collection":[{"href":"https:\/\/modernteh.md\/ru\/wp-json\/wp\/v2\/product"}],"about":[{"href":"https:\/\/modernteh.md\/ru\/wp-json\/wp\/v2\/types\/product"}],"wp:featuredmedia":[{"embeddable":true,"href":"https:\/\/modernteh.md\/ru\/wp-json\/wp\/v2\/media\/5294"}],"wp:attachment":[{"href":"https:\/\/modernteh.md\/ru\/wp-json\/wp\/v2\/media?parent=5293"}],"wp:term":[{"taxonomy":"product_cat","embeddable":true,"href":"https:\/\/modernteh.md\/ru\/wp-json\/wp\/v2\/product_cat?post=5293"},{"taxonomy":"product_tag","embeddable":true,"href":"https:\/\/modernteh.md\/ru\/wp-json\/wp\/v2\/product_tag?post=5293"}],"curies":[{"name":"wp","href":"https:\/\/api.w.org\/{rel}","templated":true}]}}