{"id":5298,"date":"2026-03-19T10:06:32","date_gmt":"2026-03-19T10:06:32","guid":{"rendered":"https:\/\/modernteh.md\/?post_type=product&#038;p=5298"},"modified":"2026-03-19T10:21:03","modified_gmt":"2026-03-19T10:21:03","slug":"scuter-electric-500w-48v12ah-silver-se-07","status":"publish","type":"product","link":"https:\/\/modernteh.md\/ru\/catalog\/scuter-electric-500w-48v12ah-silver-se-07\/","title":{"rendered":"Scuter electric 500W 48v12Ah Silver SE-07"},"content":{"rendered":"<pre id=\"tw-target-text\" class=\"tw-data-text tw-text-large tw-ta\" dir=\"ltr\" tabindex=\"-1\" role=\"text\" data-placeholder=\"Traducere\" data-ved=\"2ahUKEwij_ovZ0auTAxVwhv0HHd6AEIIQ3ewLegQIBBAW\" aria-label=\"Text tradus: Motor de 500W 5 SE - 07 Controler 6T Fr\u00e2n\u0103 cu tambur fa\u021b\u0103 \u0219i fr\u00e2n\u0103 spate Anvelop\u0103 cu vid 14-250 Afi\u0219aj digital Cu baterie cu plumb-acid de 48V12ah Ad\u0103uga\u021bi design logo Furc\u0103 fa\u021b\u0103 cu band\u0103 reflectorizant\u0103 Stop de direc\u021bie fa\u021b\u0103 \u0219i spate \u0219i stop de fr\u00e2n\u0103 spate, oglind\u0103 retrovizoare, cheie cu telecomand\u0103, claxon Dimensiuni pachet: 130*32*65cm Bej 14, argintiu 14\"><span class=\"Y2IQFc\" lang=\"ro\">Scuter electric 500W 48v12Ah Silver SE-07\r\nMotor de 500W\r\nSE - 07\r\nControler 6T\r\nFr\u00e2n\u0103 cu tambur fa\u021b\u0103 \u0219i fr\u00e2n\u0103 spate\r\nAnvelop\u0103 cu vid 14-250\r\nAfi\u0219aj digital\r\nCu baterie cu plumb-acid de 48V-12ah\r\nAd\u0103uga\u021bi design logo\r\nFurc\u0103 fa\u021b\u0103 cu band\u0103 reflectorizant\u0103\r\nStop de direc\u021bie fa\u021b\u0103 \u0219i spate \u0219i stop de fr\u00e2n\u0103 spate,\r\noglind\u0103 retrovizoare, cheie cu telecomand\u0103,claxon\r\nDimensiuni pachet: 130*32*65cm\r\nargintiu 14\r\nAutonomie- 20-30km\r\nViteza maxima 25 km\/h\r\nIncarcator baterie 220v inclus\r\nTimp de incarcare 4-5 ore<\/span><\/pre>","protected":false},"excerpt":{"rendered":"<p>Scuter electric 500W 48v12Ah Silver SE-07 Motor de 500W SE &#8211; 07 Controler 6T Fr\u00e2n\u0103 cu tambur fa\u021b\u0103 \u0219i fr\u00e2n\u0103<\/p>","protected":false},"featured_media":5299,"template":"","meta":[],"product_cat":[204],"product_tag":[],"class_list":{"0":"post-5298","1":"product","2":"type-product","3":"status-publish","4":"has-post-thumbnail","6":"product_cat-motociclete-si-triciclete","8":"first","9":"instock","10":"shipping-taxable","11":"purchasable","12":"product-type-simple"},"yoast_head":"<!-- This site is optimized with the Yoast SEO plugin v20.12 - https:\/\/yoast.com\/wordpress\/plugins\/seo\/ -->\n<title>Scuter electric 500W 48v12Ah Silver SE-07 - Modernteh<\/title>\n<meta name=\"description\" content=\"Scuter electric 500W 48v12Ah Silver SE-07\" \/>\n<meta name=\"robots\" content=\"index, follow, max-snippet:-1, max-image-preview:large, max-video-preview:-1\" \/>\n<link rel=\"canonical\" href=\"https:\/\/modernteh.md\/ru\/catalog\/scuter-electric-500w-48v12ah-silver-se-07\/\" \/>\n<meta property=\"og:locale\" content=\"ru_RU\" \/>\n<meta property=\"og:type\" content=\"article\" \/>\n<meta property=\"og:title\" content=\"Scuter electric 500W 48v12Ah Silver SE-07 - Modernteh\" \/>\n<meta property=\"og:description\" content=\"Scuter electric 500W 48v12Ah Silver SE-07\" \/>\n<meta property=\"og:url\" content=\"https:\/\/modernteh.md\/ru\/catalog\/scuter-electric-500w-48v12ah-silver-se-07\/\" \/>\n<meta property=\"og:site_name\" content=\"Modernteh\" \/>\n<meta property=\"article:publisher\" content=\"https:\/\/www.facebook.com\/profile.php?id=100082695620019\" \/>\n<meta property=\"article:modified_time\" content=\"2026-03-19T10:21:03+00:00\" \/>\n<meta property=\"og:image\" content=\"https:\/\/modernteh.md\/wp-content\/uploads\/2026\/03\/scuter-electric-cu-pedale-motor-350W-xsd002-19.webp\" \/>\n\t<meta property=\"og:image:width\" content=\"1080\" \/>\n\t<meta property=\"og:image:height\" content=\"817\" \/>\n\t<meta property=\"og:image:type\" content=\"image\/webp\" \/>\n<meta name=\"twitter:card\" content=\"summary_large_image\" \/>\n<script type=\"application\/ld+json\" class=\"yoast-schema-graph\">{\"@context\":\"https:\/\/schema.org\",\"@graph\":[{\"@type\":\"WebPage\",\"@id\":\"https:\/\/modernteh.md\/catalog\/scuter-electric-500w-48v12ah-silver-se-07\/\",\"url\":\"https:\/\/modernteh.md\/catalog\/scuter-electric-500w-48v12ah-silver-se-07\/\",\"name\":\"Scuter electric 500W 48v12Ah Silver SE-07 - Modernteh\",\"isPartOf\":{\"@id\":\"https:\/\/modernteh.md\/#website\"},\"datePublished\":\"2026-03-19T10:06:32+00:00\",\"dateModified\":\"2026-03-19T10:21:03+00:00\",\"description\":\"Scuter electric 500W 48v12Ah Silver SE-07\",\"breadcrumb\":{\"@id\":\"https:\/\/modernteh.md\/catalog\/scuter-electric-500w-48v12ah-silver-se-07\/#breadcrumb\"},\"inLanguage\":\"ru-RU\",\"potentialAction\":[{\"@type\":\"ReadAction\",\"target\":[\"https:\/\/modernteh.md\/catalog\/scuter-electric-500w-48v12ah-silver-se-07\/\"]}]},{\"@type\":\"BreadcrumbList\",\"@id\":\"https:\/\/modernteh.md\/catalog\/scuter-electric-500w-48v12ah-silver-se-07\/#breadcrumb\",\"itemListElement\":[{\"@type\":\"ListItem\",\"position\":1,\"name\":\"Prima pagin\u0103\",\"item\":\"https:\/\/modernteh.md\/\"},{\"@type\":\"ListItem\",\"position\":2,\"name\":\"Catalog\",\"item\":\"https:\/\/modernteh.md\/catalog\/\"},{\"@type\":\"ListItem\",\"position\":3,\"name\":\"Scuter electric 500W 48v12Ah Silver SE-07\"}]},{\"@type\":\"WebSite\",\"@id\":\"https:\/\/modernteh.md\/#website\",\"url\":\"https:\/\/modernteh.md\/\",\"name\":\"Modernteh\",\"description\":\"Modernteh\",\"publisher\":{\"@id\":\"https:\/\/modernteh.md\/#organization\"},\"potentialAction\":[{\"@type\":\"SearchAction\",\"target\":{\"@type\":\"EntryPoint\",\"urlTemplate\":\"https:\/\/modernteh.md\/?s={search_term_string}\"},\"query-input\":\"required name=search_term_string\"}],\"inLanguage\":\"ru-RU\"},{\"@type\":\"Organization\",\"@id\":\"https:\/\/modernteh.md\/#organization\",\"name\":\"Modernteh\",\"url\":\"https:\/\/modernteh.md\/\",\"logo\":{\"@type\":\"ImageObject\",\"inLanguage\":\"ru-RU\",\"@id\":\"https:\/\/modernteh.md\/#\/schema\/logo\/image\/\",\"url\":\"https:\/\/modernteh.md\/wp-content\/uploads\/2022\/06\/Logo_site-2.png\",\"contentUrl\":\"https:\/\/modernteh.md\/wp-content\/uploads\/2022\/06\/Logo_site-2.png\",\"width\":500,\"height\":487,\"caption\":\"Modernteh\"},\"image\":{\"@id\":\"https:\/\/modernteh.md\/#\/schema\/logo\/image\/\"},\"sameAs\":[\"https:\/\/www.facebook.com\/profile.php?id=100082695620019\"]}]}<\/script>\n<!-- \/ Yoast SEO plugin. -->","yoast_head_json":{"title":"Scuter electric 500W 48v12Ah Silver SE-07 - Modernteh","description":"Scuter electric 500W 48v12Ah Silver SE-07","robots":{"index":"index","follow":"follow","max-snippet":"max-snippet:-1","max-image-preview":"max-image-preview:large","max-video-preview":"max-video-preview:-1"},"canonical":"https:\/\/modernteh.md\/ru\/catalog\/scuter-electric-500w-48v12ah-silver-se-07\/","og_locale":"ru_RU","og_type":"article","og_title":"Scuter electric 500W 48v12Ah Silver SE-07 - Modernteh","og_description":"Scuter electric 500W 48v12Ah Silver SE-07","og_url":"https:\/\/modernteh.md\/ru\/catalog\/scuter-electric-500w-48v12ah-silver-se-07\/","og_site_name":"Modernteh","article_publisher":"https:\/\/www.facebook.com\/profile.php?id=100082695620019","article_modified_time":"2026-03-19T10:21:03+00:00","og_image":[{"width":1080,"height":817,"url":"https:\/\/modernteh.md\/wp-content\/uploads\/2026\/03\/scuter-electric-cu-pedale-motor-350W-xsd002-19.webp","type":"image\/webp"}],"twitter_card":"summary_large_image","schema":{"@context":"https:\/\/schema.org","@graph":[{"@type":"WebPage","@id":"https:\/\/modernteh.md\/catalog\/scuter-electric-500w-48v12ah-silver-se-07\/","url":"https:\/\/modernteh.md\/catalog\/scuter-electric-500w-48v12ah-silver-se-07\/","name":"Scuter electric 500W 48v12Ah Silver SE-07 - Modernteh","isPartOf":{"@id":"https:\/\/modernteh.md\/#website"},"datePublished":"2026-03-19T10:06:32+00:00","dateModified":"2026-03-19T10:21:03+00:00","description":"Scuter electric 500W 48v12Ah Silver SE-07","breadcrumb":{"@id":"https:\/\/modernteh.md\/catalog\/scuter-electric-500w-48v12ah-silver-se-07\/#breadcrumb"},"inLanguage":"ru-RU","potentialAction":[{"@type":"ReadAction","target":["https:\/\/modernteh.md\/catalog\/scuter-electric-500w-48v12ah-silver-se-07\/"]}]},{"@type":"BreadcrumbList","@id":"https:\/\/modernteh.md\/catalog\/scuter-electric-500w-48v12ah-silver-se-07\/#breadcrumb","itemListElement":[{"@type":"ListItem","position":1,"name":"Prima pagin\u0103","item":"https:\/\/modernteh.md\/"},{"@type":"ListItem","position":2,"name":"Catalog","item":"https:\/\/modernteh.md\/catalog\/"},{"@type":"ListItem","position":3,"name":"Scuter electric 500W 48v12Ah Silver SE-07"}]},{"@type":"WebSite","@id":"https:\/\/modernteh.md\/#website","url":"https:\/\/modernteh.md\/","name":"Modernteh","description":"Modernteh","publisher":{"@id":"https:\/\/modernteh.md\/#organization"},"potentialAction":[{"@type":"SearchAction","target":{"@type":"EntryPoint","urlTemplate":"https:\/\/modernteh.md\/?s={search_term_string}"},"query-input":"required name=search_term_string"}],"inLanguage":"ru-RU"},{"@type":"Organization","@id":"https:\/\/modernteh.md\/#organization","name":"Modernteh","url":"https:\/\/modernteh.md\/","logo":{"@type":"ImageObject","inLanguage":"ru-RU","@id":"https:\/\/modernteh.md\/#\/schema\/logo\/image\/","url":"https:\/\/modernteh.md\/wp-content\/uploads\/2022\/06\/Logo_site-2.png","contentUrl":"https:\/\/modernteh.md\/wp-content\/uploads\/2022\/06\/Logo_site-2.png","width":500,"height":487,"caption":"Modernteh"},"image":{"@id":"https:\/\/modernteh.md\/#\/schema\/logo\/image\/"},"sameAs":["https:\/\/www.facebook.com\/profile.php?id=100082695620019"]}]}},"_links":{"self":[{"href":"https:\/\/modernteh.md\/ru\/wp-json\/wp\/v2\/product\/5298","targetHints":{"allow":["GET"]}}],"collection":[{"href":"https:\/\/modernteh.md\/ru\/wp-json\/wp\/v2\/product"}],"about":[{"href":"https:\/\/modernteh.md\/ru\/wp-json\/wp\/v2\/types\/product"}],"wp:featuredmedia":[{"embeddable":true,"href":"https:\/\/modernteh.md\/ru\/wp-json\/wp\/v2\/media\/5299"}],"wp:attachment":[{"href":"https:\/\/modernteh.md\/ru\/wp-json\/wp\/v2\/media?parent=5298"}],"wp:term":[{"taxonomy":"product_cat","embeddable":true,"href":"https:\/\/modernteh.md\/ru\/wp-json\/wp\/v2\/product_cat?post=5298"},{"taxonomy":"product_tag","embeddable":true,"href":"https:\/\/modernteh.md\/ru\/wp-json\/wp\/v2\/product_tag?post=5298"}],"curies":[{"name":"wp","href":"https:\/\/api.w.org\/{rel}","templated":true}]}}