{"id":5305,"date":"2026-03-25T11:02:52","date_gmt":"2026-03-25T11:02:52","guid":{"rendered":"https:\/\/modernteh.md\/?post_type=product&#038;p=5305"},"modified":"2026-03-25T11:02:54","modified_gmt":"2026-03-25T11:02:54","slug":"motocultor-motorina-technoworker-105-d-freza","status":"publish","type":"product","link":"https:\/\/modernteh.md\/ru\/catalog\/motocultor-motorina-technoworker-105-d-freza\/","title":{"rendered":"Motocultor motorin\u0103 TechnoWorker 105 D + frez\u0103"},"content":{"rendered":"<h1 class=\"description__title\">Motocultor motorin\u0103 TechnoWorker 105 D + frez\u0103<\/h1>\n<ul class=\"product__features-list\">\n<li class=\"product__caracteristics-item\">\n<div class=\"product__caracteristics-item-cont\">\n<p class=\"product__caracteristics-subtitle\">Motor-KAMA 178 FE<\/p>\n<\/div>\n<\/li>\n<li class=\"product__caracteristics-item\">\n<div class=\"product__caracteristics-item-cont\">\n<p class=\"product__caracteristics-subtitle\">Puterea motorului (c.p.)-7<\/p>\n<\/div>\n<\/li>\n<li class=\"product__caracteristics-item\">\n<div class=\"product__caracteristics-item-cont\">\n<p class=\"product__caracteristics-subtitle\">Capacitatea cilindrica (cm\u00b3)-296<\/p>\n<\/div>\n<\/li>\n<li class=\"product__caracteristics-item\">\n<div class=\"product__caracteristics-item-cont\">\n<p class=\"product__caracteristics-subtitle\">Combustibil-Diesel<\/p>\n<\/div>\n<\/li>\n<li class=\"product__caracteristics-item\">\n<div class=\"product__caracteristics-item-cont\">\n<p class=\"product__caracteristics-subtitle\">Tip pornire-Mecanic<\/p>\n<\/div>\n<\/li>\n<li class=\"product__caracteristics-item\">\n<div class=\"product__caracteristics-item-cont\">\n<p class=\"product__caracteristics-subtitle\">Tip transmisie-Prin reductor<\/p>\n<\/div>\n<\/li>\n<li class=\"product__caracteristics-item\">\n<div class=\"product__caracteristics-item-cont\">\n<p class=\"product__caracteristics-subtitle\">Sistem iluminat-Nu<\/p>\n<\/div>\n<\/li>\n<li class=\"product__caracteristics-item\">\n<div class=\"product__caracteristics-item-cont\">\n<p class=\"product__caracteristics-subtitle\">Racirea motorului-Aer<\/p>\n<\/div>\n<\/li>\n<li class=\"product__caracteristics-item\">\n<div class=\"product__caracteristics-item-cont\">\n<p class=\"product__caracteristics-subtitle\">Acumulator-Nu<\/p>\n<\/div>\n<\/li>\n<li class=\"product__caracteristics-item\">\n<div class=\"product__caracteristics-item-cont\">\n<p class=\"product__caracteristics-subtitle\">Num\u0103rul de viteze \u00eenainte-3<\/p>\n<\/div>\n<\/li>\n<li class=\"product__caracteristics-item\">\n<div class=\"product__caracteristics-item-cont\">\n<p class=\"product__caracteristics-subtitle\">Num\u0103rul de viteze \u00eenapoi-1<\/p>\n<\/div>\n<\/li>\n<li class=\"product__caracteristics-item\">\n<div class=\"product__caracteristics-item-cont\">\n<p class=\"product__caracteristics-subtitle\">Capacitatea rezervorului de combustibil (l)-3.5<\/p>\n<\/div>\n<\/li>\n<li class=\"product__caracteristics-item\">\n<div class=\"product__caracteristics-item-cont\">\n<p class=\"product__caracteristics-subtitle\">L\u0103\u021bime de prelucrare maxim\u0103 (cm)-120<\/p>\n<\/div>\n<\/li>\n<li class=\"product__caracteristics-item\">\n<div class=\"product__caracteristics-item-cont\">\n<p class=\"product__caracteristics-subtitle\">L\u0103\u021bime de prelucrare minim\u0103 (cm)-80<\/p>\n<\/div>\n<\/li>\n<li class=\"product__caracteristics-item\">\n<div class=\"product__caracteristics-item-cont\">\n<p class=\"product__caracteristics-subtitle\">Ad\u00e2ncime de prelucrare maxim\u0103 (\u0441m)-30<\/p>\n<\/div>\n<\/li>\n<li class=\"product__caracteristics-item\">\n<div class=\"product__caracteristics-item-cont\">\n<p class=\"product__caracteristics-subtitle\">Ad\u00e2ncime de prelucrare minim\u0103 (\u0441m)-10<\/p>\n<\/div>\n<\/li>\n<li class=\"product__caracteristics-item\">\n<div class=\"product__caracteristics-item-cont\">\n<p class=\"product__caracteristics-subtitle\">Manet\u0103 oprire urgen\u021b\u0103-Da<\/p>\n<\/div>\n<\/li>\n<li class=\"product__caracteristics-item\">\n<div class=\"product__caracteristics-item-cont\">\n<p class=\"product__caracteristics-subtitle\">Consum mediu carb. (l\/h)-0,7<\/p>\n<\/div>\n<\/li>\n<li class=\"product__caracteristics-item\">\n<div class=\"product__caracteristics-item-cont\">\n<p class=\"product__caracteristics-subtitle\">Dimensiunea ro\u021bi-4.00-10<\/p>\n<\/div>\n<\/li>\n<li class=\"product__caracteristics-item\">\n<div class=\"product__caracteristics-item-cont\">\n<p class=\"product__caracteristics-subtitle\">Carcas\u0103 transmisie-Font\u0103<\/p>\n<\/div>\n<\/li>\n<li class=\"product__caracteristics-item\">\n<div class=\"product__caracteristics-item-cont\">\n<p class=\"product__caracteristics-subtitle\">Tip motor (timpi)-4<\/p>\n<\/div>\n<\/li>\n<li class=\"product__caracteristics-item\">\n<div class=\"product__caracteristics-item-cont\">\n<p class=\"product__caracteristics-subtitle\">Greutate (kg)-125<\/p>\n<p>Motor Diesel KAMA 178 FE cu 7 CP, asigur\u00e2nd o performan\u021b\u0103 optim\u0103 chiar \u0219i pe soluri mai dure.<br \/>\nTip transmisie prin reductor, care confer\u0103 o operare stabil\u0103 \u0219i eficient\u0103, prelungind durata de via\u021b\u0103 a echipamentului.<br \/>\n3 viteze \u00eenainte \u0219i 1 vitez\u0103 \u00eenapoi, pentru o manevrabilitate excelent\u0103 pe orice tip de teren.<br \/>\nL\u0103\u021bime de prelucrare variabil\u0103, de la 80 cm p\u00e2n\u0103 la 120 cm, permi\u021b\u00e2nd adaptarea la diferite tipuri de lucr\u0103ri \u0219i condi\u021bii de teren.<br \/>\nAd\u00e2ncime de prelucrare \u00eentre 10 \u0219i 30 cm, oferind flexibilitate \u00een func\u021bie de ad\u00e2ncimea dorit\u0103 pentru prelucrarea solului.<br \/>\nCarcas\u0103 transmisiei din font\u0103, care asigur\u0103 rezisten\u021b\u0103 \u0219i durabilitate \u00een fa\u021ba uzurii \u0219i a \u0219ocurilor mecanice.<br \/>\nRo\u021bi 4.00-10, care asigur\u0103 o aderen\u021b\u0103 excelent\u0103 pe terenuri mai dificile.<br \/>\nGreutate de 125 kg, conferind o stabilitate sporit\u0103 \u0219i o trac\u021biune eficient\u0103 pe terenurile grele.<\/p>\n<p>&nbsp;<\/p>\n<p><strong>Confort \u0219i manevrabilitate:\u00a0<\/strong>Motocultorul este dotat cu maner reglabil pe 2 axe (sus\/jos, st\u00e2nga\/dreapta), care face lucrul cu el mult mai u\u0219or, chiar \u0219i pe terenuri mai dificile. De asemenea, sistemul de oprire de urgen\u021b\u0103 ofer\u0103 un plus de siguran\u021b\u0103 \u00een utilizare.<\/p>\n<p>&nbsp;<\/p>\n<p><strong>Versatilitate:\u00a0<\/strong>Cu l\u0103\u021bimea de prelucrare ajustabil\u0103 \u0219i ad\u00e2ncimea variabil\u0103, motocultorul TechnoWorker 105 D este perfect pentru o gam\u0103 larg\u0103 de lucr\u0103ri agricole. Freza sa puternic\u0103 asigur\u0103 o prelucrare eficient\u0103 a solului, fiind un partener ideal pentru preg\u0103tirea terenului pentru sem\u0103nat.<\/p>\n<p>&nbsp;<\/p>\n<p><strong>\u00centre\u021binere u\u0219oar\u0103:\u00a0<\/strong>Designul simplu \u0219i robust face ca \u00eentre\u021binerea motocultorului s\u0103 fie rapid\u0103 \u0219i eficient\u0103, f\u0103r\u0103 a necesita cuno\u0219tin\u021be tehnice avansate.<\/p>\n<p>&nbsp;<\/p>\n<p>Motocultorul TechnoWorker 105 D este ideal pentru cei care doresc un utilaj performant \u0219i fiabil pentru diverse lucr\u0103ri agricole, garant\u00e2nd un lucru rapid \u0219i eficient pe terenuri de diferite dimensiuni.<\/p>\n<\/div>\n<\/li>\n<\/ul>","protected":false},"excerpt":{"rendered":"<p>Motocultor motorin\u0103 TechnoWorker 105 D + frez\u0103 Motor-KAMA 178 FE Puterea motorului (c.p.)-7 Capacitatea cilindrica (cm\u00b3)-296 Combustibil-Diesel Tip pornire-Mecanic Tip<\/p>","protected":false},"featured_media":5306,"template":"","meta":[],"product_cat":[142],"product_tag":[],"class_list":{"0":"post-5305","1":"product","2":"type-product","3":"status-publish","4":"has-post-thumbnail","6":"product_cat-motocultoare","8":"first","9":"instock","10":"shipping-taxable","11":"purchasable","12":"product-type-simple"},"yoast_head":"<!-- This site is optimized with the Yoast SEO plugin v20.12 - https:\/\/yoast.com\/wordpress\/plugins\/seo\/ -->\n<title>Motocultor motorin\u0103 TechnoWorker 105 D + frez\u0103 - Modernteh<\/title>\n<meta name=\"description\" content=\"Motocultor motorin\u0103 TechnoWorker 105 D + frez\u0103\" \/>\n<meta name=\"robots\" content=\"index, follow, max-snippet:-1, max-image-preview:large, max-video-preview:-1\" \/>\n<link rel=\"canonical\" href=\"https:\/\/modernteh.md\/ru\/catalog\/motocultor-motorina-technoworker-105-d-freza\/\" \/>\n<meta property=\"og:locale\" content=\"ru_RU\" \/>\n<meta property=\"og:type\" content=\"article\" \/>\n<meta property=\"og:title\" content=\"Motocultor motorin\u0103 TechnoWorker 105 D + frez\u0103 - Modernteh\" \/>\n<meta property=\"og:description\" content=\"Motocultor motorin\u0103 TechnoWorker 105 D + frez\u0103\" \/>\n<meta property=\"og:url\" content=\"https:\/\/modernteh.md\/ru\/catalog\/motocultor-motorina-technoworker-105-d-freza\/\" \/>\n<meta property=\"og:site_name\" content=\"Modernteh\" \/>\n<meta property=\"article:publisher\" content=\"https:\/\/www.facebook.com\/profile.php?id=100082695620019\" \/>\n<meta property=\"article:modified_time\" content=\"2026-03-25T11:02:54+00:00\" \/>\n<meta property=\"og:image\" content=\"https:\/\/modernteh.md\/wp-content\/uploads\/2026\/03\/514bb28a74a4ed613afedcea44ad2591-1.webp\" \/>\n\t<meta property=\"og:image:width\" content=\"1232\" \/>\n\t<meta property=\"og:image:height\" content=\"1408\" \/>\n\t<meta property=\"og:image:type\" content=\"image\/webp\" \/>\n<meta name=\"twitter:card\" content=\"summary_large_image\" \/>\n<meta name=\"twitter:label1\" content=\"\u041f\u0440\u0438\u043c\u0435\u0440\u043d\u043e\u0435 \u0432\u0440\u0435\u043c\u044f \u0434\u043b\u044f \u0447\u0442\u0435\u043d\u0438\u044f\" \/>\n\t<meta name=\"twitter:data1\" content=\"2 \u043c\u0438\u043d\u0443\u0442\u044b\" \/>\n<script type=\"application\/ld+json\" class=\"yoast-schema-graph\">{\"@context\":\"https:\/\/schema.org\",\"@graph\":[{\"@type\":\"WebPage\",\"@id\":\"https:\/\/modernteh.md\/catalog\/motocultor-motorina-technoworker-105-d-freza\/\",\"url\":\"https:\/\/modernteh.md\/catalog\/motocultor-motorina-technoworker-105-d-freza\/\",\"name\":\"Motocultor motorin\u0103 TechnoWorker 105 D + frez\u0103 - Modernteh\",\"isPartOf\":{\"@id\":\"https:\/\/modernteh.md\/#website\"},\"datePublished\":\"2026-03-25T11:02:52+00:00\",\"dateModified\":\"2026-03-25T11:02:54+00:00\",\"description\":\"Motocultor motorin\u0103 TechnoWorker 105 D + frez\u0103\",\"breadcrumb\":{\"@id\":\"https:\/\/modernteh.md\/catalog\/motocultor-motorina-technoworker-105-d-freza\/#breadcrumb\"},\"inLanguage\":\"ru-RU\",\"potentialAction\":[{\"@type\":\"ReadAction\",\"target\":[\"https:\/\/modernteh.md\/catalog\/motocultor-motorina-technoworker-105-d-freza\/\"]}]},{\"@type\":\"BreadcrumbList\",\"@id\":\"https:\/\/modernteh.md\/catalog\/motocultor-motorina-technoworker-105-d-freza\/#breadcrumb\",\"itemListElement\":[{\"@type\":\"ListItem\",\"position\":1,\"name\":\"Prima pagin\u0103\",\"item\":\"https:\/\/modernteh.md\/\"},{\"@type\":\"ListItem\",\"position\":2,\"name\":\"Catalog\",\"item\":\"https:\/\/modernteh.md\/catalog\/\"},{\"@type\":\"ListItem\",\"position\":3,\"name\":\"Motocultor motorin\u0103 TechnoWorker 105 D + frez\u0103\"}]},{\"@type\":\"WebSite\",\"@id\":\"https:\/\/modernteh.md\/#website\",\"url\":\"https:\/\/modernteh.md\/\",\"name\":\"Modernteh\",\"description\":\"Modernteh\",\"publisher\":{\"@id\":\"https:\/\/modernteh.md\/#organization\"},\"potentialAction\":[{\"@type\":\"SearchAction\",\"target\":{\"@type\":\"EntryPoint\",\"urlTemplate\":\"https:\/\/modernteh.md\/?s={search_term_string}\"},\"query-input\":\"required name=search_term_string\"}],\"inLanguage\":\"ru-RU\"},{\"@type\":\"Organization\",\"@id\":\"https:\/\/modernteh.md\/#organization\",\"name\":\"Modernteh\",\"url\":\"https:\/\/modernteh.md\/\",\"logo\":{\"@type\":\"ImageObject\",\"inLanguage\":\"ru-RU\",\"@id\":\"https:\/\/modernteh.md\/#\/schema\/logo\/image\/\",\"url\":\"https:\/\/modernteh.md\/wp-content\/uploads\/2022\/06\/Logo_site-2.png\",\"contentUrl\":\"https:\/\/modernteh.md\/wp-content\/uploads\/2022\/06\/Logo_site-2.png\",\"width\":500,\"height\":487,\"caption\":\"Modernteh\"},\"image\":{\"@id\":\"https:\/\/modernteh.md\/#\/schema\/logo\/image\/\"},\"sameAs\":[\"https:\/\/www.facebook.com\/profile.php?id=100082695620019\"]}]}<\/script>\n<!-- \/ Yoast SEO plugin. -->","yoast_head_json":{"title":"Motocultor motorin\u0103 TechnoWorker 105 D + frez\u0103 - Modernteh","description":"Motocultor motorin\u0103 TechnoWorker 105 D + frez\u0103","robots":{"index":"index","follow":"follow","max-snippet":"max-snippet:-1","max-image-preview":"max-image-preview:large","max-video-preview":"max-video-preview:-1"},"canonical":"https:\/\/modernteh.md\/ru\/catalog\/motocultor-motorina-technoworker-105-d-freza\/","og_locale":"ru_RU","og_type":"article","og_title":"Motocultor motorin\u0103 TechnoWorker 105 D + frez\u0103 - Modernteh","og_description":"Motocultor motorin\u0103 TechnoWorker 105 D + frez\u0103","og_url":"https:\/\/modernteh.md\/ru\/catalog\/motocultor-motorina-technoworker-105-d-freza\/","og_site_name":"Modernteh","article_publisher":"https:\/\/www.facebook.com\/profile.php?id=100082695620019","article_modified_time":"2026-03-25T11:02:54+00:00","og_image":[{"width":1232,"height":1408,"url":"https:\/\/modernteh.md\/wp-content\/uploads\/2026\/03\/514bb28a74a4ed613afedcea44ad2591-1.webp","type":"image\/webp"}],"twitter_card":"summary_large_image","twitter_misc":{"\u041f\u0440\u0438\u043c\u0435\u0440\u043d\u043e\u0435 \u0432\u0440\u0435\u043c\u044f \u0434\u043b\u044f \u0447\u0442\u0435\u043d\u0438\u044f":"2 \u043c\u0438\u043d\u0443\u0442\u044b"},"schema":{"@context":"https:\/\/schema.org","@graph":[{"@type":"WebPage","@id":"https:\/\/modernteh.md\/catalog\/motocultor-motorina-technoworker-105-d-freza\/","url":"https:\/\/modernteh.md\/catalog\/motocultor-motorina-technoworker-105-d-freza\/","name":"Motocultor motorin\u0103 TechnoWorker 105 D + frez\u0103 - Modernteh","isPartOf":{"@id":"https:\/\/modernteh.md\/#website"},"datePublished":"2026-03-25T11:02:52+00:00","dateModified":"2026-03-25T11:02:54+00:00","description":"Motocultor motorin\u0103 TechnoWorker 105 D + frez\u0103","breadcrumb":{"@id":"https:\/\/modernteh.md\/catalog\/motocultor-motorina-technoworker-105-d-freza\/#breadcrumb"},"inLanguage":"ru-RU","potentialAction":[{"@type":"ReadAction","target":["https:\/\/modernteh.md\/catalog\/motocultor-motorina-technoworker-105-d-freza\/"]}]},{"@type":"BreadcrumbList","@id":"https:\/\/modernteh.md\/catalog\/motocultor-motorina-technoworker-105-d-freza\/#breadcrumb","itemListElement":[{"@type":"ListItem","position":1,"name":"Prima pagin\u0103","item":"https:\/\/modernteh.md\/"},{"@type":"ListItem","position":2,"name":"Catalog","item":"https:\/\/modernteh.md\/catalog\/"},{"@type":"ListItem","position":3,"name":"Motocultor motorin\u0103 TechnoWorker 105 D + frez\u0103"}]},{"@type":"WebSite","@id":"https:\/\/modernteh.md\/#website","url":"https:\/\/modernteh.md\/","name":"Modernteh","description":"Modernteh","publisher":{"@id":"https:\/\/modernteh.md\/#organization"},"potentialAction":[{"@type":"SearchAction","target":{"@type":"EntryPoint","urlTemplate":"https:\/\/modernteh.md\/?s={search_term_string}"},"query-input":"required name=search_term_string"}],"inLanguage":"ru-RU"},{"@type":"Organization","@id":"https:\/\/modernteh.md\/#organization","name":"Modernteh","url":"https:\/\/modernteh.md\/","logo":{"@type":"ImageObject","inLanguage":"ru-RU","@id":"https:\/\/modernteh.md\/#\/schema\/logo\/image\/","url":"https:\/\/modernteh.md\/wp-content\/uploads\/2022\/06\/Logo_site-2.png","contentUrl":"https:\/\/modernteh.md\/wp-content\/uploads\/2022\/06\/Logo_site-2.png","width":500,"height":487,"caption":"Modernteh"},"image":{"@id":"https:\/\/modernteh.md\/#\/schema\/logo\/image\/"},"sameAs":["https:\/\/www.facebook.com\/profile.php?id=100082695620019"]}]}},"_links":{"self":[{"href":"https:\/\/modernteh.md\/ru\/wp-json\/wp\/v2\/product\/5305","targetHints":{"allow":["GET"]}}],"collection":[{"href":"https:\/\/modernteh.md\/ru\/wp-json\/wp\/v2\/product"}],"about":[{"href":"https:\/\/modernteh.md\/ru\/wp-json\/wp\/v2\/types\/product"}],"wp:featuredmedia":[{"embeddable":true,"href":"https:\/\/modernteh.md\/ru\/wp-json\/wp\/v2\/media\/5306"}],"wp:attachment":[{"href":"https:\/\/modernteh.md\/ru\/wp-json\/wp\/v2\/media?parent=5305"}],"wp:term":[{"taxonomy":"product_cat","embeddable":true,"href":"https:\/\/modernteh.md\/ru\/wp-json\/wp\/v2\/product_cat?post=5305"},{"taxonomy":"product_tag","embeddable":true,"href":"https:\/\/modernteh.md\/ru\/wp-json\/wp\/v2\/product_tag?post=5305"}],"curies":[{"name":"wp","href":"https:\/\/api.w.org\/{rel}","templated":true}]}}