{"id":5307,"date":"2026-03-27T10:48:07","date_gmt":"2026-03-27T10:48:07","guid":{"rendered":"https:\/\/modernteh.md\/?post_type=product&#038;p=5307"},"modified":"2026-03-27T10:48:09","modified_gmt":"2026-03-27T10:48:09","slug":"motosapa-rato-rg1-8-45q-d","status":"publish","type":"product","link":"https:\/\/modernteh.md\/ru\/catalog\/motosapa-rato-rg1-8-45q-d\/","title":{"rendered":"Motosapa Rato RG1.8-45Q-D"},"content":{"rendered":"<h1 class=\"description__title\">Motosapa Rato RG1.8-45Q-D<\/h1>\n<ul class=\"product__features-list\">\n<li class=\"product__caracteristics-item\">\n<div class=\"product__caracteristics-item-cont\">\n<p class=\"product__caracteristics-subtitle\">Tip motor-4-timpi<\/p>\n<\/div>\n<\/li>\n<li class=\"product__caracteristics-item\">\n<div class=\"product__caracteristics-item-cont\">\n<p class=\"product__caracteristics-subtitle\">Puterea motorului (c.p.)-6<\/p>\n<\/div>\n<\/li>\n<li class=\"product__caracteristics-item\">\n<div class=\"product__caracteristics-item-cont\">\n<p class=\"product__caracteristics-subtitle\">Capacitatea cilindrica (cm\u00b3)-161<\/p>\n<\/div>\n<\/li>\n<li class=\"product__caracteristics-item\">\n<div class=\"product__caracteristics-item-cont\">\n<p class=\"product__caracteristics-subtitle\">Puterea motorului (W)-2800<\/p>\n<\/div>\n<\/li>\n<li class=\"product__caracteristics-item\">\n<div class=\"product__caracteristics-item-cont\">\n<p class=\"product__caracteristics-subtitle\">Combustibil-Benzin<\/p>\n<\/div>\n<\/li>\n<li class=\"product__caracteristics-item\">\n<div class=\"product__caracteristics-item-cont\">\n<p class=\"product__caracteristics-subtitle\">L\u0103\u021bime de prelucrare (mm)-360-600<\/p>\n<\/div>\n<\/li>\n<li class=\"product__caracteristics-item\">\n<div class=\"product__caracteristics-item-cont\">\n<p class=\"product__caracteristics-subtitle\">Sistem pornire-Manual\u0103<\/p>\n<\/div>\n<\/li>\n<li class=\"product__caracteristics-item\">\n<div class=\"product__caracteristics-item-cont\">\n<p class=\"product__caracteristics-subtitle\">Ad\u00e2ncime de prelucrare (mm)-300<\/p>\n<\/div>\n<\/li>\n<li class=\"product__caracteristics-item\">\n<div class=\"product__caracteristics-item-cont\">\n<p class=\"product__caracteristics-subtitle\">Num\u0103rul de viteze-1 \u00eenainte<\/p>\n<\/div>\n<\/li>\n<li class=\"product__caracteristics-item\">\n<div class=\"product__caracteristics-item-cont\">\n<p class=\"product__caracteristics-subtitle\">Greutate neta (kg)-31<\/p>\n<p>C\u0103uta\u021bi o solu\u021bie practic\u0103 \u0219i fiabil\u0103 pentru lucr\u0103rile din gr\u0103din\u0103 \u0219i din jurul gospod\u0103riei?<\/p>\n<p><strong>Motosapa Rato RG1.8-45Q-D (843229500)<\/strong>\u00a0este un utilaj eficient, conceput pentru a v\u0103 u\u0219ura considerabil munca de prelucrare a solului.<\/p>\n<p>Motosapa este echipat\u0103 cu\u00a0<strong>motor RATO RV160-5<\/strong>, pe benzin\u0103,\u00a0<strong>4 timpi<\/strong>, r\u0103cit cu aer, av\u00e2nd o\u00a0<strong>capacitate cilindric\u0103 de 161 cm\u00b3<\/strong>\u00a0\u0219i o\u00a0<strong>putere de 6 c.p.<\/strong>, asigur\u00e2nd performan\u021be constante \u0219i fiabile. Motorul func\u021bioneaz\u0103 la o tura\u021bie maxim\u0103 de\u00a0<strong>3600 rpm<\/strong>\u00a0\u0219i este prev\u0103zut cu\u00a0<strong>pornire manual\u0103<\/strong>\u00a0, simpl\u0103 \u0219i sigur\u0103.<\/p>\n<p>L\u0103\u021bimea de lucru este\u00a0<strong>reglabil\u0103 \u00eentre 360 mm \u0219i 600 mm<\/strong>, permi\u021b\u00e2nd adaptarea u\u0219oar\u0103 la diferite tipuri de teren, iar\u00a0<strong>ad\u00e2ncimea maxim\u0103 de lucru de 300 mm<\/strong>\u00a0garanteaz\u0103 o prelucrare eficient\u0103 a solului. Sistemul de lucru include\u00a0<strong>cu\u021bite robuste (4 cu\u021bite\/grup, configura\u021bie 2+1 pe fiecare parte)<\/strong>, completate de\u00a0<strong>discuri laterale de protec\u021bie<\/strong>, pentru o m\u0103run\u021bire uniform\u0103 \u0219i un control mai bun \u00een timpul utiliz\u0103rii.<\/p>\n<p>Motosapa dispune de\u00a0<strong>o vitez\u0103 \u00eenainte<\/strong>, fiind u\u0219or de manevrat .\u00a0<strong>Roata frontal\u0103<\/strong>\u00a0faciliteaz\u0103 transportul \u0219i pozi\u021bionarea utilajului \u00eentre zonele de lucru. Trac\u021biunea este \u00eenainte, iar utilajul poate fi utilizat pe pante de p\u00e2n\u0103 la 20\u00b0 (37%).<\/p>\n<p>Motosapa are\u00a0<strong>dimensiuni de 130 \u00d7 60 \u00d7 101 cm<\/strong>\u00a0\u0219i o\u00a0<strong>greutate net\u0103 de 31 kg<\/strong>, oferind un echilibru excelent \u00eentre stabilitate \u0219i manevrabilitate. Nivelul de vibra\u021bii la nivelul m\u00e2inilor este redus, iar\u00a0<strong>nivelul de zgomot de 93 dB(A)\u00a0<\/strong>.<\/p>\n<p>Alimentarea se face cu\u00a0<strong>benzin\u0103<\/strong>, iar motorul necesit\u0103 aproximativ\u00a0<strong>0,6 l ulei<\/strong>\u00a0. Designul modern, \u00een culoare ro\u0219u\/gri\/negru, ofer\u0103 un aspect profesional \u0219i robust.<\/p>\n<p>Fiabil\u0103, u\u0219or de utilizat \u0219i eficient\u0103,\u00a0<strong>Motosapa Rato RG1.8-45Q-D<\/strong>\u00a0este alegerea ideal\u0103 pentru gr\u0103dini \u0219i terenuri de dimensiuni mici \u0219i medii, oferind rezultate excelente cu un efort minim.<\/p>\n<\/div>\n<\/li>\n<\/ul>","protected":false},"excerpt":{"rendered":"<p>Motosapa Rato RG1.8-45Q-D Tip motor-4-timpi Puterea motorului (c.p.)-6 Capacitatea cilindrica (cm\u00b3)-161 Puterea motorului (W)-2800 Combustibil-Benzin L\u0103\u021bime de prelucrare (mm)-360-600 Sistem<\/p>","protected":false},"featured_media":5308,"template":"","meta":[],"product_cat":[142],"product_tag":[],"class_list":{"0":"post-5307","1":"product","2":"type-product","3":"status-publish","4":"has-post-thumbnail","6":"product_cat-motocultoare","8":"first","9":"instock","10":"shipping-taxable","11":"purchasable","12":"product-type-simple"},"yoast_head":"<!-- This site is optimized with the Yoast SEO plugin v20.12 - https:\/\/yoast.com\/wordpress\/plugins\/seo\/ -->\n<title>Motosapa Rato RG1.8-45Q-D - Modernteh<\/title>\n<meta name=\"description\" content=\"Motosapa Rato RG1.8-45Q-D\" \/>\n<meta name=\"robots\" content=\"index, follow, max-snippet:-1, max-image-preview:large, max-video-preview:-1\" \/>\n<link rel=\"canonical\" href=\"https:\/\/modernteh.md\/ru\/catalog\/motosapa-rato-rg1-8-45q-d\/\" \/>\n<meta property=\"og:locale\" content=\"ru_RU\" \/>\n<meta property=\"og:type\" content=\"article\" \/>\n<meta property=\"og:title\" content=\"Motosapa Rato RG1.8-45Q-D - Modernteh\" \/>\n<meta property=\"og:description\" content=\"Motosapa Rato RG1.8-45Q-D\" \/>\n<meta property=\"og:url\" content=\"https:\/\/modernteh.md\/ru\/catalog\/motosapa-rato-rg1-8-45q-d\/\" \/>\n<meta property=\"og:site_name\" content=\"Modernteh\" \/>\n<meta property=\"article:publisher\" content=\"https:\/\/www.facebook.com\/profile.php?id=100082695620019\" \/>\n<meta property=\"article:modified_time\" content=\"2026-03-27T10:48:09+00:00\" \/>\n<meta property=\"og:image\" content=\"https:\/\/modernteh.md\/wp-content\/uploads\/2026\/03\/6c48bee8e3b4b251278467f362417697.webp\" \/>\n\t<meta property=\"og:image:width\" content=\"800\" \/>\n\t<meta property=\"og:image:height\" content=\"800\" \/>\n\t<meta property=\"og:image:type\" content=\"image\/webp\" \/>\n<meta name=\"twitter:card\" content=\"summary_large_image\" \/>\n<meta name=\"twitter:label1\" content=\"\u041f\u0440\u0438\u043c\u0435\u0440\u043d\u043e\u0435 \u0432\u0440\u0435\u043c\u044f \u0434\u043b\u044f \u0447\u0442\u0435\u043d\u0438\u044f\" \/>\n\t<meta name=\"twitter:data1\" content=\"2 \u043c\u0438\u043d\u0443\u0442\u044b\" \/>\n<script type=\"application\/ld+json\" class=\"yoast-schema-graph\">{\"@context\":\"https:\/\/schema.org\",\"@graph\":[{\"@type\":\"WebPage\",\"@id\":\"https:\/\/modernteh.md\/catalog\/motosapa-rato-rg1-8-45q-d\/\",\"url\":\"https:\/\/modernteh.md\/catalog\/motosapa-rato-rg1-8-45q-d\/\",\"name\":\"Motosapa Rato RG1.8-45Q-D - Modernteh\",\"isPartOf\":{\"@id\":\"https:\/\/modernteh.md\/#website\"},\"datePublished\":\"2026-03-27T10:48:07+00:00\",\"dateModified\":\"2026-03-27T10:48:09+00:00\",\"description\":\"Motosapa Rato RG1.8-45Q-D\",\"breadcrumb\":{\"@id\":\"https:\/\/modernteh.md\/catalog\/motosapa-rato-rg1-8-45q-d\/#breadcrumb\"},\"inLanguage\":\"ru-RU\",\"potentialAction\":[{\"@type\":\"ReadAction\",\"target\":[\"https:\/\/modernteh.md\/catalog\/motosapa-rato-rg1-8-45q-d\/\"]}]},{\"@type\":\"BreadcrumbList\",\"@id\":\"https:\/\/modernteh.md\/catalog\/motosapa-rato-rg1-8-45q-d\/#breadcrumb\",\"itemListElement\":[{\"@type\":\"ListItem\",\"position\":1,\"name\":\"Prima pagin\u0103\",\"item\":\"https:\/\/modernteh.md\/\"},{\"@type\":\"ListItem\",\"position\":2,\"name\":\"Catalog\",\"item\":\"https:\/\/modernteh.md\/catalog\/\"},{\"@type\":\"ListItem\",\"position\":3,\"name\":\"Motosapa Rato RG1.8-45Q-D\"}]},{\"@type\":\"WebSite\",\"@id\":\"https:\/\/modernteh.md\/#website\",\"url\":\"https:\/\/modernteh.md\/\",\"name\":\"Modernteh\",\"description\":\"Modernteh\",\"publisher\":{\"@id\":\"https:\/\/modernteh.md\/#organization\"},\"potentialAction\":[{\"@type\":\"SearchAction\",\"target\":{\"@type\":\"EntryPoint\",\"urlTemplate\":\"https:\/\/modernteh.md\/?s={search_term_string}\"},\"query-input\":\"required name=search_term_string\"}],\"inLanguage\":\"ru-RU\"},{\"@type\":\"Organization\",\"@id\":\"https:\/\/modernteh.md\/#organization\",\"name\":\"Modernteh\",\"url\":\"https:\/\/modernteh.md\/\",\"logo\":{\"@type\":\"ImageObject\",\"inLanguage\":\"ru-RU\",\"@id\":\"https:\/\/modernteh.md\/#\/schema\/logo\/image\/\",\"url\":\"https:\/\/modernteh.md\/wp-content\/uploads\/2022\/06\/Logo_site-2.png\",\"contentUrl\":\"https:\/\/modernteh.md\/wp-content\/uploads\/2022\/06\/Logo_site-2.png\",\"width\":500,\"height\":487,\"caption\":\"Modernteh\"},\"image\":{\"@id\":\"https:\/\/modernteh.md\/#\/schema\/logo\/image\/\"},\"sameAs\":[\"https:\/\/www.facebook.com\/profile.php?id=100082695620019\"]}]}<\/script>\n<!-- \/ Yoast SEO plugin. -->","yoast_head_json":{"title":"Motosapa Rato RG1.8-45Q-D - Modernteh","description":"Motosapa Rato RG1.8-45Q-D","robots":{"index":"index","follow":"follow","max-snippet":"max-snippet:-1","max-image-preview":"max-image-preview:large","max-video-preview":"max-video-preview:-1"},"canonical":"https:\/\/modernteh.md\/ru\/catalog\/motosapa-rato-rg1-8-45q-d\/","og_locale":"ru_RU","og_type":"article","og_title":"Motosapa Rato RG1.8-45Q-D - Modernteh","og_description":"Motosapa Rato RG1.8-45Q-D","og_url":"https:\/\/modernteh.md\/ru\/catalog\/motosapa-rato-rg1-8-45q-d\/","og_site_name":"Modernteh","article_publisher":"https:\/\/www.facebook.com\/profile.php?id=100082695620019","article_modified_time":"2026-03-27T10:48:09+00:00","og_image":[{"width":800,"height":800,"url":"https:\/\/modernteh.md\/wp-content\/uploads\/2026\/03\/6c48bee8e3b4b251278467f362417697.webp","type":"image\/webp"}],"twitter_card":"summary_large_image","twitter_misc":{"\u041f\u0440\u0438\u043c\u0435\u0440\u043d\u043e\u0435 \u0432\u0440\u0435\u043c\u044f \u0434\u043b\u044f \u0447\u0442\u0435\u043d\u0438\u044f":"2 \u043c\u0438\u043d\u0443\u0442\u044b"},"schema":{"@context":"https:\/\/schema.org","@graph":[{"@type":"WebPage","@id":"https:\/\/modernteh.md\/catalog\/motosapa-rato-rg1-8-45q-d\/","url":"https:\/\/modernteh.md\/catalog\/motosapa-rato-rg1-8-45q-d\/","name":"Motosapa Rato RG1.8-45Q-D - Modernteh","isPartOf":{"@id":"https:\/\/modernteh.md\/#website"},"datePublished":"2026-03-27T10:48:07+00:00","dateModified":"2026-03-27T10:48:09+00:00","description":"Motosapa Rato RG1.8-45Q-D","breadcrumb":{"@id":"https:\/\/modernteh.md\/catalog\/motosapa-rato-rg1-8-45q-d\/#breadcrumb"},"inLanguage":"ru-RU","potentialAction":[{"@type":"ReadAction","target":["https:\/\/modernteh.md\/catalog\/motosapa-rato-rg1-8-45q-d\/"]}]},{"@type":"BreadcrumbList","@id":"https:\/\/modernteh.md\/catalog\/motosapa-rato-rg1-8-45q-d\/#breadcrumb","itemListElement":[{"@type":"ListItem","position":1,"name":"Prima pagin\u0103","item":"https:\/\/modernteh.md\/"},{"@type":"ListItem","position":2,"name":"Catalog","item":"https:\/\/modernteh.md\/catalog\/"},{"@type":"ListItem","position":3,"name":"Motosapa Rato RG1.8-45Q-D"}]},{"@type":"WebSite","@id":"https:\/\/modernteh.md\/#website","url":"https:\/\/modernteh.md\/","name":"Modernteh","description":"Modernteh","publisher":{"@id":"https:\/\/modernteh.md\/#organization"},"potentialAction":[{"@type":"SearchAction","target":{"@type":"EntryPoint","urlTemplate":"https:\/\/modernteh.md\/?s={search_term_string}"},"query-input":"required name=search_term_string"}],"inLanguage":"ru-RU"},{"@type":"Organization","@id":"https:\/\/modernteh.md\/#organization","name":"Modernteh","url":"https:\/\/modernteh.md\/","logo":{"@type":"ImageObject","inLanguage":"ru-RU","@id":"https:\/\/modernteh.md\/#\/schema\/logo\/image\/","url":"https:\/\/modernteh.md\/wp-content\/uploads\/2022\/06\/Logo_site-2.png","contentUrl":"https:\/\/modernteh.md\/wp-content\/uploads\/2022\/06\/Logo_site-2.png","width":500,"height":487,"caption":"Modernteh"},"image":{"@id":"https:\/\/modernteh.md\/#\/schema\/logo\/image\/"},"sameAs":["https:\/\/www.facebook.com\/profile.php?id=100082695620019"]}]}},"_links":{"self":[{"href":"https:\/\/modernteh.md\/ru\/wp-json\/wp\/v2\/product\/5307","targetHints":{"allow":["GET"]}}],"collection":[{"href":"https:\/\/modernteh.md\/ru\/wp-json\/wp\/v2\/product"}],"about":[{"href":"https:\/\/modernteh.md\/ru\/wp-json\/wp\/v2\/types\/product"}],"wp:featuredmedia":[{"embeddable":true,"href":"https:\/\/modernteh.md\/ru\/wp-json\/wp\/v2\/media\/5308"}],"wp:attachment":[{"href":"https:\/\/modernteh.md\/ru\/wp-json\/wp\/v2\/media?parent=5307"}],"wp:term":[{"taxonomy":"product_cat","embeddable":true,"href":"https:\/\/modernteh.md\/ru\/wp-json\/wp\/v2\/product_cat?post=5307"},{"taxonomy":"product_tag","embeddable":true,"href":"https:\/\/modernteh.md\/ru\/wp-json\/wp\/v2\/product_tag?post=5307"}],"curies":[{"name":"wp","href":"https:\/\/api.w.org\/{rel}","templated":true}]}}