{"id":5317,"date":"2026-04-16T06:10:31","date_gmt":"2026-04-16T06:10:31","guid":{"rendered":"https:\/\/modernteh.md\/?post_type=product&#038;p=5317"},"modified":"2026-04-16T06:10:32","modified_gmt":"2026-04-16T06:10:32","slug":"tocator-de-crengi-pe-benzina-kronava-rna650","status":"publish","type":"product","link":"https:\/\/modernteh.md\/ru\/catalog\/tocator-de-crengi-pe-benzina-kronava-rna650\/","title":{"rendered":"Tocator de crengi pe benzina Kronava RNA650"},"content":{"rendered":"<h1>Tocator de crengi pe benzina Kronava RNA650<\/h1>\n<div class=\"table-row\">\n<div class=\"table-box\">\n<div class=\"table-title\">\n<div class=\"tag-h3\">Producator: Kronava<\/div>\n<\/div>\n<\/div>\n<div class=\"table-box\">\n<div class=\"table-title\">\n<div class=\"tag-h3\">Alimentare: Benzina<\/div>\n<\/div>\n<\/div>\n<\/div>\n<div class=\"table-row\">\n<div class=\"table-box\">\n<div class=\"table-title\">\n<div class=\"tag-h3\">Putere: 7 cp<\/div>\n<\/div>\n<\/div>\n<div class=\"table-box\">\n<div class=\"table-title\">\n<div class=\"tag-h3\">Model: RNA650<\/div>\n<\/div>\n<\/div>\n<\/div>\n<div class=\"table-row\">\n<div class=\"table-box\">\n<div class=\"table-title\">\n<div class=\"tag-h3\">Greutate: 95.5 kg<\/div>\n<\/div>\n<\/div>\n<div class=\"table-box\">\n<div class=\"table-title\">\n<div class=\"tag-h3\">Grosimea de tocare: 100 mm<\/div>\n<\/div>\n<\/div>\n<\/div>\n<div class=\"table-row\">\n<div class=\"table-box\">\n<div class=\"table-title\">\n<div class=\"tag-h3\">Dimensiunea tamburului: 240 mm<\/div>\n<\/div>\n<\/div>\n<div class=\"table-box\">\n<div class=\"table-title\">\n<div class=\"tag-h3\">Cutite: 150 x 55 mm<\/div>\n<\/div>\n<\/div>\n<\/div>\n<div class=\"table-row\">\n<div class=\"table-box\">\n<div class=\"table-title\">\n<div class=\"tag-h3\">Gat de alimentare: 150 x 130 mm<\/div>\n<\/div>\n<\/div>\n<div class=\"table-box\">\n<div class=\"table-title\">\n<div class=\"tag-h3\">Buncar de alimentare : 380 x 440 mm<\/div>\n<\/div>\n<\/div>\n<\/div>\n<div class=\"table-row\">\n<div class=\"table-box\">\n<div class=\"table-title\">\n<div class=\"tag-h3\">Oprire de urgenta : Da<\/div>\n<\/div>\n<\/div>\n<\/div>\n<div class=\"table-row\">\n<div class=\"table-box\">\n<div class=\"table-title\">\n<div class=\"tag-h3\">Tip motor: 4 timpi<\/div>\n<\/div>\n<\/div>\n<div class=\"table-box\">\n<div class=\"table-title\">\n<div class=\"tag-h3\">Capacitate cilindrica: 196 cc<\/div>\n<div>\n<p><strong>Tocator de crengi pe benzin\u0103 Kronava RNA650<\/strong>\u00a0este un utilaj robust \u0219i eficient, conceput pentru utilizatorii care au nevoie de o solu\u021bie autonom\u0103 \u0219i puternic\u0103 pentru tocarea crengilor \u0219i resturilor lemnoase. Alimentat cu benzin\u0103 \u0219i echipat cu un motor pe 4 timpi, acest toc\u0103tor ofer\u0103 libertate total\u0103 de lucru, f\u0103r\u0103 dependen\u021b\u0103 de re\u021beaua electric\u0103, fiind potrivit pentru gospod\u0103rii, cur\u021bi, livezi sau lucr\u0103ri de \u00eentre\u021binere a spa\u021biilor verzi. Cu o putere de 4000 W \u0219i o capacitate cilindric\u0103 de 196 cc, Kronava\u00a0<strong>RNA650\u00a0<\/strong>poate toca crengi cu grosimea de p\u00e2n\u0103 la 100 mm, asigur\u00e2nd o func\u021bionare constant\u0103 \u0219i eficient\u0103.<\/p>\n<p>Tamburul cu dimensiunea de\u00a0<strong>240 mm<\/strong>, \u00eempreun\u0103 cu cu\u021bitele de 150 \u00d7 55 mm, permite o procesare stabil\u0103 a materialului, iar g\u00e2tul de alimentare de\u00a0<strong>150 \u00d7 130 mm<\/strong>\u00a0\u0219i bunc\u0103rul generos de 380 \u00d7 440 mm faciliteaz\u0103 introducerea crengilor. Construc\u021bia solid\u0103 \u0219i greutatea de\u00a0<strong>95,5 kg<\/strong>\u00a0contribuie la stabilitatea utilajului \u00een timpul func\u021bion\u0103rii, iar prezen\u021ba sistemului de oprire de urgen\u021b\u0103 adaug\u0103 un plus de siguran\u021b\u0103 \u00een exploatare. Nivelul de zgomot este de 114 dB, specific echipamentelor de acest tip.<\/p>\n<p><strong>Avantaje<\/strong><\/p>\n<ol>\n<li>Func\u021bionare pe benzin\u0103 \u2013 independen\u021b\u0103 total\u0103 fa\u021b\u0103 de sursa de curent<\/li>\n<li>Putere de<strong>\u00a04000 W<\/strong>\u00a0pentru tocarea eficient\u0103 a crengilor<\/li>\n<li>Capacitate mare de tocare \u2013 p\u00e2n\u0103 la\u00a0<strong>100 mm<\/strong><\/li>\n<li>Bunc\u0103r de alimentare spa\u021bios pentru lucru comod<\/li>\n<li>Oprire de urgen\u021b\u0103 pentru siguran\u021b\u0103 sporit\u0103<\/li>\n<li>Construc\u021bie stabil\u0103, cu greutate mare pentru echilibru \u00een timpul utiliz\u0103rii<\/li>\n<\/ol>\n<\/div>\n<\/div>\n<\/div>\n<\/div>\n<div class=\"product-code-share-container\"><\/div>","protected":false},"excerpt":{"rendered":"<p>Tocator de crengi pe benzina Kronava RNA650 Producator: Kronava Alimentare: Benzina Putere: 7 cp Model: RNA650 Greutate: 95.5 kg Grosimea<\/p>","protected":false},"featured_media":5318,"template":"","meta":[],"product_cat":[135],"product_tag":[],"class_list":{"0":"post-5317","1":"product","2":"type-product","3":"status-publish","4":"has-post-thumbnail","6":"product_cat-tocatoare-de-crengi","8":"first","9":"instock","10":"shipping-taxable","11":"purchasable","12":"product-type-simple"},"yoast_head":"<!-- This site is optimized with the Yoast SEO plugin v20.12 - https:\/\/yoast.com\/wordpress\/plugins\/seo\/ -->\n<title>Tocator de crengi pe benzina Kronava RNA650 - Modernteh<\/title>\n<meta name=\"description\" content=\"Tocator de crengi pe benzina Kronava RNA650\" \/>\n<meta name=\"robots\" content=\"index, follow, max-snippet:-1, max-image-preview:large, max-video-preview:-1\" \/>\n<link rel=\"canonical\" href=\"https:\/\/modernteh.md\/ru\/catalog\/tocator-de-crengi-pe-benzina-kronava-rna650\/\" \/>\n<meta property=\"og:locale\" content=\"ru_RU\" \/>\n<meta property=\"og:type\" content=\"article\" \/>\n<meta property=\"og:title\" content=\"Tocator de crengi pe benzina Kronava RNA650 - Modernteh\" \/>\n<meta property=\"og:description\" content=\"Tocator de crengi pe benzina Kronava RNA650\" \/>\n<meta property=\"og:url\" content=\"https:\/\/modernteh.md\/ru\/catalog\/tocator-de-crengi-pe-benzina-kronava-rna650\/\" \/>\n<meta property=\"og:site_name\" content=\"Modernteh\" \/>\n<meta property=\"article:publisher\" content=\"https:\/\/www.facebook.com\/profile.php?id=100082695620019\" \/>\n<meta property=\"article:modified_time\" content=\"2026-04-16T06:10:32+00:00\" \/>\n<meta property=\"og:image\" content=\"https:\/\/modernteh.md\/wp-content\/uploads\/2026\/04\/tocator-de-crengi-pe-benzina-kronava-rna650-CFZWE.webp\" \/>\n\t<meta property=\"og:image:width\" content=\"800\" \/>\n\t<meta property=\"og:image:height\" content=\"800\" \/>\n\t<meta property=\"og:image:type\" content=\"image\/webp\" \/>\n<meta name=\"twitter:card\" content=\"summary_large_image\" \/>\n<meta name=\"twitter:label1\" content=\"\u041f\u0440\u0438\u043c\u0435\u0440\u043d\u043e\u0435 \u0432\u0440\u0435\u043c\u044f \u0434\u043b\u044f \u0447\u0442\u0435\u043d\u0438\u044f\" \/>\n\t<meta name=\"twitter:data1\" content=\"2 \u043c\u0438\u043d\u0443\u0442\u044b\" \/>\n<script type=\"application\/ld+json\" class=\"yoast-schema-graph\">{\"@context\":\"https:\/\/schema.org\",\"@graph\":[{\"@type\":\"WebPage\",\"@id\":\"https:\/\/modernteh.md\/catalog\/tocator-de-crengi-pe-benzina-kronava-rna650\/\",\"url\":\"https:\/\/modernteh.md\/catalog\/tocator-de-crengi-pe-benzina-kronava-rna650\/\",\"name\":\"Tocator de crengi pe benzina Kronava RNA650 - Modernteh\",\"isPartOf\":{\"@id\":\"https:\/\/modernteh.md\/#website\"},\"datePublished\":\"2026-04-16T06:10:31+00:00\",\"dateModified\":\"2026-04-16T06:10:32+00:00\",\"description\":\"Tocator de crengi pe benzina Kronava RNA650\",\"breadcrumb\":{\"@id\":\"https:\/\/modernteh.md\/catalog\/tocator-de-crengi-pe-benzina-kronava-rna650\/#breadcrumb\"},\"inLanguage\":\"ru-RU\",\"potentialAction\":[{\"@type\":\"ReadAction\",\"target\":[\"https:\/\/modernteh.md\/catalog\/tocator-de-crengi-pe-benzina-kronava-rna650\/\"]}]},{\"@type\":\"BreadcrumbList\",\"@id\":\"https:\/\/modernteh.md\/catalog\/tocator-de-crengi-pe-benzina-kronava-rna650\/#breadcrumb\",\"itemListElement\":[{\"@type\":\"ListItem\",\"position\":1,\"name\":\"Prima pagin\u0103\",\"item\":\"https:\/\/modernteh.md\/\"},{\"@type\":\"ListItem\",\"position\":2,\"name\":\"Catalog\",\"item\":\"https:\/\/modernteh.md\/catalog\/\"},{\"@type\":\"ListItem\",\"position\":3,\"name\":\"Tocator de crengi pe benzina Kronava RNA650\"}]},{\"@type\":\"WebSite\",\"@id\":\"https:\/\/modernteh.md\/#website\",\"url\":\"https:\/\/modernteh.md\/\",\"name\":\"Modernteh\",\"description\":\"Modernteh\",\"publisher\":{\"@id\":\"https:\/\/modernteh.md\/#organization\"},\"potentialAction\":[{\"@type\":\"SearchAction\",\"target\":{\"@type\":\"EntryPoint\",\"urlTemplate\":\"https:\/\/modernteh.md\/?s={search_term_string}\"},\"query-input\":\"required name=search_term_string\"}],\"inLanguage\":\"ru-RU\"},{\"@type\":\"Organization\",\"@id\":\"https:\/\/modernteh.md\/#organization\",\"name\":\"Modernteh\",\"url\":\"https:\/\/modernteh.md\/\",\"logo\":{\"@type\":\"ImageObject\",\"inLanguage\":\"ru-RU\",\"@id\":\"https:\/\/modernteh.md\/#\/schema\/logo\/image\/\",\"url\":\"https:\/\/modernteh.md\/wp-content\/uploads\/2022\/06\/Logo_site-2.png\",\"contentUrl\":\"https:\/\/modernteh.md\/wp-content\/uploads\/2022\/06\/Logo_site-2.png\",\"width\":500,\"height\":487,\"caption\":\"Modernteh\"},\"image\":{\"@id\":\"https:\/\/modernteh.md\/#\/schema\/logo\/image\/\"},\"sameAs\":[\"https:\/\/www.facebook.com\/profile.php?id=100082695620019\"]}]}<\/script>\n<!-- \/ Yoast SEO plugin. -->","yoast_head_json":{"title":"Tocator de crengi pe benzina Kronava RNA650 - Modernteh","description":"Tocator de crengi pe benzina Kronava RNA650","robots":{"index":"index","follow":"follow","max-snippet":"max-snippet:-1","max-image-preview":"max-image-preview:large","max-video-preview":"max-video-preview:-1"},"canonical":"https:\/\/modernteh.md\/ru\/catalog\/tocator-de-crengi-pe-benzina-kronava-rna650\/","og_locale":"ru_RU","og_type":"article","og_title":"Tocator de crengi pe benzina Kronava RNA650 - Modernteh","og_description":"Tocator de crengi pe benzina Kronava RNA650","og_url":"https:\/\/modernteh.md\/ru\/catalog\/tocator-de-crengi-pe-benzina-kronava-rna650\/","og_site_name":"Modernteh","article_publisher":"https:\/\/www.facebook.com\/profile.php?id=100082695620019","article_modified_time":"2026-04-16T06:10:32+00:00","og_image":[{"width":800,"height":800,"url":"https:\/\/modernteh.md\/wp-content\/uploads\/2026\/04\/tocator-de-crengi-pe-benzina-kronava-rna650-CFZWE.webp","type":"image\/webp"}],"twitter_card":"summary_large_image","twitter_misc":{"\u041f\u0440\u0438\u043c\u0435\u0440\u043d\u043e\u0435 \u0432\u0440\u0435\u043c\u044f \u0434\u043b\u044f \u0447\u0442\u0435\u043d\u0438\u044f":"2 \u043c\u0438\u043d\u0443\u0442\u044b"},"schema":{"@context":"https:\/\/schema.org","@graph":[{"@type":"WebPage","@id":"https:\/\/modernteh.md\/catalog\/tocator-de-crengi-pe-benzina-kronava-rna650\/","url":"https:\/\/modernteh.md\/catalog\/tocator-de-crengi-pe-benzina-kronava-rna650\/","name":"Tocator de crengi pe benzina Kronava RNA650 - Modernteh","isPartOf":{"@id":"https:\/\/modernteh.md\/#website"},"datePublished":"2026-04-16T06:10:31+00:00","dateModified":"2026-04-16T06:10:32+00:00","description":"Tocator de crengi pe benzina Kronava RNA650","breadcrumb":{"@id":"https:\/\/modernteh.md\/catalog\/tocator-de-crengi-pe-benzina-kronava-rna650\/#breadcrumb"},"inLanguage":"ru-RU","potentialAction":[{"@type":"ReadAction","target":["https:\/\/modernteh.md\/catalog\/tocator-de-crengi-pe-benzina-kronava-rna650\/"]}]},{"@type":"BreadcrumbList","@id":"https:\/\/modernteh.md\/catalog\/tocator-de-crengi-pe-benzina-kronava-rna650\/#breadcrumb","itemListElement":[{"@type":"ListItem","position":1,"name":"Prima pagin\u0103","item":"https:\/\/modernteh.md\/"},{"@type":"ListItem","position":2,"name":"Catalog","item":"https:\/\/modernteh.md\/catalog\/"},{"@type":"ListItem","position":3,"name":"Tocator de crengi pe benzina Kronava RNA650"}]},{"@type":"WebSite","@id":"https:\/\/modernteh.md\/#website","url":"https:\/\/modernteh.md\/","name":"Modernteh","description":"Modernteh","publisher":{"@id":"https:\/\/modernteh.md\/#organization"},"potentialAction":[{"@type":"SearchAction","target":{"@type":"EntryPoint","urlTemplate":"https:\/\/modernteh.md\/?s={search_term_string}"},"query-input":"required name=search_term_string"}],"inLanguage":"ru-RU"},{"@type":"Organization","@id":"https:\/\/modernteh.md\/#organization","name":"Modernteh","url":"https:\/\/modernteh.md\/","logo":{"@type":"ImageObject","inLanguage":"ru-RU","@id":"https:\/\/modernteh.md\/#\/schema\/logo\/image\/","url":"https:\/\/modernteh.md\/wp-content\/uploads\/2022\/06\/Logo_site-2.png","contentUrl":"https:\/\/modernteh.md\/wp-content\/uploads\/2022\/06\/Logo_site-2.png","width":500,"height":487,"caption":"Modernteh"},"image":{"@id":"https:\/\/modernteh.md\/#\/schema\/logo\/image\/"},"sameAs":["https:\/\/www.facebook.com\/profile.php?id=100082695620019"]}]}},"_links":{"self":[{"href":"https:\/\/modernteh.md\/ru\/wp-json\/wp\/v2\/product\/5317","targetHints":{"allow":["GET"]}}],"collection":[{"href":"https:\/\/modernteh.md\/ru\/wp-json\/wp\/v2\/product"}],"about":[{"href":"https:\/\/modernteh.md\/ru\/wp-json\/wp\/v2\/types\/product"}],"wp:featuredmedia":[{"embeddable":true,"href":"https:\/\/modernteh.md\/ru\/wp-json\/wp\/v2\/media\/5318"}],"wp:attachment":[{"href":"https:\/\/modernteh.md\/ru\/wp-json\/wp\/v2\/media?parent=5317"}],"wp:term":[{"taxonomy":"product_cat","embeddable":true,"href":"https:\/\/modernteh.md\/ru\/wp-json\/wp\/v2\/product_cat?post=5317"},{"taxonomy":"product_tag","embeddable":true,"href":"https:\/\/modernteh.md\/ru\/wp-json\/wp\/v2\/product_tag?post=5317"}],"curies":[{"name":"wp","href":"https:\/\/api.w.org\/{rel}","templated":true}]}}