{"id":5334,"date":"2026-05-08T10:04:31","date_gmt":"2026-05-08T10:04:31","guid":{"rendered":"https:\/\/modernteh.md\/?post_type=product&#038;p=5334"},"modified":"2026-05-08T10:04:32","modified_gmt":"2026-05-08T10:04:32","slug":"separator-de-smantana-110l-ora","status":"publish","type":"product","link":"https:\/\/modernteh.md\/ru\/catalog\/separator-de-smantana-110l-ora\/","title":{"rendered":"Separator de sm\u00e2nt\u00e2n\u0103 110l\/ora"},"content":{"rendered":"<h1 class=\"product_title entry-title wd-entities-title\">Separator de sm\u00e2nt\u00e2n\u0103 110l\/ora<\/h1>\n<ul>\n<li>Tensiune: 220\u2013240 V<\/li>\n<li>Frecven\u021b\u0103: 50\/60 Hz<\/li>\n<li>Putere nominal\u0103: 60 W<\/li>\n<li>Productivitate: 110 L\/or\u0103, cu rezervor de 12 L (vas din aluminiu)<\/li>\n<li>Protec\u021bie cu \u00eentrerup\u0103tor automat pentru prevenirea suprasarcinii<\/li>\n<li>U\u0219or de utilizat \u0219i de cur\u0103\u021bat<\/li>\n<li>Utilizare recomandat\u0103: maxim 30 de minute \u00een mod continuu<\/li>\n<li>\u0218techer: VDE, lungime cablu: 1,5 m<\/li>\n<\/ul>","protected":false},"excerpt":{"rendered":"<p>Separator de sm\u00e2nt\u00e2n\u0103 110l\/ora Tensiune: 220\u2013240 V Frecven\u021b\u0103: 50\/60 Hz Putere nominal\u0103: 60 W Productivitate: 110 L\/or\u0103, cu rezervor de<\/p>","protected":false},"featured_media":5335,"template":"","meta":[],"product_cat":[178],"product_tag":[],"class_list":{"0":"post-5334","1":"product","2":"type-product","3":"status-publish","4":"has-post-thumbnail","6":"product_cat-utilaje-prelucrare-lapte","8":"first","9":"instock","10":"shipping-taxable","11":"purchasable","12":"product-type-simple"},"yoast_head":"<!-- This site is optimized with the Yoast SEO plugin v20.12 - https:\/\/yoast.com\/wordpress\/plugins\/seo\/ -->\n<title>Separator de sm\u00e2nt\u00e2n\u0103 110l\/ora - Modernteh<\/title>\n<meta name=\"description\" content=\"Separator de sm\u00e2nt\u00e2n\u0103 110l\/ora\" \/>\n<meta name=\"robots\" content=\"index, follow, max-snippet:-1, max-image-preview:large, max-video-preview:-1\" \/>\n<link rel=\"canonical\" href=\"https:\/\/modernteh.md\/ru\/catalog\/separator-de-smantana-110l-ora\/\" \/>\n<meta property=\"og:locale\" content=\"ru_RU\" \/>\n<meta property=\"og:type\" content=\"article\" \/>\n<meta property=\"og:title\" content=\"Separator de sm\u00e2nt\u00e2n\u0103 110l\/ora - Modernteh\" \/>\n<meta property=\"og:description\" content=\"Separator de sm\u00e2nt\u00e2n\u0103 110l\/ora\" \/>\n<meta property=\"og:url\" content=\"https:\/\/modernteh.md\/ru\/catalog\/separator-de-smantana-110l-ora\/\" \/>\n<meta property=\"og:site_name\" content=\"Modernteh\" \/>\n<meta property=\"article:publisher\" content=\"https:\/\/www.facebook.com\/profile.php?id=100082695620019\" \/>\n<meta property=\"article:modified_time\" content=\"2026-05-08T10:04:32+00:00\" \/>\n<meta property=\"og:image\" content=\"https:\/\/modernteh.md\/wp-content\/uploads\/2026\/05\/separator-smintina.webp\" \/>\n\t<meta property=\"og:image:width\" content=\"500\" \/>\n\t<meta property=\"og:image:height\" content=\"629\" \/>\n\t<meta property=\"og:image:type\" content=\"image\/webp\" \/>\n<meta name=\"twitter:card\" content=\"summary_large_image\" \/>\n<meta name=\"twitter:label1\" content=\"\u041f\u0440\u0438\u043c\u0435\u0440\u043d\u043e\u0435 \u0432\u0440\u0435\u043c\u044f \u0434\u043b\u044f \u0447\u0442\u0435\u043d\u0438\u044f\" \/>\n\t<meta name=\"twitter:data1\" content=\"1 \u043c\u0438\u043d\u0443\u0442\u0430\" \/>\n<script type=\"application\/ld+json\" class=\"yoast-schema-graph\">{\"@context\":\"https:\/\/schema.org\",\"@graph\":[{\"@type\":\"WebPage\",\"@id\":\"https:\/\/modernteh.md\/catalog\/separator-de-smantana-110l-ora\/\",\"url\":\"https:\/\/modernteh.md\/catalog\/separator-de-smantana-110l-ora\/\",\"name\":\"Separator de sm\u00e2nt\u00e2n\u0103 110l\/ora - Modernteh\",\"isPartOf\":{\"@id\":\"https:\/\/modernteh.md\/#website\"},\"datePublished\":\"2026-05-08T10:04:31+00:00\",\"dateModified\":\"2026-05-08T10:04:32+00:00\",\"description\":\"Separator de sm\u00e2nt\u00e2n\u0103 110l\/ora\",\"breadcrumb\":{\"@id\":\"https:\/\/modernteh.md\/catalog\/separator-de-smantana-110l-ora\/#breadcrumb\"},\"inLanguage\":\"ru-RU\",\"potentialAction\":[{\"@type\":\"ReadAction\",\"target\":[\"https:\/\/modernteh.md\/catalog\/separator-de-smantana-110l-ora\/\"]}]},{\"@type\":\"BreadcrumbList\",\"@id\":\"https:\/\/modernteh.md\/catalog\/separator-de-smantana-110l-ora\/#breadcrumb\",\"itemListElement\":[{\"@type\":\"ListItem\",\"position\":1,\"name\":\"Prima pagin\u0103\",\"item\":\"https:\/\/modernteh.md\/\"},{\"@type\":\"ListItem\",\"position\":2,\"name\":\"Catalog\",\"item\":\"https:\/\/modernteh.md\/catalog\/\"},{\"@type\":\"ListItem\",\"position\":3,\"name\":\"Separator de sm\u00e2nt\u00e2n\u0103 110l\/ora\"}]},{\"@type\":\"WebSite\",\"@id\":\"https:\/\/modernteh.md\/#website\",\"url\":\"https:\/\/modernteh.md\/\",\"name\":\"Modernteh\",\"description\":\"Modernteh\",\"publisher\":{\"@id\":\"https:\/\/modernteh.md\/#organization\"},\"potentialAction\":[{\"@type\":\"SearchAction\",\"target\":{\"@type\":\"EntryPoint\",\"urlTemplate\":\"https:\/\/modernteh.md\/?s={search_term_string}\"},\"query-input\":\"required name=search_term_string\"}],\"inLanguage\":\"ru-RU\"},{\"@type\":\"Organization\",\"@id\":\"https:\/\/modernteh.md\/#organization\",\"name\":\"Modernteh\",\"url\":\"https:\/\/modernteh.md\/\",\"logo\":{\"@type\":\"ImageObject\",\"inLanguage\":\"ru-RU\",\"@id\":\"https:\/\/modernteh.md\/#\/schema\/logo\/image\/\",\"url\":\"https:\/\/modernteh.md\/wp-content\/uploads\/2022\/06\/Logo_site-2.png\",\"contentUrl\":\"https:\/\/modernteh.md\/wp-content\/uploads\/2022\/06\/Logo_site-2.png\",\"width\":500,\"height\":487,\"caption\":\"Modernteh\"},\"image\":{\"@id\":\"https:\/\/modernteh.md\/#\/schema\/logo\/image\/\"},\"sameAs\":[\"https:\/\/www.facebook.com\/profile.php?id=100082695620019\"]}]}<\/script>\n<!-- \/ Yoast SEO plugin. -->","yoast_head_json":{"title":"Separator de sm\u00e2nt\u00e2n\u0103 110l\/ora - Modernteh","description":"Separator de sm\u00e2nt\u00e2n\u0103 110l\/ora","robots":{"index":"index","follow":"follow","max-snippet":"max-snippet:-1","max-image-preview":"max-image-preview:large","max-video-preview":"max-video-preview:-1"},"canonical":"https:\/\/modernteh.md\/ru\/catalog\/separator-de-smantana-110l-ora\/","og_locale":"ru_RU","og_type":"article","og_title":"Separator de sm\u00e2nt\u00e2n\u0103 110l\/ora - Modernteh","og_description":"Separator de sm\u00e2nt\u00e2n\u0103 110l\/ora","og_url":"https:\/\/modernteh.md\/ru\/catalog\/separator-de-smantana-110l-ora\/","og_site_name":"Modernteh","article_publisher":"https:\/\/www.facebook.com\/profile.php?id=100082695620019","article_modified_time":"2026-05-08T10:04:32+00:00","og_image":[{"width":500,"height":629,"url":"https:\/\/modernteh.md\/wp-content\/uploads\/2026\/05\/separator-smintina.webp","type":"image\/webp"}],"twitter_card":"summary_large_image","twitter_misc":{"\u041f\u0440\u0438\u043c\u0435\u0440\u043d\u043e\u0435 \u0432\u0440\u0435\u043c\u044f \u0434\u043b\u044f \u0447\u0442\u0435\u043d\u0438\u044f":"1 \u043c\u0438\u043d\u0443\u0442\u0430"},"schema":{"@context":"https:\/\/schema.org","@graph":[{"@type":"WebPage","@id":"https:\/\/modernteh.md\/catalog\/separator-de-smantana-110l-ora\/","url":"https:\/\/modernteh.md\/catalog\/separator-de-smantana-110l-ora\/","name":"Separator de sm\u00e2nt\u00e2n\u0103 110l\/ora - Modernteh","isPartOf":{"@id":"https:\/\/modernteh.md\/#website"},"datePublished":"2026-05-08T10:04:31+00:00","dateModified":"2026-05-08T10:04:32+00:00","description":"Separator de sm\u00e2nt\u00e2n\u0103 110l\/ora","breadcrumb":{"@id":"https:\/\/modernteh.md\/catalog\/separator-de-smantana-110l-ora\/#breadcrumb"},"inLanguage":"ru-RU","potentialAction":[{"@type":"ReadAction","target":["https:\/\/modernteh.md\/catalog\/separator-de-smantana-110l-ora\/"]}]},{"@type":"BreadcrumbList","@id":"https:\/\/modernteh.md\/catalog\/separator-de-smantana-110l-ora\/#breadcrumb","itemListElement":[{"@type":"ListItem","position":1,"name":"Prima pagin\u0103","item":"https:\/\/modernteh.md\/"},{"@type":"ListItem","position":2,"name":"Catalog","item":"https:\/\/modernteh.md\/catalog\/"},{"@type":"ListItem","position":3,"name":"Separator de sm\u00e2nt\u00e2n\u0103 110l\/ora"}]},{"@type":"WebSite","@id":"https:\/\/modernteh.md\/#website","url":"https:\/\/modernteh.md\/","name":"Modernteh","description":"Modernteh","publisher":{"@id":"https:\/\/modernteh.md\/#organization"},"potentialAction":[{"@type":"SearchAction","target":{"@type":"EntryPoint","urlTemplate":"https:\/\/modernteh.md\/?s={search_term_string}"},"query-input":"required name=search_term_string"}],"inLanguage":"ru-RU"},{"@type":"Organization","@id":"https:\/\/modernteh.md\/#organization","name":"Modernteh","url":"https:\/\/modernteh.md\/","logo":{"@type":"ImageObject","inLanguage":"ru-RU","@id":"https:\/\/modernteh.md\/#\/schema\/logo\/image\/","url":"https:\/\/modernteh.md\/wp-content\/uploads\/2022\/06\/Logo_site-2.png","contentUrl":"https:\/\/modernteh.md\/wp-content\/uploads\/2022\/06\/Logo_site-2.png","width":500,"height":487,"caption":"Modernteh"},"image":{"@id":"https:\/\/modernteh.md\/#\/schema\/logo\/image\/"},"sameAs":["https:\/\/www.facebook.com\/profile.php?id=100082695620019"]}]}},"_links":{"self":[{"href":"https:\/\/modernteh.md\/ru\/wp-json\/wp\/v2\/product\/5334","targetHints":{"allow":["GET"]}}],"collection":[{"href":"https:\/\/modernteh.md\/ru\/wp-json\/wp\/v2\/product"}],"about":[{"href":"https:\/\/modernteh.md\/ru\/wp-json\/wp\/v2\/types\/product"}],"wp:featuredmedia":[{"embeddable":true,"href":"https:\/\/modernteh.md\/ru\/wp-json\/wp\/v2\/media\/5335"}],"wp:attachment":[{"href":"https:\/\/modernteh.md\/ru\/wp-json\/wp\/v2\/media?parent=5334"}],"wp:term":[{"taxonomy":"product_cat","embeddable":true,"href":"https:\/\/modernteh.md\/ru\/wp-json\/wp\/v2\/product_cat?post=5334"},{"taxonomy":"product_tag","embeddable":true,"href":"https:\/\/modernteh.md\/ru\/wp-json\/wp\/v2\/product_tag?post=5334"}],"curies":[{"name":"wp","href":"https:\/\/api.w.org\/{rel}","templated":true}]}}