{"id":975,"date":"2022-06-23T11:01:20","date_gmt":"2022-06-23T11:01:20","guid":{"rendered":"https:\/\/modernteh.md\/?post_type=product&#038;p=975"},"modified":"2025-05-08T08:31:32","modified_gmt":"2025-05-08T08:31:32","slug":"set-maner-poarta-cu-arc-5-m-2","status":"publish","type":"product","link":"https:\/\/modernteh.md\/ru\/catalog\/set-maner-poarta-cu-arc-5-m-2\/","title":{"rendered":"\u041a\u043e\u043c\u043f\u043b\u0435\u043a\u0442 \u0440\u0443\u0447\u0435\u043a \u0434\u043b\u044f \u0432\u043e\u0440\u043e\u0442 \u0441 \u043f\u0440\u0443\u0436\u0438\u043d\u043e\u0439, 5 \u043c"},"content":{"rendered":"<h2>\u041e\u043f\u0438\u0441\u0430\u043d\u0438\u0435<\/h2>\n<p>\u041f\u043e\u0447\u0442\u0438 \u0434\u043b\u044f \u043a\u0430\u0436\u0434\u043e\u0439 \u0441\u0438\u0441\u0442\u0435\u043c\u044b \u044d\u043b\u0435\u043a\u0442\u0440\u0438\u0447\u0435\u0441\u043a\u043e\u0433\u043e \u0437\u0430\u0431\u043e\u0440\u0430 \u0442\u0440\u0435\u0431\u0443\u0435\u0442\u0441\u044f \u0441\u0438\u0441\u0442\u0435\u043c\u0430 \u0432\u043e\u0440\u043e\u0442, \u043f\u043e\u0437\u0432\u043e\u043b\u044f\u044e\u0449\u0430\u044f \u043f\u0440\u043e\u0439\u0442\u0438 \u0447\u0435\u0440\u0435\u0437 \u0437\u0430\u0431\u043e\u0440 \u0432\u044b\u0441\u043e\u043a\u043e\u0433\u043e \u043d\u0430\u043f\u0440\u044f\u0436\u0435\u043d\u0438\u044f.<\/p>\n<p>\u042d\u0442\u043e\u0442 \u043a\u043e\u043c\u043f\u043b\u0435\u043a\u0442 \u043f\u0440\u0443\u0436\u0438\u043d\u043d\u044b\u0445 \u0432\u043e\u0440\u043e\u0442 \u0432\u044b\u0433\u043e\u0434\u0435\u043d \u0442\u0430\u043c, \u0433\u0434\u0435 \u0442\u0440\u0435\u0431\u0443\u0435\u0442\u0441\u044f \u0447\u0430\u0441\u0442\u044b\u0439 \u043f\u0440\u043e\u0445\u043e\u0434 \u0447\u0435\u0440\u0435\u0437 \u044d\u043b\u0435\u043a\u0442\u0440\u0438\u0447\u0435\u0441\u043a\u043e\u0435 \u043e\u0433\u0440\u0430\u0436\u0434\u0435\u043d\u0438\u0435 \u0432\u044b\u0441\u043e\u043a\u043e\u0433\u043e \u043d\u0430\u043f\u0440\u044f\u0436\u0435\u043d\u0438\u044f. \u041b\u0443\u043a \u0432 \u043a\u043e\u043c\u043f\u043b\u0435\u043a\u0442\u0435 \u043c\u043e\u0436\u0435\u0442 \u0443\u0434\u043b\u0438\u043d\u044f\u0442\u044c\u0441\u044f \u0434\u043e 5 \u043c \u0432 \u0434\u043b\u0438\u043d\u0443. \u041f\u043e\u043c\u0438\u043c\u043e \u043f\u0440\u0443\u0436\u0438\u043d\u044b \u0432 \u0443\u043f\u0430\u043a\u043e\u0432\u043a\u0435 \u043d\u0430\u0445\u043e\u0434\u0438\u0442\u0441\u044f \u0440\u0443\u0447\u043a\u0430 \u0438 \u0434\u0432\u0430 \u0438\u0437\u043e\u043b\u044f\u0442\u043e\u0440\u0430 \u0434\u043b\u044f \u0432\u043e\u0440\u043e\u0442.<\/p>","protected":false},"excerpt":{"rendered":"<p>Descriere Aproape \u00een fiecare sistem de gard electric este nevoie de un sistem de poart\u0103 pentru a permite trecerea prin<\/p>","protected":false},"featured_media":976,"template":"","meta":[],"product_cat":[163],"product_tag":[],"class_list":{"0":"post-975","1":"product","2":"type-product","3":"status-publish","4":"has-post-thumbnail","6":"product_cat-maner-poarta","8":"first","9":"instock","10":"shipping-taxable","11":"purchasable","12":"product-type-simple"},"yoast_head":"<!-- This site is optimized with the Yoast SEO plugin v20.12 - https:\/\/yoast.com\/wordpress\/plugins\/seo\/ -->\n<title>Set m\u00e2ner poart\u0103 cu arc, 5 m - Modernteh<\/title>\n<meta name=\"robots\" content=\"index, follow, max-snippet:-1, max-image-preview:large, max-video-preview:-1\" \/>\n<link rel=\"canonical\" href=\"https:\/\/modernteh.md\/ru\/catalog\/set-maner-poarta-cu-arc-5-m-2\/\" \/>\n<meta property=\"og:locale\" content=\"ru_RU\" \/>\n<meta property=\"og:type\" content=\"article\" \/>\n<meta property=\"og:title\" content=\"Set m\u00e2ner poart\u0103 cu arc, 5 m - Modernteh\" \/>\n<meta property=\"og:description\" content=\"Descriere Aproape \u00een fiecare sistem de gard electric este nevoie de un sistem de poart\u0103 pentru a permite trecerea prin\" \/>\n<meta property=\"og:url\" content=\"https:\/\/modernteh.md\/ru\/catalog\/set-maner-poarta-cu-arc-5-m-2\/\" \/>\n<meta property=\"og:site_name\" content=\"Modernteh\" \/>\n<meta property=\"article:publisher\" content=\"https:\/\/www.facebook.com\/profile.php?id=100082695620019\" \/>\n<meta property=\"article:modified_time\" content=\"2025-05-08T08:31:32+00:00\" \/>\n<meta property=\"og:image\" content=\"https:\/\/modernteh.md\/wp-content\/uploads\/2022\/06\/7-7.jpg\" \/>\n\t<meta property=\"og:image:width\" content=\"1200\" \/>\n\t<meta property=\"og:image:height\" content=\"1200\" \/>\n\t<meta property=\"og:image:type\" content=\"image\/jpeg\" \/>\n<meta name=\"twitter:card\" content=\"summary_large_image\" \/>\n<meta name=\"twitter:label1\" content=\"\u041f\u0440\u0438\u043c\u0435\u0440\u043d\u043e\u0435 \u0432\u0440\u0435\u043c\u044f \u0434\u043b\u044f \u0447\u0442\u0435\u043d\u0438\u044f\" \/>\n\t<meta name=\"twitter:data1\" content=\"1 \u043c\u0438\u043d\u0443\u0442\u0430\" \/>\n<script type=\"application\/ld+json\" class=\"yoast-schema-graph\">{\"@context\":\"https:\/\/schema.org\",\"@graph\":[{\"@type\":\"WebPage\",\"@id\":\"https:\/\/modernteh.md\/catalog\/set-maner-poarta-cu-arc-5-m-2\/\",\"url\":\"https:\/\/modernteh.md\/catalog\/set-maner-poarta-cu-arc-5-m-2\/\",\"name\":\"Set m\u00e2ner poart\u0103 cu arc, 5 m - Modernteh\",\"isPartOf\":{\"@id\":\"https:\/\/modernteh.md\/#website\"},\"datePublished\":\"2022-06-23T11:01:20+00:00\",\"dateModified\":\"2025-05-08T08:31:32+00:00\",\"breadcrumb\":{\"@id\":\"https:\/\/modernteh.md\/catalog\/set-maner-poarta-cu-arc-5-m-2\/#breadcrumb\"},\"inLanguage\":\"ru-RU\",\"potentialAction\":[{\"@type\":\"ReadAction\",\"target\":[\"https:\/\/modernteh.md\/catalog\/set-maner-poarta-cu-arc-5-m-2\/\"]}]},{\"@type\":\"BreadcrumbList\",\"@id\":\"https:\/\/modernteh.md\/catalog\/set-maner-poarta-cu-arc-5-m-2\/#breadcrumb\",\"itemListElement\":[{\"@type\":\"ListItem\",\"position\":1,\"name\":\"Prima pagin\u0103\",\"item\":\"https:\/\/modernteh.md\/\"},{\"@type\":\"ListItem\",\"position\":2,\"name\":\"Catalog\",\"item\":\"https:\/\/modernteh.md\/catalog\/\"},{\"@type\":\"ListItem\",\"position\":3,\"name\":\"Set m\u00e2ner poart\u0103 cu arc, 5 m\"}]},{\"@type\":\"WebSite\",\"@id\":\"https:\/\/modernteh.md\/#website\",\"url\":\"https:\/\/modernteh.md\/\",\"name\":\"Modernteh\",\"description\":\"Modernteh\",\"publisher\":{\"@id\":\"https:\/\/modernteh.md\/#organization\"},\"potentialAction\":[{\"@type\":\"SearchAction\",\"target\":{\"@type\":\"EntryPoint\",\"urlTemplate\":\"https:\/\/modernteh.md\/?s={search_term_string}\"},\"query-input\":\"required name=search_term_string\"}],\"inLanguage\":\"ru-RU\"},{\"@type\":\"Organization\",\"@id\":\"https:\/\/modernteh.md\/#organization\",\"name\":\"Modernteh\",\"url\":\"https:\/\/modernteh.md\/\",\"logo\":{\"@type\":\"ImageObject\",\"inLanguage\":\"ru-RU\",\"@id\":\"https:\/\/modernteh.md\/#\/schema\/logo\/image\/\",\"url\":\"https:\/\/modernteh.md\/wp-content\/uploads\/2022\/06\/Logo_site-2.png\",\"contentUrl\":\"https:\/\/modernteh.md\/wp-content\/uploads\/2022\/06\/Logo_site-2.png\",\"width\":500,\"height\":487,\"caption\":\"Modernteh\"},\"image\":{\"@id\":\"https:\/\/modernteh.md\/#\/schema\/logo\/image\/\"},\"sameAs\":[\"https:\/\/www.facebook.com\/profile.php?id=100082695620019\"]}]}<\/script>\n<!-- \/ Yoast SEO plugin. -->","yoast_head_json":{"title":"Set m\u00e2ner poart\u0103 cu arc, 5 m - Modernteh","robots":{"index":"index","follow":"follow","max-snippet":"max-snippet:-1","max-image-preview":"max-image-preview:large","max-video-preview":"max-video-preview:-1"},"canonical":"https:\/\/modernteh.md\/ru\/catalog\/set-maner-poarta-cu-arc-5-m-2\/","og_locale":"ru_RU","og_type":"article","og_title":"Set m\u00e2ner poart\u0103 cu arc, 5 m - Modernteh","og_description":"Descriere Aproape \u00een fiecare sistem de gard electric este nevoie de un sistem de poart\u0103 pentru a permite trecerea prin","og_url":"https:\/\/modernteh.md\/ru\/catalog\/set-maner-poarta-cu-arc-5-m-2\/","og_site_name":"Modernteh","article_publisher":"https:\/\/www.facebook.com\/profile.php?id=100082695620019","article_modified_time":"2025-05-08T08:31:32+00:00","og_image":[{"width":1200,"height":1200,"url":"https:\/\/modernteh.md\/wp-content\/uploads\/2022\/06\/7-7.jpg","type":"image\/jpeg"}],"twitter_card":"summary_large_image","twitter_misc":{"\u041f\u0440\u0438\u043c\u0435\u0440\u043d\u043e\u0435 \u0432\u0440\u0435\u043c\u044f \u0434\u043b\u044f \u0447\u0442\u0435\u043d\u0438\u044f":"1 \u043c\u0438\u043d\u0443\u0442\u0430"},"schema":{"@context":"https:\/\/schema.org","@graph":[{"@type":"WebPage","@id":"https:\/\/modernteh.md\/catalog\/set-maner-poarta-cu-arc-5-m-2\/","url":"https:\/\/modernteh.md\/catalog\/set-maner-poarta-cu-arc-5-m-2\/","name":"Set m\u00e2ner poart\u0103 cu arc, 5 m - Modernteh","isPartOf":{"@id":"https:\/\/modernteh.md\/#website"},"datePublished":"2022-06-23T11:01:20+00:00","dateModified":"2025-05-08T08:31:32+00:00","breadcrumb":{"@id":"https:\/\/modernteh.md\/catalog\/set-maner-poarta-cu-arc-5-m-2\/#breadcrumb"},"inLanguage":"ru-RU","potentialAction":[{"@type":"ReadAction","target":["https:\/\/modernteh.md\/catalog\/set-maner-poarta-cu-arc-5-m-2\/"]}]},{"@type":"BreadcrumbList","@id":"https:\/\/modernteh.md\/catalog\/set-maner-poarta-cu-arc-5-m-2\/#breadcrumb","itemListElement":[{"@type":"ListItem","position":1,"name":"Prima pagin\u0103","item":"https:\/\/modernteh.md\/"},{"@type":"ListItem","position":2,"name":"Catalog","item":"https:\/\/modernteh.md\/catalog\/"},{"@type":"ListItem","position":3,"name":"Set m\u00e2ner poart\u0103 cu arc, 5 m"}]},{"@type":"WebSite","@id":"https:\/\/modernteh.md\/#website","url":"https:\/\/modernteh.md\/","name":"Modernteh","description":"Modernteh","publisher":{"@id":"https:\/\/modernteh.md\/#organization"},"potentialAction":[{"@type":"SearchAction","target":{"@type":"EntryPoint","urlTemplate":"https:\/\/modernteh.md\/?s={search_term_string}"},"query-input":"required name=search_term_string"}],"inLanguage":"ru-RU"},{"@type":"Organization","@id":"https:\/\/modernteh.md\/#organization","name":"Modernteh","url":"https:\/\/modernteh.md\/","logo":{"@type":"ImageObject","inLanguage":"ru-RU","@id":"https:\/\/modernteh.md\/#\/schema\/logo\/image\/","url":"https:\/\/modernteh.md\/wp-content\/uploads\/2022\/06\/Logo_site-2.png","contentUrl":"https:\/\/modernteh.md\/wp-content\/uploads\/2022\/06\/Logo_site-2.png","width":500,"height":487,"caption":"Modernteh"},"image":{"@id":"https:\/\/modernteh.md\/#\/schema\/logo\/image\/"},"sameAs":["https:\/\/www.facebook.com\/profile.php?id=100082695620019"]}]}},"_links":{"self":[{"href":"https:\/\/modernteh.md\/ru\/wp-json\/wp\/v2\/product\/975","targetHints":{"allow":["GET"]}}],"collection":[{"href":"https:\/\/modernteh.md\/ru\/wp-json\/wp\/v2\/product"}],"about":[{"href":"https:\/\/modernteh.md\/ru\/wp-json\/wp\/v2\/types\/product"}],"wp:featuredmedia":[{"embeddable":true,"href":"https:\/\/modernteh.md\/ru\/wp-json\/wp\/v2\/media\/976"}],"wp:attachment":[{"href":"https:\/\/modernteh.md\/ru\/wp-json\/wp\/v2\/media?parent=975"}],"wp:term":[{"taxonomy":"product_cat","embeddable":true,"href":"https:\/\/modernteh.md\/ru\/wp-json\/wp\/v2\/product_cat?post=975"},{"taxonomy":"product_tag","embeddable":true,"href":"https:\/\/modernteh.md\/ru\/wp-json\/wp\/v2\/product_tag?post=975"}],"curies":[{"name":"wp","href":"https:\/\/api.w.org\/{rel}","templated":true}]}}