{"id":981,"date":"2022-06-23T11:06:33","date_gmt":"2022-06-23T11:06:33","guid":{"rendered":"https:\/\/modernteh.md\/?post_type=product&#038;p=981"},"modified":"2024-02-29T14:23:03","modified_gmt":"2024-02-29T14:23:03","slug":"stalp-plastic-105-cm","status":"publish","type":"product","link":"https:\/\/modernteh.md\/ru\/catalog\/stalp-plastic-105-cm\/","title":{"rendered":"St\u00e2lp plastic, 105 cm"},"content":{"rendered":"<h2>\u041e\u043f\u0438\u0441\u0430\u043d\u0438\u0435<\/h2>\n<h2>\u0414\u0435\u0442\u0430\u043b\u0438<\/h2>\n<div class=\"pp-content\">\n<p>Acest st\u00e2lp din plastic este ideal pentru sisteme de gard electric temporare \u0219i\/sau destinate pentru \u00eemprejmuirea animalelor domestice.<\/p>\n<p>\u00cen partea de jos a st\u00e2lpului se afl\u0103 un v\u00e2rf din o\u021bel care se poate \u00eenfige \u00een p\u0103m\u00e2nt. Prin utilizarea st\u00e2lpului nu este nevoie de izolatori separate. Firul de gard electric se poate monta la diferite \u00een\u0103l\u021bimi.<\/p>\n<\/div>","protected":false},"excerpt":{"rendered":"<p>Descriere Detalii Acest st\u00e2lp din plastic este ideal pentru sisteme de gard electric temporare \u0219i\/sau destinate pentru \u00eemprejmuirea animalelor domestice.<\/p>","protected":false},"featured_media":3266,"template":"","meta":[],"product_cat":[171],"product_tag":[],"class_list":{"0":"post-981","1":"product","2":"type-product","3":"status-publish","4":"has-post-thumbnail","6":"product_cat-accesorii-gard-electric","8":"first","9":"instock","10":"shipping-taxable","11":"purchasable","12":"product-type-simple"},"yoast_head":"<!-- This site is optimized with the Yoast SEO plugin v20.12 - https:\/\/yoast.com\/wordpress\/plugins\/seo\/ -->\n<title>St\u00e2lp plastic, 105 cm - Modernteh<\/title>\n<meta name=\"description\" content=\"St\u00e2lp plastic 105 cm- Acest st\u00e2lp din plastic este ideal pentru sisteme de gard electric temporare \u0219i\/sau destinate pentru \u00eemprejmuirea animalelor domestice\" \/>\n<meta name=\"robots\" content=\"index, follow, max-snippet:-1, max-image-preview:large, max-video-preview:-1\" \/>\n<link rel=\"canonical\" href=\"https:\/\/modernteh.md\/ru\/catalog\/stalp-plastic-105-cm\/\" \/>\n<meta property=\"og:locale\" content=\"ru_RU\" \/>\n<meta property=\"og:type\" content=\"article\" \/>\n<meta property=\"og:title\" content=\"St\u00e2lp plastic, 105 cm - Modernteh\" \/>\n<meta property=\"og:description\" content=\"St\u00e2lp plastic 105 cm- Acest st\u00e2lp din plastic este ideal pentru sisteme de gard electric temporare \u0219i\/sau destinate pentru \u00eemprejmuirea animalelor domestice\" \/>\n<meta property=\"og:url\" content=\"https:\/\/modernteh.md\/ru\/catalog\/stalp-plastic-105-cm\/\" \/>\n<meta property=\"og:site_name\" content=\"Modernteh\" \/>\n<meta property=\"article:publisher\" content=\"https:\/\/www.facebook.com\/profile.php?id=100082695620019\" \/>\n<meta property=\"article:modified_time\" content=\"2024-02-29T14:23:03+00:00\" \/>\n<meta property=\"og:image\" content=\"https:\/\/modernteh.md\/wp-content\/uploads\/2022\/06\/stilp-plastic-105cm.png\" \/>\n\t<meta property=\"og:image:width\" content=\"600\" \/>\n\t<meta property=\"og:image:height\" content=\"600\" \/>\n\t<meta property=\"og:image:type\" content=\"image\/png\" \/>\n<meta name=\"twitter:card\" content=\"summary_large_image\" \/>\n<meta name=\"twitter:label1\" content=\"\u041f\u0440\u0438\u043c\u0435\u0440\u043d\u043e\u0435 \u0432\u0440\u0435\u043c\u044f \u0434\u043b\u044f \u0447\u0442\u0435\u043d\u0438\u044f\" \/>\n\t<meta name=\"twitter:data1\" content=\"1 \u043c\u0438\u043d\u0443\u0442\u0430\" \/>\n<script type=\"application\/ld+json\" class=\"yoast-schema-graph\">{\"@context\":\"https:\/\/schema.org\",\"@graph\":[{\"@type\":\"WebPage\",\"@id\":\"https:\/\/modernteh.md\/catalog\/stalp-plastic-105-cm\/\",\"url\":\"https:\/\/modernteh.md\/catalog\/stalp-plastic-105-cm\/\",\"name\":\"St\u00e2lp plastic, 105 cm - Modernteh\",\"isPartOf\":{\"@id\":\"https:\/\/modernteh.md\/#website\"},\"datePublished\":\"2022-06-23T11:06:33+00:00\",\"dateModified\":\"2024-02-29T14:23:03+00:00\",\"description\":\"St\u00e2lp plastic 105 cm- Acest st\u00e2lp din plastic este ideal pentru sisteme de gard electric temporare \u0219i\/sau destinate pentru \u00eemprejmuirea animalelor domestice\",\"breadcrumb\":{\"@id\":\"https:\/\/modernteh.md\/catalog\/stalp-plastic-105-cm\/#breadcrumb\"},\"inLanguage\":\"ru-RU\",\"potentialAction\":[{\"@type\":\"ReadAction\",\"target\":[\"https:\/\/modernteh.md\/catalog\/stalp-plastic-105-cm\/\"]}]},{\"@type\":\"BreadcrumbList\",\"@id\":\"https:\/\/modernteh.md\/catalog\/stalp-plastic-105-cm\/#breadcrumb\",\"itemListElement\":[{\"@type\":\"ListItem\",\"position\":1,\"name\":\"Prima pagin\u0103\",\"item\":\"https:\/\/modernteh.md\/\"},{\"@type\":\"ListItem\",\"position\":2,\"name\":\"Catalog\",\"item\":\"https:\/\/modernteh.md\/catalog\/\"},{\"@type\":\"ListItem\",\"position\":3,\"name\":\"St\u00e2lp plastic, 105 cm\"}]},{\"@type\":\"WebSite\",\"@id\":\"https:\/\/modernteh.md\/#website\",\"url\":\"https:\/\/modernteh.md\/\",\"name\":\"Modernteh\",\"description\":\"Modernteh\",\"publisher\":{\"@id\":\"https:\/\/modernteh.md\/#organization\"},\"potentialAction\":[{\"@type\":\"SearchAction\",\"target\":{\"@type\":\"EntryPoint\",\"urlTemplate\":\"https:\/\/modernteh.md\/?s={search_term_string}\"},\"query-input\":\"required name=search_term_string\"}],\"inLanguage\":\"ru-RU\"},{\"@type\":\"Organization\",\"@id\":\"https:\/\/modernteh.md\/#organization\",\"name\":\"Modernteh\",\"url\":\"https:\/\/modernteh.md\/\",\"logo\":{\"@type\":\"ImageObject\",\"inLanguage\":\"ru-RU\",\"@id\":\"https:\/\/modernteh.md\/#\/schema\/logo\/image\/\",\"url\":\"https:\/\/modernteh.md\/wp-content\/uploads\/2022\/06\/Logo_site-2.png\",\"contentUrl\":\"https:\/\/modernteh.md\/wp-content\/uploads\/2022\/06\/Logo_site-2.png\",\"width\":500,\"height\":487,\"caption\":\"Modernteh\"},\"image\":{\"@id\":\"https:\/\/modernteh.md\/#\/schema\/logo\/image\/\"},\"sameAs\":[\"https:\/\/www.facebook.com\/profile.php?id=100082695620019\"]}]}<\/script>\n<!-- \/ Yoast SEO plugin. -->","yoast_head_json":{"title":"St\u00e2lp plastic, 105 cm - Modernteh","description":"St\u00e2lp plastic 105 cm- Acest st\u00e2lp din plastic este ideal pentru sisteme de gard electric temporare \u0219i\/sau destinate pentru \u00eemprejmuirea animalelor domestice","robots":{"index":"index","follow":"follow","max-snippet":"max-snippet:-1","max-image-preview":"max-image-preview:large","max-video-preview":"max-video-preview:-1"},"canonical":"https:\/\/modernteh.md\/ru\/catalog\/stalp-plastic-105-cm\/","og_locale":"ru_RU","og_type":"article","og_title":"St\u00e2lp plastic, 105 cm - Modernteh","og_description":"St\u00e2lp plastic 105 cm- Acest st\u00e2lp din plastic este ideal pentru sisteme de gard electric temporare \u0219i\/sau destinate pentru \u00eemprejmuirea animalelor domestice","og_url":"https:\/\/modernteh.md\/ru\/catalog\/stalp-plastic-105-cm\/","og_site_name":"Modernteh","article_publisher":"https:\/\/www.facebook.com\/profile.php?id=100082695620019","article_modified_time":"2024-02-29T14:23:03+00:00","og_image":[{"width":600,"height":600,"url":"https:\/\/modernteh.md\/wp-content\/uploads\/2022\/06\/stilp-plastic-105cm.png","type":"image\/png"}],"twitter_card":"summary_large_image","twitter_misc":{"\u041f\u0440\u0438\u043c\u0435\u0440\u043d\u043e\u0435 \u0432\u0440\u0435\u043c\u044f \u0434\u043b\u044f \u0447\u0442\u0435\u043d\u0438\u044f":"1 \u043c\u0438\u043d\u0443\u0442\u0430"},"schema":{"@context":"https:\/\/schema.org","@graph":[{"@type":"WebPage","@id":"https:\/\/modernteh.md\/catalog\/stalp-plastic-105-cm\/","url":"https:\/\/modernteh.md\/catalog\/stalp-plastic-105-cm\/","name":"St\u00e2lp plastic, 105 cm - Modernteh","isPartOf":{"@id":"https:\/\/modernteh.md\/#website"},"datePublished":"2022-06-23T11:06:33+00:00","dateModified":"2024-02-29T14:23:03+00:00","description":"St\u00e2lp plastic 105 cm- Acest st\u00e2lp din plastic este ideal pentru sisteme de gard electric temporare \u0219i\/sau destinate pentru \u00eemprejmuirea animalelor domestice","breadcrumb":{"@id":"https:\/\/modernteh.md\/catalog\/stalp-plastic-105-cm\/#breadcrumb"},"inLanguage":"ru-RU","potentialAction":[{"@type":"ReadAction","target":["https:\/\/modernteh.md\/catalog\/stalp-plastic-105-cm\/"]}]},{"@type":"BreadcrumbList","@id":"https:\/\/modernteh.md\/catalog\/stalp-plastic-105-cm\/#breadcrumb","itemListElement":[{"@type":"ListItem","position":1,"name":"Prima pagin\u0103","item":"https:\/\/modernteh.md\/"},{"@type":"ListItem","position":2,"name":"Catalog","item":"https:\/\/modernteh.md\/catalog\/"},{"@type":"ListItem","position":3,"name":"St\u00e2lp plastic, 105 cm"}]},{"@type":"WebSite","@id":"https:\/\/modernteh.md\/#website","url":"https:\/\/modernteh.md\/","name":"Modernteh","description":"Modernteh","publisher":{"@id":"https:\/\/modernteh.md\/#organization"},"potentialAction":[{"@type":"SearchAction","target":{"@type":"EntryPoint","urlTemplate":"https:\/\/modernteh.md\/?s={search_term_string}"},"query-input":"required name=search_term_string"}],"inLanguage":"ru-RU"},{"@type":"Organization","@id":"https:\/\/modernteh.md\/#organization","name":"Modernteh","url":"https:\/\/modernteh.md\/","logo":{"@type":"ImageObject","inLanguage":"ru-RU","@id":"https:\/\/modernteh.md\/#\/schema\/logo\/image\/","url":"https:\/\/modernteh.md\/wp-content\/uploads\/2022\/06\/Logo_site-2.png","contentUrl":"https:\/\/modernteh.md\/wp-content\/uploads\/2022\/06\/Logo_site-2.png","width":500,"height":487,"caption":"Modernteh"},"image":{"@id":"https:\/\/modernteh.md\/#\/schema\/logo\/image\/"},"sameAs":["https:\/\/www.facebook.com\/profile.php?id=100082695620019"]}]}},"_links":{"self":[{"href":"https:\/\/modernteh.md\/ru\/wp-json\/wp\/v2\/product\/981","targetHints":{"allow":["GET"]}}],"collection":[{"href":"https:\/\/modernteh.md\/ru\/wp-json\/wp\/v2\/product"}],"about":[{"href":"https:\/\/modernteh.md\/ru\/wp-json\/wp\/v2\/types\/product"}],"wp:featuredmedia":[{"embeddable":true,"href":"https:\/\/modernteh.md\/ru\/wp-json\/wp\/v2\/media\/3266"}],"wp:attachment":[{"href":"https:\/\/modernteh.md\/ru\/wp-json\/wp\/v2\/media?parent=981"}],"wp:term":[{"taxonomy":"product_cat","embeddable":true,"href":"https:\/\/modernteh.md\/ru\/wp-json\/wp\/v2\/product_cat?post=981"},{"taxonomy":"product_tag","embeddable":true,"href":"https:\/\/modernteh.md\/ru\/wp-json\/wp\/v2\/product_tag?post=981"}],"curies":[{"name":"wp","href":"https:\/\/api.w.org\/{rel}","templated":true}]}}