{"id":996,"date":"2022-06-23T11:12:38","date_gmt":"2022-06-23T11:12:38","guid":{"rendered":"https:\/\/modernteh.md\/?post_type=product&#038;p=996"},"modified":"2025-05-08T08:30:43","modified_gmt":"2025-05-08T08:30:43","slug":"adaptor-de-retea-in-comutatie-230-12-v","status":"publish","type":"product","link":"https:\/\/modernteh.md\/ru\/catalog\/adaptor-de-retea-in-comutatie-230-12-v\/","title":{"rendered":"\u0418\u043c\u043f\u0443\u043b\u044c\u0441\u043d\u044b\u0439 \u0441\u0435\u0442\u0435\u0432\u043e\u0439 \u0430\u0434\u0430\u043f\u0442\u0435\u0440, 230\/12 \u0412"},"content":{"rendered":"<h2>\u041e\u043f\u0438\u0441\u0430\u043d\u0438\u0435<\/h2>\n<p>Cu adaptorul de re\u021bea se pot alimenta aparatele de gard electric\u00a0DL\u00a03200,\u00a0DL 4500\u00a0\u0219i\u00a0DL\u00a07200. Tensiunea de ie\u0219ire este stabilizat\u0103.<\/p>\n<p><strong>ATEN\u021aIE<\/strong>: acest adaptor nu este potrivit pentru alimentarea aparatului\u00a0DL\u00a04000!<\/p>\n<p>A se monta \u00een locuri ferite de ap\u0103 sau umezeal\u0103.<\/p>\n<h3>Parametrii tehnici<\/h3>\n<table class=\"table table-condensed table-striped\" style=\"height: 151px;\" width=\"581\">\n<tbody>\n<tr>\n<td>Intrare<\/td>\n<td>~100-240\u00a0V, 50\u00a0Hz<\/td>\n<\/tr>\n<tr>\n<td>Tensiunea de ie\u0219ire<\/td>\n<td>12\u00a0V<\/td>\n<\/tr>\n<tr>\n<td>Curentul de ie\u0219ire<\/td>\n<td>1\u00a0A<\/td>\n<\/tr>\n<tr>\n<td>Protec\u021bie la scurtcircuit<\/td>\n<td>Da<\/td>\n<\/tr>\n<tr>\n<td>Stabilizat<\/td>\n<td>Da<\/td>\n<\/tr>\n<\/tbody>\n<\/table>","protected":false},"excerpt":{"rendered":"<p>Descriere Cu adaptorul de re\u021bea se pot alimenta aparatele de gard electric\u00a0DL\u00a03200,\u00a0DL 4500\u00a0\u0219i\u00a0DL\u00a07200. Tensiunea de ie\u0219ire este stabilizat\u0103. ATEN\u021aIE: acest<\/p>","protected":false},"featured_media":997,"template":"","meta":[],"product_cat":[171],"product_tag":[],"class_list":{"0":"post-996","1":"product","2":"type-product","3":"status-publish","4":"has-post-thumbnail","6":"product_cat-accesorii-gard-electric","8":"first","9":"instock","10":"shipping-taxable","11":"purchasable","12":"product-type-simple"},"yoast_head":"<!-- This site is optimized with the Yoast SEO plugin v20.12 - https:\/\/yoast.com\/wordpress\/plugins\/seo\/ -->\n<title>Adaptor de re\u021bea \u00een comuta\u021bie, 230\/12 V - Modernteh<\/title>\n<meta name=\"robots\" content=\"index, follow, max-snippet:-1, max-image-preview:large, max-video-preview:-1\" \/>\n<link rel=\"canonical\" href=\"https:\/\/modernteh.md\/ru\/catalog\/adaptor-de-retea-in-comutatie-230-12-v\/\" \/>\n<meta property=\"og:locale\" content=\"ru_RU\" \/>\n<meta property=\"og:type\" content=\"article\" \/>\n<meta property=\"og:title\" content=\"Adaptor de re\u021bea \u00een comuta\u021bie, 230\/12 V - Modernteh\" \/>\n<meta property=\"og:description\" content=\"Descriere Cu adaptorul de re\u021bea se pot alimenta aparatele de gard electric\u00a0DL\u00a03200,\u00a0DL 4500\u00a0\u0219i\u00a0DL\u00a07200. Tensiunea de ie\u0219ire este stabilizat\u0103. ATEN\u021aIE: acest\" \/>\n<meta property=\"og:url\" content=\"https:\/\/modernteh.md\/ru\/catalog\/adaptor-de-retea-in-comutatie-230-12-v\/\" \/>\n<meta property=\"og:site_name\" content=\"Modernteh\" \/>\n<meta property=\"article:publisher\" content=\"https:\/\/www.facebook.com\/profile.php?id=100082695620019\" \/>\n<meta property=\"article:modified_time\" content=\"2025-05-08T08:30:43+00:00\" \/>\n<meta property=\"og:image\" content=\"https:\/\/modernteh.md\/wp-content\/uploads\/2022\/06\/7-8.jpg\" \/>\n\t<meta property=\"og:image:width\" content=\"1200\" \/>\n\t<meta property=\"og:image:height\" content=\"1200\" \/>\n\t<meta property=\"og:image:type\" content=\"image\/jpeg\" \/>\n<meta name=\"twitter:card\" content=\"summary_large_image\" \/>\n<meta name=\"twitter:label1\" content=\"\u041f\u0440\u0438\u043c\u0435\u0440\u043d\u043e\u0435 \u0432\u0440\u0435\u043c\u044f \u0434\u043b\u044f \u0447\u0442\u0435\u043d\u0438\u044f\" \/>\n\t<meta name=\"twitter:data1\" content=\"1 \u043c\u0438\u043d\u0443\u0442\u0430\" \/>\n<script type=\"application\/ld+json\" class=\"yoast-schema-graph\">{\"@context\":\"https:\/\/schema.org\",\"@graph\":[{\"@type\":\"WebPage\",\"@id\":\"https:\/\/modernteh.md\/catalog\/adaptor-de-retea-in-comutatie-230-12-v\/\",\"url\":\"https:\/\/modernteh.md\/catalog\/adaptor-de-retea-in-comutatie-230-12-v\/\",\"name\":\"Adaptor de re\u021bea \u00een comuta\u021bie, 230\/12 V - Modernteh\",\"isPartOf\":{\"@id\":\"https:\/\/modernteh.md\/#website\"},\"datePublished\":\"2022-06-23T11:12:38+00:00\",\"dateModified\":\"2025-05-08T08:30:43+00:00\",\"breadcrumb\":{\"@id\":\"https:\/\/modernteh.md\/catalog\/adaptor-de-retea-in-comutatie-230-12-v\/#breadcrumb\"},\"inLanguage\":\"ru-RU\",\"potentialAction\":[{\"@type\":\"ReadAction\",\"target\":[\"https:\/\/modernteh.md\/catalog\/adaptor-de-retea-in-comutatie-230-12-v\/\"]}]},{\"@type\":\"BreadcrumbList\",\"@id\":\"https:\/\/modernteh.md\/catalog\/adaptor-de-retea-in-comutatie-230-12-v\/#breadcrumb\",\"itemListElement\":[{\"@type\":\"ListItem\",\"position\":1,\"name\":\"Prima pagin\u0103\",\"item\":\"https:\/\/modernteh.md\/\"},{\"@type\":\"ListItem\",\"position\":2,\"name\":\"Catalog\",\"item\":\"https:\/\/modernteh.md\/catalog\/\"},{\"@type\":\"ListItem\",\"position\":3,\"name\":\"Adaptor de re\u021bea \u00een comuta\u021bie, 230\/12 V\"}]},{\"@type\":\"WebSite\",\"@id\":\"https:\/\/modernteh.md\/#website\",\"url\":\"https:\/\/modernteh.md\/\",\"name\":\"Modernteh\",\"description\":\"Modernteh\",\"publisher\":{\"@id\":\"https:\/\/modernteh.md\/#organization\"},\"potentialAction\":[{\"@type\":\"SearchAction\",\"target\":{\"@type\":\"EntryPoint\",\"urlTemplate\":\"https:\/\/modernteh.md\/?s={search_term_string}\"},\"query-input\":\"required name=search_term_string\"}],\"inLanguage\":\"ru-RU\"},{\"@type\":\"Organization\",\"@id\":\"https:\/\/modernteh.md\/#organization\",\"name\":\"Modernteh\",\"url\":\"https:\/\/modernteh.md\/\",\"logo\":{\"@type\":\"ImageObject\",\"inLanguage\":\"ru-RU\",\"@id\":\"https:\/\/modernteh.md\/#\/schema\/logo\/image\/\",\"url\":\"https:\/\/modernteh.md\/wp-content\/uploads\/2022\/06\/Logo_site-2.png\",\"contentUrl\":\"https:\/\/modernteh.md\/wp-content\/uploads\/2022\/06\/Logo_site-2.png\",\"width\":500,\"height\":487,\"caption\":\"Modernteh\"},\"image\":{\"@id\":\"https:\/\/modernteh.md\/#\/schema\/logo\/image\/\"},\"sameAs\":[\"https:\/\/www.facebook.com\/profile.php?id=100082695620019\"]}]}<\/script>\n<!-- \/ Yoast SEO plugin. -->","yoast_head_json":{"title":"Adaptor de re\u021bea \u00een comuta\u021bie, 230\/12 V - Modernteh","robots":{"index":"index","follow":"follow","max-snippet":"max-snippet:-1","max-image-preview":"max-image-preview:large","max-video-preview":"max-video-preview:-1"},"canonical":"https:\/\/modernteh.md\/ru\/catalog\/adaptor-de-retea-in-comutatie-230-12-v\/","og_locale":"ru_RU","og_type":"article","og_title":"Adaptor de re\u021bea \u00een comuta\u021bie, 230\/12 V - Modernteh","og_description":"Descriere Cu adaptorul de re\u021bea se pot alimenta aparatele de gard electric\u00a0DL\u00a03200,\u00a0DL 4500\u00a0\u0219i\u00a0DL\u00a07200. Tensiunea de ie\u0219ire este stabilizat\u0103. ATEN\u021aIE: acest","og_url":"https:\/\/modernteh.md\/ru\/catalog\/adaptor-de-retea-in-comutatie-230-12-v\/","og_site_name":"Modernteh","article_publisher":"https:\/\/www.facebook.com\/profile.php?id=100082695620019","article_modified_time":"2025-05-08T08:30:43+00:00","og_image":[{"width":1200,"height":1200,"url":"https:\/\/modernteh.md\/wp-content\/uploads\/2022\/06\/7-8.jpg","type":"image\/jpeg"}],"twitter_card":"summary_large_image","twitter_misc":{"\u041f\u0440\u0438\u043c\u0435\u0440\u043d\u043e\u0435 \u0432\u0440\u0435\u043c\u044f \u0434\u043b\u044f \u0447\u0442\u0435\u043d\u0438\u044f":"1 \u043c\u0438\u043d\u0443\u0442\u0430"},"schema":{"@context":"https:\/\/schema.org","@graph":[{"@type":"WebPage","@id":"https:\/\/modernteh.md\/catalog\/adaptor-de-retea-in-comutatie-230-12-v\/","url":"https:\/\/modernteh.md\/catalog\/adaptor-de-retea-in-comutatie-230-12-v\/","name":"Adaptor de re\u021bea \u00een comuta\u021bie, 230\/12 V - Modernteh","isPartOf":{"@id":"https:\/\/modernteh.md\/#website"},"datePublished":"2022-06-23T11:12:38+00:00","dateModified":"2025-05-08T08:30:43+00:00","breadcrumb":{"@id":"https:\/\/modernteh.md\/catalog\/adaptor-de-retea-in-comutatie-230-12-v\/#breadcrumb"},"inLanguage":"ru-RU","potentialAction":[{"@type":"ReadAction","target":["https:\/\/modernteh.md\/catalog\/adaptor-de-retea-in-comutatie-230-12-v\/"]}]},{"@type":"BreadcrumbList","@id":"https:\/\/modernteh.md\/catalog\/adaptor-de-retea-in-comutatie-230-12-v\/#breadcrumb","itemListElement":[{"@type":"ListItem","position":1,"name":"Prima pagin\u0103","item":"https:\/\/modernteh.md\/"},{"@type":"ListItem","position":2,"name":"Catalog","item":"https:\/\/modernteh.md\/catalog\/"},{"@type":"ListItem","position":3,"name":"Adaptor de re\u021bea \u00een comuta\u021bie, 230\/12 V"}]},{"@type":"WebSite","@id":"https:\/\/modernteh.md\/#website","url":"https:\/\/modernteh.md\/","name":"Modernteh","description":"Modernteh","publisher":{"@id":"https:\/\/modernteh.md\/#organization"},"potentialAction":[{"@type":"SearchAction","target":{"@type":"EntryPoint","urlTemplate":"https:\/\/modernteh.md\/?s={search_term_string}"},"query-input":"required name=search_term_string"}],"inLanguage":"ru-RU"},{"@type":"Organization","@id":"https:\/\/modernteh.md\/#organization","name":"Modernteh","url":"https:\/\/modernteh.md\/","logo":{"@type":"ImageObject","inLanguage":"ru-RU","@id":"https:\/\/modernteh.md\/#\/schema\/logo\/image\/","url":"https:\/\/modernteh.md\/wp-content\/uploads\/2022\/06\/Logo_site-2.png","contentUrl":"https:\/\/modernteh.md\/wp-content\/uploads\/2022\/06\/Logo_site-2.png","width":500,"height":487,"caption":"Modernteh"},"image":{"@id":"https:\/\/modernteh.md\/#\/schema\/logo\/image\/"},"sameAs":["https:\/\/www.facebook.com\/profile.php?id=100082695620019"]}]}},"_links":{"self":[{"href":"https:\/\/modernteh.md\/ru\/wp-json\/wp\/v2\/product\/996","targetHints":{"allow":["GET"]}}],"collection":[{"href":"https:\/\/modernteh.md\/ru\/wp-json\/wp\/v2\/product"}],"about":[{"href":"https:\/\/modernteh.md\/ru\/wp-json\/wp\/v2\/types\/product"}],"wp:featuredmedia":[{"embeddable":true,"href":"https:\/\/modernteh.md\/ru\/wp-json\/wp\/v2\/media\/997"}],"wp:attachment":[{"href":"https:\/\/modernteh.md\/ru\/wp-json\/wp\/v2\/media?parent=996"}],"wp:term":[{"taxonomy":"product_cat","embeddable":true,"href":"https:\/\/modernteh.md\/ru\/wp-json\/wp\/v2\/product_cat?post=996"},{"taxonomy":"product_tag","embeddable":true,"href":"https:\/\/modernteh.md\/ru\/wp-json\/wp\/v2\/product_tag?post=996"}],"curies":[{"name":"wp","href":"https:\/\/api.w.org\/{rel}","templated":true}]}}